{"id":101053,"date":"2025-02-04T11:47:24","date_gmt":"2025-02-04T09:47:24","guid":{"rendered":"https:\/\/venloop.nl\/zuschauer\/fotos\/fotos-2025\/foto-running-academy-2025-copy\/"},"modified":"2025-03-10T15:08:19","modified_gmt":"2025-03-10T13:08:19","slug":"foto-ubungswanderungen-2025","status":"publish","type":"page","link":"https:\/\/venloop.nl\/de\/zuschauer\/fotos\/fotos-2025\/foto-ubungswanderungen-2025\/","title":{"rendered":"Fotos \u00dcbungswanderungen"},"content":{"rendered":"\t\t<div data-elementor-type=\"wp-page\" data-elementor-id=\"101053\" class=\"elementor elementor-101053\" data-elementor-post-type=\"page\">\n\t\t\t\t\t\t<section class=\"elementor-section elementor-top-section elementor-element elementor-element-7e01c54 elementor-section-height-min-height elementor-section-items-stretch elementor-section-boxed elementor-section-height-default\" data-id=\"7e01c54\" data-element_type=\"section\" data-e-type=\"section\" data-settings=\"{&quot;jet_parallax_layout_list&quot;:[],&quot;background_background&quot;:&quot;classic&quot;}\">\n\t\t\t\t\t\t\t<div class=\"elementor-background-overlay\"><\/div>\n\t\t\t\t\t\t\t<div class=\"elementor-container elementor-column-gap-default\">\n\t\t\t\t\t<div class=\"elementor-column elementor-col-100 elementor-top-column elementor-element elementor-element-951fcb2\" data-id=\"951fcb2\" data-element_type=\"column\" data-e-type=\"column\">\n\t\t\t<div class=\"elementor-widget-wrap elementor-element-populated\">\n\t\t\t\t\t\t<div class=\"elementor-element elementor-element-beb96ea elementor-widget elementor-widget-heading\" data-id=\"beb96ea\" data-element_type=\"widget\" data-e-type=\"widget\" data-widget_type=\"heading.default\">\n\t\t\t\t<div class=\"elementor-widget-container\">\n\t\t\t\t\t<h1 class=\"elementor-heading-title elementor-size-default\">Fotos \u00dcbungswanderungen<\/h1>\t\t\t\t<\/div>\n\t\t\t\t<\/div>\n\t\t\t\t<div class=\"elementor-element elementor-element-984bb36 jet-breadcrumbs-align-center elementor-widget elementor-widget-jet-breadcrumbs\" data-id=\"984bb36\" data-element_type=\"widget\" data-e-type=\"widget\" data-widget_type=\"jet-breadcrumbs.default\">\n\t\t\t\t<div class=\"elementor-widget-container\">\n\t\t\t\t\t<div class=\"elementor-jet-breadcrumbs jet-blocks\">\n\t\t<div class=\"jet-breadcrumbs\">\n\t\t<div class=\"jet-breadcrumbs__content\">\n\t\t<div class=\"jet-breadcrumbs__wrap\"><div class=\"jet-breadcrumbs__item\"><a href=\"https:\/\/venloop.nl\/de\/\" class=\"jet-breadcrumbs__item-link is-home\" rel=\"home\" title=\"Startseite\">Startseite<\/a><\/div>\n\t\t<\/div>\n\t\t<\/div>\n\t\t<\/div><\/div>\t\t\t\t<\/div>\n\t\t\t\t<\/div>\n\t\t\t\t\t<\/div>\n\t\t<\/div>\n\t\t\t\t\t<\/div>\n\t\t<\/section>\n\t\t\t\t<section class=\"elementor-section elementor-top-section elementor-element elementor-element-d9e1deb elementor-section-height-min-height elementor-section-boxed elementor-section-height-default elementor-section-items-middle\" data-id=\"d9e1deb\" data-element_type=\"section\" data-e-type=\"section\" data-settings=\"{&quot;jet_parallax_layout_list&quot;:[],&quot;background_background&quot;:&quot;classic&quot;}\">\n\t\t\t\t\t\t<div class=\"elementor-container elementor-column-gap-default\">\n\t\t\t\t\t<div class=\"elementor-column elementor-col-100 elementor-top-column elementor-element elementor-element-0ed1219\" data-id=\"0ed1219\" data-element_type=\"column\" data-e-type=\"column\">\n\t\t\t<div class=\"elementor-widget-wrap elementor-element-populated\">\n\t\t\t\t\t\t<section class=\"elementor-section elementor-inner-section elementor-element elementor-element-44d62f2 elementor-section-height-min-height elementor-section-content-middle elementor-section-boxed elementor-section-height-default\" data-id=\"44d62f2\" data-element_type=\"section\" data-e-type=\"section\" data-settings=\"{&quot;jet_parallax_layout_list&quot;:[],&quot;background_background&quot;:&quot;classic&quot;}\">\n\t\t\t\t\t\t<div class=\"elementor-container elementor-column-gap-default\">\n\t\t\t\t\t<div class=\"elementor-column elementor-col-50 elementor-inner-column elementor-element elementor-element-0fc72a8 elementor-hidden-mobile\" data-id=\"0fc72a8\" data-element_type=\"column\" data-e-type=\"column\">\n\t\t\t<div class=\"elementor-widget-wrap elementor-element-populated\">\n\t\t\t\t\t\t<div class=\"elementor-element elementor-element-4b16f60 elementor-widget elementor-widget-heading\" data-id=\"4b16f60\" data-element_type=\"widget\" data-e-type=\"widget\" data-widget_type=\"heading.default\">\n\t\t\t\t<div class=\"elementor-widget-container\">\n\t\t\t\t\t<h2 class=\"elementor-heading-title elementor-size-default\">Wie k\u00f6nnen wir Ihnen helfen?<\/h2>\t\t\t\t<\/div>\n\t\t\t\t<\/div>\n\t\t\t\t\t<\/div>\n\t\t<\/div>\n\t\t\t\t<div class=\"elementor-column elementor-col-50 elementor-inner-column elementor-element elementor-element-ef084b5\" data-id=\"ef084b5\" data-element_type=\"column\" data-e-type=\"column\">\n\t\t\t<div class=\"elementor-widget-wrap elementor-element-populated\">\n\t\t\t\t\t\t<div class=\"elementor-element elementor-element-015f5d4 elementor-widget elementor-widget-jet-search\" data-id=\"015f5d4\" data-element_type=\"widget\" data-e-type=\"widget\" data-widget_type=\"jet-search.default\">\n\t\t\t\t<div class=\"elementor-widget-container\">\n\t\t\t\t\t<div class=\"elementor-jet-search jet-blocks\"><div class=\"jet-search\"><form role=\"search\" method=\"get\" class=\"jet-search__form\" action=\"https:\/\/venloop.nl\/de\/\">\n\t<label class=\"jet-search__label\">\n\t\t<span class=\"screen-reader-text\">Vind hier alle antwoorden...<\/span>\n\t\t<input type=\"search\" class=\"jet-search__field\"  placeholder=\"Vind hier alle antwoorden...\" value=\"\" name=\"s\" aria-label=\"Vind hier alle antwoorden...\" \/>\n\t<\/label>\n\t\t<button type=\"submit\" class=\"jet-search__submit\" aria-label=\"submit search\"><span class=\"jet-search__submit-icon jet-blocks-icon\"><i aria-hidden=\"true\" class=\"fas fa-search\"><\/i><\/span><\/button>\n\t\t\t<input type='hidden' name='lang' value='de' \/><\/form><\/div><\/div>\t\t\t\t<\/div>\n\t\t\t\t<\/div>\n\t\t\t\t<div class=\"elementor-element elementor-element-bcba80a elementor-absolute elementor-widget-mobile__width-initial elementor-hidden-mobile elementor-hidden-tablet elementor-widget elementor-widget-image\" data-id=\"bcba80a\" data-element_type=\"widget\" data-e-type=\"widget\" data-settings=\"{&quot;_position&quot;:&quot;absolute&quot;,&quot;motion_fx_motion_fx_scrolling&quot;:&quot;yes&quot;,&quot;motion_fx_translateX_effect&quot;:&quot;yes&quot;,&quot;motion_fx_translateX_direction&quot;:&quot;negative&quot;,&quot;motion_fx_translateX_speed&quot;:{&quot;unit&quot;:&quot;px&quot;,&quot;size&quot;:4,&quot;sizes&quot;:[]},&quot;motion_fx_translateX_affectedRange&quot;:{&quot;unit&quot;:&quot;%&quot;,&quot;size&quot;:&quot;&quot;,&quot;sizes&quot;:{&quot;start&quot;:0,&quot;end&quot;:100}},&quot;motion_fx_devices&quot;:[&quot;desktop&quot;,&quot;tablet&quot;,&quot;mobile&quot;]}\" data-widget_type=\"image.default\">\n\t\t\t\t<div class=\"elementor-widget-container\">\n\t\t\t\t\t\t\t\t\t\t\t\t\t\t\t<img fetchpriority=\"high\" decoding=\"async\" width=\"800\" height=\"909\" src=\"https:\/\/venloop.nl\/wp-content\/uploads\/2023\/02\/WeirVenloopIconBalk-901x1024.png\" class=\"attachment-large size-large wp-image-6217\" alt=\"\" srcset=\"https:\/\/venloop.nl\/wp-content\/uploads\/2023\/02\/WeirVenloopIconBalk-901x1024.png 901w, https:\/\/venloop.nl\/wp-content\/uploads\/2023\/02\/WeirVenloopIconBalk-600x682.png 600w, https:\/\/venloop.nl\/wp-content\/uploads\/2023\/02\/WeirVenloopIconBalk-264x300.png 264w, https:\/\/venloop.nl\/wp-content\/uploads\/2023\/02\/WeirVenloopIconBalk-768x872.png 768w, https:\/\/venloop.nl\/wp-content\/uploads\/2023\/02\/WeirVenloopIconBalk.png 1000w\" sizes=\"(max-width: 800px) 100vw, 800px\" \/>\t\t\t\t\t\t\t\t\t\t\t\t\t\t\t<\/div>\n\t\t\t\t<\/div>\n\t\t\t\t\t<\/div>\n\t\t<\/div>\n\t\t\t\t\t<\/div>\n\t\t<\/section>\n\t\t\t\t\t<\/div>\n\t\t<\/div>\n\t\t\t\t\t<\/div>\n\t\t<\/section>\n\t\t\t\t<section class=\"elementor-section elementor-top-section elementor-element elementor-element-d7bfdb3 elementor-section-boxed elementor-section-height-default elementor-section-height-default\" data-id=\"d7bfdb3\" data-element_type=\"section\" data-e-type=\"section\" data-settings=\"{&quot;jet_parallax_layout_list&quot;:[]}\">\n\t\t\t\t\t\t<div class=\"elementor-container elementor-column-gap-default\">\n\t\t\t\t\t<div class=\"elementor-column elementor-col-100 elementor-top-column elementor-element elementor-element-3e5b894\" data-id=\"3e5b894\" data-element_type=\"column\" data-e-type=\"column\">\n\t\t\t<div class=\"elementor-widget-wrap elementor-element-populated\">\n\t\t\t\t\t\t<div class=\"elementor-element elementor-element-425e187 elementor-widget elementor-widget-heading\" data-id=\"425e187\" data-element_type=\"widget\" data-e-type=\"widget\" data-widget_type=\"heading.default\">\n\t\t\t\t<div class=\"elementor-widget-container\">\n\t\t\t\t\t<h2 class=\"elementor-heading-title elementor-size-default\">Fotos \u00dcbungswanderungen<\/h2>\t\t\t\t<\/div>\n\t\t\t\t<\/div>\n\t\t\t\t<section class=\"elementor-section elementor-inner-section elementor-element elementor-element-04ac452 elementor-section-height-min-height elementor-section-boxed elementor-section-height-default\" data-id=\"04ac452\" data-element_type=\"section\" data-e-type=\"section\" data-settings=\"{&quot;jet_parallax_layout_list&quot;:[]}\">\n\t\t\t\t\t\t<div class=\"elementor-container elementor-column-gap-default\">\n\t\t\t\t\t<div class=\"make-column-clickable-elementor elementor-column elementor-col-50 elementor-inner-column elementor-element elementor-element-7b389ed\" style=\"cursor: pointer;\" data-column-clickable=\"https:\/\/venloop.nl\/de\/zuschauer\/fotos\/fotos-2025\/foto-ubungswanderung-januar\/\" data-column-clickable-blank=\"_self\" data-id=\"7b389ed\" data-element_type=\"column\" data-e-type=\"column\" data-settings=\"{&quot;background_background&quot;:&quot;classic&quot;}\">\n\t\t\t<div class=\"elementor-widget-wrap elementor-element-populated\">\n\t\t\t\t\t<div class=\"elementor-background-overlay\"><\/div>\n\t\t\t\t\t\t<div class=\"elementor-element elementor-element-5ca1604 elementor-widget elementor-widget-heading\" data-id=\"5ca1604\" data-element_type=\"widget\" data-e-type=\"widget\" data-widget_type=\"heading.default\">\n\t\t\t\t<div class=\"elementor-widget-container\">\n\t\t\t\t\t<h2 class=\"elementor-heading-title elementor-size-default\"><a href=\"https:\/\/venloop.nl\/de\/zuschauer\/fotos\/fotos-2025\/foto-ubungswanderung-januar\/\">\u00dcbungswanderung Januar<\/a><\/h2>\t\t\t\t<\/div>\n\t\t\t\t<\/div>\n\t\t\t\t<div class=\"elementor-element elementor-element-bd5ab73 elementor-hidden-mobile elementor-hidden-tablet elementor-widget elementor-widget-tp-button\" data-id=\"bd5ab73\" data-element_type=\"widget\" data-e-type=\"widget\" data-widget_type=\"tp-button.default\">\n\t\t\t\t<div class=\"elementor-widget-container\">\n\t\t\t\t\t<div class=\"pt-plus-button-wrapper   text-center   \"><div class=\"button_parallax   \" ><div id=\"button69e1db907b0b4\"  class=\" text-center ts-button content_hover_effect   \" ><div class=\"pt_plus_button btn69e1db907ac0c button-style-20   \"  ><div class=\"animted-content-inner \"><a href=\"https:\/\/venloop.nl\/de\/zuschauer\/fotos\/fotos-2025\/foto-ubungswanderung-januar\/\" class=\"button-link-wrap \" role=\"button\" data-hover=\"Fotos ansehen\"  ><span>Fotos ansehen<\/span><\/a><\/div><\/div><\/div><\/div><\/div>\t\t\t\t<\/div>\n\t\t\t\t<\/div>\n\t\t\t\t\t<\/div>\n\t\t<\/div>\n\t\t\t\t<div class=\"make-column-clickable-elementor elementor-column elementor-col-50 elementor-inner-column elementor-element elementor-element-6047c70\" style=\"cursor: pointer;\" data-column-clickable=\"https:\/\/venloop.nl\/de\/zuschauer\/fotos\/fotos-2025\/foto-ubungswanderung-februar\/\" data-column-clickable-blank=\"_self\" data-id=\"6047c70\" data-element_type=\"column\" data-e-type=\"column\" data-settings=\"{&quot;background_background&quot;:&quot;classic&quot;}\">\n\t\t\t<div class=\"elementor-widget-wrap elementor-element-populated\">\n\t\t\t\t\t<div class=\"elementor-background-overlay\"><\/div>\n\t\t\t\t\t\t<div class=\"elementor-element elementor-element-98e3f48 elementor-widget elementor-widget-heading\" data-id=\"98e3f48\" data-element_type=\"widget\" data-e-type=\"widget\" data-widget_type=\"heading.default\">\n\t\t\t\t<div class=\"elementor-widget-container\">\n\t\t\t\t\t<h2 class=\"elementor-heading-title elementor-size-default\"><a href=\"https:\/\/venloop.nl\/de\/zuschauer\/fotos\/fotos-2025\/foto-ubungswanderung-februar\/\">\u00dcbungswanderung Februar <\/a><\/h2>\t\t\t\t<\/div>\n\t\t\t\t<\/div>\n\t\t\t\t<div class=\"elementor-element elementor-element-99d2c4c elementor-hidden-mobile elementor-hidden-tablet elementor-widget elementor-widget-tp-button\" data-id=\"99d2c4c\" data-element_type=\"widget\" data-e-type=\"widget\" data-widget_type=\"tp-button.default\">\n\t\t\t\t<div class=\"elementor-widget-container\">\n\t\t\t\t\t<div class=\"pt-plus-button-wrapper   text-center   \"><div class=\"button_parallax   \" ><div id=\"button69e1db907b88c\"  class=\" text-center ts-button content_hover_effect   \" ><div class=\"pt_plus_button btn69e1db907b653 button-style-20   \"  ><div class=\"animted-content-inner \"><a href=\"https:\/\/venloop.nl\/de\/zuschauer\/fotos\/fotos-2025\/foto-ubungswanderung-februar\/\" class=\"button-link-wrap \" role=\"button\" data-hover=\"Fotos ansehen\"  ><span>Fotos ansehen<\/span><\/a><\/div><\/div><\/div><\/div><\/div>\t\t\t\t<\/div>\n\t\t\t\t<\/div>\n\t\t\t\t\t<\/div>\n\t\t<\/div>\n\t\t\t\t\t<\/div>\n\t\t<\/section>\n\t\t\t\t<section class=\"elementor-section elementor-inner-section elementor-element elementor-element-d47edbb elementor-section-height-min-height elementor-section-boxed elementor-section-height-default\" data-id=\"d47edbb\" data-element_type=\"section\" data-e-type=\"section\" data-settings=\"{&quot;jet_parallax_layout_list&quot;:[]}\">\n\t\t\t\t\t\t<div class=\"elementor-container elementor-column-gap-default\">\n\t\t\t\t\t<div class=\"make-column-clickable-elementor elementor-column elementor-col-100 elementor-inner-column elementor-element elementor-element-8681274\" style=\"cursor: pointer;\" data-column-clickable=\"https:\/\/venloop.nl\/de\/zuschauer\/fotos\/fotos-2025\/foto-ubungswanderung-marz\/\" data-column-clickable-blank=\"_self\" data-id=\"8681274\" data-element_type=\"column\" data-e-type=\"column\" data-settings=\"{&quot;background_background&quot;:&quot;classic&quot;}\">\n\t\t\t<div class=\"elementor-widget-wrap elementor-element-populated\">\n\t\t\t\t\t<div class=\"elementor-background-overlay\"><\/div>\n\t\t\t\t\t\t<div class=\"elementor-element elementor-element-3f84e2d elementor-widget elementor-widget-heading\" data-id=\"3f84e2d\" data-element_type=\"widget\" data-e-type=\"widget\" data-widget_type=\"heading.default\">\n\t\t\t\t<div class=\"elementor-widget-container\">\n\t\t\t\t\t<h2 class=\"elementor-heading-title elementor-size-default\"><a href=\"https:\/\/venloop.nl\/de\/zuschauer\/fotos\/fotos-2025\/foto-ubungswanderung-marz\/\">\u00dcbungswanderung M\u00e4rz<\/a><\/h2>\t\t\t\t<\/div>\n\t\t\t\t<\/div>\n\t\t\t\t<div class=\"elementor-element elementor-element-e87528a elementor-hidden-mobile elementor-hidden-tablet elementor-widget elementor-widget-tp-button\" data-id=\"e87528a\" data-element_type=\"widget\" data-e-type=\"widget\" data-widget_type=\"tp-button.default\">\n\t\t\t\t<div class=\"elementor-widget-container\">\n\t\t\t\t\t<div class=\"pt-plus-button-wrapper   text-center   \"><div class=\"button_parallax   \" ><div id=\"button69e1db907bfd7\"  class=\" text-center ts-button content_hover_effect   \" ><div class=\"pt_plus_button btn69e1db907bdb9 button-style-20   \"  ><div class=\"animted-content-inner \"><a href=\"https:\/\/venloop.nl\/de\/zuschauer\/fotos\/fotos-2025\/foto-ubungswanderung-marz\/\" class=\"button-link-wrap \" role=\"button\" data-hover=\"Fotos ansehen\"  ><span>Fotos ansehen<\/span><\/a><\/div><\/div><\/div><\/div><\/div>\t\t\t\t<\/div>\n\t\t\t\t<\/div>\n\t\t\t\t\t<\/div>\n\t\t<\/div>\n\t\t\t\t\t<\/div>\n\t\t<\/section>\n\t\t\t\t\t<\/div>\n\t\t<\/div>\n\t\t\t\t\t<\/div>\n\t\t<\/section>\n\t\t\t\t<section class=\"elementor-section elementor-top-section elementor-element elementor-element-1173d66 elementor-section-height-min-height elementor-section-boxed elementor-section-height-default elementor-section-items-middle\" data-id=\"1173d66\" data-element_type=\"section\" data-e-type=\"section\" data-settings=\"{&quot;jet_parallax_layout_list&quot;:[],&quot;background_background&quot;:&quot;classic&quot;}\">\n\t\t\t\t\t\t\t<div class=\"elementor-background-overlay\"><\/div>\n\t\t\t\t\t\t\t<div class=\"elementor-container elementor-column-gap-default\">\n\t\t\t\t\t<div class=\"elementor-column elementor-col-50 elementor-top-column elementor-element elementor-element-453cc0f elementor-hidden-mobile\" data-id=\"453cc0f\" data-element_type=\"column\" data-e-type=\"column\">\n\t\t\t<div class=\"elementor-widget-wrap elementor-element-populated\">\n\t\t\t\t\t\t<div class=\"elementor-element elementor-element-1d189a9 elementor-widget elementor-widget-image\" data-id=\"1d189a9\" data-element_type=\"widget\" data-e-type=\"widget\" data-widget_type=\"image.default\">\n\t\t\t\t<div class=\"elementor-widget-container\">\n\t\t\t\t\t\t\t\t\t\t\t\t\t\t\t<img decoding=\"async\" width=\"800\" height=\"534\" src=\"https:\/\/venloop.nl\/wp-content\/uploads\/2023\/03\/2022-tbf8535-web-147-1024x683.jpg\" class=\"attachment-large size-large wp-image-9609\" alt=\"\" srcset=\"https:\/\/venloop.nl\/wp-content\/uploads\/2023\/03\/2022-tbf8535-web-147-1024x683.jpg 1024w, https:\/\/venloop.nl\/wp-content\/uploads\/2023\/03\/2022-tbf8535-web-147-600x400.jpg 600w, https:\/\/venloop.nl\/wp-content\/uploads\/2023\/03\/2022-tbf8535-web-147-300x200.jpg 300w, https:\/\/venloop.nl\/wp-content\/uploads\/2023\/03\/2022-tbf8535-web-147-768x512.jpg 768w, https:\/\/venloop.nl\/wp-content\/uploads\/2023\/03\/2022-tbf8535-web-147.jpg 1200w\" sizes=\"(max-width: 800px) 100vw, 800px\" \/>\t\t\t\t\t\t\t\t\t\t\t\t\t\t\t<\/div>\n\t\t\t\t<\/div>\n\t\t\t\t\t<\/div>\n\t\t<\/div>\n\t\t\t\t<div class=\"elementor-column elementor-col-50 elementor-top-column elementor-element elementor-element-63ef827\" data-id=\"63ef827\" data-element_type=\"column\" data-e-type=\"column\">\n\t\t\t<div class=\"elementor-widget-wrap elementor-element-populated\">\n\t\t\t\t\t\t<div class=\"elementor-element elementor-element-4b6e246 elementor-widget elementor-widget-heading\" data-id=\"4b6e246\" data-element_type=\"widget\" data-e-type=\"widget\" data-widget_type=\"heading.default\">\n\t\t\t\t<div class=\"elementor-widget-container\">\n\t\t\t\t\t<h2 class=\"elementor-heading-title elementor-size-default\">Erfahren Sie mehr \u00fcber die Atmosph\u00e4re in Venlo!<\/h2>\t\t\t\t<\/div>\n\t\t\t\t<\/div>\n\t\t\t\t<div class=\"elementor-element elementor-element-67189e8 elementor-align-left elementor-mobile-align-center elementor-widget elementor-widget-button\" data-id=\"67189e8\" data-element_type=\"widget\" data-e-type=\"widget\" data-widget_type=\"button.default\">\n\t\t\t\t<div class=\"elementor-widget-container\">\n\t\t\t\t\t\t\t\t\t<div class=\"elementor-button-wrapper\">\n\t\t\t\t\t<a class=\"elementor-button elementor-button-link elementor-size-sm\" href=\"https:\/\/venloop.nl\/de\/zuschauer\/atmosphaere\/\" target=\"_blank\">\n\t\t\t\t\t\t<span class=\"elementor-button-content-wrapper\">\n\t\t\t\t\t\t\t\t\t<span class=\"elementor-button-text\">Siehe die Seite Atmosph\u00e4re<\/span>\n\t\t\t\t\t<\/span>\n\t\t\t\t\t<\/a>\n\t\t\t\t<\/div>\n\t\t\t\t\t\t\t\t<\/div>\n\t\t\t\t<\/div>\n\t\t\t\t\t<\/div>\n\t\t<\/div>\n\t\t\t\t\t<\/div>\n\t\t<\/section>\n\t\t\t\t<\/div>\n\t\t","protected":false},"excerpt":{"rendered":"<p>Home Wie k\u00f6nnen wir Ihnen helfen? Fotos \u00dcbungswanderungen \u00dcbungswanderung Januar Fotos ansehen \u00dcbungswanderung Februar Fotos ansehen \u00dcbungswanderung M\u00e4rz Fotos ansehen Erfahren Sie mehr \u00fcber die Atmosph\u00e4re in Venlo! Siehe die Seite Atmosph\u00e4re<\/p>\n","protected":false},"author":3,"featured_media":0,"parent":100844,"menu_order":0,"comment_status":"closed","ping_status":"closed","template":"","meta":{"footnotes":""},"class_list":["post-101053","page","type-page","status-publish","hentry"],"_links":{"self":[{"href":"https:\/\/venloop.nl\/de\/wp-json\/wp\/v2\/pages\/101053","targetHints":{"allow":["GET"]}}],"collection":[{"href":"https:\/\/venloop.nl\/de\/wp-json\/wp\/v2\/pages"}],"about":[{"href":"https:\/\/venloop.nl\/de\/wp-json\/wp\/v2\/types\/page"}],"author":[{"embeddable":true,"href":"https:\/\/venloop.nl\/de\/wp-json\/wp\/v2\/users\/3"}],"replies":[{"embeddable":true,"href":"https:\/\/venloop.nl\/de\/wp-json\/wp\/v2\/comments?post=101053"}],"version-history":[{"count":13,"href":"https:\/\/venloop.nl\/de\/wp-json\/wp\/v2\/pages\/101053\/revisions"}],"predecessor-version":[{"id":104570,"href":"https:\/\/venloop.nl\/de\/wp-json\/wp\/v2\/pages\/101053\/revisions\/104570"}],"up":[{"embeddable":true,"href":"https:\/\/venloop.nl\/de\/wp-json\/wp\/v2\/pages\/100844"}],"wp:attachment":[{"href":"https:\/\/venloop.nl\/de\/wp-json\/wp\/v2\/media?parent=101053"}],"curies":[{"name":"wp","href":"https:\/\/api.w.org\/{rel}","templated":true}]}}