{"id":105606,"date":"2025-03-17T15:11:38","date_gmt":"2025-03-17T13:11:38","guid":{"rendered":"https:\/\/venloop.nl\/laufen\/arrow-venloop\/unterstuetze-deinen-marathonlaeufer\/"},"modified":"2025-03-17T15:35:19","modified_gmt":"2025-03-17T13:35:19","slug":"unterstuetze-deinen-marathonlaeufer","status":"publish","type":"page","link":"https:\/\/venloop.nl\/de\/laufen\/arrow-venloop\/unterstuetze-deinen-marathonlaeufer\/","title":{"rendered":"Unterst\u00fctze deinen Marathonl\u00e4ufer"},"content":{"rendered":"\t\t<div data-elementor-type=\"wp-page\" data-elementor-id=\"105606\" class=\"elementor elementor-105606 elementor-104355\" data-elementor-post-type=\"page\">\n\t\t\t\t\t\t<section class=\"elementor-section elementor-top-section elementor-element elementor-element-1360f6cc elementor-section-boxed elementor-section-height-default elementor-section-height-default\" data-id=\"1360f6cc\" data-element_type=\"section\" data-e-type=\"section\" data-settings=\"{&quot;jet_parallax_layout_list&quot;:[]}\">\n\t\t\t\t\t\t<div class=\"elementor-container elementor-column-gap-default\">\n\t\t\t\t\t<div class=\"elementor-column elementor-col-100 elementor-top-column elementor-element elementor-element-17a51883\" data-id=\"17a51883\" data-element_type=\"column\" data-e-type=\"column\">\n\t\t\t<div class=\"elementor-widget-wrap elementor-element-populated\">\n\t\t\t\t\t\t<div class=\"elementor-element elementor-element-c5865c5 elementor-widget elementor-widget-spacer\" data-id=\"c5865c5\" data-element_type=\"widget\" data-e-type=\"widget\" data-widget_type=\"spacer.default\">\n\t\t\t\t<div class=\"elementor-widget-container\">\n\t\t\t\t\t\t\t<div class=\"elementor-spacer\">\n\t\t\t<div class=\"elementor-spacer-inner\"><\/div>\n\t\t<\/div>\n\t\t\t\t\t\t<\/div>\n\t\t\t\t<\/div>\n\t\t\t\t<div class=\"elementor-element elementor-element-5817db elementor-widget elementor-widget-heading\" data-id=\"5817db\" data-element_type=\"widget\" data-e-type=\"widget\" data-widget_type=\"heading.default\">\n\t\t\t\t<div class=\"elementor-widget-container\">\n\t\t\t\t\t<h1 class=\"elementor-heading-title elementor-size-default\">Support Your Marathoner - feuern Sie Ihren Helden auf der gro\u00dfen Leinwand an!<\/h1>\t\t\t\t<\/div>\n\t\t\t\t<\/div>\n\t\t\t\t<div class=\"elementor-element elementor-element-7111860c elementor-widget__width-initial elementor-widget elementor-widget-text-editor\" data-id=\"7111860c\" data-element_type=\"widget\" data-e-type=\"widget\" data-widget_type=\"text-editor.default\">\n\t\t\t\t<div class=\"elementor-widget-container\">\n\t\t\t\t\t\t\t\t\t<p>Kennen Sie jemanden, der am <strong>Sonntag, den 30. M\u00e4rz<\/strong>, am 5 km, 10 km oder Halbmarathon des Arrow Venloop teilnimmt? Dann haben wir etwas Sch\u00f6nes f\u00fcr Sie! Schicken Sie ein pers\u00f6nliches <strong>Aufmunterungsvideo<\/strong> ein und geben Sie Ihrem Familienmitglied, Freund oder Kollegen auf den letzten Metern des Kurses einen zus\u00e4tzlichen Schub!<\/p><h3>Wie funktioniert das?<\/h3><ul><li>Nehmen Sie ein personalisiertes Video von bis zu 5 Sekunden f\u00fcr die Person auf, die Sie auf besondere Weise ermutigen m\u00f6chten.<\/li><li>Suchen Sie den betreffenden L\u00e4ufer \u00fcber seinen Namen oder seine <a href=\"https:\/\/venloop.nl\/de\/laufen\/arrow-venloop\/startnummern\/\"><strong>Startnummer<\/strong><\/a>.<\/li><li>Laden Sie das Video vom 17. M\u00e4rz auf diese Website hoch.<\/li><li>Einsendeschluss: Reichen Sie Ihr Video bis Samstag, den 29. M\u00e4rz um 23:59 Uhr ein.<\/li><\/ul><p>L\u00e4uferinnen und L\u00e4ufer, f\u00fcr die eine Nachricht aufgezeichnet wurde, sehen die Nachricht (\u00fcber ihren Chip) auf einem gro\u00dfen LED-Bildschirm an der Parade (neben dem Caf\u00e9 de Locomotief) genau getaktet.<\/p><p>Hinterlassen Sie also eine nette Nachricht \u00fcber die Schaltfl\u00e4che unten und <strong>unterst\u00fctzen Sie Ihren l\u00e4ufer<\/strong>!<\/p>\t\t\t\t\t\t\t\t<\/div>\n\t\t\t\t<\/div>\n\t\t\t\t<div class=\"elementor-element elementor-element-9ac3ed4 elementor-widget elementor-widget-button\" data-id=\"9ac3ed4\" data-element_type=\"widget\" data-e-type=\"widget\" data-widget_type=\"button.default\">\n\t\t\t\t<div class=\"elementor-widget-container\">\n\t\t\t\t\t\t\t\t\t<div class=\"elementor-button-wrapper\">\n\t\t\t\t\t<a class=\"elementor-button elementor-button-link elementor-size-sm\" href=\"https:\/\/app.vtrack.run\/en\/events\/67c97f1c15d518757bedfcf0\" target=\"_blank\" rel=\"noopener\">\n\t\t\t\t\t\t<span class=\"elementor-button-content-wrapper\">\n\t\t\t\t\t\t\t\t\t<span class=\"elementor-button-text\">Support your marathoner!<\/span>\n\t\t\t\t\t<\/span>\n\t\t\t\t\t<\/a>\n\t\t\t\t<\/div>\n\t\t\t\t\t\t\t\t<\/div>\n\t\t\t\t<\/div>\n\t\t\t\t<div class=\"elementor-element elementor-element-7344942 elementor-widget__width-initial elementor-widget elementor-widget-image\" data-id=\"7344942\" data-element_type=\"widget\" data-e-type=\"widget\" data-widget_type=\"image.default\">\n\t\t\t\t<div class=\"elementor-widget-container\">\n\t\t\t\t\t\t\t\t\t\t\t\t\t\t\t<img fetchpriority=\"high\" decoding=\"async\" width=\"800\" height=\"534\" src=\"https:\/\/venloop.nl\/wp-content\/uploads\/2025\/03\/2022_TBF6061-WEB-1024x683.jpg\" class=\"attachment-large size-large wp-image-104361\" alt=\"\" srcset=\"https:\/\/venloop.nl\/wp-content\/uploads\/2025\/03\/2022_TBF6061-WEB-1024x683.jpg 1024w, https:\/\/venloop.nl\/wp-content\/uploads\/2025\/03\/2022_TBF6061-WEB-300x200.jpg 300w, https:\/\/venloop.nl\/wp-content\/uploads\/2025\/03\/2022_TBF6061-WEB-768x512.jpg 768w, https:\/\/venloop.nl\/wp-content\/uploads\/2025\/03\/2022_TBF6061-WEB-1536x1024.jpg 1536w, https:\/\/venloop.nl\/wp-content\/uploads\/2025\/03\/2022_TBF6061-WEB-2048x1366.jpg 2048w, https:\/\/venloop.nl\/wp-content\/uploads\/2025\/03\/2022_TBF6061-WEB-600x400.jpg 600w\" sizes=\"(max-width: 800px) 100vw, 800px\" \/>\t\t\t\t\t\t\t\t\t\t\t\t\t\t\t<\/div>\n\t\t\t\t<\/div>\n\t\t\t\t\t<\/div>\n\t\t<\/div>\n\t\t\t\t\t<\/div>\n\t\t<\/section>\n\t\t\t\t<\/div>\n\t\t","protected":false},"excerpt":{"rendered":"<p>Support Your Marathoner &#8211; feuern Sie Ihren Helden auf der gro\u00dfen Leinwand an! Kennen Sie jemanden, der am Sonntag, den 30. M\u00e4rz, am 5 km, 10 km oder Halbmarathon des Arrow Venloop teilnimmt? Dann haben wir etwas Sch\u00f6nes f\u00fcr Sie! Schicken Sie ein pers\u00f6nliches Aufmunterungsvideo ein und geben Sie Ihrem Familienmitglied, Freund oder Kollegen auf [&hellip;]<\/p>\n","protected":false},"author":9,"featured_media":0,"parent":7771,"menu_order":0,"comment_status":"closed","ping_status":"closed","template":"","meta":{"footnotes":""},"class_list":["post-105606","page","type-page","status-publish","hentry"],"_links":{"self":[{"href":"https:\/\/venloop.nl\/de\/wp-json\/wp\/v2\/pages\/105606","targetHints":{"allow":["GET"]}}],"collection":[{"href":"https:\/\/venloop.nl\/de\/wp-json\/wp\/v2\/pages"}],"about":[{"href":"https:\/\/venloop.nl\/de\/wp-json\/wp\/v2\/types\/page"}],"author":[{"embeddable":true,"href":"https:\/\/venloop.nl\/de\/wp-json\/wp\/v2\/users\/9"}],"replies":[{"embeddable":true,"href":"https:\/\/venloop.nl\/de\/wp-json\/wp\/v2\/comments?post=105606"}],"version-history":[{"count":7,"href":"https:\/\/venloop.nl\/de\/wp-json\/wp\/v2\/pages\/105606\/revisions"}],"predecessor-version":[{"id":105642,"href":"https:\/\/venloop.nl\/de\/wp-json\/wp\/v2\/pages\/105606\/revisions\/105642"}],"up":[{"embeddable":true,"href":"https:\/\/venloop.nl\/de\/wp-json\/wp\/v2\/pages\/7771"}],"wp:attachment":[{"href":"https:\/\/venloop.nl\/de\/wp-json\/wp\/v2\/media?parent=105606"}],"curies":[{"name":"wp","href":"https:\/\/api.w.org\/{rel}","templated":true}]}}