{"id":112390,"date":"2025-05-06T15:35:16","date_gmt":"2025-05-06T13:35:16","guid":{"rendered":"https:\/\/venloop.nl\/laufen\/traumteam\/anouk\/"},"modified":"2025-05-06T15:35:18","modified_gmt":"2025-05-06T13:35:18","slug":"anouk","status":"publish","type":"page","link":"https:\/\/venloop.nl\/de\/laufen\/traumteam\/anouk\/","title":{"rendered":"Anouk"},"content":{"rendered":"\t\t<div data-elementor-type=\"wp-page\" data-elementor-id=\"112390\" class=\"elementor elementor-112390 elementor-95710\" data-elementor-post-type=\"page\">\n\t\t\t\t\t\t<section class=\"elementor-section elementor-top-section elementor-element elementor-element-151210d elementor-section-boxed elementor-section-height-default elementor-section-height-default\" data-id=\"151210d\" data-element_type=\"section\" data-e-type=\"section\" data-settings=\"{&quot;jet_parallax_layout_list&quot;:[]}\">\n\t\t\t\t\t\t<div class=\"elementor-container elementor-column-gap-default\">\n\t\t\t\t\t<div class=\"elementor-column elementor-col-100 elementor-top-column elementor-element elementor-element-2d0bfff\" data-id=\"2d0bfff\" data-element_type=\"column\" data-e-type=\"column\">\n\t\t\t<div class=\"elementor-widget-wrap elementor-element-populated\">\n\t\t\t\t\t\t<div class=\"elementor-element elementor-element-9c8a7b3 elementor-widget elementor-widget-heading\" data-id=\"9c8a7b3\" data-element_type=\"widget\" data-e-type=\"widget\" data-widget_type=\"heading.default\">\n\t\t\t\t<div class=\"elementor-widget-container\">\n\t\t\t\t\t<h2 class=\"elementor-heading-title elementor-size-default\"><a href=\"https:\/\/venloop.nl\/de\/laufen\/traumteam\/\">Dreamteam &gt;<\/a><\/h2>\t\t\t\t<\/div>\n\t\t\t\t<\/div>\n\t\t\t\t<div class=\"elementor-element elementor-element-e92e4da elementor-widget elementor-widget-heading\" data-id=\"e92e4da\" data-element_type=\"widget\" data-e-type=\"widget\" data-widget_type=\"heading.default\">\n\t\t\t\t<div class=\"elementor-widget-container\">\n\t\t\t\t\t<h2 class=\"elementor-heading-title elementor-size-default\">Meet Anouk<\/h2>\t\t\t\t<\/div>\n\t\t\t\t<\/div>\n\t\t\t\t<div class=\"elementor-element elementor-element-a855efb elementor-widget elementor-widget-accordion\" data-id=\"a855efb\" data-element_type=\"widget\" data-e-type=\"widget\" data-widget_type=\"accordion.default\">\n\t\t\t\t<div class=\"elementor-widget-container\">\n\t\t\t\t\t\t\t<div class=\"elementor-accordion\">\n\t\t\t\t\t\t\t<div class=\"elementor-accordion-item\">\n\t\t\t\t\t<div id=\"elementor-tab-title-1761\" class=\"elementor-tab-title\" data-tab=\"1\" role=\"button\" aria-controls=\"elementor-tab-content-1761\" aria-expanded=\"false\">\n\t\t\t\t\t\t\t\t\t\t\t\t\t<span class=\"elementor-accordion-icon elementor-accordion-icon-left\" aria-hidden=\"true\">\n\t\t\t\t\t\t\t\t\t\t\t\t\t\t\t<span class=\"elementor-accordion-icon-closed\"><i class=\"fas fa-plus\"><\/i><\/span>\n\t\t\t\t\t\t\t\t<span class=\"elementor-accordion-icon-opened\"><i class=\"fas fa-minus\"><\/i><\/span>\n\t\t\t\t\t\t\t\t\t\t\t\t\t\t<\/span>\n\t\t\t\t\t\t\t\t\t\t\t\t<a class=\"elementor-accordion-title\" tabindex=\"0\">Blog 1 - Ich m\u00f6chte Ihnen vorstellen<\/a>\n\t\t\t\t\t<\/div>\n\t\t\t\t\t<div id=\"elementor-tab-content-1761\" class=\"elementor-tab-content elementor-clearfix\" data-tab=\"1\" role=\"region\" aria-labelledby=\"elementor-tab-title-1761\"><p>Hallo hallo,<\/p>\n<p>Ich bin Anouk Mickers, 44, Mutter von 4 Teenagern im Alter von 14, (fast) 16, 17 und 18 Jahren. <\/p>\n<p>Mein ganzes Leben lang war ich sportlich, hatte aber auch mit meinem Gewicht zu k\u00e4mpfen. In meiner Kindheit und im jungen Erwachsenenalter habe ich lange Zeit Handball gespielt, sp\u00e4ter Wasserball und jetzt Synchronschwimmen. Ich bin fr\u00fcher gelaufen, aber als ich 2015 f\u00fcr den Halbmarathon trainierte, verlor ich den Spa\u00df am Laufen. Ich war so sehr auf das \u201eM\u00fcssen\u201c konzentriert, dass das Laufen und das Training zu einem \u201eM\u00fcssen\u201c wurden, anstatt den Kopf freizubekommen und es zu genie\u00dfen, nett zu sein. Obwohl ich den Halbmarathon und die ungeheuer nette Atmosph\u00e4re sehr genossen habe, habe ich die Laufschuhe danach weggelegt und lange Zeit nicht wieder in die Hand genommen.    <\/p>\n<p>Nachdem ein lieber Freund 2023 gestorben war und mein Bruder eine sehr schwere und komplizierte Grippe nur knapp \u00fcberlebt hatte, begann ich wieder mit dem Laufen. Doch ich konnte mich einfach nicht dazu aufraffen, es f\u00fchlte sich wieder so an, als m\u00fcsste ich es tun und w\u00fcrde es nicht genie\u00dfen, obwohl ich es so sehr wollte. Au\u00dferdem f\u00fchle ich mich unwohl, wenn ich alleine drau\u00dfen laufe, aber vor kurzem hat mein erstes Laufereignis \u201eRundje um ut hundje\u201c gezeigt, dass das Training auf dem Laufband allein nicht die L\u00f6sung f\u00fcr mich ist, es unterscheidet sich zu sehr vom Laufen drau\u00dfen und auf der Stra\u00dfe.  <\/p>\n<p><strong>Ich w\u00fcrde so gerne wieder laufen<\/strong>, denn ich habe es fr\u00fcher geliebt, ich genie\u00dfe es, sportlich zu sein, die gesundheitlichen Vorteile, die es mit sich bringt, und es ist der ideale Sport f\u00fcr mich, um ihn mit meiner vielbesch\u00e4ftigten Familie und meinem Job als Verhaltenswissenschaftlerin an einer Sekundarschule zu verbinden. <\/p>\n<p>Ich hoffe, dass mir das Training mit und im Dreamteam einen kleinen Schub geben kann, um 2025 wieder mit Freude und Stolz die 10 km laufen zu k\u00f6nnen und auch danach weiter zu laufen und Spa\u00df zu haben. Das erste Treffen mit den Dreamteam-Mitgliedern und Trainern war sehr sympathisch, es herrschte sofort eine angenehme Atmosph\u00e4re. Auch die erste Trainingseinheit war angenehm und mit viel Fokus auf die einzelnen Dreamteam-Mitglieder und ihre Ziele. Jeder hat sein eigenes Ziel und seine eigene Geschichte, wir sind alle super motiviert. Ich glaube, das wird ein richtig tolles Laufabenteuer f\u00fcr uns alle.    <\/p>\n<p><strong>Gemeinsam lassen wir es krachen!<\/strong><\/p>\n<p>Gr\u00fc\u00dfe <\/p>\n<p>Anouk <\/p>\n<\/div>\n\t\t\t\t<\/div>\n\t\t\t\t\t\t\t<div class=\"elementor-accordion-item\">\n\t\t\t\t\t<div id=\"elementor-tab-title-1762\" class=\"elementor-tab-title\" data-tab=\"2\" role=\"button\" aria-controls=\"elementor-tab-content-1762\" aria-expanded=\"false\">\n\t\t\t\t\t\t\t\t\t\t\t\t\t<span class=\"elementor-accordion-icon elementor-accordion-icon-left\" aria-hidden=\"true\">\n\t\t\t\t\t\t\t\t\t\t\t\t\t\t\t<span class=\"elementor-accordion-icon-closed\"><i class=\"fas fa-plus\"><\/i><\/span>\n\t\t\t\t\t\t\t\t<span class=\"elementor-accordion-icon-opened\"><i class=\"fas fa-minus\"><\/i><\/span>\n\t\t\t\t\t\t\t\t\t\t\t\t\t\t<\/span>\n\t\t\t\t\t\t\t\t\t\t\t\t<a class=\"elementor-accordion-title\" tabindex=\"0\">Blog 2 - wir haben mehr als die H\u00e4lfte geschafft<\/a>\n\t\t\t\t\t<\/div>\n\t\t\t\t\t<div id=\"elementor-tab-content-1762\" class=\"elementor-tab-content elementor-clearfix\" data-tab=\"2\" role=\"region\" aria-labelledby=\"elementor-tab-title-1762\"><p>Mittlerweile ist es Anfang Januar, wir haben mehr als die H\u00e4lfte unseres Dream Team-Abenteuers hinter uns. Ich fand den Anfang ziemlich aufregend: Wen werde ich treffen, wird es klappen, wie wird das Rennen verlaufen, werde ich Erfolg haben? Diese Spannung ist inzwischen Spa\u00df, Zufriedenheit und Stolz gewichen. <strong>Schlie\u00dflich machen wir es gemeinsam<\/strong>, und es l\u00e4uft gut, sowohl unter uns als auch sportlich.  <\/p>\n<p>Jeden Mittwoch und Samstag gehen wir zusammen aus und feuern uns gegenseitig an, wo es n\u00f6tig ist, haben Spa\u00df und sind auch selbstironisch, aber wir schaffen es! Ich freue mich auf diese Trainingseinheiten. Selbst wenn ich nach einem Arbeitstag m\u00fcde bin, denke ich kein einziges Mal daran abzusagen. Es macht viel zu viel Spa\u00df und ich habe mich bereits wohler gef\u00fchlt, sowohl im w\u00f6rtlichen als auch im \u00fcbertragenen Sinne.   <\/p>\n<p>Und ja, es wird jetzt sch\u00e4rfer und das \u201eGerede\u201c hat sich ein bisschen mehr auf den Ausgang verlagert, und das ist gut so. Wir haben unser Ziel vor Augen und unsere 2 fantastischen Trainer f\u00fchren uns dorthin. Jeder auf seine Weise, aber beide sind von unsch\u00e4tzbarem Wert f\u00fcr mich. Alleine w\u00fcrde ich sowieso schneller langsamer werden und jetzt schaffe ich es einfach. Vivian&#8217;s Unterst\u00fctzung bei allen erdenklichen Fragen entlastet und gibt Halt, was f\u00fcr ein Kracher.    <\/p>\n<p>K\u00fcrzlich hatten wir ein sehr gem\u00fctliches Familientraining mit unseren Liebsten, sch\u00f6n, auch mal die Leute aus dem Umfeld der anderen Teilnehmer zu sehen. Und am Samstag waren wir nach einem sch\u00f6nen Lauf in der Venloer Heide zum \u201eWeihnachtskaffee\u201c; gem\u00fctlich und ganz profi mit unseren neuen Venloop-Jacken. <\/p>\n<p>Nat\u00fcrlich sind neben dem Venloop selbst noch einige andere lustige Dinge geplant, darunter der Neujahrslauf. Auch das ist ziemlich aufregend, aber ich gehe mit Zuversicht in die Sache. <\/p>\n<p><strong>Teamwork makes the dream work!<\/strong><\/p>\n<p>Gr\u00fc\u00dfe<\/p>\n<p>Anouk<\/p>\n<\/div>\n\t\t\t\t<\/div>\n\t\t\t\t\t\t\t<div class=\"elementor-accordion-item\">\n\t\t\t\t\t<div id=\"elementor-tab-title-1763\" class=\"elementor-tab-title\" data-tab=\"3\" role=\"button\" aria-controls=\"elementor-tab-content-1763\" aria-expanded=\"false\">\n\t\t\t\t\t\t\t\t\t\t\t\t\t<span class=\"elementor-accordion-icon elementor-accordion-icon-left\" aria-hidden=\"true\">\n\t\t\t\t\t\t\t\t\t\t\t\t\t\t\t<span class=\"elementor-accordion-icon-closed\"><i class=\"fas fa-plus\"><\/i><\/span>\n\t\t\t\t\t\t\t\t<span class=\"elementor-accordion-icon-opened\"><i class=\"fas fa-minus\"><\/i><\/span>\n\t\t\t\t\t\t\t\t\t\t\t\t\t\t<\/span>\n\t\t\t\t\t\t\t\t\t\t\t\t<a class=\"elementor-accordion-title\" tabindex=\"0\">Blog 3 - Das Venloop-Abenteuer mit dem Dream-Team<\/a>\n\t\t\t\t\t<\/div>\n\t\t\t\t\t<div id=\"elementor-tab-content-1763\" class=\"elementor-tab-content elementor-clearfix\" data-tab=\"3\" role=\"region\" aria-labelledby=\"elementor-tab-title-1763\"><p>Das Venloop-Abenteuer mit dem Dream Team, das h\u00e4tte ich um nichts in der Welt verpassen wollen! Gemeinsam zu trainieren und auf das Highlight am 30. M\u00e4rz hinzuarbeiten. W\u00e4hrend des Trainings lernten wir uns und die Trainer sowie Vivian als Koordinatorin immer besser kennen.  <\/p>\n<p>Liebe und Leid wurden miteinander geteilt, es wurde gelacht und manchmal geweint, sich gegenseitig aufgemuntert und ermutigt. Dies gemeinsam zu tun und zu erleben, war f\u00fcr mich das eigentliche Highlight. Das T\u00fcpfelchen auf dem i war das gemeinsame Anfeuern von Sas bei der Wanderung und nat\u00fcrlich beim 10 km-Lauf am Venloop.  <\/p>\n<p>Trotzdem fand ich es ziemlich aufregend. Spontan verga\u00df ich meine Laufuhr, beschloss aber, den Rat meines Trainers Guido zu beherzigen: Zwischen den L\u00e4ufen nicht auf die Uhr zu schauen. Unter Pascals fachkundiger Anleitung machten wir gemeinsam das Aufw\u00e4rmen und gingen dann in den Startbereich.  <\/p>\n<p>Ich war ziemlich besch\u00e4ftigt und habe es am Anfang ruhig angehen lassen. Dann bin ich nach Gef\u00fchl gelaufen und habe vor allem den Zuspruch genossen: vor dem Lauf, w\u00e4hrend des Venloop von meiner Familie und Bekannten und die Euphorie danach war toll. Und wie sehr ich das Laufen selbst genossen habe! Das war mein ultimatives Ziel und ich habe es erreicht, zusammen mit dem Dream Team. Wie schnell die Zeit vergangen ist und wie sehr ich sie, diese Jongleure, vermissen werde. Und wie stolz ich auf unsere gemeinsame Leistung bin, Teamwork macht den Traum wahr \ud83d\udcaa.     <\/p>\n<p>Wenn Sie noch Zweifel haben, ob Sie sich f\u00fcr das n\u00e4chste Jahr anmelden sollen: tun Sie es nicht, sondern tun Sie es!<\/p>\n<p>Xxxx<\/p>\n<p>Anouk<\/p><\/p>\n<\/div>\n\t\t\t\t<\/div>\n\t\t\t\t\t\t\t\t<\/div>\n\t\t\t\t\t\t<\/div>\n\t\t\t\t<\/div>\n\t\t\t\t<div class=\"elementor-element elementor-element-3031a28 elementor-widget__width-initial elementor-headline--style-highlight elementor-widget elementor-widget-animated-headline\" data-id=\"3031a28\" data-element_type=\"widget\" data-e-type=\"widget\" data-settings=\"{&quot;marker&quot;:&quot;curly&quot;,&quot;highlighted_text&quot;:&quot;das Laufen genie\\u00dfen\\u201c&quot;,&quot;headline_style&quot;:&quot;highlight&quot;,&quot;loop&quot;:&quot;yes&quot;,&quot;highlight_animation_duration&quot;:1200,&quot;highlight_iteration_delay&quot;:8000}\" data-widget_type=\"animated-headline.default\">\n\t\t\t\t<div class=\"elementor-widget-container\">\n\t\t\t\t\t\t\t<h2 class=\"elementor-headline\">\n\t\t\t\t\t<span class=\"elementor-headline-plain-text elementor-headline-text-wrapper\">\u201eIch w\u00fcrde so gerne wieder<\/span>\n\t\t\t\t<span class=\"elementor-headline-dynamic-wrapper elementor-headline-text-wrapper\">\n\t\t\t\t\t<span class=\"elementor-headline-dynamic-text elementor-headline-text-active\">das Laufen genie\u00dfen\u201c<\/span>\n\t\t\t\t<\/span>\n\t\t\t\t<\/h2>\n\t\t\t\t\t\t<\/div>\n\t\t\t\t<\/div>\n\t\t\t\t<div class=\"elementor-element elementor-element-5be0cb2 elementor-widget__width-initial elementor-widget-mobile__width-initial elementor-widget elementor-widget-image\" data-id=\"5be0cb2\" data-element_type=\"widget\" data-e-type=\"widget\" data-widget_type=\"image.default\">\n\t\t\t\t<div class=\"elementor-widget-container\">\n\t\t\t\t\t\t\t\t\t\t\t\t\t\t\t<img fetchpriority=\"high\" decoding=\"async\" width=\"800\" height=\"941\" src=\"https:\/\/venloop.nl\/wp-content\/uploads\/2024\/10\/Anouk-871x1024.jpg\" class=\"attachment-large size-large wp-image-95696\" alt=\"\" srcset=\"https:\/\/venloop.nl\/wp-content\/uploads\/2024\/10\/Anouk-871x1024.jpg 871w, https:\/\/venloop.nl\/wp-content\/uploads\/2024\/10\/Anouk-255x300.jpg 255w, https:\/\/venloop.nl\/wp-content\/uploads\/2024\/10\/Anouk-768x903.jpg 768w, https:\/\/venloop.nl\/wp-content\/uploads\/2024\/10\/Anouk-1306x1536.jpg 1306w, https:\/\/venloop.nl\/wp-content\/uploads\/2024\/10\/Anouk-1742x2048.jpg 1742w, https:\/\/venloop.nl\/wp-content\/uploads\/2024\/10\/Anouk-600x705.jpg 600w, https:\/\/venloop.nl\/wp-content\/uploads\/2024\/10\/Anouk.jpg 1912w\" sizes=\"(max-width: 800px) 100vw, 800px\" \/>\t\t\t\t\t\t\t\t\t\t\t\t\t\t\t<\/div>\n\t\t\t\t<\/div>\n\t\t\t\t\t<\/div>\n\t\t<\/div>\n\t\t\t\t\t<\/div>\n\t\t<\/section>\n\t\t\t\t<\/div>\n\t\t","protected":false},"excerpt":{"rendered":"<p>Dreamteam &gt; Meet Anouk Blog 1 &#8211; Ich m\u00f6chte Ihnen vorstellen Hallo hallo, Ich bin Anouk Mickers, 44, Mutter von 4 Teenagern im Alter von 14, (fast) 16, 17 und 18 Jahren. Mein ganzes Leben lang war ich sportlich, hatte aber auch mit meinem Gewicht zu k\u00e4mpfen. In meiner Kindheit und im jungen Erwachsenenalter habe [&hellip;]<\/p>\n","protected":false},"author":3,"featured_media":0,"parent":8308,"menu_order":0,"comment_status":"closed","ping_status":"closed","template":"","meta":{"footnotes":""},"class_list":["post-112390","page","type-page","status-publish","hentry"],"_links":{"self":[{"href":"https:\/\/venloop.nl\/de\/wp-json\/wp\/v2\/pages\/112390","targetHints":{"allow":["GET"]}}],"collection":[{"href":"https:\/\/venloop.nl\/de\/wp-json\/wp\/v2\/pages"}],"about":[{"href":"https:\/\/venloop.nl\/de\/wp-json\/wp\/v2\/types\/page"}],"author":[{"embeddable":true,"href":"https:\/\/venloop.nl\/de\/wp-json\/wp\/v2\/users\/3"}],"replies":[{"embeddable":true,"href":"https:\/\/venloop.nl\/de\/wp-json\/wp\/v2\/comments?post=112390"}],"version-history":[{"count":2,"href":"https:\/\/venloop.nl\/de\/wp-json\/wp\/v2\/pages\/112390\/revisions"}],"predecessor-version":[{"id":112392,"href":"https:\/\/venloop.nl\/de\/wp-json\/wp\/v2\/pages\/112390\/revisions\/112392"}],"up":[{"embeddable":true,"href":"https:\/\/venloop.nl\/de\/wp-json\/wp\/v2\/pages\/8308"}],"wp:attachment":[{"href":"https:\/\/venloop.nl\/de\/wp-json\/wp\/v2\/media?parent=112390"}],"curies":[{"name":"wp","href":"https:\/\/api.w.org\/{rel}","templated":true}]}}