{"id":112398,"date":"2025-05-06T15:47:22","date_gmt":"2025-05-06T13:47:22","guid":{"rendered":"https:\/\/venloop.nl\/laufen\/traumteam\/bea\/"},"modified":"2025-05-06T15:47:24","modified_gmt":"2025-05-06T13:47:24","slug":"bea","status":"publish","type":"page","link":"https:\/\/venloop.nl\/de\/laufen\/traumteam\/bea\/","title":{"rendered":"Bea"},"content":{"rendered":"\t\t<div data-elementor-type=\"wp-page\" data-elementor-id=\"112398\" class=\"elementor elementor-112398 elementor-95722\" data-elementor-post-type=\"page\">\n\t\t\t\t\t\t<section class=\"elementor-section elementor-top-section elementor-element elementor-element-151210d elementor-section-boxed elementor-section-height-default elementor-section-height-default\" data-id=\"151210d\" data-element_type=\"section\" data-e-type=\"section\" data-settings=\"{&quot;jet_parallax_layout_list&quot;:[]}\">\n\t\t\t\t\t\t<div class=\"elementor-container elementor-column-gap-default\">\n\t\t\t\t\t<div class=\"elementor-column elementor-col-100 elementor-top-column elementor-element elementor-element-2d0bfff\" data-id=\"2d0bfff\" data-element_type=\"column\" data-e-type=\"column\">\n\t\t\t<div class=\"elementor-widget-wrap elementor-element-populated\">\n\t\t\t\t\t\t<div class=\"elementor-element elementor-element-9c8a7b3 elementor-widget elementor-widget-heading\" data-id=\"9c8a7b3\" data-element_type=\"widget\" data-e-type=\"widget\" data-widget_type=\"heading.default\">\n\t\t\t\t<div class=\"elementor-widget-container\">\n\t\t\t\t\t<h2 class=\"elementor-heading-title elementor-size-default\"><a href=\"https:\/\/venloop.nl\/de\/laufen\/traumteam\/\">Dreamteam &gt;<\/a><\/h2>\t\t\t\t<\/div>\n\t\t\t\t<\/div>\n\t\t\t\t<div class=\"elementor-element elementor-element-e92e4da elementor-widget elementor-widget-heading\" data-id=\"e92e4da\" data-element_type=\"widget\" data-e-type=\"widget\" data-widget_type=\"heading.default\">\n\t\t\t\t<div class=\"elementor-widget-container\">\n\t\t\t\t\t<h2 class=\"elementor-heading-title elementor-size-default\">Meet Bea<\/h2>\t\t\t\t<\/div>\n\t\t\t\t<\/div>\n\t\t\t\t<div class=\"elementor-element elementor-element-a855efb elementor-widget elementor-widget-accordion\" data-id=\"a855efb\" data-element_type=\"widget\" data-e-type=\"widget\" data-widget_type=\"accordion.default\">\n\t\t\t\t<div class=\"elementor-widget-container\">\n\t\t\t\t\t\t\t<div class=\"elementor-accordion\">\n\t\t\t\t\t\t\t<div class=\"elementor-accordion-item\">\n\t\t\t\t\t<div id=\"elementor-tab-title-1761\" class=\"elementor-tab-title\" data-tab=\"1\" role=\"button\" aria-controls=\"elementor-tab-content-1761\" aria-expanded=\"false\">\n\t\t\t\t\t\t\t\t\t\t\t\t\t<span class=\"elementor-accordion-icon elementor-accordion-icon-left\" aria-hidden=\"true\">\n\t\t\t\t\t\t\t\t\t\t\t\t\t\t\t<span class=\"elementor-accordion-icon-closed\"><i class=\"fas fa-plus\"><\/i><\/span>\n\t\t\t\t\t\t\t\t<span class=\"elementor-accordion-icon-opened\"><i class=\"fas fa-minus\"><\/i><\/span>\n\t\t\t\t\t\t\t\t\t\t\t\t\t\t<\/span>\n\t\t\t\t\t\t\t\t\t\t\t\t<a class=\"elementor-accordion-title\" tabindex=\"0\">Blog 1 - Ich m\u00f6chte Ihnen vorstellen<\/a>\n\t\t\t\t\t<\/div>\n\t\t\t\t\t<div id=\"elementor-tab-content-1761\" class=\"elementor-tab-content elementor-clearfix\" data-tab=\"1\" role=\"region\" aria-labelledby=\"elementor-tab-title-1761\"><p>Hallo!<\/p>\n<p>Mein Name ist Bea van Dijk. Ich bin 49 Jahre alt und komme urspr\u00fcnglich aus Uden, in Brabant.<br \/>Jetzt lebe ich seit vielen Jahren in Venlo, zusammen mit Rob und unseren beiden Jungs Julian und Justin. <\/p>\n<p>Im Januar dieses Jahres habe ich auf Anraten eines Freundes trotzdem meinen Blutdruck messen lassen. Schlie\u00dflich hatte ich schon seit einiger Zeit Kopfschmerzen am Hinterkopf\/Nacken, au\u00dferdem hatte ich immer weniger Energie und mein Zustand verschlechterte sich langsam. Ich hatte diese Symptome immer mit \u201eStress\u201c, einer falschen Sitzposition im B\u00fcro und der kalten Winterzeit abgetan, und dann nahm ich einfach noch eine Ibuprofen und war wieder auf dem Weg.  <\/p>\n<p>Der Zufall wollte es, dass zum Zeitpunkt der Terminvereinbarung gerade ein Platz beim Hausarzt frei wurde, was im Nachhinein betrachtet gerade noch rechtzeitig war (\u201eirgendwas mit einem Engel auf meiner Schulter?\u201c). Mein Blutdruck war mit 250\/150 gef\u00e4hrlich hoch. In diesem Moment schrillten alle Alarmglocken und ich wurde ins Viecuri Krankenhaus gebracht, wo man bei mir akutes Nierenversagen und eine Sch\u00e4digung des Herzens feststellte.<br \/>Mein Leben wurde pl\u00f6tzlich v\u00f6llig auf den Kopf gestellt, und ich war gezwungen, mich von einem vielbesch\u00e4ftigten Menschen, der immer in Bewegung war und viel Energie hatte, zu einem Menschen zu wandeln, der sich viel ausruht, weniger arbeitet und sein soziales Leben auf die lange Bank schiebt (ich hatte Angst, dadurch Freundschaften zu verlieren).  <\/p>\n<p>Selbst dann leugnete ich es unbewusst weiter und dachte, naiv wie ich war, dass alles wieder gut werden w\u00fcrde, man m\u00fcsse nur ab jetzt genug Wasser trinken, p\u00fcnktlich ins Bett gehen und schon ginge es weiter. Leider&#8230;. mich der Arzt abrupt aus diesem Traum heraus. \u201eEs wird nicht besser, Bea, Sie m\u00fcssen aufpassen, dass es nicht schlimmer wird\u201c. Alle Emotionen gingen in diesem Moment an mir vorbei &#8211; Angst, Traurigkeit, \u00dcberraschung, Verzweiflung, aber vor allem Wut, ich wollte unbedingt wissen, was die Ursache war, was hatte ich falsch gemacht, h\u00e4tte ich anders handeln sollen oder lag es an Corona? Warum war ich nicht fr\u00fcher zum Hausarzt gegangen? Nat\u00fcrlich bekam ich auf keine Frage eine Antwort und musste mich schlie\u00dflich damit abfinden, es akzeptieren und damit umgehen. Der \u00c4rger wich einer neuen Herausforderung: Ich versuchte, wieder mit dem Laufen anzufangen und hoffentlich wieder mehr Energie und Fitness zu erlangen.       <\/p>\n<p>Und dann kam der Slogan des Venloop Dream Teams: <strong>Ihre Hindernisse \u00fcberwinden!<br \/><\/strong>Ich habe lange gez\u00f6gert, sie zu schreiben, da es mir schwer fiel, mir selbst und der Au\u00dfenwelt einzugestehen, dass ich allein nicht erfolgreich sein w\u00fcrde. Nach ein paar Tagen erhielt ich einen Anruf von ihnen. Ja, ich bin im Dream Team\u201c.  <\/p>\n<p>Mit den anderen M\u00e4dchen im Team zu trainieren scheint zu funktionieren, denn die Struktur der Trainingseinheiten und die vielen Tipps sind toll. Drau\u00dfen zu trainieren ist wunderbar, auch wenn das Wetter bald dunkel und ungem\u00fctlich sein wird, das Gef\u00fchl, dass man lebt! Mit Hilfe unserer Super-Trainer Pascal und Guido und unserer Unterst\u00fctzerin Vivian hoffe ich, im Jahr 2025 zusammen mit den anderen Dream Team-Stars die 10 km-Ziellinie zu \u00fcberqueren.<br \/>Das w\u00fcrde sich f\u00fcr mich wie ein Neuanfang anf\u00fchlen, weil ich es geschafft habe, dieses Hindernis zu \u00fcberwinden.  <\/p>\n<p>Ich werde mein Bestes geben!<\/p>\n<p>Gr\u00fc\u00dfe,<\/p>\n<p>Bea<\/p>\n<\/div>\n\t\t\t\t<\/div>\n\t\t\t\t\t\t\t<div class=\"elementor-accordion-item\">\n\t\t\t\t\t<div id=\"elementor-tab-title-1762\" class=\"elementor-tab-title\" data-tab=\"2\" role=\"button\" aria-controls=\"elementor-tab-content-1762\" aria-expanded=\"false\">\n\t\t\t\t\t\t\t\t\t\t\t\t\t<span class=\"elementor-accordion-icon elementor-accordion-icon-left\" aria-hidden=\"true\">\n\t\t\t\t\t\t\t\t\t\t\t\t\t\t\t<span class=\"elementor-accordion-icon-closed\"><i class=\"fas fa-plus\"><\/i><\/span>\n\t\t\t\t\t\t\t\t<span class=\"elementor-accordion-icon-opened\"><i class=\"fas fa-minus\"><\/i><\/span>\n\t\t\t\t\t\t\t\t\t\t\t\t\t\t<\/span>\n\t\t\t\t\t\t\t\t\t\t\t\t<a class=\"elementor-accordion-title\" tabindex=\"0\">Blog 2 - ein L\u00e4cheln auf meinem Gesicht, ein Kribbeln im Bauch und Tr\u00e4nen in meinen Augen<\/a>\n\t\t\t\t\t<\/div>\n\t\t\t\t\t<div id=\"elementor-tab-content-1762\" class=\"elementor-tab-content elementor-clearfix\" data-tab=\"2\" role=\"region\" aria-labelledby=\"elementor-tab-title-1762\"><p>Das wunderbare Abenteuer ist leider vorbei &#8230; so kommen beim Schreiben meines letzten Blogs all die sch\u00f6nen Erinnerungen an die Oberfl\u00e4che und ich bekomme <strong>ein L\u00e4cheln im Gesicht, ein Kribbeln im Bauch und Tr\u00e4nen in den Augen.<\/strong><\/p>\n<p>Mein Abenteuer begann vor 30 Wochen, als ich den Venloop-Dreamteam-Slogan 2024: <strong>Ihre Hindernisse \u00fcberwinden!<\/strong> las.<br \/>Ich wollte unbedingt versuchen, die 10 km noch einmal zu laufen, nachdem ich krank geworden war und meinen \u00c4rger einigerma\u00dfen hinter mir gelassen hatte.<\/p>\n<p>Das Training mit meinen Dreamteam-Kollegen habe ich als <strong>besonders intensiv<\/strong> erlebt, da ich viele meiner pers\u00f6nlichen Emotionen mit ihnen geteilt habe.<br \/>Dies, weil ich nach einer Erkl\u00e4rung daf\u00fcr suchte, dass ich beim Laufen oft m\u00fcde im Kopf war und es deshalb nicht immer reibungslos lief. Zu oft rief ich Sas&#8216; Drei-Buchstaben-Wort &#8230; Nie, aber nie hatte ich das Gef\u00fchl, dass sie dies als Belastung empfanden, ganz im Gegenteil, <strong>sie waren nach jedem Training stolz auf mich und ich auf sie<\/strong>. <\/p>\n<p>Ich habe mein Ziel erreicht, zusammen mit meinen Laufkameraden Sas, Jolan, Simone, Tamara, Romy, Anouk, Jolanda und unseren Super-Trainern Pascal und Guido und Vivian, unserer fr\u00f6hlichen Koordinatorin und meiner St\u00fctze, die ich immer anrufen konnte, wenn es mir schlecht ging. <strong>Teamwork makes the dream work!<\/strong><\/p>\n<p>Wie froh bin ich, dass ich mich auf dieses Abenteuer eingelassen habe. Wie sehr ich diese Erinnerung nie vergessen werde. Wie froh ich bin, dass ich diese wunderbaren Menschen getroffen habe. Wie stolz ich auf mich und alle anderen bin. Und wie sehr ich alle vermissen werde!!!    <\/p>\n<p>Vielen Dank f\u00fcr dieses fantastische Abenteuer!<\/p>\n<p>Herzliche Gr\u00fc\u00dfe von Bea<\/p>\n<\/div>\n\t\t\t\t<\/div>\n\t\t\t\t\t\t\t\t<\/div>\n\t\t\t\t\t\t<\/div>\n\t\t\t\t<\/div>\n\t\t\t\t<div class=\"elementor-element elementor-element-8278930 elementor-widget__width-initial elementor-widget-mobile__width-initial elementor-widget elementor-widget-image\" data-id=\"8278930\" data-element_type=\"widget\" data-e-type=\"widget\" data-widget_type=\"image.default\">\n\t\t\t\t<div class=\"elementor-widget-container\">\n\t\t\t\t\t\t\t\t\t\t\t\t\t\t\t<img fetchpriority=\"high\" decoding=\"async\" width=\"298\" height=\"398\" src=\"https:\/\/venloop.nl\/wp-content\/uploads\/2024\/10\/Bea.jpg\" class=\"attachment-large size-large wp-image-95699\" alt=\"\" srcset=\"https:\/\/venloop.nl\/wp-content\/uploads\/2024\/10\/Bea.jpg 298w, https:\/\/venloop.nl\/wp-content\/uploads\/2024\/10\/Bea-225x300.jpg 225w\" sizes=\"(max-width: 298px) 100vw, 298px\" \/>\t\t\t\t\t\t\t\t\t\t\t\t\t\t\t<\/div>\n\t\t\t\t<\/div>\n\t\t\t\t<div class=\"elementor-element elementor-element-9f83750 elementor-widget__width-initial elementor-headline--style-highlight elementor-widget elementor-widget-animated-headline\" data-id=\"9f83750\" data-element_type=\"widget\" data-e-type=\"widget\" data-settings=\"{&quot;marker&quot;:&quot;curly&quot;,&quot;highlighted_text&quot;:&quot;Ja, ich geh\\u00f6re zum Dream Team!\\u201c&quot;,&quot;headline_style&quot;:&quot;highlight&quot;,&quot;loop&quot;:&quot;yes&quot;,&quot;highlight_animation_duration&quot;:1200,&quot;highlight_iteration_delay&quot;:8000}\" data-widget_type=\"animated-headline.default\">\n\t\t\t\t<div class=\"elementor-widget-container\">\n\t\t\t\t\t\t\t<h2 class=\"elementor-headline\">\n\t\t\t\t\t<span class=\"elementor-headline-plain-text elementor-headline-text-wrapper\">\u201eNach ein paar Tagen riefen sie mich an.<\/span>\n\t\t\t\t<span class=\"elementor-headline-dynamic-wrapper elementor-headline-text-wrapper\">\n\t\t\t\t\t<span class=\"elementor-headline-dynamic-text elementor-headline-text-active\">Ja, ich geh\u00f6re zum Dream Team!\u201c<\/span>\n\t\t\t\t<\/span>\n\t\t\t\t<\/h2>\n\t\t\t\t\t\t<\/div>\n\t\t\t\t<\/div>\n\t\t\t\t\t<\/div>\n\t\t<\/div>\n\t\t\t\t\t<\/div>\n\t\t<\/section>\n\t\t\t\t<\/div>\n\t\t","protected":false},"excerpt":{"rendered":"<p>Dreamteam &gt; Meet Bea Blog 1 &#8211; Ich m\u00f6chte Ihnen vorstellen Hallo! Mein Name ist Bea van Dijk. Ich bin 49 Jahre alt und komme urspr\u00fcnglich aus Uden, in Brabant.Jetzt lebe ich seit vielen Jahren in Venlo, zusammen mit Rob und unseren beiden Jungs Julian und Justin. Im Januar dieses Jahres habe ich auf Anraten [&hellip;]<\/p>\n","protected":false},"author":3,"featured_media":0,"parent":8308,"menu_order":0,"comment_status":"closed","ping_status":"closed","template":"","meta":{"footnotes":""},"class_list":["post-112398","page","type-page","status-publish","hentry"],"_links":{"self":[{"href":"https:\/\/venloop.nl\/de\/wp-json\/wp\/v2\/pages\/112398","targetHints":{"allow":["GET"]}}],"collection":[{"href":"https:\/\/venloop.nl\/de\/wp-json\/wp\/v2\/pages"}],"about":[{"href":"https:\/\/venloop.nl\/de\/wp-json\/wp\/v2\/types\/page"}],"author":[{"embeddable":true,"href":"https:\/\/venloop.nl\/de\/wp-json\/wp\/v2\/users\/3"}],"replies":[{"embeddable":true,"href":"https:\/\/venloop.nl\/de\/wp-json\/wp\/v2\/comments?post=112398"}],"version-history":[{"count":2,"href":"https:\/\/venloop.nl\/de\/wp-json\/wp\/v2\/pages\/112398\/revisions"}],"predecessor-version":[{"id":112400,"href":"https:\/\/venloop.nl\/de\/wp-json\/wp\/v2\/pages\/112398\/revisions\/112400"}],"up":[{"embeddable":true,"href":"https:\/\/venloop.nl\/de\/wp-json\/wp\/v2\/pages\/8308"}],"wp:attachment":[{"href":"https:\/\/venloop.nl\/de\/wp-json\/wp\/v2\/media?parent=112398"}],"curies":[{"name":"wp","href":"https:\/\/api.w.org\/{rel}","templated":true}]}}