{"id":112407,"date":"2025-05-06T17:21:53","date_gmt":"2025-05-06T15:21:53","guid":{"rendered":"https:\/\/venloop.nl\/laufen\/traumteam\/saskia\/"},"modified":"2025-05-06T17:21:55","modified_gmt":"2025-05-06T15:21:55","slug":"saskia","status":"publish","type":"page","link":"https:\/\/venloop.nl\/de\/laufen\/traumteam\/saskia\/","title":{"rendered":"Saskia"},"content":{"rendered":"\t\t<div data-elementor-type=\"wp-page\" data-elementor-id=\"112407\" class=\"elementor elementor-112407 elementor-95758\" data-elementor-post-type=\"page\">\n\t\t\t\t\t\t<section class=\"elementor-section elementor-top-section elementor-element elementor-element-151210d elementor-section-boxed elementor-section-height-default elementor-section-height-default\" data-id=\"151210d\" data-element_type=\"section\" data-e-type=\"section\" data-settings=\"{&quot;jet_parallax_layout_list&quot;:[]}\">\n\t\t\t\t\t\t<div class=\"elementor-container elementor-column-gap-default\">\n\t\t\t\t\t<div class=\"elementor-column elementor-col-100 elementor-top-column elementor-element elementor-element-2d0bfff\" data-id=\"2d0bfff\" data-element_type=\"column\" data-e-type=\"column\">\n\t\t\t<div class=\"elementor-widget-wrap elementor-element-populated\">\n\t\t\t\t\t\t<div class=\"elementor-element elementor-element-9c8a7b3 elementor-widget elementor-widget-heading\" data-id=\"9c8a7b3\" data-element_type=\"widget\" data-e-type=\"widget\" data-widget_type=\"heading.default\">\n\t\t\t\t<div class=\"elementor-widget-container\">\n\t\t\t\t\t<h2 class=\"elementor-heading-title elementor-size-default\"><a href=\"https:\/\/venloop.nl\/de\/laufen\/traumteam\/\">Dreamteam &gt;<\/a><\/h2>\t\t\t\t<\/div>\n\t\t\t\t<\/div>\n\t\t\t\t<div class=\"elementor-element elementor-element-e92e4da elementor-widget elementor-widget-heading\" data-id=\"e92e4da\" data-element_type=\"widget\" data-e-type=\"widget\" data-widget_type=\"heading.default\">\n\t\t\t\t<div class=\"elementor-widget-container\">\n\t\t\t\t\t<h2 class=\"elementor-heading-title elementor-size-default\">Meet Saskia<\/h2>\t\t\t\t<\/div>\n\t\t\t\t<\/div>\n\t\t\t\t<div class=\"elementor-element elementor-element-a855efb elementor-widget elementor-widget-accordion\" data-id=\"a855efb\" data-element_type=\"widget\" data-e-type=\"widget\" data-widget_type=\"accordion.default\">\n\t\t\t\t<div class=\"elementor-widget-container\">\n\t\t\t\t\t\t\t<div class=\"elementor-accordion\">\n\t\t\t\t\t\t\t<div class=\"elementor-accordion-item\">\n\t\t\t\t\t<div id=\"elementor-tab-title-1761\" class=\"elementor-tab-title\" data-tab=\"1\" role=\"button\" aria-controls=\"elementor-tab-content-1761\" aria-expanded=\"false\">\n\t\t\t\t\t\t\t\t\t\t\t\t\t<span class=\"elementor-accordion-icon elementor-accordion-icon-left\" aria-hidden=\"true\">\n\t\t\t\t\t\t\t\t\t\t\t\t\t\t\t<span class=\"elementor-accordion-icon-closed\"><i class=\"fas fa-plus\"><\/i><\/span>\n\t\t\t\t\t\t\t\t<span class=\"elementor-accordion-icon-opened\"><i class=\"fas fa-minus\"><\/i><\/span>\n\t\t\t\t\t\t\t\t\t\t\t\t\t\t<\/span>\n\t\t\t\t\t\t\t\t\t\t\t\t<a class=\"elementor-accordion-title\" tabindex=\"0\">Blog 1 - Ich m\u00f6chte Ihnen vorstellen<\/a>\n\t\t\t\t\t<\/div>\n\t\t\t\t\t<div id=\"elementor-tab-content-1761\" class=\"elementor-tab-content elementor-clearfix\" data-tab=\"1\" role=\"region\" aria-labelledby=\"elementor-tab-title-1761\"><p>Ich bin Saskia Loonen und ich bin manchmal impulsiv.<\/p>\n<p>Vor einiger Zeit sah ich einen Aufruf, sich einem speziellen Team (dem Dream Team) anzuschlie\u00dfen, um sich auf die 10 km beim Arrow Venloop am 30. M\u00e4rz 2025 vorzubereiten. Ich dachte, das sollte ich schaffen und es ist eine sch\u00f6ne Herausforderung, um zu sehen, wie weit ich gehen kann. <\/p>\n<p>Also meldete ich mich an, ohne dass jemand etwas davon wusste. Und ja, da war die E-Mail: Gl\u00fcckwunsch, du bist dieses Jahr dabei, um dich auf den 10-km-Lauf vorzubereiten, zusammen mit 7 weiteren in sechs Monaten. <\/p>\n<p>Ho hu was&#8230;&#8230;. Laufen? <\/p>\n<p>Wissen Sie, wer A sagt, sollte auch B sagen. Nein, ich h\u00e4tte es lieber nicht gesagt und Sie am Ende wissen lassen, was ich getan habe. Ich will kein \u201eKannst du, bist du sicher, kann dein K\u00f6rper das verkraften\u201c. Aber ich muss anfangen, einen Blog zu f\u00fchren, also gut, dann muss ich erz\u00e4hlen.   <\/p>\n<p>Ich finde es unheimlich spannend, aber die Trainer haben schon mit Menschen mit NAH gearbeitet. Leute, ich werde es versuchen und hoffe, dass ich am 30. M\u00e4rz die 10 km zusammen mit meinen Mitl\u00e4ufern und Trainern laufen kann. <\/p>\n<p>Das erste Training ist auch schon vorbei, wie aufregend das war. Es war sehr viel los im Sportpark, denn die Running Academy hat auch begonnen und wir wurden alle begr\u00fc\u00dft. <\/p>\n<p>Viele Reize f\u00fcr jemanden mit einer NHA (nicht akuten Hirnverletzung).<\/p>\n<p>Dann gingen wir mit unseren Trainern an einen ruhigen Ort auf dem Feld und bekamen erkl\u00e4rt, wie die Trainingseinheiten ablaufen. Und dann, JA dann war es Zeit f\u00fcr unsere allererste Trainingseinheit. Puh, das war hart. F\u00fcr alle, die denken, es ist doch nur Laufen, oder? Ha, das ist es nicht! Es geh\u00f6rt so viel mehr dazu. Wusstet ihr, dass ihr auch eure Fu\u00dfsohlen trainieren m\u00fcsst? Also ich auch nicht, hahaha.       <\/p>\n<p>Ich habe mich eine Zeit lang schwer getan, muss ich ganz ehrlich sagen, und eine Tr\u00e4ne war definitiv auch dabei. Was mache ich hier eigentlich und ich kann das gar nicht. Und dann kommen deine Trainer um die Ecke und reden mit dir dar\u00fcber. Das ist so sch\u00f6n!   <\/p>\n<p>Ich bin froh, diese erste Lektion mit den anderen Damen hinter mich gebracht zu haben, und freue mich auf die n\u00e4chste.<\/p>\n<p>Gr\u00fc\u00dfe,<\/p>\n<p>Saskia Loonen<\/p>\n<\/div>\n\t\t\t\t<\/div>\n\t\t\t\t\t\t\t<div class=\"elementor-accordion-item\">\n\t\t\t\t\t<div id=\"elementor-tab-title-1762\" class=\"elementor-tab-title\" data-tab=\"2\" role=\"button\" aria-controls=\"elementor-tab-content-1762\" aria-expanded=\"false\">\n\t\t\t\t\t\t\t\t\t\t\t\t\t<span class=\"elementor-accordion-icon elementor-accordion-icon-left\" aria-hidden=\"true\">\n\t\t\t\t\t\t\t\t\t\t\t\t\t\t\t<span class=\"elementor-accordion-icon-closed\"><i class=\"fas fa-plus\"><\/i><\/span>\n\t\t\t\t\t\t\t\t<span class=\"elementor-accordion-icon-opened\"><i class=\"fas fa-minus\"><\/i><\/span>\n\t\t\t\t\t\t\t\t\t\t\t\t\t\t<\/span>\n\t\t\t\t\t\t\t\t\t\t\t\t<a class=\"elementor-accordion-title\" tabindex=\"0\">Blog 2 - ren-besties<\/a>\n\t\t\t\t\t<\/div>\n\t\t\t\t\t<div id=\"elementor-tab-content-1762\" class=\"elementor-tab-content elementor-clearfix\" data-tab=\"2\" role=\"region\" aria-labelledby=\"elementor-tab-title-1762\"><p>Hallo zusammen,<\/p>\n<p>Hier bereits Blog 2.<\/p>\n<p>Was so sch\u00f6n begann, hat sich in einen gro\u00dfen Reinfall verwandelt. Nachdem ich Blog 1 geschrieben habe, hat sich viel ver\u00e4ndert. <\/p>\n<p>Mein Kn\u00f6chel hat angedeutet, dass er das Laufen nicht mag. Dann also Physio und modifiziertes Training und mit den Argusaugen meiner lieben Trainer Pascal und Guido im R\u00fccken. Sie achten darauf, dass ich meinen Kn\u00f6chel nicht zu sehr belaste. Denn ja, das Wort stur wurde nicht von einem Fremden erfunden.   <\/p>\n<p>Nach einer halben Samstags-Trainingseinheit mit starken Schmerzen in meinem Kn\u00f6chel und einem guten Weinen an Vivians Schulter, beschloss ich dennoch, weitere Tests durchf\u00fchren zu lassen. Es wurden Bilder gemacht und es ist eine alte Verletzung in meinem Kn\u00f6chel vorhanden, die mich jetzt umbringt. Weitere Untersuchungen werden in Mill folgen. Erz\u00e4hlt das mal euren <strong>Laufkumpels<\/strong>.   <\/p>\n<p>Zusammen mit Kay, meinem Mann, zum Training am Mittwoch. Wir hatten uns an diesem Tag etwas fr\u00fcher verabredet, damit das Training wie gewohnt weitergehen konnte. Dann musste ich ihnen sagen, dass ich vorerst nicht mitlaufen konnte und es nun auch ungewiss war, ob <strong>ich es mit der Mannschaft ins Ziel schaffen w\u00fcrde<\/strong>. Nun, letzteres wurde sofort verneint. Denn ich werde mit meiner Gruppe ins Ziel gehen, und sei es nur, um sie anzufeuern.    <\/p>\n<p>Jeder Einzelne aus dieser netten Gruppe hat mich ins Herz geschlossen und ich mache einfach weiter mit, wenn auch nur als Unterst\u00fctzer. Mittwochs gehe ich auch zum Training und schaue, was ich tun kann. <\/p>\n<p>OK, Pascal, lauf nicht weg.<\/p>\n<p>Okay Guido ich bin vorsichtig<\/p>\n<p>Okay Viv, ich bin deine zus\u00e4tzliche Hilfe<\/p>\n<p>Und okay, meine lieben Laufbr\u00fcder, ich werde alles tun, um euch \u00fcber die Linie zu bringen, und sei es nur mit meiner Stimme und Pompons. Danke f\u00fcr diese warme Decke. <\/p>\n<p><strong>Allen ein sportliches neues Jahr!<\/strong><\/p>\n<p>Sas<\/p>\n<\/div>\n\t\t\t\t<\/div>\n\t\t\t\t\t\t\t<div class=\"elementor-accordion-item\">\n\t\t\t\t\t<div id=\"elementor-tab-title-1763\" class=\"elementor-tab-title\" data-tab=\"3\" role=\"button\" aria-controls=\"elementor-tab-content-1763\" aria-expanded=\"false\">\n\t\t\t\t\t\t\t\t\t\t\t\t\t<span class=\"elementor-accordion-icon elementor-accordion-icon-left\" aria-hidden=\"true\">\n\t\t\t\t\t\t\t\t\t\t\t\t\t\t\t<span class=\"elementor-accordion-icon-closed\"><i class=\"fas fa-plus\"><\/i><\/span>\n\t\t\t\t\t\t\t\t<span class=\"elementor-accordion-icon-opened\"><i class=\"fas fa-minus\"><\/i><\/span>\n\t\t\t\t\t\t\t\t\t\t\t\t\t\t<\/span>\n\t\t\t\t\t\t\t\t\t\t\t\t<a class=\"elementor-accordion-title\" tabindex=\"0\">Blog 3 - TEAMWORK MACHT DEN TRAUM WAHR. <\/a>\n\t\t\t\t\t<\/div>\n\t\t\t\t\t<div id=\"elementor-tab-content-1763\" class=\"elementor-tab-content elementor-clearfix\" data-tab=\"3\" role=\"region\" aria-labelledby=\"elementor-tab-title-1763\"><p>30 Wochen Training bei buchst\u00e4blich jeder Witterung. Und vergessen Sie nicht das Eis und den Schnee. Tr\u00e4nen des Schmerzes, aber auch Tr\u00e4nen des Lachens. <strong>Wer h\u00e4tte gedacht, dass so viele Fremde zu solchen Bekannten werden w\u00fcrden?<\/strong>  <\/p>\n<p>Leider musste ich wegen einer Kn\u00f6chelverletzung, die, wie sich sp\u00e4ter herausstellte, ein alter Bruch war und daher Reizungen verursachte, das Laufen aufgeben. (Ja, das wusste ich). Ich sah schon meine ganze Herausforderung an mir vorbeiziehen.   <\/p>\n<p>Aber nein, sagten Vivian, Pascal und Guido, ihr habt f\u00fcr das Dream Team unterschrieben, also werdet ihr auch weiterhin f\u00fcr das Dream Team arbeiten. <\/p>\n<p>Viv sagte: \u201eWei\u00dft du, Sas, vielleicht kannst du 5 km laufen.\u201c Ich schaute sie mit einem schiefen Blick an und sagte: \u201eWenn meine Teamkollegen 10 km laufen, werde ich 10 km laufen, <strong>denn 10 km sind 10 km,<\/strong> richtig?\u201c Dann werde ich mit dir laufen, sagte Viv.<\/p>\n<p>Ich nahm treu am Mittwochabendtraining teil. Meine Mannschaftskameraden haben sich jedes Mal gefreut, wenn ich da war. Mittwochabend war Pascal der Trainer und ich durfte helfen und die Dinge tun, die funktionierten. Ja ja, ich bin Assistenzpfiff.    <\/p>\n<p>Die Samstage mit Guido musste ich leider ausfallen lassen, denn diese Trainings waren im Wald und das wollte er mit meinem Kn\u00f6chel und R\u00fccken nicht sein. Aber ich bin sicher dankbar, dass er trotz der vielen Kerzen, die er f\u00fcr uns angez\u00fcndet hat, die Kapelke nicht abgebrannt hat.  <\/p>\n<p>Ich habe zu Hause zweimal pro Woche mit Margriet und meinem Mann Kay viel Walking ge\u00fcbt. Und letzten Samstag war es dann soweit: 10 km Spaziergang mit Kay, Viv, Linda und mir.  <\/p>\n<p>Es war ein gro\u00dfer Spa\u00df und ein sch\u00f6ner Lauf. Und da standen pl\u00f6tzlich 2 Teammies am Rand; Bea und Anouk mit essbaren Uhren, denn nein keine Uhr beim Laufen oder Gehen muss man genie\u00dfen, laut Trainer Guido &#8230; also dann essen wir die Uhr. <\/p>\n<p>Habe ich schon erw\u00e4hnt, dass ich 10 km in meinen Flip-Flops gelaufen bin? Du glaubst es nicht? Fragt einfach Viv hahahaha.   <\/p>\n<p>Und dort im Ziel sah ich meine Mutter mit Tr\u00e4nen in den Augen stehen, so stolz war sie. Ich konnte kaum trocken bleiben. Aber dann standen dort alle meine Teamkollegen, und da kamen mir die Tr\u00e4nen. All die Monate, in denen wir Freud und Leid miteinander geteilt haben &#8230; <strong>eine warme Decke war im Ziel da.<\/strong>   <\/p>\n<p>Am Samstagabend hatten wir eine tolle Zeit mit dem Team bei der Pasta-Party und lauschten den tollen Kl\u00e4ngen der 2tone-Band. Meine anderen Teammitglieder bekamen ihre Startnummern und wir gingen fr\u00fch ins Bett, weil wir am n\u00e4chsten Tag laufen mussten.  <\/p>\n<p><strong>Sonntag Venloop-Tag<\/strong> &#8230; sogar ich war nerv\u00f6s. Heute bin ich Chef-Jacke und Chef-Sichersteller, damit Viv ihre langen Hosen anbeh\u00e4lt, bis sie startet. Alle Damen waren bereit und das Warm-up begann. Dann war es endlich soweit, der Startschuss f\u00fcr die 10 km war gefallen. Ich sprintete nach vorne und stellte mich neben den Ansager, denn dieses fantastische Team brauchte eine zus\u00e4tzliche Anfeuerung, und so geschah es dann auch; ich rappelte mich auf und lie\u00df den Ansager dem Dream Team viel Gl\u00fcck w\u00fcnschen. Und tats\u00e4chlich, zweimal mit Pompons und allem, wie ich es versprochen hatte.      <\/p>\n<p>Und alle haben es gemacht. Oh, wie stolz wir waren. Ich kann mir immer noch nicht vorstellen, dass das mit 30 Wochen m\u00f6glich ist.   <\/p>\n<p>Ich hoffe auch sehr, dass Leute, die Zweifel am Laufen haben, es einfach mal ausprobieren. <\/p>\n<p>Dies ist einfach ein Team, das Sie gl\u00fccklich macht.<\/p>\n<p><strong><em>TEAMWORK MACHT DEN TRAUM WAHR.<\/em><\/strong> <\/p>\n<p>Alles Liebe<\/p>\n<p> Sas Dreamteam 2025 <\/p>\n<\/div>\n\t\t\t\t<\/div>\n\t\t\t\t\t\t\t\t<\/div>\n\t\t\t\t\t\t<\/div>\n\t\t\t\t<\/div>\n\t\t\t\t<div class=\"elementor-element elementor-element-3031a28 elementor-widget__width-initial elementor-headline--style-highlight elementor-widget elementor-widget-animated-headline\" data-id=\"3031a28\" data-element_type=\"widget\" data-e-type=\"widget\" data-settings=\"{&quot;marker&quot;:&quot;curly&quot;,&quot;highlighted_text&quot;:&quot;die Ihnen dabei helfen.&quot;,&quot;headline_style&quot;:&quot;highlight&quot;,&quot;loop&quot;:&quot;yes&quot;,&quot;highlight_animation_duration&quot;:1200,&quot;highlight_iteration_delay&quot;:8000}\" data-widget_type=\"animated-headline.default\">\n\t\t\t\t<div class=\"elementor-widget-container\">\n\t\t\t\t\t\t\t<h2 class=\"elementor-headline\">\n\t\t\t\t\t<span class=\"elementor-headline-plain-text elementor-headline-text-wrapper\">\u201eUnd dann kommen deine Trainer um die Ecke <\/span>\n\t\t\t\t<span class=\"elementor-headline-dynamic-wrapper elementor-headline-text-wrapper\">\n\t\t\t\t\t<span class=\"elementor-headline-dynamic-text elementor-headline-text-active\">die Ihnen dabei helfen.<\/span>\n\t\t\t\t<\/span>\n\t\t\t\t\t<span class=\"elementor-headline-plain-text elementor-headline-text-wrapper\">\"<\/span>\n\t\t\t\t\t<\/h2>\n\t\t\t\t\t\t<\/div>\n\t\t\t\t<\/div>\n\t\t\t\t<div class=\"elementor-element elementor-element-e7eb884 elementor-widget__width-initial elementor-widget-mobile__width-initial elementor-widget elementor-widget-image\" data-id=\"e7eb884\" data-element_type=\"widget\" data-e-type=\"widget\" data-widget_type=\"image.default\">\n\t\t\t\t<div class=\"elementor-widget-container\">\n\t\t\t\t\t\t\t\t\t\t\t\t\t\t\t<img fetchpriority=\"high\" decoding=\"async\" width=\"800\" height=\"804\" src=\"https:\/\/venloop.nl\/wp-content\/uploads\/2024\/10\/Saskia.jpg\" class=\"attachment-large size-large wp-image-95687\" alt=\"\" srcset=\"https:\/\/venloop.nl\/wp-content\/uploads\/2024\/10\/Saskia.jpg 955w, https:\/\/venloop.nl\/wp-content\/uploads\/2024\/10\/Saskia-298x300.jpg 298w, https:\/\/venloop.nl\/wp-content\/uploads\/2024\/10\/Saskia-150x150.jpg 150w, https:\/\/venloop.nl\/wp-content\/uploads\/2024\/10\/Saskia-768x772.jpg 768w, https:\/\/venloop.nl\/wp-content\/uploads\/2024\/10\/Saskia-600x603.jpg 600w, https:\/\/venloop.nl\/wp-content\/uploads\/2024\/10\/Saskia-100x100.jpg 100w\" sizes=\"(max-width: 800px) 100vw, 800px\" \/>\t\t\t\t\t\t\t\t\t\t\t\t\t\t\t<\/div>\n\t\t\t\t<\/div>\n\t\t\t\t\t<\/div>\n\t\t<\/div>\n\t\t\t\t\t<\/div>\n\t\t<\/section>\n\t\t\t\t<\/div>\n\t\t","protected":false},"excerpt":{"rendered":"<p>Dreamteam &gt; Meet Saskia Blog 1 &#8211; Ich m\u00f6chte Ihnen vorstellen Ich bin Saskia Loonen und ich bin manchmal impulsiv. Vor einiger Zeit sah ich einen Aufruf, sich einem speziellen Team (dem Dream Team) anzuschlie\u00dfen, um sich auf die 10 km beim Arrow Venloop am 30. M\u00e4rz 2025 vorzubereiten. Ich dachte, das sollte ich schaffen [&hellip;]<\/p>\n","protected":false},"author":3,"featured_media":0,"parent":8308,"menu_order":0,"comment_status":"closed","ping_status":"closed","template":"","meta":{"footnotes":""},"class_list":["post-112407","page","type-page","status-publish","hentry"],"_links":{"self":[{"href":"https:\/\/venloop.nl\/de\/wp-json\/wp\/v2\/pages\/112407","targetHints":{"allow":["GET"]}}],"collection":[{"href":"https:\/\/venloop.nl\/de\/wp-json\/wp\/v2\/pages"}],"about":[{"href":"https:\/\/venloop.nl\/de\/wp-json\/wp\/v2\/types\/page"}],"author":[{"embeddable":true,"href":"https:\/\/venloop.nl\/de\/wp-json\/wp\/v2\/users\/3"}],"replies":[{"embeddable":true,"href":"https:\/\/venloop.nl\/de\/wp-json\/wp\/v2\/comments?post=112407"}],"version-history":[{"count":2,"href":"https:\/\/venloop.nl\/de\/wp-json\/wp\/v2\/pages\/112407\/revisions"}],"predecessor-version":[{"id":112409,"href":"https:\/\/venloop.nl\/de\/wp-json\/wp\/v2\/pages\/112407\/revisions\/112409"}],"up":[{"embeddable":true,"href":"https:\/\/venloop.nl\/de\/wp-json\/wp\/v2\/pages\/8308"}],"wp:attachment":[{"href":"https:\/\/venloop.nl\/de\/wp-json\/wp\/v2\/media?parent=112407"}],"curies":[{"name":"wp","href":"https:\/\/api.w.org\/{rel}","templated":true}]}}