{"id":112568,"date":"2025-05-09T12:21:49","date_gmt":"2025-05-09T10:21:49","guid":{"rendered":"https:\/\/venloop.nl\/laufen\/traumteam\/trainer-guido\/"},"modified":"2025-05-09T12:21:51","modified_gmt":"2025-05-09T10:21:51","slug":"trainer-guido","status":"publish","type":"page","link":"https:\/\/venloop.nl\/de\/laufen\/traumteam\/trainer-guido\/","title":{"rendered":"Trainer Guido"},"content":{"rendered":"\t\t<div data-elementor-type=\"wp-page\" data-elementor-id=\"112568\" class=\"elementor elementor-112568 elementor-111235\" data-elementor-post-type=\"page\">\n\t\t\t\t\t\t<section class=\"elementor-section elementor-top-section elementor-element elementor-element-151210d elementor-section-boxed elementor-section-height-default elementor-section-height-default\" data-id=\"151210d\" data-element_type=\"section\" data-e-type=\"section\" data-settings=\"{&quot;jet_parallax_layout_list&quot;:[]}\">\n\t\t\t\t\t\t<div class=\"elementor-container elementor-column-gap-default\">\n\t\t\t\t\t<div class=\"elementor-column elementor-col-100 elementor-top-column elementor-element elementor-element-2d0bfff\" data-id=\"2d0bfff\" data-element_type=\"column\" data-e-type=\"column\">\n\t\t\t<div class=\"elementor-widget-wrap elementor-element-populated\">\n\t\t\t\t\t\t<div class=\"elementor-element elementor-element-9c8a7b3 elementor-widget elementor-widget-heading\" data-id=\"9c8a7b3\" data-element_type=\"widget\" data-e-type=\"widget\" data-widget_type=\"heading.default\">\n\t\t\t\t<div class=\"elementor-widget-container\">\n\t\t\t\t\t<h2 class=\"elementor-heading-title elementor-size-default\"><a href=\"https:\/\/venloop.nl\/de\/laufen\/traumteam\/\">Dreamteam &gt;<\/a><\/h2>\t\t\t\t<\/div>\n\t\t\t\t<\/div>\n\t\t\t\t<div class=\"elementor-element elementor-element-e92e4da elementor-widget elementor-widget-heading\" data-id=\"e92e4da\" data-element_type=\"widget\" data-e-type=\"widget\" data-widget_type=\"heading.default\">\n\t\t\t\t<div class=\"elementor-widget-container\">\n\t\t\t\t\t<h2 class=\"elementor-heading-title elementor-size-default\">Meet trainer Guido<\/h2>\t\t\t\t<\/div>\n\t\t\t\t<\/div>\n\t\t\t\t<div class=\"elementor-element elementor-element-a855efb elementor-widget elementor-widget-accordion\" data-id=\"a855efb\" data-element_type=\"widget\" data-e-type=\"widget\" data-widget_type=\"accordion.default\">\n\t\t\t\t<div class=\"elementor-widget-container\">\n\t\t\t\t\t\t\t<div class=\"elementor-accordion\">\n\t\t\t\t\t\t\t<div class=\"elementor-accordion-item\">\n\t\t\t\t\t<div id=\"elementor-tab-title-1761\" class=\"elementor-tab-title\" data-tab=\"1\" role=\"button\" aria-controls=\"elementor-tab-content-1761\" aria-expanded=\"false\">\n\t\t\t\t\t\t\t\t\t\t\t\t\t<span class=\"elementor-accordion-icon elementor-accordion-icon-left\" aria-hidden=\"true\">\n\t\t\t\t\t\t\t\t\t\t\t\t\t\t\t<span class=\"elementor-accordion-icon-closed\"><i class=\"fas fa-plus\"><\/i><\/span>\n\t\t\t\t\t\t\t\t<span class=\"elementor-accordion-icon-opened\"><i class=\"fas fa-minus\"><\/i><\/span>\n\t\t\t\t\t\t\t\t\t\t\t\t\t\t<\/span>\n\t\t\t\t\t\t\t\t\t\t\t\t<a class=\"elementor-accordion-title\" tabindex=\"0\">Blog 1 - Ich m\u00f6chte Ihnen vorstellen<\/a>\n\t\t\t\t\t<\/div>\n\t\t\t\t\t<div id=\"elementor-tab-content-1761\" class=\"elementor-tab-content elementor-clearfix\" data-tab=\"1\" role=\"region\" aria-labelledby=\"elementor-tab-title-1761\"><p>Hallo<\/p>\n<p>Ich bin Guido Albers: 56 Jahre alt, verheiratet mit Anita und wir haben zwei Jungs, Jarno und Kylian.<\/p>\n<p>Ich habe 2006 zum Spa\u00df mit dem Laufen begonnen, um 2007 am 10 km Venloop teilzunehmen. <strong>Seit meinem ersten Venloop bin ich mit dem Laufvirus infiziert und konnte nicht mehr loslassen.<\/strong> Im Jahr 2012 begann ich mit dem Kurs Lauftrainer 2 und trainiere seit mehreren Jahren. Ein Unfall zwang mich dazu, das Laufen und das Training f\u00fcr einige Jahre auf Eis zu legen.  <\/p>\n<p>Im Jahr 2017 habe ich es geschafft, den Hebel umzulegen und als erstes wieder abzunehmen (30 kg). Angefangen habe ich mit viel Gehen und konnte von hier aus wieder mit dem Laufen beginnen. Seitdem bin ich mehrere Halb- und Vollmarathons gelaufen.  <\/p>\n<p>Im Jahr 2024 fragte mich Jarno, ob ich Interesse h\u00e4tte, f\u00fcr die Venloop Running Academy zu trainieren. Kurz vor dem Sommer 2024 wurde ich gefragt, ob ich Samstagmorgens f\u00fcr das<strong> Venloop Dream Team<\/strong> trainieren m\u00f6chte. Da musste ich nicht lange \u00fcberlegen und habe ziemlich schnell zugesagt. Ich bin froh, dass ich es getan habe. <strong>Es ist eine unglaublich lustige und motivierende Gruppe, mit der man trainieren kann.<\/strong> Es geht nicht nur um das Laufen, sondern auch darum, ein St\u00fcck Mentaltraining zu geben.    <\/p>\n<p>Es ist toll zu sehen, dass wir im September mit dem Laufen begonnen haben, und wenn ich jetzt sehe, was die Dream Team-L\u00e4ufer erreicht haben, denke ich, das ist erstaunlich, und ich hoffe, wir erreichen die Ziellinie der 10 km als Gruppe!<\/p>\n<p>Das Training am Samstagmorgen gibt mir so viel positive Energie, dass ich meine Entscheidung nicht bereue und hoffentlich noch einige Jahre so weitermachen kann.<\/p>\n<\/div>\n\t\t\t\t<\/div>\n\t\t\t\t\t\t\t\t<\/div>\n\t\t\t\t\t\t<\/div>\n\t\t\t\t<\/div>\n\t\t\t\t<div class=\"elementor-element elementor-element-3031a28 elementor-widget__width-initial elementor-headline--style-highlight elementor-widget elementor-widget-animated-headline\" data-id=\"3031a28\" data-element_type=\"widget\" data-e-type=\"widget\" data-settings=\"{&quot;marker&quot;:&quot;curly&quot;,&quot;highlighted_text&quot;:&quot;so viel positive Energie\\u201c&quot;,&quot;headline_style&quot;:&quot;highlight&quot;,&quot;loop&quot;:&quot;yes&quot;,&quot;highlight_animation_duration&quot;:1200,&quot;highlight_iteration_delay&quot;:8000}\" data-widget_type=\"animated-headline.default\">\n\t\t\t\t<div class=\"elementor-widget-container\">\n\t\t\t\t\t\t\t<h2 class=\"elementor-headline\">\n\t\t\t\t\t<span class=\"elementor-headline-plain-text elementor-headline-text-wrapper\">\u201eVom Training am Samstagmorgen bekomme ich<\/span>\n\t\t\t\t<span class=\"elementor-headline-dynamic-wrapper elementor-headline-text-wrapper\">\n\t\t\t\t\t<span class=\"elementor-headline-dynamic-text elementor-headline-text-active\">so viel positive Energie\u201c<\/span>\n\t\t\t\t<\/span>\n\t\t\t\t<\/h2>\n\t\t\t\t\t\t<\/div>\n\t\t\t\t<\/div>\n\t\t\t\t<div class=\"elementor-element elementor-element-5be0cb2 elementor-widget__width-initial elementor-widget-mobile__width-initial elementor-widget elementor-widget-image\" data-id=\"5be0cb2\" data-element_type=\"widget\" data-e-type=\"widget\" data-widget_type=\"image.default\">\n\t\t\t\t<div class=\"elementor-widget-container\">\n\t\t\t\t\t\t\t\t\t\t\t\t\t\t\t<img fetchpriority=\"high\" decoding=\"async\" width=\"741\" height=\"1024\" src=\"https:\/\/venloop.nl\/wp-content\/uploads\/2025\/04\/Trainer-Guido-1-741x1024.jpg\" class=\"attachment-large size-large wp-image-111231\" alt=\"\" srcset=\"https:\/\/venloop.nl\/wp-content\/uploads\/2025\/04\/Trainer-Guido-1-741x1024.jpg 741w, https:\/\/venloop.nl\/wp-content\/uploads\/2025\/04\/Trainer-Guido-1-217x300.jpg 217w, https:\/\/venloop.nl\/wp-content\/uploads\/2025\/04\/Trainer-Guido-1-768x1062.jpg 768w, https:\/\/venloop.nl\/wp-content\/uploads\/2025\/04\/Trainer-Guido-1-1111x1536.jpg 1111w, https:\/\/venloop.nl\/wp-content\/uploads\/2025\/04\/Trainer-Guido-1-1481x2048.jpg 1481w, https:\/\/venloop.nl\/wp-content\/uploads\/2025\/04\/Trainer-Guido-1-600x830.jpg 600w, https:\/\/venloop.nl\/wp-content\/uploads\/2025\/04\/Trainer-Guido-1.jpg 1667w\" sizes=\"(max-width: 741px) 100vw, 741px\" \/>\t\t\t\t\t\t\t\t\t\t\t\t\t\t\t<\/div>\n\t\t\t\t<\/div>\n\t\t\t\t\t<\/div>\n\t\t<\/div>\n\t\t\t\t\t<\/div>\n\t\t<\/section>\n\t\t\t\t<\/div>\n\t\t","protected":false},"excerpt":{"rendered":"<p>Dreamteam &gt; Meet trainer Guido Blog 1 &#8211; Ich m\u00f6chte Ihnen vorstellen Hallo Ich bin Guido Albers: 56 Jahre alt, verheiratet mit Anita und wir haben zwei Jungs, Jarno und Kylian. Ich habe 2006 zum Spa\u00df mit dem Laufen begonnen, um 2007 am 10 km Venloop teilzunehmen. Seit meinem ersten Venloop bin ich mit dem [&hellip;]<\/p>\n","protected":false},"author":3,"featured_media":0,"parent":8308,"menu_order":0,"comment_status":"closed","ping_status":"closed","template":"","meta":{"footnotes":""},"class_list":["post-112568","page","type-page","status-publish","hentry"],"_links":{"self":[{"href":"https:\/\/venloop.nl\/de\/wp-json\/wp\/v2\/pages\/112568","targetHints":{"allow":["GET"]}}],"collection":[{"href":"https:\/\/venloop.nl\/de\/wp-json\/wp\/v2\/pages"}],"about":[{"href":"https:\/\/venloop.nl\/de\/wp-json\/wp\/v2\/types\/page"}],"author":[{"embeddable":true,"href":"https:\/\/venloop.nl\/de\/wp-json\/wp\/v2\/users\/3"}],"replies":[{"embeddable":true,"href":"https:\/\/venloop.nl\/de\/wp-json\/wp\/v2\/comments?post=112568"}],"version-history":[{"count":2,"href":"https:\/\/venloop.nl\/de\/wp-json\/wp\/v2\/pages\/112568\/revisions"}],"predecessor-version":[{"id":112570,"href":"https:\/\/venloop.nl\/de\/wp-json\/wp\/v2\/pages\/112568\/revisions\/112570"}],"up":[{"embeddable":true,"href":"https:\/\/venloop.nl\/de\/wp-json\/wp\/v2\/pages\/8308"}],"wp:attachment":[{"href":"https:\/\/venloop.nl\/de\/wp-json\/wp\/v2\/media?parent=112568"}],"curies":[{"name":"wp","href":"https:\/\/api.w.org\/{rel}","templated":true}]}}