{"id":112584,"date":"2025-05-09T12:40:33","date_gmt":"2025-05-09T10:40:33","guid":{"rendered":"https:\/\/venloop.nl\/laufen\/traumteam\/trainer-pascal\/"},"modified":"2025-05-09T12:40:37","modified_gmt":"2025-05-09T10:40:37","slug":"trainer-pascal","status":"publish","type":"page","link":"https:\/\/venloop.nl\/de\/laufen\/traumteam\/trainer-pascal\/","title":{"rendered":"Trainer Pascal"},"content":{"rendered":"\t\t<div data-elementor-type=\"wp-page\" data-elementor-id=\"112584\" class=\"elementor elementor-112584 elementor-111244\" data-elementor-post-type=\"page\">\n\t\t\t\t\t\t<section class=\"elementor-section elementor-top-section elementor-element elementor-element-151210d elementor-section-boxed elementor-section-height-default elementor-section-height-default\" data-id=\"151210d\" data-element_type=\"section\" data-e-type=\"section\" data-settings=\"{&quot;jet_parallax_layout_list&quot;:[]}\">\n\t\t\t\t\t\t<div class=\"elementor-container elementor-column-gap-default\">\n\t\t\t\t\t<div class=\"elementor-column elementor-col-100 elementor-top-column elementor-element elementor-element-2d0bfff\" data-id=\"2d0bfff\" data-element_type=\"column\" data-e-type=\"column\">\n\t\t\t<div class=\"elementor-widget-wrap elementor-element-populated\">\n\t\t\t\t\t\t<div class=\"elementor-element elementor-element-9c8a7b3 elementor-widget elementor-widget-heading\" data-id=\"9c8a7b3\" data-element_type=\"widget\" data-e-type=\"widget\" data-widget_type=\"heading.default\">\n\t\t\t\t<div class=\"elementor-widget-container\">\n\t\t\t\t\t<h2 class=\"elementor-heading-title elementor-size-default\"><a href=\"https:\/\/venloop.nl\/de\/laufen\/traumteam\/\">Dreamteam &gt;<\/a><\/h2>\t\t\t\t<\/div>\n\t\t\t\t<\/div>\n\t\t\t\t<div class=\"elementor-element elementor-element-e92e4da elementor-widget elementor-widget-heading\" data-id=\"e92e4da\" data-element_type=\"widget\" data-e-type=\"widget\" data-widget_type=\"heading.default\">\n\t\t\t\t<div class=\"elementor-widget-container\">\n\t\t\t\t\t<h2 class=\"elementor-heading-title elementor-size-default\">Meet trainer Pascal<\/h2>\t\t\t\t<\/div>\n\t\t\t\t<\/div>\n\t\t\t\t<div class=\"elementor-element elementor-element-a855efb elementor-widget elementor-widget-accordion\" data-id=\"a855efb\" data-element_type=\"widget\" data-e-type=\"widget\" data-widget_type=\"accordion.default\">\n\t\t\t\t<div class=\"elementor-widget-container\">\n\t\t\t\t\t\t\t<div class=\"elementor-accordion\">\n\t\t\t\t\t\t\t<div class=\"elementor-accordion-item\">\n\t\t\t\t\t<div id=\"elementor-tab-title-1761\" class=\"elementor-tab-title\" data-tab=\"1\" role=\"button\" aria-controls=\"elementor-tab-content-1761\" aria-expanded=\"false\">\n\t\t\t\t\t\t\t\t\t\t\t\t\t<span class=\"elementor-accordion-icon elementor-accordion-icon-left\" aria-hidden=\"true\">\n\t\t\t\t\t\t\t\t\t\t\t\t\t\t\t<span class=\"elementor-accordion-icon-closed\"><i class=\"fas fa-plus\"><\/i><\/span>\n\t\t\t\t\t\t\t\t<span class=\"elementor-accordion-icon-opened\"><i class=\"fas fa-minus\"><\/i><\/span>\n\t\t\t\t\t\t\t\t\t\t\t\t\t\t<\/span>\n\t\t\t\t\t\t\t\t\t\t\t\t<a class=\"elementor-accordion-title\" tabindex=\"0\">Blog 1 - Beharrlichkeit und Widerstandsf\u00e4higkeit<\/a>\n\t\t\t\t\t<\/div>\n\t\t\t\t\t<div id=\"elementor-tab-content-1761\" class=\"elementor-tab-content elementor-clearfix\" data-tab=\"1\" role=\"region\" aria-labelledby=\"elementor-tab-title-1761\"><p><strong>Mein Abenteuer mit dem Venloop 2025 Dream Team<\/strong><\/p>\n<p>Als Leistungscoach helfe ich L\u00e4ufern, ihre Ziele zu erreichen. Normalerweise arbeite ich mit Leistungsl\u00e4ufern, aber das Dream Team des Venloop zu coachen, eine Gruppe von Teilnehmern, die schwierige Zeiten hinter sich haben, war eine besondere Herausforderung, die ich mit offenen Armen annahm. <\/p>\n<p><strong>Das Dream Team symbolisiert Beharrlichkeit und Widerstandsf\u00e4higkeit.<\/strong> Diese Teilnehmer zeigen, dass ungeachtet von R\u00fcckschl\u00e4gen immer ein Fortschritt m\u00f6glich ist. Der Laufsport bietet ihnen pers\u00f6nliches Wachstum, Stressabbau und ein starkes Gef\u00fchl der Zugeh\u00f6rigkeit. Mit einem gemeinsamen Ziel: 10 km beim Venloop am 30. M\u00e4rz zu laufen, haben wir uns gemeinsam auf dieses Abenteuer eingelassen.   <\/p>\n<p>Von der ersten Trainingseinheit an habe ich die Energie und die Willenskraft dieses Teams gesp\u00fcrt. <strong>Jede Teilnehmerin hatte ihre eigene Geschichte, aber sie hatten ein gemeinsames Ziel: fit zu werden und ihr Leben wieder in die Hand zu nehmen.<\/strong> Ich begann das Training mit einfachen Lauftechniken und steigerte mich langsam zu l\u00e4ngeren Strecken und h\u00f6herem Tempo. Jeder Schritt bedeutete einen Fortschritt, auch wenn er noch so klein war. Nat\u00fcrlich gab es Herausforderungen, Tage, an denen die Motivation schwer zu finden war. Aber indem wir uns gegenseitig unterst\u00fctzten und motivierten, hielten wir durch.   <\/p>\n<p>Die w\u00f6chentlichen Trainingseinheiten st\u00e4rkten den Zusammenhalt und das Selbstvertrauen. Der H\u00f6hepunkt bleibt nat\u00fcrlich der Venloop selbst: ein Tag voller Adrenalin, Unterst\u00fctzung durch Familie und Publikum und vor allem unglaubliche Leistungen f\u00fcr das Dream Team. Ich freue mich darauf, ihre stolzen Gesichter im Ziel zu sehen, es wird sicherlich einer der beeindruckendsten Momente meiner Karriere sein.  <\/p>\n<p>Mein Ziel war es, <strong>ein positives und sicheres Umfeld zu schaffen<\/strong>, das sich auf k\u00f6rperliches und geistiges Wachstum konzentriert, und zwar ohne Verletzungen. Das Dream Team hat bewiesen, <strong>dass Beharrlichkeit der Schl\u00fcssel zur Genesung und zum pers\u00f6nlichen Erfolg ist.<\/strong> Dieses Abenteuer hat mir gezeigt, wie stark der Laufsport das Leben ver\u00e4ndern kann.   <strong>Jeder hat das Zeug dazu, seine Tr\u00e4ume zu verwirklichen. Du auch! <\/strong><\/p>\n<\/div>\n\t\t\t\t<\/div>\n\t\t\t\t\t\t\t\t<\/div>\n\t\t\t\t\t\t<\/div>\n\t\t\t\t<\/div>\n\t\t\t\t<div class=\"elementor-element elementor-element-8278930 elementor-widget__width-initial elementor-widget-mobile__width-initial elementor-widget elementor-widget-image\" data-id=\"8278930\" data-element_type=\"widget\" data-e-type=\"widget\" data-widget_type=\"image.default\">\n\t\t\t\t<div class=\"elementor-widget-container\">\n\t\t\t\t\t\t\t\t\t\t\t\t\t\t\t<img fetchpriority=\"high\" decoding=\"async\" width=\"800\" height=\"533\" src=\"https:\/\/venloop.nl\/wp-content\/uploads\/2025\/04\/Trainer-Pascal-1024x682.jpg\" class=\"attachment-large size-large wp-image-111225\" alt=\"\" srcset=\"https:\/\/venloop.nl\/wp-content\/uploads\/2025\/04\/Trainer-Pascal-1024x682.jpg 1024w, https:\/\/venloop.nl\/wp-content\/uploads\/2025\/04\/Trainer-Pascal-300x200.jpg 300w, https:\/\/venloop.nl\/wp-content\/uploads\/2025\/04\/Trainer-Pascal-768x511.jpg 768w, https:\/\/venloop.nl\/wp-content\/uploads\/2025\/04\/Trainer-Pascal-1536x1023.jpg 1536w, https:\/\/venloop.nl\/wp-content\/uploads\/2025\/04\/Trainer-Pascal-2048x1364.jpg 2048w, https:\/\/venloop.nl\/wp-content\/uploads\/2025\/04\/Trainer-Pascal-600x400.jpg 600w\" sizes=\"(max-width: 800px) 100vw, 800px\" \/>\t\t\t\t\t\t\t\t\t\t\t\t\t\t\t<\/div>\n\t\t\t\t<\/div>\n\t\t\t\t<div class=\"elementor-element elementor-element-9f83750 elementor-widget__width-initial elementor-headline--style-highlight elementor-widget elementor-widget-animated-headline\" data-id=\"9f83750\" data-element_type=\"widget\" data-e-type=\"widget\" data-settings=\"{&quot;marker&quot;:&quot;curly&quot;,&quot;highlighted_text&quot;:&quot;Du auch!\\u201c&quot;,&quot;headline_style&quot;:&quot;highlight&quot;,&quot;loop&quot;:&quot;yes&quot;,&quot;highlight_animation_duration&quot;:1200,&quot;highlight_iteration_delay&quot;:8000}\" data-widget_type=\"animated-headline.default\">\n\t\t\t\t<div class=\"elementor-widget-container\">\n\t\t\t\t\t\t\t<h2 class=\"elementor-headline\">\n\t\t\t\t\t<span class=\"elementor-headline-plain-text elementor-headline-text-wrapper\">\u201eJeder hat das Zeug dazu, seine Tr\u00e4ume zu verwirklichen. <\/span>\n\t\t\t\t<span class=\"elementor-headline-dynamic-wrapper elementor-headline-text-wrapper\">\n\t\t\t\t\t<span class=\"elementor-headline-dynamic-text elementor-headline-text-active\">Du auch!\u201c<\/span>\n\t\t\t\t<\/span>\n\t\t\t\t<\/h2>\n\t\t\t\t\t\t<\/div>\n\t\t\t\t<\/div>\n\t\t\t\t\t<\/div>\n\t\t<\/div>\n\t\t\t\t\t<\/div>\n\t\t<\/section>\n\t\t\t\t<\/div>\n\t\t","protected":false},"excerpt":{"rendered":"<p>Dreamteam &gt; Meet trainer Pascal Blog 1 &#8211; Beharrlichkeit und Widerstandsf\u00e4higkeit Mein Abenteuer mit dem Venloop 2025 Dream Team Als Leistungscoach helfe ich L\u00e4ufern, ihre Ziele zu erreichen. Normalerweise arbeite ich mit Leistungsl\u00e4ufern, aber das Dream Team des Venloop zu coachen, eine Gruppe von Teilnehmern, die schwierige Zeiten hinter sich haben, war eine besondere Herausforderung, [&hellip;]<\/p>\n","protected":false},"author":3,"featured_media":0,"parent":8308,"menu_order":0,"comment_status":"closed","ping_status":"closed","template":"","meta":{"footnotes":""},"class_list":["post-112584","page","type-page","status-publish","hentry"],"_links":{"self":[{"href":"https:\/\/venloop.nl\/de\/wp-json\/wp\/v2\/pages\/112584","targetHints":{"allow":["GET"]}}],"collection":[{"href":"https:\/\/venloop.nl\/de\/wp-json\/wp\/v2\/pages"}],"about":[{"href":"https:\/\/venloop.nl\/de\/wp-json\/wp\/v2\/types\/page"}],"author":[{"embeddable":true,"href":"https:\/\/venloop.nl\/de\/wp-json\/wp\/v2\/users\/3"}],"replies":[{"embeddable":true,"href":"https:\/\/venloop.nl\/de\/wp-json\/wp\/v2\/comments?post=112584"}],"version-history":[{"count":2,"href":"https:\/\/venloop.nl\/de\/wp-json\/wp\/v2\/pages\/112584\/revisions"}],"predecessor-version":[{"id":112586,"href":"https:\/\/venloop.nl\/de\/wp-json\/wp\/v2\/pages\/112584\/revisions\/112586"}],"up":[{"embeddable":true,"href":"https:\/\/venloop.nl\/de\/wp-json\/wp\/v2\/pages\/8308"}],"wp:attachment":[{"href":"https:\/\/venloop.nl\/de\/wp-json\/wp\/v2\/media?parent=112584"}],"curies":[{"name":"wp","href":"https:\/\/api.w.org\/{rel}","templated":true}]}}