{"id":112643,"date":"2025-05-16T09:06:07","date_gmt":"2025-05-16T07:06:07","guid":{"rendered":"https:\/\/venloop.nl\/laufen\/traumteam\/jolan\/"},"modified":"2025-05-16T09:06:08","modified_gmt":"2025-05-16T07:06:08","slug":"jolan","status":"publish","type":"page","link":"https:\/\/venloop.nl\/de\/laufen\/traumteam\/jolan\/","title":{"rendered":"Jolan"},"content":{"rendered":"\t\t<div data-elementor-type=\"wp-page\" data-elementor-id=\"112643\" class=\"elementor elementor-112643 elementor-95738\" data-elementor-post-type=\"page\">\n\t\t\t\t\t\t<section class=\"elementor-section elementor-top-section elementor-element elementor-element-151210d elementor-section-boxed elementor-section-height-default elementor-section-height-default\" data-id=\"151210d\" data-element_type=\"section\" data-e-type=\"section\" data-settings=\"{&quot;jet_parallax_layout_list&quot;:[]}\">\n\t\t\t\t\t\t<div class=\"elementor-container elementor-column-gap-default\">\n\t\t\t\t\t<div class=\"elementor-column elementor-col-100 elementor-top-column elementor-element elementor-element-2d0bfff\" data-id=\"2d0bfff\" data-element_type=\"column\" data-e-type=\"column\">\n\t\t\t<div class=\"elementor-widget-wrap elementor-element-populated\">\n\t\t\t\t\t\t<div class=\"elementor-element elementor-element-9c8a7b3 elementor-widget elementor-widget-heading\" data-id=\"9c8a7b3\" data-element_type=\"widget\" data-e-type=\"widget\" data-widget_type=\"heading.default\">\n\t\t\t\t<div class=\"elementor-widget-container\">\n\t\t\t\t\t<h2 class=\"elementor-heading-title elementor-size-default\"><a href=\"https:\/\/venloop.nl\/de\/laufen\/traumteam\/\">Dreamteam &gt;<\/a><\/h2>\t\t\t\t<\/div>\n\t\t\t\t<\/div>\n\t\t\t\t<div class=\"elementor-element elementor-element-e92e4da elementor-widget elementor-widget-heading\" data-id=\"e92e4da\" data-element_type=\"widget\" data-e-type=\"widget\" data-widget_type=\"heading.default\">\n\t\t\t\t<div class=\"elementor-widget-container\">\n\t\t\t\t\t<h2 class=\"elementor-heading-title elementor-size-default\">Meet Jolan<\/h2>\t\t\t\t<\/div>\n\t\t\t\t<\/div>\n\t\t\t\t<div class=\"elementor-element elementor-element-a855efb elementor-widget elementor-widget-accordion\" data-id=\"a855efb\" data-element_type=\"widget\" data-e-type=\"widget\" data-widget_type=\"accordion.default\">\n\t\t\t\t<div class=\"elementor-widget-container\">\n\t\t\t\t\t\t\t<div class=\"elementor-accordion\">\n\t\t\t\t\t\t\t<div class=\"elementor-accordion-item\">\n\t\t\t\t\t<div id=\"elementor-tab-title-1761\" class=\"elementor-tab-title\" data-tab=\"1\" role=\"button\" aria-controls=\"elementor-tab-content-1761\" aria-expanded=\"false\">\n\t\t\t\t\t\t\t\t\t\t\t\t\t<span class=\"elementor-accordion-icon elementor-accordion-icon-left\" aria-hidden=\"true\">\n\t\t\t\t\t\t\t\t\t\t\t\t\t\t\t<span class=\"elementor-accordion-icon-closed\"><i class=\"fas fa-plus\"><\/i><\/span>\n\t\t\t\t\t\t\t\t<span class=\"elementor-accordion-icon-opened\"><i class=\"fas fa-minus\"><\/i><\/span>\n\t\t\t\t\t\t\t\t\t\t\t\t\t\t<\/span>\n\t\t\t\t\t\t\t\t\t\t\t\t<a class=\"elementor-accordion-title\" tabindex=\"0\">Blog 1 - Ich m\u00f6chte Ihnen vorstellen<\/a>\n\t\t\t\t\t<\/div>\n\t\t\t\t\t<div id=\"elementor-tab-content-1761\" class=\"elementor-tab-content elementor-clearfix\" data-tab=\"1\" role=\"region\" aria-labelledby=\"elementor-tab-title-1761\"><p>Hallo hallo,<\/p>\n<p>Ich hei\u00dfe Jolan Muisers, bin 52 Jahre alt und lebe mit meinem Mann Hans und unserem Border Collie Sep in Reuver. Unsere 3 Kinder studieren und kommen an den Wochenenden regelm\u00e4\u00dfig nach Hause. <\/p>\n<p>Im Jahr 2016 habe ich mit dem Laufen begonnen. Ich habe mehrere Male am Venloop (10 km) teilgenommen. Das Laufen wurde meine Leidenschaft. Am liebsten bin ich mit unserem Border Collie durch den Wald gelaufen. Das hatte immer etwas Magisches, besonders am fr\u00fchen Morgen.    <\/p>\n<p>Im September 2023 wurde bei mir Brustkrebs diagnostiziert. Zun\u00e4chst hie\u00df es, Operation und Bestrahlung. Ich dachte, vor Weihnachten werde ich fertig sein.  <\/p>\n<p>Leider kam es anders, und es wurden schwimmende Zellen in der Pf\u00f6rtnerdr\u00fcse gefunden. Damit einher ging eine 5-monatige Chemo-Kur. In dieser Zeit bin ich einige Male gelaufen. Aber irgendwann musste ich aufh\u00f6ren. Es war zu anstrengend.    <\/p>\n<p>Nach den Behandlungen nahm ich an einem 12-w\u00f6chigen Rehabilitationsprogramm teil. Der Rehabilitationsarzt erw\u00e4hnte die M\u00f6glichkeit, dem Dreamteam beizutreten. Zun\u00e4chst wollte ich versuchen, allein wieder mit dem Laufen anzufangen, aber ich merkte bald, dass das nicht klappte.   <\/p>\n<p>Das Dreamteam war ein Geschenk des Himmels. Ich konnte damit beginnen, meinen Traum vom 10-km-Lauf wieder zu verwirklichen (unter richtiger Anleitung). Es wird ziemlich schwierig sein, 3 Mal pro Woche zu trainieren und die Energie gut zu verteilen.   <\/p>\n<p>Aber ich freue mich unheimlich darauf! <\/p>\n<p>Gr\u00fc\u00dfe Jolan<\/p>\n<\/div>\n\t\t\t\t<\/div>\n\t\t\t\t\t\t\t<div class=\"elementor-accordion-item\">\n\t\t\t\t\t<div id=\"elementor-tab-title-1762\" class=\"elementor-tab-title\" data-tab=\"2\" role=\"button\" aria-controls=\"elementor-tab-content-1762\" aria-expanded=\"false\">\n\t\t\t\t\t\t\t\t\t\t\t\t\t<span class=\"elementor-accordion-icon elementor-accordion-icon-left\" aria-hidden=\"true\">\n\t\t\t\t\t\t\t\t\t\t\t\t\t\t\t<span class=\"elementor-accordion-icon-closed\"><i class=\"fas fa-plus\"><\/i><\/span>\n\t\t\t\t\t\t\t\t<span class=\"elementor-accordion-icon-opened\"><i class=\"fas fa-minus\"><\/i><\/span>\n\t\t\t\t\t\t\t\t\t\t\t\t\t\t<\/span>\n\t\t\t\t\t\t\t\t\t\t\t\t<a class=\"elementor-accordion-title\" tabindex=\"0\">Blog 2 - Teamwork macht das Dreamwork.<\/a>\n\t\t\t\t\t<\/div>\n\t\t\t\t\t<div id=\"elementor-tab-content-1762\" class=\"elementor-tab-content elementor-clearfix\" data-tab=\"2\" role=\"region\" aria-labelledby=\"elementor-tab-title-1762\"><p><strong>Teamwork macht das Dreamwork.<\/strong> Das ist der Slogan unseres Dream Teams 2024\/2025.<\/p>\n<p>Und was f\u00fcr ein tolles Team! Ich bin stolz, ein Mitglied dieses Teams zu sein. Wir unterst\u00fctzen und motivieren uns gegenseitig. Es ist nicht einfach, sich von 0 km auf 10 km hochzuarbeiten und das bei jedem Wetter.   <\/p>\n<p>Aber nat\u00fcrlich auch dank unserer super Trainer Pascal und Guido und unserer f\u00fcrsorglichen Koordinatorin Vivian. <strong>Gemeinsam werden wir es schaffen.<\/strong><\/p>\n<p>Und gelegentliche R\u00fcckschl\u00e4ge geh\u00f6ren dazu. <\/p>\n<p>Ich war in der Skihalle Skifahren gegangen (Anfang Dezember), um mich auf den Wintersport zu Weihnachten vorzubereiten. In der Skihalle habe ich mich am Knie verletzt. Dass ich nicht Ski fahren konnte, war nicht so schlimm, aber dass der Neujahrslauf (die 5 km) gef\u00e4hrdet war, war f\u00fcr mich viel schlimmer.  <\/p>\n<p>Der Physiotherapeut empfahl Ruhe, was sehr schwierig war. Man will unbedingt weitermachen und auch keinen R\u00fcckstau aufbauen.  <\/p>\n<p>Mit gutem Coaching und Geduld habe ich es trotzdem geschafft, das erste Ziel zu erreichen, n\u00e4mlich die 5 km beim Neujahrslauf in Boekend. <strong>Es war sch\u00f6n, dass wir das als Team gemacht haben.<\/strong> Im str\u00f6menden Regen \u00fcberquerten wir die Ziellinie, einer nach dem anderen, angefeuert von Sas, unserem Teammitglied, und vielen anderen. Wir freuten uns sehr f\u00fcreinander, dass sich das monatelange harte Training ausgezahlt hatte.  <strong>Und nun voller Enthusiasmus weiter auf die 10 km hinarbeiten. <\/strong><\/p>\n<p>Gr\u00fc\u00dfe Jolan<\/p>\n<\/div>\n\t\t\t\t<\/div>\n\t\t\t\t\t\t\t<div class=\"elementor-accordion-item\">\n\t\t\t\t\t<div id=\"elementor-tab-title-1763\" class=\"elementor-tab-title\" data-tab=\"3\" role=\"button\" aria-controls=\"elementor-tab-content-1763\" aria-expanded=\"false\">\n\t\t\t\t\t\t\t\t\t\t\t\t\t<span class=\"elementor-accordion-icon elementor-accordion-icon-left\" aria-hidden=\"true\">\n\t\t\t\t\t\t\t\t\t\t\t\t\t\t\t<span class=\"elementor-accordion-icon-closed\"><i class=\"fas fa-plus\"><\/i><\/span>\n\t\t\t\t\t\t\t\t<span class=\"elementor-accordion-icon-opened\"><i class=\"fas fa-minus\"><\/i><\/span>\n\t\t\t\t\t\t\t\t\t\t\t\t\t\t<\/span>\n\t\t\t\t\t\t\t\t\t\t\t\t<a class=\"elementor-accordion-title\" tabindex=\"0\">Blog 3 - ohne meine Teamkollegen h\u00e4tte ich es nicht geschafft<\/a>\n\t\t\t\t\t<\/div>\n\t\t\t\t\t<div id=\"elementor-tab-content-1763\" class=\"elementor-tab-content elementor-clearfix\" data-tab=\"3\" role=\"region\" aria-labelledby=\"elementor-tab-title-1763\"><p>Was f\u00fcr ein Abenteuer war es, dem Venloop Dream Team beizutreten! Als ich damit begann, konnte ich mir nicht vorstellen, dass ich am 30. M\u00e4rz tats\u00e4chlich 10 Kilometer laufen w\u00fcrde. <\/p>\n<p>Die Trainingseinheiten begannen mit Walken, und langsam steigerten wir uns zum Laufen. Unsere Trainer, Pascal und Guido, hatten einen abwechslungsreichen Trainingsplan vorbereitet. Am Mittwochabend gab Pascal uns ein anspruchsvolles Intervalltraining, wobei die Sprints anfangs besonders hart waren. Aber im Laufe der Wochen machten sie immer mehr Spa\u00df und es wurde immer besser.   <\/p>\n<p>Samstagmorgens war Guidos Ausdauertraining angesagt, durch den Wald oder von Br\u00fccke zu Br\u00fccke. Montags haben wir selbstst\u00e4ndig trainiert. Unsere Trainer und unsere tolle Koordinatorin Vivian haben uns regelrecht durchgeschleppt. Ganz von alleine ging es auch nicht. Gelegentlich hatten wir mit Unp\u00e4sslichkeiten zu k\u00e4mpfen.    <\/p>\n<p>Aber ohne meine Mannschaftskameraden h\u00e4tte ich es auch nicht geschafft. Wir haben viel gelacht, uns gegenseitig unterst\u00fctzt und manchmal auch eine Tr\u00e4ne vergossen. <\/p>\n<p>Es war wundervoll, Teil dieses tollen Teams mit all den supers\u00fc\u00dfen Kumpels zu sein. Ich m\u00f6chte mich bei allen f\u00fcr diese unvergessliche Zeit bedanken und werde sie wirklich vermissen. <\/p>\n<p>Gr\u00fc\u00dfe Jolan<\/p>\n<\/div>\n\t\t\t\t<\/div>\n\t\t\t\t\t\t\t\t<\/div>\n\t\t\t\t\t\t<\/div>\n\t\t\t\t<\/div>\n\t\t\t\t<div class=\"elementor-element elementor-element-9f83750 elementor-widget__width-initial elementor-headline--style-highlight elementor-widget elementor-widget-animated-headline\" data-id=\"9f83750\" data-element_type=\"widget\" data-e-type=\"widget\" data-settings=\"{&quot;marker&quot;:&quot;curly&quot;,&quot;highlighted_text&quot;:&quot;\\u201eMein Traum&quot;,&quot;headline_style&quot;:&quot;highlight&quot;,&quot;loop&quot;:&quot;yes&quot;,&quot;highlight_animation_duration&quot;:1200,&quot;highlight_iteration_delay&quot;:8000}\" data-widget_type=\"animated-headline.default\">\n\t\t\t\t<div class=\"elementor-widget-container\">\n\t\t\t\t\t\t\t<h2 class=\"elementor-headline\">\n\t\t\t\t\t<span class=\"elementor-headline-plain-text elementor-headline-text-wrapper\"> <\/span>\n\t\t\t\t<span class=\"elementor-headline-dynamic-wrapper elementor-headline-text-wrapper\">\n\t\t\t\t\t<span class=\"elementor-headline-dynamic-text elementor-headline-text-active\">\u201eMein Traum<\/span>\n\t\t\t\t<\/span>\n\t\t\t\t\t<span class=\"elementor-headline-plain-text elementor-headline-text-wrapper\">Wenn ich wieder die 10 km laufen k\u00f6nnte, w\u00fcrde ich anfangen zu realisieren.\u201c<\/span>\n\t\t\t\t\t<\/h2>\n\t\t\t\t\t\t<\/div>\n\t\t\t\t<\/div>\n\t\t\t\t<div class=\"elementor-element elementor-element-ed7d512 elementor-widget__width-initial elementor-widget-mobile__width-initial elementor-widget elementor-widget-image\" data-id=\"ed7d512\" data-element_type=\"widget\" data-e-type=\"widget\" data-widget_type=\"image.default\">\n\t\t\t\t<div class=\"elementor-widget-container\">\n\t\t\t\t\t\t\t\t\t\t\t\t\t\t\t<img fetchpriority=\"high\" decoding=\"async\" width=\"480\" height=\"640\" src=\"https:\/\/venloop.nl\/wp-content\/uploads\/2024\/10\/Jolan.jpg\" class=\"attachment-large size-large wp-image-95702\" alt=\"\" srcset=\"https:\/\/venloop.nl\/wp-content\/uploads\/2024\/10\/Jolan.jpg 480w, https:\/\/venloop.nl\/wp-content\/uploads\/2024\/10\/Jolan-225x300.jpg 225w\" sizes=\"(max-width: 480px) 100vw, 480px\" \/>\t\t\t\t\t\t\t\t\t\t\t\t\t\t\t<\/div>\n\t\t\t\t<\/div>\n\t\t\t\t\t<\/div>\n\t\t<\/div>\n\t\t\t\t\t<\/div>\n\t\t<\/section>\n\t\t\t\t<\/div>\n\t\t","protected":false},"excerpt":{"rendered":"<p>Dreamteam &gt; Meet Jolan Blog 1 &#8211; Ich m\u00f6chte Ihnen vorstellen Hallo hallo, Ich hei\u00dfe Jolan Muisers, bin 52 Jahre alt und lebe mit meinem Mann Hans und unserem Border Collie Sep in Reuver. Unsere 3 Kinder studieren und kommen an den Wochenenden regelm\u00e4\u00dfig nach Hause. Im Jahr 2016 habe ich mit dem Laufen begonnen. [&hellip;]<\/p>\n","protected":false},"author":3,"featured_media":0,"parent":8308,"menu_order":0,"comment_status":"closed","ping_status":"closed","template":"","meta":{"footnotes":""},"class_list":["post-112643","page","type-page","status-publish","hentry"],"_links":{"self":[{"href":"https:\/\/venloop.nl\/de\/wp-json\/wp\/v2\/pages\/112643","targetHints":{"allow":["GET"]}}],"collection":[{"href":"https:\/\/venloop.nl\/de\/wp-json\/wp\/v2\/pages"}],"about":[{"href":"https:\/\/venloop.nl\/de\/wp-json\/wp\/v2\/types\/page"}],"author":[{"embeddable":true,"href":"https:\/\/venloop.nl\/de\/wp-json\/wp\/v2\/users\/3"}],"replies":[{"embeddable":true,"href":"https:\/\/venloop.nl\/de\/wp-json\/wp\/v2\/comments?post=112643"}],"version-history":[{"count":2,"href":"https:\/\/venloop.nl\/de\/wp-json\/wp\/v2\/pages\/112643\/revisions"}],"predecessor-version":[{"id":112645,"href":"https:\/\/venloop.nl\/de\/wp-json\/wp\/v2\/pages\/112643\/revisions\/112645"}],"up":[{"embeddable":true,"href":"https:\/\/venloop.nl\/de\/wp-json\/wp\/v2\/pages\/8308"}],"wp:attachment":[{"href":"https:\/\/venloop.nl\/de\/wp-json\/wp\/v2\/media?parent=112643"}],"curies":[{"name":"wp","href":"https:\/\/api.w.org\/{rel}","templated":true}]}}