{"id":112647,"date":"2025-05-16T09:21:43","date_gmt":"2025-05-16T07:21:43","guid":{"rendered":"https:\/\/venloop.nl\/laufen\/traumteam\/jolanda\/"},"modified":"2025-05-16T10:23:30","modified_gmt":"2025-05-16T08:23:30","slug":"jolanda","status":"publish","type":"page","link":"https:\/\/venloop.nl\/de\/laufen\/traumteam\/jolanda\/","title":{"rendered":"Jolanda"},"content":{"rendered":"\t\t<div data-elementor-type=\"wp-page\" data-elementor-id=\"112647\" class=\"elementor elementor-112647 elementor-95744\" data-elementor-post-type=\"page\">\n\t\t\t\t\t\t<section class=\"elementor-section elementor-top-section elementor-element elementor-element-151210d elementor-section-boxed elementor-section-height-default elementor-section-height-default\" data-id=\"151210d\" data-element_type=\"section\" data-e-type=\"section\" data-settings=\"{&quot;jet_parallax_layout_list&quot;:[]}\">\n\t\t\t\t\t\t<div class=\"elementor-container elementor-column-gap-default\">\n\t\t\t\t\t<div class=\"elementor-column elementor-col-100 elementor-top-column elementor-element elementor-element-2d0bfff\" data-id=\"2d0bfff\" data-element_type=\"column\" data-e-type=\"column\">\n\t\t\t<div class=\"elementor-widget-wrap elementor-element-populated\">\n\t\t\t\t\t\t<div class=\"elementor-element elementor-element-9c8a7b3 elementor-widget elementor-widget-heading\" data-id=\"9c8a7b3\" data-element_type=\"widget\" data-e-type=\"widget\" data-widget_type=\"heading.default\">\n\t\t\t\t<div class=\"elementor-widget-container\">\n\t\t\t\t\t<h2 class=\"elementor-heading-title elementor-size-default\"><a href=\"https:\/\/venloop.nl\/de\/laufen\/traumteam\/\">Dreamteam &gt;<\/a><\/h2>\t\t\t\t<\/div>\n\t\t\t\t<\/div>\n\t\t\t\t<div class=\"elementor-element elementor-element-e92e4da elementor-widget elementor-widget-heading\" data-id=\"e92e4da\" data-element_type=\"widget\" data-e-type=\"widget\" data-widget_type=\"heading.default\">\n\t\t\t\t<div class=\"elementor-widget-container\">\n\t\t\t\t\t<h2 class=\"elementor-heading-title elementor-size-default\">Meet Jolanda<\/h2>\t\t\t\t<\/div>\n\t\t\t\t<\/div>\n\t\t\t\t<div class=\"elementor-element elementor-element-a855efb elementor-widget elementor-widget-accordion\" data-id=\"a855efb\" data-element_type=\"widget\" data-e-type=\"widget\" data-widget_type=\"accordion.default\">\n\t\t\t\t<div class=\"elementor-widget-container\">\n\t\t\t\t\t\t\t<div class=\"elementor-accordion\">\n\t\t\t\t\t\t\t<div class=\"elementor-accordion-item\">\n\t\t\t\t\t<div id=\"elementor-tab-title-1761\" class=\"elementor-tab-title\" data-tab=\"1\" role=\"button\" aria-controls=\"elementor-tab-content-1761\" aria-expanded=\"false\">\n\t\t\t\t\t\t\t\t\t\t\t\t\t<span class=\"elementor-accordion-icon elementor-accordion-icon-left\" aria-hidden=\"true\">\n\t\t\t\t\t\t\t\t\t\t\t\t\t\t\t<span class=\"elementor-accordion-icon-closed\"><i class=\"fas fa-plus\"><\/i><\/span>\n\t\t\t\t\t\t\t\t<span class=\"elementor-accordion-icon-opened\"><i class=\"fas fa-minus\"><\/i><\/span>\n\t\t\t\t\t\t\t\t\t\t\t\t\t\t<\/span>\n\t\t\t\t\t\t\t\t\t\t\t\t<a class=\"elementor-accordion-title\" tabindex=\"0\">Blog 1 - Ich m\u00f6chte Ihnen vorstellen<\/a>\n\t\t\t\t\t<\/div>\n\t\t\t\t\t<div id=\"elementor-tab-content-1761\" class=\"elementor-tab-content elementor-clearfix\" data-tab=\"1\" role=\"region\" aria-labelledby=\"elementor-tab-title-1761\"><p>30 Wochen, 3 Trainingseinheiten pro Woche und letzten Samstag (7. September 2024) fand das erste Training statt, und es hat Spa\u00df gemacht. 89 weitere Trainingseinheiten stehen noch aus, was f\u00fcr eine tolle Aussicht. <\/p>\n<p>Am 30. M\u00e4rz 2025 laufe ich die 10 km mit anderen Dream Team-Mitgliedern. Ich bin Jolanda Janssen, 60 Jahre alt und wohne in Venlo. Ich arbeite als Prozessbegleiterin bei Drive Vitality in Tegelen.  <\/p>\n<p>Ich habe in der Vergangenheit mehrmals versucht, die 10 km zu laufen, was mir letztendlich nur zweimal gelungen ist, und dann nicht einmal schmerzfrei. Alle anderen Versuche musste ich aufgrund von Verletzungen vorzeitig abbrechen. Und obwohl ich immer gerne gelaufen bin, habe ich aufgeh\u00f6rt. Laufen war leider nichts f\u00fcr mich.   <\/p>\n<p>Der \u201eTraum\u201c, beim Venloop noch die 10 km zu laufen, ging nie ganz weg, aber ich wusste, dass ich daf\u00fcr eine sehr gute Betreuung brauchte. Und obwohl ich vor kurzem alle meine Laufsachen losgeworden war, fand ich den Mut, mich f\u00fcr das Dream Team 2025 anzumelden. Und zu meiner \u00dcberraschung erhielt ich eine E-Mail, dass ich mitmachen konnte. Und zusammen mit meinen Teamkollegen, den beiden Trainern und unserer Koordinatorin sind wir alle dabei. Auf zum 30. M\u00e4rz 2025, auf zu den 10 km.<br \/>\u00dcbersetzt mit www.DeepL.com\/Translator (kostenlose Version)    <\/p>\n<\/div>\n\t\t\t\t<\/div>\n\t\t\t\t\t\t\t<div class=\"elementor-accordion-item\">\n\t\t\t\t\t<div id=\"elementor-tab-title-1762\" class=\"elementor-tab-title\" data-tab=\"2\" role=\"button\" aria-controls=\"elementor-tab-content-1762\" aria-expanded=\"false\">\n\t\t\t\t\t\t\t\t\t\t\t\t\t<span class=\"elementor-accordion-icon elementor-accordion-icon-left\" aria-hidden=\"true\">\n\t\t\t\t\t\t\t\t\t\t\t\t\t\t\t<span class=\"elementor-accordion-icon-closed\"><i class=\"fas fa-plus\"><\/i><\/span>\n\t\t\t\t\t\t\t\t<span class=\"elementor-accordion-icon-opened\"><i class=\"fas fa-minus\"><\/i><\/span>\n\t\t\t\t\t\t\t\t\t\t\t\t\t\t<\/span>\n\t\t\t\t\t\t\t\t\t\t\t\t<a class=\"elementor-accordion-title\" tabindex=\"0\">Blog 2 - Teamwork macht den Traum wahr<\/a>\n\t\t\t\t\t<\/div>\n\t\t\t\t\t<div id=\"elementor-tab-content-1762\" class=\"elementor-tab-content elementor-clearfix\" data-tab=\"2\" role=\"region\" aria-labelledby=\"elementor-tab-title-1762\"><p><strong>Teamwork macht den Traum wahr, unser Slogan.<\/strong><\/p>\n<p>Und das ist absolut richtig. Die Unterst\u00fctzung und Verbundenheit in unserem Team ist gro\u00dfartig und das schon in so kurzer Zeit. Und deshalb wei\u00df ich auch, dass wir es schaffen werden, zusammen mit den Ausbildern Pascal und Guido und unserer Koordinatorin Vivian.  <\/p>\n<p>Wir trainieren jetzt seit etwa 3 Monaten. Ist es schwer? Ja, manchmal schon, und dann kommen einem die Zweifel. Macht es Spa\u00df? Auf jeden Fall, und dann verschwinden die Zweifel wieder (meistens \ud83d\ude0a). Die ersten Behandlungen mit dem Physiotherapeuten haben auch schon stattgefunden. Das war ein bisschen neben der Spur, aber zum Gl\u00fcck durfte ich weiter trainieren. Und auch etwas Krafttraining machen.        <br \/>Derzeit gehe ich schmerzfrei und bin schon sehr zufrieden damit. Jetzt muss ich noch die Fitness aufbauen, aber<strong> das wird schon klappen<\/strong>. <\/p>\n<p>Eines meiner Ziele war es, beim Neujahrslauf am 5. Januar 2025 zumindest an den 5 km teilzunehmen. Das hat sich f\u00fcr mich wie eine Art &#8218;Test&#8216; angef\u00fchlt und ich finde es schon spannend. Die Teilnahme an einem &#8218;Rennen&#8216; f\u00fchlt sich anders an als das Training an Samstagen und Mittwochs. Wir haben im neuen Jahr noch etwa drei Monate Training vor uns. K\u00f6nnen wir wenigstens daf\u00fcr sorgen, dass die &#8218;Weihnachtskilos&#8216; nicht aus dem Ruder laufen\ud83d\ude0a.    <\/p>\n<p>Und so bewegen wir uns langsam aber sicher auf das schwarz eingekreiste Datum im Kalender 2025 zu!!!<\/p>\n<p>Jolanda<\/p>\n<\/div>\n\t\t\t\t<\/div>\n\t\t\t\t\t\t\t<div class=\"elementor-accordion-item\">\n\t\t\t\t\t<div id=\"elementor-tab-title-1763\" class=\"elementor-tab-title\" data-tab=\"3\" role=\"button\" aria-controls=\"elementor-tab-content-1763\" aria-expanded=\"false\">\n\t\t\t\t\t\t\t\t\t\t\t\t\t<span class=\"elementor-accordion-icon elementor-accordion-icon-left\" aria-hidden=\"true\">\n\t\t\t\t\t\t\t\t\t\t\t\t\t\t\t<span class=\"elementor-accordion-icon-closed\"><i class=\"fas fa-plus\"><\/i><\/span>\n\t\t\t\t\t\t\t\t<span class=\"elementor-accordion-icon-opened\"><i class=\"fas fa-minus\"><\/i><\/span>\n\t\t\t\t\t\t\t\t\t\t\t\t\t\t<\/span>\n\t\t\t\t\t\t\t\t\t\t\t\t<a class=\"elementor-accordion-title\" tabindex=\"0\">Blog 3 - es ist vorbei<\/a>\n\t\t\t\t\t<\/div>\n\t\t\t\t\t<div id=\"elementor-tab-content-1763\" class=\"elementor-tab-content elementor-clearfix\" data-tab=\"3\" role=\"region\" aria-labelledby=\"elementor-tab-title-1763\"><p>Er ist vorbei, der Weg zum Venloop 2025. Ein Weg mit den n\u00f6tigen H\u00f6hen und Tiefen. Aber mit dem gr\u00f6\u00dften Tiefpunkt hatte ich nicht gerechnet: In der letzten Trainingswoche habe ich mich am linken Knie verletzt. Die Diagnose des Physiotherapeuten: \u00dcberlastung und der Rat, keine 10 km zu laufen. Ich habe es geschafft, meine Dreamteam-Kollegen anzufeuern, und das habe ich mit vollem Einsatz getan.    <\/p>\n<p>Aber vor allem darf man den Weg zum 30. M\u00e4rz 2025 nicht vergessen. Alles begann mit dem ersten Training am 7. September 2024 mit acht \u201eunbekannten\u201c Mitl\u00e4ufern. Und nach sechs Monaten Training wurden wertvolle Freundschaften geschlossen. Und den E-Mails in der Woche nach dem Venloop nach zu urteilen, ist klar, dass sowohl die Trainingseinheiten als auch die Gesellschaft vermisst werden.   <\/p>\n<p>Alles in allem war es eine sehr sch\u00f6ne Erfahrung, die ich miterleben durfte, leider mit einem unerwarteten Ende f\u00fcr mich. Aber zu sehen, wie es den anderen Teammitgliedern w\u00e4hrend des Venloop-Wochenendes erging, sowohl beim Gehen als auch beim Laufen, war sehr sch\u00f6n und linderte den Schmerz ein wenig. <\/p>\n<p>Vielen Dank an unsere Trainer (und die brennenden Kerzen), unseren Koordinator und den Venloop, die dies m\u00f6glich gemacht haben. Ich werde das nie vergessen. <\/p>\n<\/div>\n\t\t\t\t<\/div>\n\t\t\t\t\t\t\t\t<\/div>\n\t\t\t\t\t\t<\/div>\n\t\t\t\t<\/div>\n\t\t\t\t<div class=\"elementor-element elementor-element-d31d118 elementor-widget__width-initial elementor-widget-mobile__width-initial elementor-widget elementor-widget-image\" data-id=\"d31d118\" data-element_type=\"widget\" data-e-type=\"widget\" data-widget_type=\"image.default\">\n\t\t\t\t<div class=\"elementor-widget-container\">\n\t\t\t\t\t\t\t\t\t\t\t\t\t\t\t<img fetchpriority=\"high\" decoding=\"async\" width=\"800\" height=\"534\" src=\"https:\/\/venloop.nl\/wp-content\/uploads\/2024\/10\/Jolanda-1024x683.jpg\" class=\"attachment-large size-large wp-image-95705\" alt=\"\" srcset=\"https:\/\/venloop.nl\/wp-content\/uploads\/2024\/10\/Jolanda-1024x683.jpg 1024w, https:\/\/venloop.nl\/wp-content\/uploads\/2024\/10\/Jolanda-300x200.jpg 300w, https:\/\/venloop.nl\/wp-content\/uploads\/2024\/10\/Jolanda-768x512.jpg 768w, https:\/\/venloop.nl\/wp-content\/uploads\/2024\/10\/Jolanda-1536x1024.jpg 1536w, https:\/\/venloop.nl\/wp-content\/uploads\/2024\/10\/Jolanda-2048x1365.jpg 2048w, https:\/\/venloop.nl\/wp-content\/uploads\/2024\/10\/Jolanda-600x400.jpg 600w\" sizes=\"(max-width: 800px) 100vw, 800px\" \/>\t\t\t\t\t\t\t\t\t\t\t\t\t\t\t<\/div>\n\t\t\t\t<\/div>\n\t\t\t\t<div class=\"elementor-element elementor-element-9f83750 elementor-widget__width-initial elementor-headline--style-highlight elementor-widget elementor-widget-animated-headline\" data-id=\"9f83750\" data-element_type=\"widget\" data-e-type=\"widget\" data-settings=\"{&quot;marker&quot;:&quot;curly&quot;,&quot;highlighted_text&quot;:&quot;zusammen&quot;,&quot;headline_style&quot;:&quot;highlight&quot;,&quot;loop&quot;:&quot;yes&quot;,&quot;highlight_animation_duration&quot;:1200,&quot;highlight_iteration_delay&quot;:8000}\" data-widget_type=\"animated-headline.default\">\n\t\t\t\t<div class=\"elementor-widget-container\">\n\t\t\t\t\t\t\t<h2 class=\"elementor-headline\">\n\t\t\t\t\t<span class=\"elementor-headline-plain-text elementor-headline-text-wrapper\"> \u201eUnd<\/span>\n\t\t\t\t<span class=\"elementor-headline-dynamic-wrapper elementor-headline-text-wrapper\">\n\t\t\t\t\t<span class=\"elementor-headline-dynamic-text elementor-headline-text-active\">zusammen<\/span>\n\t\t\t\t<\/span>\n\t\t\t\t\t<span class=\"elementor-headline-plain-text elementor-headline-text-wrapper\">Mit meinen Teamkollegen, den beiden Trainern und unserem Koordinator sind wir alle dabei.\u201c<\/span>\n\t\t\t\t\t<\/h2>\n\t\t\t\t\t\t<\/div>\n\t\t\t\t<\/div>\n\t\t\t\t\t<\/div>\n\t\t<\/div>\n\t\t\t\t\t<\/div>\n\t\t<\/section>\n\t\t\t\t<\/div>\n\t\t","protected":false},"excerpt":{"rendered":"<p>Dreamteam &gt; Meet Jolanda Blog 1 &#8211; Ich m\u00f6chte Ihnen vorstellen 30 Wochen, 3 Trainingseinheiten pro Woche und letzten Samstag (7. September 2024) fand das erste Training statt, und es hat Spa\u00df gemacht. 89 weitere Trainingseinheiten stehen noch aus, was f\u00fcr eine tolle Aussicht. Am 30. M\u00e4rz 2025 laufe ich die 10 km mit anderen [&hellip;]<\/p>\n","protected":false},"author":3,"featured_media":0,"parent":8308,"menu_order":0,"comment_status":"closed","ping_status":"closed","template":"","meta":{"footnotes":""},"class_list":["post-112647","page","type-page","status-publish","hentry"],"_links":{"self":[{"href":"https:\/\/venloop.nl\/de\/wp-json\/wp\/v2\/pages\/112647","targetHints":{"allow":["GET"]}}],"collection":[{"href":"https:\/\/venloop.nl\/de\/wp-json\/wp\/v2\/pages"}],"about":[{"href":"https:\/\/venloop.nl\/de\/wp-json\/wp\/v2\/types\/page"}],"author":[{"embeddable":true,"href":"https:\/\/venloop.nl\/de\/wp-json\/wp\/v2\/users\/3"}],"replies":[{"embeddable":true,"href":"https:\/\/venloop.nl\/de\/wp-json\/wp\/v2\/comments?post=112647"}],"version-history":[{"count":2,"href":"https:\/\/venloop.nl\/de\/wp-json\/wp\/v2\/pages\/112647\/revisions"}],"predecessor-version":[{"id":112649,"href":"https:\/\/venloop.nl\/de\/wp-json\/wp\/v2\/pages\/112647\/revisions\/112649"}],"up":[{"embeddable":true,"href":"https:\/\/venloop.nl\/de\/wp-json\/wp\/v2\/pages\/8308"}],"wp:attachment":[{"href":"https:\/\/venloop.nl\/de\/wp-json\/wp\/v2\/media?parent=112647"}],"curies":[{"name":"wp","href":"https:\/\/api.w.org\/{rel}","templated":true}]}}