{"id":112651,"date":"2025-05-16T09:43:53","date_gmt":"2025-05-16T07:43:53","guid":{"rendered":"https:\/\/venloop.nl\/laufen\/traumteam\/romy\/"},"modified":"2025-05-16T09:43:55","modified_gmt":"2025-05-16T07:43:55","slug":"romy","status":"publish","type":"page","link":"https:\/\/venloop.nl\/de\/laufen\/traumteam\/romy\/","title":{"rendered":"Romy"},"content":{"rendered":"\t\t<div data-elementor-type=\"wp-page\" data-elementor-id=\"112651\" class=\"elementor elementor-112651 elementor-95750\" data-elementor-post-type=\"page\">\n\t\t\t\t\t\t<section class=\"elementor-section elementor-top-section elementor-element elementor-element-151210d elementor-section-boxed elementor-section-height-default elementor-section-height-default\" data-id=\"151210d\" data-element_type=\"section\" data-e-type=\"section\" data-settings=\"{&quot;jet_parallax_layout_list&quot;:[]}\">\n\t\t\t\t\t\t<div class=\"elementor-container elementor-column-gap-default\">\n\t\t\t\t\t<div class=\"elementor-column elementor-col-100 elementor-top-column elementor-element elementor-element-2d0bfff\" data-id=\"2d0bfff\" data-element_type=\"column\" data-e-type=\"column\">\n\t\t\t<div class=\"elementor-widget-wrap elementor-element-populated\">\n\t\t\t\t\t\t<div class=\"elementor-element elementor-element-9c8a7b3 elementor-widget elementor-widget-heading\" data-id=\"9c8a7b3\" data-element_type=\"widget\" data-e-type=\"widget\" data-widget_type=\"heading.default\">\n\t\t\t\t<div class=\"elementor-widget-container\">\n\t\t\t\t\t<h2 class=\"elementor-heading-title elementor-size-default\"><a href=\"https:\/\/venloop.nl\/de\/laufen\/traumteam\/\">Dreamteam &gt;<\/a><\/h2>\t\t\t\t<\/div>\n\t\t\t\t<\/div>\n\t\t\t\t<div class=\"elementor-element elementor-element-e92e4da elementor-widget elementor-widget-heading\" data-id=\"e92e4da\" data-element_type=\"widget\" data-e-type=\"widget\" data-widget_type=\"heading.default\">\n\t\t\t\t<div class=\"elementor-widget-container\">\n\t\t\t\t\t<h2 class=\"elementor-heading-title elementor-size-default\">Meet Romy<\/h2>\t\t\t\t<\/div>\n\t\t\t\t<\/div>\n\t\t\t\t<div class=\"elementor-element elementor-element-a855efb elementor-widget elementor-widget-accordion\" data-id=\"a855efb\" data-element_type=\"widget\" data-e-type=\"widget\" data-widget_type=\"accordion.default\">\n\t\t\t\t<div class=\"elementor-widget-container\">\n\t\t\t\t\t\t\t<div class=\"elementor-accordion\">\n\t\t\t\t\t\t\t<div class=\"elementor-accordion-item\">\n\t\t\t\t\t<div id=\"elementor-tab-title-1761\" class=\"elementor-tab-title\" data-tab=\"1\" role=\"button\" aria-controls=\"elementor-tab-content-1761\" aria-expanded=\"false\">\n\t\t\t\t\t\t\t\t\t\t\t\t\t<span class=\"elementor-accordion-icon elementor-accordion-icon-left\" aria-hidden=\"true\">\n\t\t\t\t\t\t\t\t\t\t\t\t\t\t\t<span class=\"elementor-accordion-icon-closed\"><i class=\"fas fa-plus\"><\/i><\/span>\n\t\t\t\t\t\t\t\t<span class=\"elementor-accordion-icon-opened\"><i class=\"fas fa-minus\"><\/i><\/span>\n\t\t\t\t\t\t\t\t\t\t\t\t\t\t<\/span>\n\t\t\t\t\t\t\t\t\t\t\t\t<a class=\"elementor-accordion-title\" tabindex=\"0\">Blog 1 - Ich m\u00f6chte Ihnen vorstellen<\/a>\n\t\t\t\t\t<\/div>\n\t\t\t\t\t<div id=\"elementor-tab-content-1761\" class=\"elementor-tab-content elementor-clearfix\" data-tab=\"1\" role=\"region\" aria-labelledby=\"elementor-tab-title-1761\"><p>Ich bin Romy Hovens (Tochter von Tamara), 23 Jahre alt und wohne derzeit noch in Kessel. Vor kurzem habe ich mit meinem Freund ein sch\u00f6nes Haus in Helden gekauft! <\/p>\n<p>Laufen und Sport haben mir schon immer viel Spa\u00df gemacht, aber ich habe es nie geschafft, mir etwas aufzubauen.<\/p>\n<p>Als meine Periode einsetzte, wurde sie sofort von einer Menge Muskelkr\u00e4mpfen in meinem ganzen K\u00f6rper begleitet. Das verursachte starke Schmerzen, vor allem im R\u00fccken, Nacken und in den Schultern. <\/p>\n<p>Mit Hilfe vieler verschiedener Therapeuten konnte ich die Schmerzen zwar lindern, doch blieb dies jedes Mal nur vor\u00fcbergehend.<\/p>\n<p>Als meine Mutter mir vom Dreamteam erz\u00e4hlte, hatte ich sofort die Idee, dass ich mit dieser Hilfe vielleicht anfangen k\u00f6nnte, meine Muskeln richtig zu trainieren und sie st\u00e4rker zu machen. Mit dem Ergebnis, dass ich hoffentlich dauerhaft weniger Schmerzen habe! <\/p>\n<p>Ich freue mich sehr darauf, mit diesem kleinen Club auf gro\u00dfartige Ergebnisse f\u00fcr unsere K\u00f6rper hinzuarbeiten und gemeinsam die Ziellinie bei der Parade zu \u00fcberqueren!<\/p>\n<\/div>\n\t\t\t\t<\/div>\n\t\t\t\t\t\t\t<div class=\"elementor-accordion-item\">\n\t\t\t\t\t<div id=\"elementor-tab-title-1762\" class=\"elementor-tab-title\" data-tab=\"2\" role=\"button\" aria-controls=\"elementor-tab-content-1762\" aria-expanded=\"false\">\n\t\t\t\t\t\t\t\t\t\t\t\t\t<span class=\"elementor-accordion-icon elementor-accordion-icon-left\" aria-hidden=\"true\">\n\t\t\t\t\t\t\t\t\t\t\t\t\t\t\t<span class=\"elementor-accordion-icon-closed\"><i class=\"fas fa-plus\"><\/i><\/span>\n\t\t\t\t\t\t\t\t<span class=\"elementor-accordion-icon-opened\"><i class=\"fas fa-minus\"><\/i><\/span>\n\t\t\t\t\t\t\t\t\t\t\t\t\t\t<\/span>\n\t\t\t\t\t\t\t\t\t\t\t\t<a class=\"elementor-accordion-title\" tabindex=\"0\">Blog 2 - Wir sehen uns bei der Parade!<\/a>\n\t\t\t\t\t<\/div>\n\t\t\t\t\t<div id=\"elementor-tab-content-1762\" class=\"elementor-tab-content elementor-clearfix\" data-tab=\"2\" role=\"region\" aria-labelledby=\"elementor-tab-title-1762\"><p><em>21 Wochen sp\u00e4ter. Es ist ein gem\u00fctliches und eingespieltes Team entstanden!  <strong>Gemeinsam gehen wir Schritt f\u00fcr Schritt vorw\u00e4rts.<\/strong> Ganz zu schweigen davon, dass wir manchmal einen Schritt zur\u00fccktreten. Wir unterst\u00fctzen und motivieren uns gegenseitig in den schwierigen Momenten und ziehen uns gegenseitig durch die (manchmal sehr langen) Minuten des Laufens bei jeder Trainingseinheit. <\/em><\/p>\n<p><em>Auf halbem Weg zum Venloop machen die Trainingseinheiten also nach wie vor Spa\u00df. Auch wenn sich die Unterhaltungen etwas mehr in Richtung Trainingsende verlagert haben. Ich freue mich jede Woche auf die Fahrt nach Venlo und darauf, mit den anderen \u201eTeamies\u201c und Trainern eine Menge Spa\u00df zu haben! Es macht mich sehr ungl\u00fccklich, wenn ich eine Trainingseinheit wegen meiner Arbeit im Krankenhaus absagen muss. Auch wenn mich das Gruppengef\u00fchl motiviert, das Training selbst ein anderes Mal zu absolvieren!     <strong>Ohne diese Menschen um mich herum w\u00e4re ich niemals allein auf die Stra\u00dfe gegangen, um zu trainieren.<\/strong><\/em><\/p>\n<p><em>Leider gingen auch die ersten Behandlungen beim Therapeuten vorbei. Als wir anfingen, immer l\u00e4ngere Strecken zu laufen, wurden meine Wadenmuskeln immer angespannter und krampften. Zum Gl\u00fcck konnte ich w\u00e4hrend der Behandlungen weiter trainieren, wenn auch auf einem niedrigeren Niveau, und bin jetzt wieder praktisch schmerzfrei!  <\/em><\/p>\n<p><em><strong>Ich freue mich auf die letzten 3 Monate des Trainings und auf den Zieleinlauf bei der Parade!<\/strong> Denn das werden wir nur gemeinsam schaffen! Ich m\u00f6chte mich bei unseren Trainern Guido und Pascal f\u00fcr die tollen Trainingseinheiten bedanken! Nicht zuletzt m\u00f6chte ich auch Vivian f\u00fcr ihre Arbeit danken, die sich um uns k\u00fcmmert!   <\/em><\/p>\n<p><em>Wir sehen uns bei der Parade!<\/em><\/p>\n<p>Gr\u00fc\u00dfe!<\/p>\n<\/div>\n\t\t\t\t<\/div>\n\t\t\t\t\t\t\t<div class=\"elementor-accordion-item\">\n\t\t\t\t\t<div id=\"elementor-tab-title-1763\" class=\"elementor-tab-title\" data-tab=\"3\" role=\"button\" aria-controls=\"elementor-tab-content-1763\" aria-expanded=\"false\">\n\t\t\t\t\t\t\t\t\t\t\t\t\t<span class=\"elementor-accordion-icon elementor-accordion-icon-left\" aria-hidden=\"true\">\n\t\t\t\t\t\t\t\t\t\t\t\t\t\t\t<span class=\"elementor-accordion-icon-closed\"><i class=\"fas fa-plus\"><\/i><\/span>\n\t\t\t\t\t\t\t\t<span class=\"elementor-accordion-icon-opened\"><i class=\"fas fa-minus\"><\/i><\/span>\n\t\t\t\t\t\t\t\t\t\t\t\t\t\t<\/span>\n\t\t\t\t\t\t\t\t\t\t\t\t<a class=\"elementor-accordion-title\" tabindex=\"0\">Blog 3 - Jargon mit drei Buchstaben<\/a>\n\t\t\t\t\t<\/div>\n\t\t\t\t\t<div id=\"elementor-tab-content-1763\" class=\"elementor-tab-content elementor-clearfix\" data-tab=\"3\" role=\"region\" aria-labelledby=\"elementor-tab-title-1763\"><p>30 Wochen sind vorbei &#8230; 30 Wochen, in denen wir mit dem Laufen begonnen und schlie\u00dflich <strong>10 ganze Kilometer<\/strong> geschafft haben! Mit allen n\u00f6tigen Mitteln.<\/p>\n<p>Mit gesunder Spannung standen wir in der Startaufstellung. Einige wollten noch ein St\u00fcck nach vorne, w\u00e4hrend andere lieber einen Kilometer zur\u00fcck wollten. Da war er nun &#8230; der Startschuss &#8230; Irgendwie auch der Anfang vom Ende. Denn nach diesen 10 km endet auch das ganze Abenteuer.   <\/p>\n<p>Zum Gl\u00fcck war dieser Gedanke nur von kurzer Dauer und ich konnte mich schnell wieder auf das Rennen konzentrieren. \u201eNicht zu schnell starten\u201c, rief Pascal sofort. Die Strecke war eng, also war das eigentlich auch nicht m\u00f6glich. Das gefiel mir!   <\/p>\n<p>Nach den ersten 5 km gab es schon die erste Unterst\u00fctzung am Wegesrand. Ich f\u00fchlte mich immer noch sehr gut, als h\u00e4tte ich eigentlich noch gar nichts gemacht. Auf den folgenden Kilometern gab es viel mehr Unterst\u00fctzung am Stra\u00dfenrand. Jedes Mal, wenn ich meinen Namen h\u00f6rte, klang er weiter weg.   <\/p>\n<p>Bei km 6 begann mein Fu\u00df zu schlapp zu machen. So ein Mist! Anf\u00e4ngerfehler Nummer 1 &#8230; die Schuhe nicht richtig zubinden &#8230; Was soll ich tun, anhalten und sie wieder zubinden oder trotzdem weiterlaufen? Das war ein Moment, in dem ich mit drei Buchstaben sprach! Ich machte einfach weiter, denn abgesehen von diesem Fu\u00df f\u00fchlte ich mich noch sehr fit.    <\/p>\n<p>Der Fu\u00df ist erst im Ziel wieder aufgewacht, aber <strong>zum Gl\u00fcck hatte ich genug Kondition<\/strong>! Bei km 9 dachte ich also, dass es etwas schneller gehen k\u00f6nnte. Mit einem zus\u00e4tzlichen Tempo lief ich die Parade hinauf. Ich schaute mich um, um zu sehen, ob ich noch mehr Unterst\u00fctzung sehen konnte, aber leider habe ich sie verpasst. Die letzten 100m, die Ziellinie schon in Sicht! Und das war&#8217;s. Das Ende dieses Abenteuers&#8230;     <\/p>\n<p>Wie sehr ich dieses Abenteuer genossen habe! Von all den Trainingseinheiten, all den Reden von Viv, all der Hilfe, die wir von jedem im B\u00fcro bekommen haben, jedem Lachen und jeder Tr\u00e4ne, aber nat\u00fcrlich am wichtigsten, dem Zieleinlauf auf der Parade! <\/p>\n<p>Nat\u00fcrlich hat jeder schon oft genug den Drei-Buchstaben-Jargon \u00fcber sich ergehen lassen, aber gemeinsam haben wir jedes Mal ein breites Grinsen im Gesicht! Denn Teamwork macht den Traum wahr! <\/p>\n<\/div>\n\t\t\t\t<\/div>\n\t\t\t\t\t\t\t\t<\/div>\n\t\t\t\t\t\t<\/div>\n\t\t\t\t<\/div>\n\t\t\t\t<div class=\"elementor-element elementor-element-e2076c7 elementor-widget__width-initial elementor-widget-mobile__width-initial elementor-widget elementor-widget-image\" data-id=\"e2076c7\" data-element_type=\"widget\" data-e-type=\"widget\" data-widget_type=\"image.default\">\n\t\t\t\t<div class=\"elementor-widget-container\">\n\t\t\t\t\t\t\t\t\t\t\t\t\t\t\t<img decoding=\"async\" width=\"141\" height=\"250\" src=\"https:\/\/venloop.nl\/wp-content\/uploads\/2024\/10\/Romy.jpg\" class=\"attachment-large size-large wp-image-95684\" alt=\"\" \/>\t\t\t\t\t\t\t\t\t\t\t\t\t\t\t<\/div>\n\t\t\t\t<\/div>\n\t\t\t\t<div class=\"elementor-element elementor-element-3031a28 elementor-widget__width-initial elementor-headline--style-highlight elementor-widget elementor-widget-animated-headline\" data-id=\"3031a28\" data-element_type=\"widget\" data-e-type=\"widget\" data-settings=\"{&quot;marker&quot;:&quot;curly&quot;,&quot;highlighted_text&quot;:&quot;sch\\u00f6ne Ergebnisse\\u201c&quot;,&quot;headline_style&quot;:&quot;highlight&quot;,&quot;loop&quot;:&quot;yes&quot;,&quot;highlight_animation_duration&quot;:1200,&quot;highlight_iteration_delay&quot;:8000}\" data-widget_type=\"animated-headline.default\">\n\t\t\t\t<div class=\"elementor-widget-container\">\n\t\t\t\t\t\t\t<h2 class=\"elementor-headline\">\n\t\t\t\t\t<span class=\"elementor-headline-plain-text elementor-headline-text-wrapper\">\u201eIch freue mich sehr auf die Zusammenarbeit mit diesem kleinen Verein. <\/span>\n\t\t\t\t<span class=\"elementor-headline-dynamic-wrapper elementor-headline-text-wrapper\">\n\t\t\t\t\t<span class=\"elementor-headline-dynamic-text elementor-headline-text-active\">sch\u00f6ne Ergebnisse\u201c<\/span>\n\t\t\t\t<\/span>\n\t\t\t\t<\/h2>\n\t\t\t\t\t\t<\/div>\n\t\t\t\t<\/div>\n\t\t\t\t\t<\/div>\n\t\t<\/div>\n\t\t\t\t\t<\/div>\n\t\t<\/section>\n\t\t\t\t<\/div>\n\t\t","protected":false},"excerpt":{"rendered":"<p>Dreamteam &gt; Meet Romy Blog 1 &#8211; Ich m\u00f6chte Ihnen vorstellen Ich bin Romy Hovens (Tochter von Tamara), 23 Jahre alt und wohne derzeit noch in Kessel. Vor kurzem habe ich mit meinem Freund ein sch\u00f6nes Haus in Helden gekauft! Laufen und Sport haben mir schon immer viel Spa\u00df gemacht, aber ich habe es nie [&hellip;]<\/p>\n","protected":false},"author":3,"featured_media":0,"parent":8308,"menu_order":0,"comment_status":"closed","ping_status":"closed","template":"","meta":{"footnotes":""},"class_list":["post-112651","page","type-page","status-publish","hentry"],"_links":{"self":[{"href":"https:\/\/venloop.nl\/de\/wp-json\/wp\/v2\/pages\/112651","targetHints":{"allow":["GET"]}}],"collection":[{"href":"https:\/\/venloop.nl\/de\/wp-json\/wp\/v2\/pages"}],"about":[{"href":"https:\/\/venloop.nl\/de\/wp-json\/wp\/v2\/types\/page"}],"author":[{"embeddable":true,"href":"https:\/\/venloop.nl\/de\/wp-json\/wp\/v2\/users\/3"}],"replies":[{"embeddable":true,"href":"https:\/\/venloop.nl\/de\/wp-json\/wp\/v2\/comments?post=112651"}],"version-history":[{"count":2,"href":"https:\/\/venloop.nl\/de\/wp-json\/wp\/v2\/pages\/112651\/revisions"}],"predecessor-version":[{"id":112653,"href":"https:\/\/venloop.nl\/de\/wp-json\/wp\/v2\/pages\/112651\/revisions\/112653"}],"up":[{"embeddable":true,"href":"https:\/\/venloop.nl\/de\/wp-json\/wp\/v2\/pages\/8308"}],"wp:attachment":[{"href":"https:\/\/venloop.nl\/de\/wp-json\/wp\/v2\/media?parent=112651"}],"curies":[{"name":"wp","href":"https:\/\/api.w.org\/{rel}","templated":true}]}}