{"id":112655,"date":"2025-05-16T09:48:25","date_gmt":"2025-05-16T07:48:25","guid":{"rendered":"https:\/\/venloop.nl\/laufen\/traumteam\/simone\/"},"modified":"2025-05-16T09:48:26","modified_gmt":"2025-05-16T07:48:26","slug":"simone","status":"publish","type":"page","link":"https:\/\/venloop.nl\/de\/laufen\/traumteam\/simone\/","title":{"rendered":"Simone"},"content":{"rendered":"\t\t<div data-elementor-type=\"wp-page\" data-elementor-id=\"112655\" class=\"elementor elementor-112655 elementor-95764\" data-elementor-post-type=\"page\">\n\t\t\t\t\t\t<section class=\"elementor-section elementor-top-section elementor-element elementor-element-151210d elementor-section-boxed elementor-section-height-default elementor-section-height-default\" data-id=\"151210d\" data-element_type=\"section\" data-e-type=\"section\" data-settings=\"{&quot;jet_parallax_layout_list&quot;:[]}\">\n\t\t\t\t\t\t<div class=\"elementor-container elementor-column-gap-default\">\n\t\t\t\t\t<div class=\"elementor-column elementor-col-100 elementor-top-column elementor-element elementor-element-2d0bfff\" data-id=\"2d0bfff\" data-element_type=\"column\" data-e-type=\"column\">\n\t\t\t<div class=\"elementor-widget-wrap elementor-element-populated\">\n\t\t\t\t\t\t<div class=\"elementor-element elementor-element-9c8a7b3 elementor-widget elementor-widget-heading\" data-id=\"9c8a7b3\" data-element_type=\"widget\" data-e-type=\"widget\" data-widget_type=\"heading.default\">\n\t\t\t\t<div class=\"elementor-widget-container\">\n\t\t\t\t\t<h2 class=\"elementor-heading-title elementor-size-default\"><a href=\"https:\/\/venloop.nl\/de\/laufen\/traumteam\/\">Dreamteam &gt;<\/a><\/h2>\t\t\t\t<\/div>\n\t\t\t\t<\/div>\n\t\t\t\t<div class=\"elementor-element elementor-element-e92e4da elementor-widget elementor-widget-heading\" data-id=\"e92e4da\" data-element_type=\"widget\" data-e-type=\"widget\" data-widget_type=\"heading.default\">\n\t\t\t\t<div class=\"elementor-widget-container\">\n\t\t\t\t\t<h2 class=\"elementor-heading-title elementor-size-default\">Meet Simone<\/h2>\t\t\t\t<\/div>\n\t\t\t\t<\/div>\n\t\t\t\t<div class=\"elementor-element elementor-element-a855efb elementor-widget elementor-widget-accordion\" data-id=\"a855efb\" data-element_type=\"widget\" data-e-type=\"widget\" data-widget_type=\"accordion.default\">\n\t\t\t\t<div class=\"elementor-widget-container\">\n\t\t\t\t\t\t\t<div class=\"elementor-accordion\">\n\t\t\t\t\t\t\t<div class=\"elementor-accordion-item\">\n\t\t\t\t\t<div id=\"elementor-tab-title-1761\" class=\"elementor-tab-title\" data-tab=\"1\" role=\"button\" aria-controls=\"elementor-tab-content-1761\" aria-expanded=\"false\">\n\t\t\t\t\t\t\t\t\t\t\t\t\t<span class=\"elementor-accordion-icon elementor-accordion-icon-left\" aria-hidden=\"true\">\n\t\t\t\t\t\t\t\t\t\t\t\t\t\t\t<span class=\"elementor-accordion-icon-closed\"><i class=\"fas fa-plus\"><\/i><\/span>\n\t\t\t\t\t\t\t\t<span class=\"elementor-accordion-icon-opened\"><i class=\"fas fa-minus\"><\/i><\/span>\n\t\t\t\t\t\t\t\t\t\t\t\t\t\t<\/span>\n\t\t\t\t\t\t\t\t\t\t\t\t<a class=\"elementor-accordion-title\" tabindex=\"0\">Blog 1 - Ich m\u00f6chte Ihnen vorstellen<\/a>\n\t\t\t\t\t<\/div>\n\t\t\t\t\t<div id=\"elementor-tab-content-1761\" class=\"elementor-tab-content elementor-clearfix\" data-tab=\"1\" role=\"region\" aria-labelledby=\"elementor-tab-title-1761\"><p>Hallo,<\/p>\n<p>Ich bin Simone, 42 Jahre alt und verheiratet mit Ruud. Gemeinsam haben wir drei S\u00f6hne Wout, Juul und Stijn. Wir wohnen im gem\u00fctlichen Baarlo. Meine Hobbys sind lesen, backen, h\u00e4keln und schwimmen.   <\/p>\n<p>Vor etwa f\u00fcnf Jahren begann meine Achterbahnfahrt, nachdem mir mitgeteilt wurde, dass ich Tr\u00e4ger des Brca-2-Gens bin. Ich beschloss, mich pr\u00e4ventiv operieren zu lassen, und unterzog mich zun\u00e4chst einem Magenbypass. Der Grund daf\u00fcr war, dass ich mein ganzes Leben lang \u00fcbergewichtig gewesen war und es nicht geschafft hatte, mein Gewicht dauerhaft zu reduzieren.  <\/p>\n<p>Nach dieser Operation hatte ich meine Dieplap-Operation. Eine schwierige Operation, aber zum Gl\u00fcck ist alles gut gegangen. Zu guter Letzt bekam ich auch noch \u201eneue\u201c Brustwarzen. Danach ging leider alles schief &#8230; Eine Brustwarze starb ab und danach bekam ich eine Entz\u00fcndung nach der anderen. Das Endergebnis war, dass meine beiden neuen Br\u00fcste entfernt werden mussten.<\/p>\n<p>Meine letzte Operation war am Freitag vor dem Venloop 2024. Mein Mann nahm an dem Halbmarathon teil. Leider konnte ich nicht dabei sein, aber ich habe ihn vom Bett aus verfolgt. Als ich so im Bett lag und ihm zusah, dachte ich, wie cool es w\u00e4re, wenn ich n\u00e4chstes Jahr mitmachen k\u00f6nnte. keinen Halbmarathon, sondern, sagen wir, 10 km! Ohne Br\u00fcste, aber gesund! Das w\u00e4re ein supersch\u00f6nes Ende f\u00fcr diese Achterbahnfahrt &#8230; und schon war die Idee geboren!<\/p>\n<p>Ich habe vom Dream Team geh\u00f6rt und dachte, das w\u00e4re eine supercoole Herausforderung!!! Wir hatten unser erstes Treffen, und auch das erste Training! Es hat von Anfang an viel Spa\u00df gemacht! Gemeinsam werden wir uns dieser Herausforderung stellen! Ich freue mich schon sehr darauf!    <\/p>\n<\/div>\n\t\t\t\t<\/div>\n\t\t\t\t\t\t\t<div class=\"elementor-accordion-item\">\n\t\t\t\t\t<div id=\"elementor-tab-title-1762\" class=\"elementor-tab-title\" data-tab=\"2\" role=\"button\" aria-controls=\"elementor-tab-content-1762\" aria-expanded=\"false\">\n\t\t\t\t\t\t\t\t\t\t\t\t\t<span class=\"elementor-accordion-icon elementor-accordion-icon-left\" aria-hidden=\"true\">\n\t\t\t\t\t\t\t\t\t\t\t\t\t\t\t<span class=\"elementor-accordion-icon-closed\"><i class=\"fas fa-plus\"><\/i><\/span>\n\t\t\t\t\t\t\t\t<span class=\"elementor-accordion-icon-opened\"><i class=\"fas fa-minus\"><\/i><\/span>\n\t\t\t\t\t\t\t\t\t\t\t\t\t\t<\/span>\n\t\t\t\t\t\t\t\t\t\t\t\t<a class=\"elementor-accordion-title\" tabindex=\"0\">Blog 2 - Unglaublich unterst\u00fctzt<\/a>\n\t\t\t\t\t<\/div>\n\t\t\t\t\t<div id=\"elementor-tab-content-1762\" class=\"elementor-tab-content elementor-clearfix\" data-tab=\"2\" role=\"region\" aria-labelledby=\"elementor-tab-title-1762\"><p><img fetchpriority=\"high\" decoding=\"async\" class=\"alignright wp-image-103247 size-medium\" src=\"https:\/\/venloop.nl\/wp-content\/uploads\/2025\/02\/Afbeelding_Simone-245x300.png\" alt=\"\" width=\"245\" height=\"300\" srcset=\"https:\/\/venloop.nl\/wp-content\/uploads\/2025\/02\/Afbeelding_Simone-245x300.png 245w, https:\/\/venloop.nl\/wp-content\/uploads\/2025\/02\/Afbeelding_Simone.png 372w\" sizes=\"(max-width: 245px) 100vw, 245px\" \/>Nach etwa einem Monat Training, wir waren noch am Laufen und w\u00fcrden beim n\u00e4chsten Training mit dem Laufen beginnen, wurde ich leider wieder krank. Und auch dieses Mal gut&#8230; Nach einer Woche im Krankenhaus durfte ich wieder nach Hause, um meine Genesung fortzusetzen.  <\/p>\n<p><strong>Wie unglaublich unterst\u00fctzt wurde ich<\/strong> von meinen lieben Dreamteam-Kollegen. Beim Training habe ich vom Krankenhausfenster aus gewunken, wir haben uns viel und oft angeh\u00e4ngt und ich war mit Pascal in regelm\u00e4\u00dfigem Kontakt, um zu besprechen, wie wir das Ganze angehen wollen. <strong>Schlie\u00dflich will ich im M\u00e4rz wirklich die Ziellinie \u00fcberqueren<\/strong>! Ich habe ganz langsam angefangen und aufgebaut und konnte im Dezember den Faden wieder aufnehmen und mit der Gruppe trainieren! Wie sch\u00f6n war das, und wie hatte ich das vermisst! Zum Gl\u00fcck l\u00e4uft es wieder gut und am 5. Januar sind wir beim Neujahrslauf gemeinsam die 5 Kilometer gelaufen!    <\/p>\n<p>Gemeinsam nehmen wir die Herausforderung an, war einer der letzten S\u00e4tze aus meinem letzten Blog Ja, gemeinsam machen wir das wirklich! Zusammen mit meinen Teamies, Vivian, Pascal und Guido. Ohne sie w\u00fcrde ich nicht da stehen, wo ich heute bin.<strong> Ich bin stolz auf das, was ich und wir alle schon erreicht haben!<\/strong> Auf zum 30. M\u00e4rz!!!  <\/p>\n<\/div>\n\t\t\t\t<\/div>\n\t\t\t\t\t\t\t<div class=\"elementor-accordion-item\">\n\t\t\t\t\t<div id=\"elementor-tab-title-1763\" class=\"elementor-tab-title\" data-tab=\"3\" role=\"button\" aria-controls=\"elementor-tab-content-1763\" aria-expanded=\"false\">\n\t\t\t\t\t\t\t\t\t\t\t\t\t<span class=\"elementor-accordion-icon elementor-accordion-icon-left\" aria-hidden=\"true\">\n\t\t\t\t\t\t\t\t\t\t\t\t\t\t\t<span class=\"elementor-accordion-icon-closed\"><i class=\"fas fa-plus\"><\/i><\/span>\n\t\t\t\t\t\t\t\t<span class=\"elementor-accordion-icon-opened\"><i class=\"fas fa-minus\"><\/i><\/span>\n\t\t\t\t\t\t\t\t\t\t\t\t\t\t<\/span>\n\t\t\t\t\t\t\t\t\t\t\t\t<a class=\"elementor-accordion-title\" tabindex=\"0\">Blog 3 - alles noch einmal erleben<\/a>\n\t\t\t\t\t<\/div>\n\t\t\t\t\t<div id=\"elementor-tab-content-1763\" class=\"elementor-tab-content elementor-clearfix\" data-tab=\"3\" role=\"region\" aria-labelledby=\"elementor-tab-title-1763\"><p>Mein letzter Blog, noch einmal alles durchleben, noch einmal alle Emotionen sp\u00fcren, noch einmal alles genie\u00dfen, was wir gemeinsam erlebt haben. Was f\u00fcr <strong>ein wunderbares Abenteuer <\/strong>das war. Mit H\u00f6hen und Tiefen, mit einem L\u00e4cheln und einer Tr\u00e4ne. Gemeinsam, aber auch manchmal allein. Ein letztes Mal, nein ich werde dieses Abenteuer nie vergessen!    <\/p>\n<p>Das Wochenende des Venloop steht vor der T\u00fcr. Am Samstag werden wir alle unsere Sas und Vivian anfeuern! Sie werden die 10 Kilometer laufen. Was f\u00fcr eine Leistung von Sas, die 10 km in Flip-Flops!!! Am Abend gehen wir zur Pasta-Party! Und wir bekommen eine super s\u00fc\u00dfe \u00dcberraschung von unseren lieben Unterst\u00fctzern aus der Heimat! G\u00e4nsehaut! Dann schnell ins Bett und am Morgen stehen wir rechtzeitig auf, um zur\u00fcck in die Stadt zu fahren! Der Tag ist gekommen! Heute werden wir die 10 km laufen! <strong>Mit einem kleinen Kribbeln im Bauch standen wir dann im Startbereich<\/strong>. Mit einem Warm-up von Pascal sind wir bereit!          <\/p>\n<p>Sas stellt sicher, dass jeder wei\u00df, dass das Dream Team einen gro\u00dfartigen Start hingelegt hat! Mann, was f\u00fcr eine Menge Leute an der Seite! <strong>Was f\u00fcr eine Party, was f\u00fcr ein Erlebnis!<\/strong> <\/p>\n<p>Mein Mann Ruud l\u00e4uft mit mir, was sehr sch\u00f6n ist!<\/p>\n<p>Und da ist sie, die Parade, die Ziellinie! Ja, wir haben es geschafft!!! Nach dem Zieleinlauf kommen alle Emotionen zum Vorschein! Und wir stehen wieder als ein Team da! Zusammen lachen, zusammen weinen, zusammen stolz sein!    <\/p>\n<p>Wie dankbar bin ich, dass ich das mit all diesen wunderbaren Menschen erleben durfte!!! Eine Erinnerung, die man nie vergisst!!! Ich bin stolz auf uns alle.  <\/p>\n<p>Vielen Dank f\u00fcr dieses fantastische Abenteuer!<\/p>\n<\/div>\n\t\t\t\t<\/div>\n\t\t\t\t\t\t\t\t<\/div>\n\t\t\t\t\t\t<\/div>\n\t\t\t\t<\/div>\n\t\t\t\t<div class=\"elementor-element elementor-element-b234e8f elementor-widget__width-initial elementor-widget-mobile__width-initial elementor-widget elementor-widget-image\" data-id=\"b234e8f\" data-element_type=\"widget\" data-e-type=\"widget\" data-widget_type=\"image.default\">\n\t\t\t\t<div class=\"elementor-widget-container\">\n\t\t\t\t\t\t\t\t\t\t\t\t\t\t\t<img decoding=\"async\" width=\"768\" height=\"1024\" src=\"https:\/\/venloop.nl\/wp-content\/uploads\/2024\/10\/Simone-768x1024.jpg\" class=\"attachment-large size-large wp-image-95690\" alt=\"\" srcset=\"https:\/\/venloop.nl\/wp-content\/uploads\/2024\/10\/Simone-768x1024.jpg 768w, https:\/\/venloop.nl\/wp-content\/uploads\/2024\/10\/Simone-225x300.jpg 225w, https:\/\/venloop.nl\/wp-content\/uploads\/2024\/10\/Simone-1152x1536.jpg 1152w, https:\/\/venloop.nl\/wp-content\/uploads\/2024\/10\/Simone-600x800.jpg 600w, https:\/\/venloop.nl\/wp-content\/uploads\/2024\/10\/Simone.jpg 1500w\" sizes=\"(max-width: 768px) 100vw, 768px\" \/>\t\t\t\t\t\t\t\t\t\t\t\t\t\t\t<\/div>\n\t\t\t\t<\/div>\n\t\t\t\t<div class=\"elementor-element elementor-element-3031a28 elementor-widget__width-initial elementor-headline--style-highlight elementor-widget elementor-widget-animated-headline\" data-id=\"3031a28\" data-element_type=\"widget\" data-e-type=\"widget\" data-settings=\"{&quot;marker&quot;:&quot;curly&quot;,&quot;highlighted_text&quot;:&quot;k\\u00f6nnen mitmachen\\u201c&quot;,&quot;headline_style&quot;:&quot;highlight&quot;,&quot;loop&quot;:&quot;yes&quot;,&quot;highlight_animation_duration&quot;:1200,&quot;highlight_iteration_delay&quot;:8000}\" data-widget_type=\"animated-headline.default\">\n\t\t\t\t<div class=\"elementor-widget-container\">\n\t\t\t\t\t\t\t<h2 class=\"elementor-headline\">\n\t\t\t\t\t<span class=\"elementor-headline-plain-text elementor-headline-text-wrapper\">\u201eWie cool w\u00e4re es, wenn ich n\u00e4chstes Jahr <\/span>\n\t\t\t\t<span class=\"elementor-headline-dynamic-wrapper elementor-headline-text-wrapper\">\n\t\t\t\t\t<span class=\"elementor-headline-dynamic-text elementor-headline-text-active\">k\u00f6nnen mitmachen\u201c<\/span>\n\t\t\t\t<\/span>\n\t\t\t\t<\/h2>\n\t\t\t\t\t\t<\/div>\n\t\t\t\t<\/div>\n\t\t\t\t\t<\/div>\n\t\t<\/div>\n\t\t\t\t\t<\/div>\n\t\t<\/section>\n\t\t\t\t<\/div>\n\t\t","protected":false},"excerpt":{"rendered":"<p>Dreamteam &gt; Meet Simone Blog 1 &#8211; Ich m\u00f6chte Ihnen vorstellen Hallo, Ich bin Simone, 42 Jahre alt und verheiratet mit Ruud. Gemeinsam haben wir drei S\u00f6hne Wout, Juul und Stijn. Wir wohnen im gem\u00fctlichen Baarlo. Meine Hobbys sind lesen, backen, h\u00e4keln und schwimmen. Vor etwa f\u00fcnf Jahren begann meine Achterbahnfahrt, nachdem mir mitgeteilt wurde, [&hellip;]<\/p>\n","protected":false},"author":3,"featured_media":0,"parent":8308,"menu_order":0,"comment_status":"closed","ping_status":"closed","template":"","meta":{"footnotes":""},"class_list":["post-112655","page","type-page","status-publish","hentry"],"_links":{"self":[{"href":"https:\/\/venloop.nl\/de\/wp-json\/wp\/v2\/pages\/112655","targetHints":{"allow":["GET"]}}],"collection":[{"href":"https:\/\/venloop.nl\/de\/wp-json\/wp\/v2\/pages"}],"about":[{"href":"https:\/\/venloop.nl\/de\/wp-json\/wp\/v2\/types\/page"}],"author":[{"embeddable":true,"href":"https:\/\/venloop.nl\/de\/wp-json\/wp\/v2\/users\/3"}],"replies":[{"embeddable":true,"href":"https:\/\/venloop.nl\/de\/wp-json\/wp\/v2\/comments?post=112655"}],"version-history":[{"count":2,"href":"https:\/\/venloop.nl\/de\/wp-json\/wp\/v2\/pages\/112655\/revisions"}],"predecessor-version":[{"id":112657,"href":"https:\/\/venloop.nl\/de\/wp-json\/wp\/v2\/pages\/112655\/revisions\/112657"}],"up":[{"embeddable":true,"href":"https:\/\/venloop.nl\/de\/wp-json\/wp\/v2\/pages\/8308"}],"wp:attachment":[{"href":"https:\/\/venloop.nl\/de\/wp-json\/wp\/v2\/media?parent=112655"}],"curies":[{"name":"wp","href":"https:\/\/api.w.org\/{rel}","templated":true}]}}