{"id":112659,"date":"2025-05-16T09:57:06","date_gmt":"2025-05-16T07:57:06","guid":{"rendered":"https:\/\/venloop.nl\/laufen\/traumteam\/tamara\/"},"modified":"2025-05-16T09:57:08","modified_gmt":"2025-05-16T07:57:08","slug":"tamara","status":"publish","type":"page","link":"https:\/\/venloop.nl\/de\/laufen\/traumteam\/tamara\/","title":{"rendered":"Tamara"},"content":{"rendered":"\t\t<div data-elementor-type=\"wp-page\" data-elementor-id=\"112659\" class=\"elementor elementor-112659 elementor-95769\" data-elementor-post-type=\"page\">\n\t\t\t\t\t\t<section class=\"elementor-section elementor-top-section elementor-element elementor-element-151210d elementor-section-boxed elementor-section-height-default elementor-section-height-default\" data-id=\"151210d\" data-element_type=\"section\" data-e-type=\"section\" data-settings=\"{&quot;jet_parallax_layout_list&quot;:[]}\">\n\t\t\t\t\t\t<div class=\"elementor-container elementor-column-gap-default\">\n\t\t\t\t\t<div class=\"elementor-column elementor-col-100 elementor-top-column elementor-element elementor-element-2d0bfff\" data-id=\"2d0bfff\" data-element_type=\"column\" data-e-type=\"column\">\n\t\t\t<div class=\"elementor-widget-wrap elementor-element-populated\">\n\t\t\t\t\t\t<div class=\"elementor-element elementor-element-9c8a7b3 elementor-widget elementor-widget-heading\" data-id=\"9c8a7b3\" data-element_type=\"widget\" data-e-type=\"widget\" data-widget_type=\"heading.default\">\n\t\t\t\t<div class=\"elementor-widget-container\">\n\t\t\t\t\t<h2 class=\"elementor-heading-title elementor-size-default\"><a href=\"https:\/\/venloop.nl\/de\/laufen\/traumteam\/\">Dreamteam &gt;<\/a><\/h2>\t\t\t\t<\/div>\n\t\t\t\t<\/div>\n\t\t\t\t<div class=\"elementor-element elementor-element-e92e4da elementor-widget elementor-widget-heading\" data-id=\"e92e4da\" data-element_type=\"widget\" data-e-type=\"widget\" data-widget_type=\"heading.default\">\n\t\t\t\t<div class=\"elementor-widget-container\">\n\t\t\t\t\t<h2 class=\"elementor-heading-title elementor-size-default\">Meet Tamara<\/h2>\t\t\t\t<\/div>\n\t\t\t\t<\/div>\n\t\t\t\t<div class=\"elementor-element elementor-element-a855efb elementor-widget elementor-widget-accordion\" data-id=\"a855efb\" data-element_type=\"widget\" data-e-type=\"widget\" data-widget_type=\"accordion.default\">\n\t\t\t\t<div class=\"elementor-widget-container\">\n\t\t\t\t\t\t\t<div class=\"elementor-accordion\">\n\t\t\t\t\t\t\t<div class=\"elementor-accordion-item\">\n\t\t\t\t\t<div id=\"elementor-tab-title-1761\" class=\"elementor-tab-title\" data-tab=\"1\" role=\"button\" aria-controls=\"elementor-tab-content-1761\" aria-expanded=\"false\">\n\t\t\t\t\t\t\t\t\t\t\t\t\t<span class=\"elementor-accordion-icon elementor-accordion-icon-left\" aria-hidden=\"true\">\n\t\t\t\t\t\t\t\t\t\t\t\t\t\t\t<span class=\"elementor-accordion-icon-closed\"><i class=\"fas fa-plus\"><\/i><\/span>\n\t\t\t\t\t\t\t\t<span class=\"elementor-accordion-icon-opened\"><i class=\"fas fa-minus\"><\/i><\/span>\n\t\t\t\t\t\t\t\t\t\t\t\t\t\t<\/span>\n\t\t\t\t\t\t\t\t\t\t\t\t<a class=\"elementor-accordion-title\" tabindex=\"0\">Blog 1 - Ich m\u00f6chte Ihnen vorstellen<\/a>\n\t\t\t\t\t<\/div>\n\t\t\t\t\t<div id=\"elementor-tab-content-1761\" class=\"elementor-tab-content elementor-clearfix\" data-tab=\"1\" role=\"region\" aria-labelledby=\"elementor-tab-title-1761\"><p>Mein Name ist Tamara Hovens und ich bin 56 Jahre alt. Ich wohne in Kessel und habe 2 Kinder im Alter von 27 und 23 Jahren. <\/p>\n<p>Ich war 2011 schon einmal die 10 Kilometer gelaufen, aber kurz darauf hatte ich mir den R\u00fccken verrenkt. Auch weil ich danach nicht mehr schmerzfrei laufen konnte, fehlte mir die Motivation, wieder mitzumachen. Auch wenn es mir wirklich Spa\u00df macht.  <\/p>\n<p>Anfang dieses Jahres wurde die Welt auf den Kopf gestellt. In meinem Bein wurde ein malignes Melanom entdeckt. Gl\u00fccklicherweise ist jetzt alles unter Kontrolle, nur meine Krankheit ist verschwunden.  <\/p>\n<p>Auch deshalb ist der Schalter umgelegt worden und ich bin unglaublich motiviert, mit der Hilfe und dem Enthusiasmus der Dreamteam-Mitglieder und Trainer das Laufen wieder aufzunehmen und die 10 Kilometer am 30. M\u00e4rz erneut zu absolvieren.<\/p>\n<\/div>\n\t\t\t\t<\/div>\n\t\t\t\t\t\t\t<div class=\"elementor-accordion-item\">\n\t\t\t\t\t<div id=\"elementor-tab-title-1762\" class=\"elementor-tab-title\" data-tab=\"2\" role=\"button\" aria-controls=\"elementor-tab-content-1762\" aria-expanded=\"false\">\n\t\t\t\t\t\t\t\t\t\t\t\t\t<span class=\"elementor-accordion-icon elementor-accordion-icon-left\" aria-hidden=\"true\">\n\t\t\t\t\t\t\t\t\t\t\t\t\t\t\t<span class=\"elementor-accordion-icon-closed\"><i class=\"fas fa-plus\"><\/i><\/span>\n\t\t\t\t\t\t\t\t<span class=\"elementor-accordion-icon-opened\"><i class=\"fas fa-minus\"><\/i><\/span>\n\t\t\t\t\t\t\t\t\t\t\t\t\t\t<\/span>\n\t\t\t\t\t\t\t\t\t\t\t\t<a class=\"elementor-accordion-title\" tabindex=\"0\">Blog 2 - ein sehr gro\u00dfes gemeinsames Ziel<\/a>\n\t\t\t\t\t<\/div>\n\t\t\t\t\t<div id=\"elementor-tab-content-1762\" class=\"elementor-tab-content elementor-clearfix\" data-tab=\"2\" role=\"region\" aria-labelledby=\"elementor-tab-title-1762\"><p>Hallo,<\/p>\n<p>Hier ist ein Update \u00fcber die Fortschritte unseres Dreamteams. Wir haben im September sehr unbehaglich miteinander begonnen, aber schon bald hat es in der Gruppe m\u00e4chtig Klick gemacht. Wir feiern alle gemeinsam Erfolge, unterst\u00fctzen uns aber auch, wenn es mal eine Weile nicht so gut l\u00e4uft. Wir haben ein sehr gro\u00dfes gemeinsames Ziel. <strong>Am 30. M\u00e4rz gemeinsam die 10 km zu laufen<\/strong>.   <\/p>\n<p>Unter der Anleitung unserer beiden Supertrainer Guido und Pascal habe ich gelernt, dass ich nicht zu schnell laufen sollte und dass ich rechtzeitig zugeben sollte, wenn etwas nicht gut l\u00e4uft. So macht mir das Training jetzt richtig Spa\u00df und<strong> ich habe den Spa\u00df am Laufen wiedergefunden<\/strong>! <\/p>\n<p>Ich h\u00e4tte im September nicht gedacht, dass wir schon so weit sein w\u00fcrden. Deshalb bin ich super stolz auf uns alle. Und vor allem auf unsere Trainer, die uns immer wieder motivieren. Und nicht zu vergessen Vivian, die uns mit ihrem Enthusiasmus bei allem hilft.   <\/p>\n<p><strong>Weiter zum 30. M\u00e4rz<\/strong>. Ich bin zuversichtlich, dass es klappen wird. Deshalb bin ich unglaublich dankbar, dass ich in dieser wunderbaren Gruppe sein darf.  <\/p>\n<p>Tamara<\/p>\n<\/div>\n\t\t\t\t<\/div>\n\t\t\t\t\t\t\t<div class=\"elementor-accordion-item\">\n\t\t\t\t\t<div id=\"elementor-tab-title-1763\" class=\"elementor-tab-title\" data-tab=\"3\" role=\"button\" aria-controls=\"elementor-tab-content-1763\" aria-expanded=\"false\">\n\t\t\t\t\t\t\t\t\t\t\t\t\t<span class=\"elementor-accordion-icon elementor-accordion-icon-left\" aria-hidden=\"true\">\n\t\t\t\t\t\t\t\t\t\t\t\t\t\t\t<span class=\"elementor-accordion-icon-closed\"><i class=\"fas fa-plus\"><\/i><\/span>\n\t\t\t\t\t\t\t\t<span class=\"elementor-accordion-icon-opened\"><i class=\"fas fa-minus\"><\/i><\/span>\n\t\t\t\t\t\t\t\t\t\t\t\t\t\t<\/span>\n\t\t\t\t\t\t\t\t\t\t\t\t<a class=\"elementor-accordion-title\" tabindex=\"0\">Blog 3 - Was f\u00fcr ein Abenteuer<\/a>\n\t\t\t\t\t<\/div>\n\t\t\t\t\t<div id=\"elementor-tab-content-1763\" class=\"elementor-tab-content elementor-clearfix\" data-tab=\"3\" role=\"region\" aria-labelledby=\"elementor-tab-title-1763\"><p>Von der Aussage \u201eNein, das schaffe ich nie\u201c im Juni 2024 zu &#8230;&#8230;<\/p>\n<p>16. M\u00e4rz 2025 der Berden Spring Run. Bammel, ob ich 7,5 km am St\u00fcck laufen kann. Pascal und Guido waren zuversichtlich. Aber trotzdem&#8230;. Es ist super gut gelaufen. Mit, zu meinem eigenen Schock, einem zweiten Platz. Schon damals war ich stolz auf alle. Und dann ist es pl\u00f6tzlich der 30. M\u00e4rz 2025.       <\/p>\n<p>Morgens habe ich sowieso ein bisschen Bammel. Habe ich denn nichts vergessen? Welche Kleidung soll ich anziehen? Es sind 12 Grad, aber windig. Pascal sagte: kurze Hosen und kurze \u00c4rmel. Ich bin so froh, dass ich auf ihn geh\u00f6rt habe.     <\/p>\n<p>Im Startbereich die ganze Aufregung wegen der vielen Menschen und dann der Startschuss&#8230;<\/p>\n<p>Langsam anfangen, sagt Pascal. Trotzdem fragte ich nach 1,5 Kilometern, ob ich gut angefangen habe. Ja, du kannst noch reden, war die Antwort.   <strong>Was f\u00fcr ein Erlebnis, all diese Menschen und all die Musik.<\/strong><\/p>\n<p>Und wie sch\u00f6n, dass Pascal mit mir gelaufen ist. Er signalisiert mir, dass ich die letzten Kilometer begonnen habe. Und ruft mir zu: &#8218;Komm schon&#8216;. Da wurde es dann richtig hart.   <\/p>\n<p>Aber ich habe es geschafft und bin super stolz auf mich. Aber noch stolzer bin ich auf uns alle. Wir sind alle gut gelaufen.  <\/p>\n<p>Was f\u00fcr <strong>eine tolle Gruppe<\/strong> wir alle zusammen bilden. Wir lachen und weinen und schleppen alle mit. <\/p>\n<p>Und was f\u00fcr ein Respekt an Viv, Pascal und Guido, die alle Probleme f\u00fcr uns gel\u00f6st haben und sich <strong>komplett um uns gek\u00fcmmert haben<\/strong>. Leider war Guido am Sonntag nicht da, aber auch er muss an sich denken. <\/p>\n<p>M\u00e4dchen und Pascal und Guido, wie sehr ich euch vermissen werde.<\/p>\n<p>Gr\u00fc\u00dfe Tamara.<\/p>\n<\/div>\n\t\t\t\t<\/div>\n\t\t\t\t\t\t\t\t<\/div>\n\t\t\t\t\t\t<\/div>\n\t\t\t\t<\/div>\n\t\t\t\t<div class=\"elementor-element elementor-element-3031a28 elementor-widget__width-initial elementor-headline--style-highlight elementor-widget elementor-widget-animated-headline\" data-id=\"3031a28\" data-element_type=\"widget\" data-e-type=\"widget\" data-settings=\"{&quot;marker&quot;:&quot;curly&quot;,&quot;highlighted_text&quot;:&quot;Wiederaufnahme des Gehens&quot;,&quot;headline_style&quot;:&quot;highlight&quot;,&quot;loop&quot;:&quot;yes&quot;,&quot;highlight_animation_duration&quot;:1200,&quot;highlight_iteration_delay&quot;:8000}\" data-widget_type=\"animated-headline.default\">\n\t\t\t\t<div class=\"elementor-widget-container\">\n\t\t\t\t\t\t\t<h2 class=\"elementor-headline\">\n\t\t\t\t\t<span class=\"elementor-headline-plain-text elementor-headline-text-wrapper\">\u201eIch bin unglaublich motiviert, mit der Hilfe und dem Enthusiasmus der Dreamteam-Mitglieder und der Trainer <\/span>\n\t\t\t\t<span class=\"elementor-headline-dynamic-wrapper elementor-headline-text-wrapper\">\n\t\t\t\t\t<span class=\"elementor-headline-dynamic-text elementor-headline-text-active\">Wiederaufnahme des Gehens<\/span>\n\t\t\t\t<\/span>\n\t\t\t\t\t<span class=\"elementor-headline-plain-text elementor-headline-text-wrapper\">\"<\/span>\n\t\t\t\t\t<\/h2>\n\t\t\t\t\t\t<\/div>\n\t\t\t\t<\/div>\n\t\t\t\t<div class=\"elementor-element elementor-element-d34ae80 elementor-widget__width-initial elementor-widget-mobile__width-initial elementor-widget elementor-widget-image\" data-id=\"d34ae80\" data-element_type=\"widget\" data-e-type=\"widget\" data-widget_type=\"image.default\">\n\t\t\t\t<div class=\"elementor-widget-container\">\n\t\t\t\t\t\t\t\t\t\t\t\t\t\t\t<img fetchpriority=\"high\" decoding=\"async\" width=\"371\" height=\"429\" src=\"https:\/\/venloop.nl\/wp-content\/uploads\/2024\/10\/Tamara.png\" class=\"attachment-large size-large wp-image-95693\" alt=\"\" srcset=\"https:\/\/venloop.nl\/wp-content\/uploads\/2024\/10\/Tamara.png 371w, https:\/\/venloop.nl\/wp-content\/uploads\/2024\/10\/Tamara-259x300.png 259w\" sizes=\"(max-width: 371px) 100vw, 371px\" \/>\t\t\t\t\t\t\t\t\t\t\t\t\t\t\t<\/div>\n\t\t\t\t<\/div>\n\t\t\t\t\t<\/div>\n\t\t<\/div>\n\t\t\t\t\t<\/div>\n\t\t<\/section>\n\t\t\t\t<\/div>\n\t\t","protected":false},"excerpt":{"rendered":"<p>Dreamteam &gt; Meet Tamara Blog 1 &#8211; Ich m\u00f6chte Ihnen vorstellen Mein Name ist Tamara Hovens und ich bin 56 Jahre alt. Ich wohne in Kessel und habe 2 Kinder im Alter von 27 und 23 Jahren. Ich war 2011 schon einmal die 10 Kilometer gelaufen, aber kurz darauf hatte ich mir den R\u00fccken verrenkt. [&hellip;]<\/p>\n","protected":false},"author":3,"featured_media":0,"parent":8308,"menu_order":0,"comment_status":"closed","ping_status":"closed","template":"","meta":{"footnotes":""},"class_list":["post-112659","page","type-page","status-publish","hentry"],"_links":{"self":[{"href":"https:\/\/venloop.nl\/de\/wp-json\/wp\/v2\/pages\/112659","targetHints":{"allow":["GET"]}}],"collection":[{"href":"https:\/\/venloop.nl\/de\/wp-json\/wp\/v2\/pages"}],"about":[{"href":"https:\/\/venloop.nl\/de\/wp-json\/wp\/v2\/types\/page"}],"author":[{"embeddable":true,"href":"https:\/\/venloop.nl\/de\/wp-json\/wp\/v2\/users\/3"}],"replies":[{"embeddable":true,"href":"https:\/\/venloop.nl\/de\/wp-json\/wp\/v2\/comments?post=112659"}],"version-history":[{"count":2,"href":"https:\/\/venloop.nl\/de\/wp-json\/wp\/v2\/pages\/112659\/revisions"}],"predecessor-version":[{"id":112661,"href":"https:\/\/venloop.nl\/de\/wp-json\/wp\/v2\/pages\/112659\/revisions\/112661"}],"up":[{"embeddable":true,"href":"https:\/\/venloop.nl\/de\/wp-json\/wp\/v2\/pages\/8308"}],"wp:attachment":[{"href":"https:\/\/venloop.nl\/de\/wp-json\/wp\/v2\/media?parent=112659"}],"curies":[{"name":"wp","href":"https:\/\/api.w.org\/{rel}","templated":true}]}}