{"id":71088,"date":"2023-11-03T17:26:52","date_gmt":"2023-11-03T15:26:52","guid":{"rendered":"https:\/\/staging.venloop.nl\/laufen\/traumteam\/daisy-nabben\/"},"modified":"2025-05-06T12:35:21","modified_gmt":"2025-05-06T10:35:21","slug":"daisy-nabben","status":"publish","type":"page","link":"https:\/\/venloop.nl\/de\/laufen\/traumteam\/daisy-nabben\/","title":{"rendered":"Daisy Nabben"},"content":{"rendered":"\t\t<div data-elementor-type=\"wp-page\" data-elementor-id=\"71088\" class=\"elementor elementor-71088 elementor-70958\" data-elementor-post-type=\"page\">\n\t\t\t\t\t\t<section class=\"elementor-section elementor-top-section elementor-element elementor-element-151210d elementor-section-boxed elementor-section-height-default elementor-section-height-default\" data-id=\"151210d\" data-element_type=\"section\" data-e-type=\"section\" data-settings=\"{&quot;jet_parallax_layout_list&quot;:[]}\">\n\t\t\t\t\t\t<div class=\"elementor-container elementor-column-gap-default\">\n\t\t\t\t\t<div class=\"elementor-column elementor-col-100 elementor-top-column elementor-element elementor-element-2d0bfff\" data-id=\"2d0bfff\" data-element_type=\"column\" data-e-type=\"column\">\n\t\t\t<div class=\"elementor-widget-wrap elementor-element-populated\">\n\t\t\t\t\t\t<div class=\"elementor-element elementor-element-9c8a7b3 elementor-widget elementor-widget-heading\" data-id=\"9c8a7b3\" data-element_type=\"widget\" data-e-type=\"widget\" data-widget_type=\"heading.default\">\n\t\t\t\t<div class=\"elementor-widget-container\">\n\t\t\t\t\t<h2 class=\"elementor-heading-title elementor-size-default\"><a href=\"https:\/\/venloop.nl\/de\/laufen\/traumteam\/\">Dreamteam &gt;<\/a><\/h2>\t\t\t\t<\/div>\n\t\t\t\t<\/div>\n\t\t\t\t<div class=\"elementor-element elementor-element-e92e4da elementor-widget elementor-widget-heading\" data-id=\"e92e4da\" data-element_type=\"widget\" data-e-type=\"widget\" data-widget_type=\"heading.default\">\n\t\t\t\t<div class=\"elementor-widget-container\">\n\t\t\t\t\t<h2 class=\"elementor-heading-title elementor-size-default\">Lernen Sie Daisy Nabben kennen<\/h2>\t\t\t\t<\/div>\n\t\t\t\t<\/div>\n\t\t\t\t<div class=\"elementor-element elementor-element-471c910 elementor-widget elementor-widget-image\" data-id=\"471c910\" data-element_type=\"widget\" data-e-type=\"widget\" data-widget_type=\"image.default\">\n\t\t\t\t<div class=\"elementor-widget-container\">\n\t\t\t\t\t\t\t\t\t\t\t\t\t\t\t<img fetchpriority=\"high\" decoding=\"async\" width=\"800\" height=\"800\" src=\"https:\/\/venloop.nl\/wp-content\/uploads\/2024\/04\/Daisy-Foto-1024x1024.jpg\" class=\"attachment-large size-large wp-image-81098\" alt=\"\" srcset=\"https:\/\/venloop.nl\/wp-content\/uploads\/2024\/04\/Daisy-Foto-1024x1024.jpg 1024w, https:\/\/venloop.nl\/wp-content\/uploads\/2024\/04\/Daisy-Foto-300x300.jpg 300w, https:\/\/venloop.nl\/wp-content\/uploads\/2024\/04\/Daisy-Foto-150x150.jpg 150w, https:\/\/venloop.nl\/wp-content\/uploads\/2024\/04\/Daisy-Foto-768x768.jpg 768w, https:\/\/venloop.nl\/wp-content\/uploads\/2024\/04\/Daisy-Foto-700x700.jpg 700w, https:\/\/venloop.nl\/wp-content\/uploads\/2024\/04\/Daisy-Foto-600x600.jpg 600w, https:\/\/venloop.nl\/wp-content\/uploads\/2024\/04\/Daisy-Foto-100x100.jpg 100w, https:\/\/venloop.nl\/wp-content\/uploads\/2024\/04\/Daisy-Foto.jpg 1298w\" sizes=\"(max-width: 800px) 100vw, 800px\" \/>\t\t\t\t\t\t\t\t\t\t\t\t\t\t\t<\/div>\n\t\t\t\t<\/div>\n\t\t\t\t<div class=\"elementor-element elementor-element-11ef733 elementor-widget elementor-widget-accordion\" data-id=\"11ef733\" data-element_type=\"widget\" data-e-type=\"widget\" data-widget_type=\"accordion.default\">\n\t\t\t\t<div class=\"elementor-widget-container\">\n\t\t\t\t\t\t\t<div class=\"elementor-accordion\">\n\t\t\t\t\t\t\t<div class=\"elementor-accordion-item\">\n\t\t\t\t\t<div id=\"elementor-tab-title-1881\" class=\"elementor-tab-title\" data-tab=\"1\" role=\"button\" aria-controls=\"elementor-tab-content-1881\" aria-expanded=\"false\">\n\t\t\t\t\t\t\t\t\t\t\t\t\t<span class=\"elementor-accordion-icon elementor-accordion-icon-left\" aria-hidden=\"true\">\n\t\t\t\t\t\t\t\t\t\t\t\t\t\t\t<span class=\"elementor-accordion-icon-closed\"><i class=\"fas fa-plus\"><\/i><\/span>\n\t\t\t\t\t\t\t\t<span class=\"elementor-accordion-icon-opened\"><i class=\"fas fa-minus\"><\/i><\/span>\n\t\t\t\t\t\t\t\t\t\t\t\t\t\t<\/span>\n\t\t\t\t\t\t\t\t\t\t\t\t<a class=\"elementor-accordion-title\" tabindex=\"0\">Blog 1<\/a>\n\t\t\t\t\t<\/div>\n\t\t\t\t\t<div id=\"elementor-tab-content-1881\" class=\"elementor-tab-content elementor-clearfix\" data-tab=\"1\" role=\"region\" aria-labelledby=\"elementor-tab-title-1881\"><p>Hallo!<\/p>\n<p>Ich bin Daisy Nabben. Je nachdem, wann du das liest, werde ich 41 oder 42 Jahre alt. Verheiratet mit Jacques und sehr stolze Mutter von Ruben, Lise und Jules. Im t\u00e4glichen Leben bin ich Unternehmer und habe ein nettes Team von Administratoren und Mentoren in meiner Firma &#8222;Bij Nabben&#8220;.<\/p>\n<p>Am 28. M\u00e4rz 2022 hat sich mein Leben und das meiner Lieben drastisch ver\u00e4ndert. Ich war gerade seit 3 Monaten stolze Mutter unserer J\u00fcngsten, als ich einen Knoten in meiner Brust entdeckte. Auf Dr\u00e4ngen meines besten Freundes ging ich zum Hausarzt und verwies dann auf das Mamapoli der Viecuri.  <\/p>\n<p>Entgegen allen Erwartungen der \u00c4rzte stellte sich heraus, dass es sich um dreifach negativen Brustkrebs handelte. Es begann eine gewaltt\u00e4tige Zeit. Es folgten 16 Runden Chemotherapie und 2 Operationen, die letzte davon an meinem Geburtstag im Jahr 2023. W\u00e4hrend der Rehabilitation nach meiner letzten Operation meldete ich mich f\u00fcr Maastrichts mooiste an.  <\/p>\n<p>Ich suchte nach Sponsoren und sammelte einen sch\u00f6nen Betrag f\u00fcr das KWF. F\u00fcr mich f\u00fchlte sich das wie ein Abschluss dieser schwierigen Zeit an.<\/p>\n<p>Aber ich m\u00f6chte noch weiter gehen.  <\/p>\n<p>Alles aus dem Leben herausholen, was mir gegeben wird und nicht vor Herausforderungen zur\u00fcckschrecken. Dinge zu tun, die au\u00dferhalb der eigenen Komfortzone liegen, schafft oft die besten Erinnerungen. So lebe ich jetzt mein Leben. Seit Jahren kenne ich mich mit dem Laufen aus, bin aber nie wirklich \u00fcber 5 km hinausgekommen.  <\/p>\n<p>Ich habe auch immer geschrien: &#8222;Ich werde keinen Venloop machen, ich habe nicht das Bed\u00fcrfnis, mit einem explodierten Kopf \u00fcber die Parade zu rennen&#8220;. Es f\u00fchlt sich f\u00fcr mich nur logisch an, dass ich das jetzt tun werde. Gemeinsam mit den Stars des Dreamteams und unserem Supertrainer Henk hoffe ich, 2024 endlich die 10 km laufen zu k\u00f6nnen. Ich hatte das Gef\u00fchl, dass sich das wirklich wie ein Neuanfang anf\u00fchlen w\u00fcrde.  <\/p>\n<p>Ich werde mein Bestes geben!  <\/p>\n<\/div>\n\t\t\t\t<\/div>\n\t\t\t\t\t\t\t<div class=\"elementor-accordion-item\">\n\t\t\t\t\t<div id=\"elementor-tab-title-1882\" class=\"elementor-tab-title\" data-tab=\"2\" role=\"button\" aria-controls=\"elementor-tab-content-1882\" aria-expanded=\"false\">\n\t\t\t\t\t\t\t\t\t\t\t\t\t<span class=\"elementor-accordion-icon elementor-accordion-icon-left\" aria-hidden=\"true\">\n\t\t\t\t\t\t\t\t\t\t\t\t\t\t\t<span class=\"elementor-accordion-icon-closed\"><i class=\"fas fa-plus\"><\/i><\/span>\n\t\t\t\t\t\t\t\t<span class=\"elementor-accordion-icon-opened\"><i class=\"fas fa-minus\"><\/i><\/span>\n\t\t\t\t\t\t\t\t\t\t\t\t\t\t<\/span>\n\t\t\t\t\t\t\t\t\t\t\t\t<a class=\"elementor-accordion-title\" tabindex=\"0\">Blog 2<\/a>\n\t\t\t\t\t<\/div>\n\t\t\t\t\t<div id=\"elementor-tab-content-1882\" class=\"elementor-tab-content elementor-clearfix\" data-tab=\"2\" role=\"region\" aria-labelledby=\"elementor-tab-title-1882\"><p><strong>Vor sechs Monaten habe ich mich f\u00fcr das Dreamteam angemeldet.<\/strong><\/p>\n<p>Etwas angespannt kam ich zu unserem ersten Treffen. Ich wusste nicht, was f\u00fcr ein Abenteuer das werden w\u00fcrde. 7 sehr unterschiedliche Menschen mit ihren eigenen Geschichten. Was uns sofort verband, war die Tatsache, dass wir ein Ziel hatten: die 10 km am 24. M\u00e4rz 2024 zu laufen. Jeder mit seiner eigenen Motivation.    <\/p>\n<p>Ein paar Tage sp\u00e4ter gingen wir direkt ins Spiel. Unser Trainer Henk war von Anfang an sehr scharfsinnig. Unter anderem durch ihn merkte ich schnell, dass ich mich unn\u00f6tig zur\u00fcckhielt. Ich konnte mehr, als ich dachte! Bis ich mich Anfang November verletzte. Eine b\u00f6se Schienbeinverletzung. Es folgten Wochen, Monate der Physiotherapie und viele \u00dcbungen. Die ganze Zeit durfte ich nicht trainieren, aber meine Mannschaftskameraden, der Trainer und der Koordinator sorgten daf\u00fcr, dass ich das Gef\u00fchl der Zugeh\u00f6rigkeit zum Team behielt. Das war so herzerw\u00e4rmend. Im Januar unterst\u00fctzte ich meine Mannschaftskameraden beim Neujahrslauf. Wenig sp\u00e4ter beschloss ich in Absprache mit dem Physiotherapeuten, wieder mit dem Training zu beginnen. Ich bin zwar noch nicht vollst\u00e4ndig genesen, aber ich habe mich bewusst daf\u00fcr entschieden. Im Moment wei\u00df ich, wozu ich f\u00e4hig bin, ich wei\u00df nicht, wie ich n\u00e4chstes Jahr sein werde. Aufschieben ist keine Option! Der Aufbau wurde von Henk und mir ernst genommen, und es wurde schnell klar, dass ich den Rest bald wieder hinter mich bringen konnte. Die Generalprobe f\u00fcr den Berdenlauf r\u00fcckte n\u00e4her, aber dann wurde ich schwer krank. Ich konnte nicht am Berdenlauf teilnehmen und weinte ein wenig, dass ich nicht mitlaufen konnte. Was f\u00fcr ein Pech.<br \/>Einige Wochen sp\u00e4ter konnte ich wieder mit dem Training beginnen, eine Woche vor dem Venloop. Das Fieber und die Infektionen hatten mich in Bezug auf meine Fitness erheblich zur\u00fcckgeworfen, so dass ich mich zu Beginn nicht ganz wohl f\u00fchlte. Ich wusste nicht, ob ich \u00fcberhaupt durchhalten w\u00fcrde. Auslaufen war mein Ziel. Die Zielzeit, die ich bei der Anmeldung ein halbes Jahr zuvor angegeben hatte, hatte ich aufgegeben. Zusammen mit zwei Teamkollegen liefen wir den gesamten Venloop und behielten uns gegenseitig im Auge. Die Unterst\u00fctzung und der Enthusiasmus der Menschen am Rande war unglaublich und \u00fcberw\u00e4ltigend, selbst bei dem schlechten Wetter, das wir hatten. Ich hatte G\u00e4nsehaut, als ich in die Parade einlief, was f\u00fcr ein wahnsinniges Gef\u00fchl! Das T\u00fcpfelchen auf dem i war f\u00fcr mich die Tatsache, dass ich die Zeit erreicht hatte, die ich mir vor sechs Monaten vorgestellt hatte. Ich war so \u00fcberw\u00e4ltigt von allem, dass ich es erst erfuhr, als ich meine Medaille eingraviert bekam. Ich bin so unglaublich stolz auf mich und meine Dreamteam-Familie und h\u00e4tte das alles um nichts in der Welt missen wollen!<\/p>\n<p>Mit freundlichen Gr\u00fc\u00dfen,<\/p>\n<p>Daisy Maas \u2013 Nabben<\/p><\/p>\n<\/div>\n\t\t\t\t<\/div>\n\t\t\t\t\t\t\t\t<\/div>\n\t\t\t\t\t\t<\/div>\n\t\t\t\t<\/div>\n\t\t\t\t\t<\/div>\n\t\t<\/div>\n\t\t\t\t\t<\/div>\n\t\t<\/section>\n\t\t\t\t<\/div>\n\t\t","protected":false},"excerpt":{"rendered":"<p>Dreamteam &gt; Lernen Sie Daisy Nabben kennen Blog 1 Hallo! Ich bin Daisy Nabben. Je nachdem, wann du das liest, werde ich 41 oder 42 Jahre alt. Verheiratet mit Jacques und sehr stolze Mutter von Ruben, Lise und Jules. Im t\u00e4glichen Leben bin ich Unternehmer und habe ein nettes Team von Administratoren und Mentoren in [&hellip;]<\/p>\n","protected":false},"author":9,"featured_media":0,"parent":8308,"menu_order":0,"comment_status":"closed","ping_status":"closed","template":"","meta":{"footnotes":""},"class_list":["post-71088","page","type-page","status-publish","hentry"],"_links":{"self":[{"href":"https:\/\/venloop.nl\/de\/wp-json\/wp\/v2\/pages\/71088","targetHints":{"allow":["GET"]}}],"collection":[{"href":"https:\/\/venloop.nl\/de\/wp-json\/wp\/v2\/pages"}],"about":[{"href":"https:\/\/venloop.nl\/de\/wp-json\/wp\/v2\/types\/page"}],"author":[{"embeddable":true,"href":"https:\/\/venloop.nl\/de\/wp-json\/wp\/v2\/users\/9"}],"replies":[{"embeddable":true,"href":"https:\/\/venloop.nl\/de\/wp-json\/wp\/v2\/comments?post=71088"}],"version-history":[{"count":2,"href":"https:\/\/venloop.nl\/de\/wp-json\/wp\/v2\/pages\/71088\/revisions"}],"predecessor-version":[{"id":112352,"href":"https:\/\/venloop.nl\/de\/wp-json\/wp\/v2\/pages\/71088\/revisions\/112352"}],"up":[{"embeddable":true,"href":"https:\/\/venloop.nl\/de\/wp-json\/wp\/v2\/pages\/8308"}],"wp:attachment":[{"href":"https:\/\/venloop.nl\/de\/wp-json\/wp\/v2\/media?parent=71088"}],"curies":[{"name":"wp","href":"https:\/\/api.w.org\/{rel}","templated":true}]}}