{"id":71094,"date":"2023-11-03T17:27:13","date_gmt":"2023-11-03T15:27:13","guid":{"rendered":"https:\/\/staging.venloop.nl\/laufen\/traumteam\/diana-die-axt\/"},"modified":"2025-05-15T17:37:34","modified_gmt":"2025-05-15T15:37:34","slug":"diana-de-bijl","status":"publish","type":"page","link":"https:\/\/venloop.nl\/de\/laufen\/traumteam\/diana-de-bijl\/","title":{"rendered":"Diana de Bijl\u200b"},"content":{"rendered":"\t\t<div data-elementor-type=\"wp-page\" data-elementor-id=\"71094\" class=\"elementor elementor-71094 elementor-70963\" data-elementor-post-type=\"page\">\n\t\t\t\t\t\t<section class=\"elementor-section elementor-top-section elementor-element elementor-element-151210d elementor-section-boxed elementor-section-height-default elementor-section-height-default\" data-id=\"151210d\" data-element_type=\"section\" data-e-type=\"section\" data-settings=\"{&quot;jet_parallax_layout_list&quot;:[]}\">\n\t\t\t\t\t\t<div class=\"elementor-container elementor-column-gap-default\">\n\t\t\t\t\t<div class=\"elementor-column elementor-col-100 elementor-top-column elementor-element elementor-element-2d0bfff\" data-id=\"2d0bfff\" data-element_type=\"column\" data-e-type=\"column\">\n\t\t\t<div class=\"elementor-widget-wrap elementor-element-populated\">\n\t\t\t\t\t\t<div class=\"elementor-element elementor-element-9c8a7b3 elementor-widget elementor-widget-heading\" data-id=\"9c8a7b3\" data-element_type=\"widget\" data-e-type=\"widget\" data-widget_type=\"heading.default\">\n\t\t\t\t<div class=\"elementor-widget-container\">\n\t\t\t\t\t<h2 class=\"elementor-heading-title elementor-size-default\"><a href=\"https:\/\/venloop.nl\/de\/laufen\/traumteam\/\">Dreamteam &gt;<\/a><\/h2>\t\t\t\t<\/div>\n\t\t\t\t<\/div>\n\t\t\t\t<div class=\"elementor-element elementor-element-e92e4da elementor-widget elementor-widget-heading\" data-id=\"e92e4da\" data-element_type=\"widget\" data-e-type=\"widget\" data-widget_type=\"heading.default\">\n\t\t\t\t<div class=\"elementor-widget-container\">\n\t\t\t\t\t<h2 class=\"elementor-heading-title elementor-size-default\">Meet Diana de Bijl<\/h2>\t\t\t\t<\/div>\n\t\t\t\t<\/div>\n\t\t\t\t<div class=\"elementor-element elementor-element-69ddb2f elementor-widget elementor-widget-image\" data-id=\"69ddb2f\" data-element_type=\"widget\" data-e-type=\"widget\" data-widget_type=\"image.default\">\n\t\t\t\t<div class=\"elementor-widget-container\">\n\t\t\t\t\t\t\t\t\t\t\t\t\t\t\t<img fetchpriority=\"high\" decoding=\"async\" width=\"768\" height=\"1024\" src=\"https:\/\/venloop.nl\/wp-content\/uploads\/2024\/05\/20240423_194237-768x1024.jpg\" class=\"attachment-large size-large wp-image-81230\" alt=\"\" srcset=\"https:\/\/venloop.nl\/wp-content\/uploads\/2024\/05\/20240423_194237-768x1024.jpg 768w, https:\/\/venloop.nl\/wp-content\/uploads\/2024\/05\/20240423_194237-225x300.jpg 225w, https:\/\/venloop.nl\/wp-content\/uploads\/2024\/05\/20240423_194237-1152x1536.jpg 1152w, https:\/\/venloop.nl\/wp-content\/uploads\/2024\/05\/20240423_194237-1536x2048.jpg 1536w, https:\/\/venloop.nl\/wp-content\/uploads\/2024\/05\/20240423_194237-600x800.jpg 600w, https:\/\/venloop.nl\/wp-content\/uploads\/2024\/05\/20240423_194237-scaled.jpg 1920w\" sizes=\"(max-width: 768px) 100vw, 768px\" \/>\t\t\t\t\t\t\t\t\t\t\t\t\t\t\t<\/div>\n\t\t\t\t<\/div>\n\t\t\t\t<div class=\"elementor-element elementor-element-f2cd3e7 elementor-widget elementor-widget-accordion\" data-id=\"f2cd3e7\" data-element_type=\"widget\" data-e-type=\"widget\" data-widget_type=\"accordion.default\">\n\t\t\t\t<div class=\"elementor-widget-container\">\n\t\t\t\t\t\t\t<div class=\"elementor-accordion\">\n\t\t\t\t\t\t\t<div class=\"elementor-accordion-item\">\n\t\t\t\t\t<div id=\"elementor-tab-title-2541\" class=\"elementor-tab-title\" data-tab=\"1\" role=\"button\" aria-controls=\"elementor-tab-content-2541\" aria-expanded=\"false\">\n\t\t\t\t\t\t\t\t\t\t\t\t\t<span class=\"elementor-accordion-icon elementor-accordion-icon-left\" aria-hidden=\"true\">\n\t\t\t\t\t\t\t\t\t\t\t\t\t\t\t<span class=\"elementor-accordion-icon-closed\"><i class=\"fas fa-plus\"><\/i><\/span>\n\t\t\t\t\t\t\t\t<span class=\"elementor-accordion-icon-opened\"><i class=\"fas fa-minus\"><\/i><\/span>\n\t\t\t\t\t\t\t\t\t\t\t\t\t\t<\/span>\n\t\t\t\t\t\t\t\t\t\t\t\t<a class=\"elementor-accordion-title\" tabindex=\"0\">Blog 1<\/a>\n\t\t\t\t\t<\/div>\n\t\t\t\t\t<div id=\"elementor-tab-content-2541\" class=\"elementor-tab-content elementor-clearfix\" data-tab=\"1\" role=\"region\" aria-labelledby=\"elementor-tab-title-2541\"><p>Hallo hallo,<\/p>\n<p>Mein Name ist Diana, ich bin 46 Jahre alt und wohne in Tegelen. Ich bin gl\u00fccklich mit Roy verheiratet und zusammen haben wir 2 Jungs, Syd und Liam. Im August 2022 bemerkte ich einen Entzug in meiner Brust. Es dauerte 3 Wochen, bis ich mich traute, den Arzt anzurufen.<\/p>\n<p>Einmal aufgerufen, ging es auf Hochtouren. Innerhalb von 3 Tagen hatte ich alle Untersuchungen. (Mammographie, Ultraschall, MRT und Punktion). Der Ausschlag Lobul\u00e4rer Brustkrebs Hormonal.<\/p>\n<p>Dann wird dein Leben auf den Kopf gestellt&#8230;<\/p>\n<p>Es folgen 16 x Chemo (4x AC, 12x Paclitaxel), 1. Operation (10. Januar), Entfernung der Gatekeeper-Lymphknoten. 2. Operation (31. Januar) Mastektomie mit einer Rekonstruktion mit eigenem Bauchfett, einem sogenannten tiefen Scho\u00df.<\/p>\n<p>Ich war 1 Woche im Krankenhaus und musste dann weitere 5 Wochen flach zu Hause liegen. Ich werde auch im Januar mit der Hormontherapie beginnen (f\u00fcr 7 Jahre). Nach der Chemo und den Operationen wieder in die Spur zu kommen, war ein intensiver Prozess. Es ist, als w\u00e4re mein ganzer K\u00f6rper zur\u00fcckgesetzt worden. Im Juli ging ich f\u00fcr 3 Monate zur Rehabilitation ins Krankenhaus. Das hat mir k\u00f6rperlich und geistig gut getan.<\/p>\n<p>Ich habe mich f\u00fcr das Dreamteam angemeldet, weil ich unbedingt wieder laufen wollte, aber nicht wusste, wie ich es wieder anstellen sollte. Das erste Training war ziemlich hart. Ich dachte, ich h\u00e4tte mit der Rehabilitation etwas Fitness aufgebaut, aber die Kondition war wirklich nichts.<\/p>\n<p>In der Zwischenzeit haben wir ein paar Trainingseinheiten absolviert und ich sehe bereits Fortschritte. Ich hoffe, dass ich im M\u00e4rz 2024 l\u00e4chelnd und voller Stolz \u00fcber die Ziellinie laufen werde.<\/p>\n<p>Gr\u00fc\u00dfe,<\/p>\n<p>Diana<\/p>\n<\/div>\n\t\t\t\t<\/div>\n\t\t\t\t\t\t\t<div class=\"elementor-accordion-item\">\n\t\t\t\t\t<div id=\"elementor-tab-title-2542\" class=\"elementor-tab-title\" data-tab=\"2\" role=\"button\" aria-controls=\"elementor-tab-content-2542\" aria-expanded=\"false\">\n\t\t\t\t\t\t\t\t\t\t\t\t\t<span class=\"elementor-accordion-icon elementor-accordion-icon-left\" aria-hidden=\"true\">\n\t\t\t\t\t\t\t\t\t\t\t\t\t\t\t<span class=\"elementor-accordion-icon-closed\"><i class=\"fas fa-plus\"><\/i><\/span>\n\t\t\t\t\t\t\t\t<span class=\"elementor-accordion-icon-opened\"><i class=\"fas fa-minus\"><\/i><\/span>\n\t\t\t\t\t\t\t\t\t\t\t\t\t\t<\/span>\n\t\t\t\t\t\t\t\t\t\t\t\t<a class=\"elementor-accordion-title\" tabindex=\"0\">Blog 2<\/a>\n\t\t\t\t\t<\/div>\n\t\t\t\t\t<div id=\"elementor-tab-content-2542\" class=\"elementor-tab-content elementor-clearfix\" data-tab=\"2\" role=\"region\" aria-labelledby=\"elementor-tab-title-2542\"><p class=\"m_7529569933930155239MsoNoSpacing\">Inzwischen trainieren wir seit fast vier Monaten mit dem Dream Team. Die ersten Wochen waren hart: Meine Fitness und Muskelkraft waren gleich null. Die 16 Runden Chemotherapie und die Operation mit den tiefen Lappen haben meiner Muskelkraft sehr zugesetzt. W\u00e4hrend der Rehabilitation (von Juli bis September) habe ich zwar etwas f\u00fcr die Muskelkraft getan, aber immer noch zu wenig, um wirklich etwas aufzubauen.   <u><\/u><u><\/u><\/p>\n<p class=\"m_7529569933930155239MsoNoSpacing\">Mit dem Start des Dream Teams begann ich auch, zweimal pro Woche unter Anleitung eines Physiotherapeuten Krafttraining zu machen. Nach der allerersten Trainingseinheit des Dreamteams kam ich mit einem \u201ebreiten L\u00e4cheln\u201c nach Hause. Wie sch\u00f6n das war und was f\u00fcr eine tolle Gruppe! Unter Henks Anleitung gehe ich gerne zweimal pro Woche zum Training.   <u><\/u><u><\/u><\/p>\n<p class=\"m_7529569933930155239MsoNoSpacing\">Nach etwa drei Wochen bekomme ich ein Schleudertrauma. Nicht vom Laufen, sondern von einem Fahrradunfall. Ooooh, wie traurig ich dar\u00fcber bin. Nachdem ich zwei Wochen zu Hause gesessen hatte, ging ich wieder ins Training. Eine Teilnahme am Training war noch keine Option, aber ich wollte dabei sein. Nach etwa vier Wochen konnte ich wieder in aller Ruhe mit dem Training beginnen. Das war wirklich toll, wieder aktiv mitzumachen.      <u><\/u><u><\/u><\/p>\n<p class=\"m_7529569933930155239MsoNoSpacing\">Ich gehe gerne zu jedem Training in den Sportpark Vrijenbroek, und wenn ich nicht hingehen kann (was selten vorkommt), habe ich das Gef\u00fchl, etwas zu verpassen. Jedes Training ist sehr angenehm mit allen. Henk gibt sehr gute Trainingseinheiten, und wenn ich nicht mitkommen kann, ist das kein Problem. Daf\u00fcr haben alle Verst\u00e4ndnis. Inzwischen bin ich schon \u00fcber 5 Kilometer gelaufen!    <u><\/u><u><\/u><\/p>\n<p class=\"m_7529569933930155239MsoNoSpacing\">Als Henk uns erz\u00e4hlte, dass er gerne am Orion-Neujahrslauf teilnehmen w\u00fcrde, war ich zun\u00e4chst etwas z\u00f6gerlich. K\u00f6nnte ich das schon schaffen? Kann ich das durchhalten, 5 Kilometer? Die n\u00e4chste Trainingseinheit, die folgte, war im Jaomertal, die rote Strecke. Diese ist genau 5 Kilometer lang. Da wir in Vrijenbroek starten, kommen wir auf dieser Strecke auf 6 Kilometer. F\u00fcr mich war das die Antwort auf meine Fragen. Ich habe mich sofort f\u00fcr die 5 Kilometer angemeldet. Am Sonntag, den 7. Januar, findet der Neujahrslauf statt, und wie froh bin ich, dass ich ihn schon laufen kann! Und die Zeit&#8230; Ach ja, bevor ich krank wurde, war mein Ziel, die 5 Kilometer unter einer halben Stunde zu laufen. Dieses Ziel hat sich nun ge\u00e4ndert: Die 5 Kilometer zu laufen und mit Stolz die Ziellinie zu \u00fcberqueren ist nun mein Ziel.          <u><\/u><u><\/u><\/p>\n<p class=\"m_7529569933930155239MsoNoSpacing\">Ich bin dankbar, dass mir Venloop die M\u00f6glichkeit gegeben hat, dem Dreamteam beizutreten. Und nat\u00fcrlich ein Dankesch\u00f6n an Henk, Vivian und meine Dreamteam-Mitglieder. Sie sorgen daf\u00fcr, dass ich nach jeder Trainingseinheit zufrieden nach Hause gehe.  <u><\/u><u><\/u><\/p>\n<p class=\"m_7529569933930155239MsoNoSpacing\">Sportliche Gr\u00fc\u00dfe,<u><\/u><u><\/u><\/p>\n<p class=\"m_7529569933930155239MsoNoSpacing\">Diana<\/p>\n<\/div>\n\t\t\t\t<\/div>\n\t\t\t\t\t\t\t<div class=\"elementor-accordion-item\">\n\t\t\t\t\t<div id=\"elementor-tab-title-2543\" class=\"elementor-tab-title\" data-tab=\"3\" role=\"button\" aria-controls=\"elementor-tab-content-2543\" aria-expanded=\"false\">\n\t\t\t\t\t\t\t\t\t\t\t\t\t<span class=\"elementor-accordion-icon elementor-accordion-icon-left\" aria-hidden=\"true\">\n\t\t\t\t\t\t\t\t\t\t\t\t\t\t\t<span class=\"elementor-accordion-icon-closed\"><i class=\"fas fa-plus\"><\/i><\/span>\n\t\t\t\t\t\t\t\t<span class=\"elementor-accordion-icon-opened\"><i class=\"fas fa-minus\"><\/i><\/span>\n\t\t\t\t\t\t\t\t\t\t\t\t\t\t<\/span>\n\t\t\t\t\t\t\t\t\t\t\t\t<a class=\"elementor-accordion-title\" tabindex=\"0\">Blog 3<\/a>\n\t\t\t\t\t<\/div>\n\t\t\t\t\t<div id=\"elementor-tab-content-2543\" class=\"elementor-tab-content elementor-clearfix\" data-tab=\"3\" role=\"region\" aria-labelledby=\"elementor-tab-title-2543\"><p>Dann ist es der 24. M\u00e4rz. DER Tag des Venloop. Wie nerv\u00f6s und angespannt ich war.   Warum? Ich wei\u00df es nicht. 1 Woche vorher sind wir den ganzen Kurs am Mittwochabend gefahren und das lief gut. So cool, dass wir 3 Betreuer auf Fahrr\u00e4dern hatten.  <\/p>\n<p>Henk an der Spitze, Ellie in der Mitte und Vivian radelte hinter uns (Karin und ich). Das gab mir ein sehr sicheres Gef\u00fchl. Ich habe 1 Stunde und 17 Minuten gebraucht. Da war ich aber schon stolz auf mich!!! 3 Wochen zuvor, am 3. M\u00e4rz, war der Berden Spring Run sehr hart f\u00fcr mich, es war pl\u00f6tzlich sehr hei\u00df. Das hat wirklich seinen Tribut gefordert. Am Ende bin ich unter einer Stunde geblieben. Aber das Wetter am 24. M\u00e4rz war kalt und trostlos.       <\/p>\n<p>Der Einlauf verlief gut, um 11.50 Uhr gingen wir zur Startbox. Und dann fing es auch schon an zu regnen. Zum Gl\u00fcck war jemand so freundlich gewesen, f\u00fcr jeden einen Poncho mitzubringen. Und dann war es 12 Uhr! Der Startschuss ert\u00f6nt. Bevor wir tats\u00e4chlich die Startlinie \u00fcberqueren, ist es bereits 12.15 Uhr. Aber dann geht es richtig los. Es f\u00e4ngt gut an. Ich habe ein gleichm\u00e4\u00dfiges Tempo. Wir starten mit 5 Dreamteamern zusammen in der Parade. Nach 5 km spornt uns Henk an, mein Tempo ist immer noch das gleiche. Es l\u00e4uft super gut &#8230;. Bei Kilometer 6,5 (auf dem Hertog Reinoudsingel) feuern mich mein Mann und meine Eltern an, bei Kilometer 9 laufen wir in die entgegengesetzte Richtung zur\u00fcck auf den Hertog Reinoudsingel. Mein Mann und meine Eltern stehen jetzt auf dieser Seite. Ich erinnere mich, dass ich damals zu meinem Mann sagte: Ich bin fast da&#8230;. Und dann kommt diese Parade&#8230; wie cool ist das denn. Dann f\u00fchlt man sich gro\u00dfartig. All die Leute klatschen, jubeln und rufen deinen Namen. Zusammen mit Daisy laufe ich Hand in Hand \u00fcber die Ziellinie und Henk und Vivian geben uns unsere wohlverdiente Medaille.<\/p>\n<p>Und dann ist es vorbei! Da bekommt man sofort Heimweh, nach diesem Moment, nach den Trainingseinheiten. Was f\u00fcr eine tolle Zeit ich im Dream-Team hatte. Henk nannte uns die \u201eGoldenen Sieben\u201c. Wie dankbar bin ich meinen Teamkollegen, Henk und Vivian f\u00fcr alles. Das Dreamteam 2023-2024 ist f\u00fcr immer in meinem Herzen. Auch ein gro\u00dfes Dankesch\u00f6n an meinen Mann, der mich auch bei allem unterst\u00fctzt hat. Liebe Daisy, Hanneke, Karin, Sonja, Charlotte, Ron, Ellie, Henk, Vivian und Stef, danke f\u00fcr diese tolle Zeit.<\/p>\n<p>Gr\u00fc\u00dfe<\/p>\n<p>Diana<\/p>\n<\/div>\n\t\t\t\t<\/div>\n\t\t\t\t\t\t\t\t<\/div>\n\t\t\t\t\t\t<\/div>\n\t\t\t\t<\/div>\n\t\t\t\t\t<\/div>\n\t\t<\/div>\n\t\t\t\t\t<\/div>\n\t\t<\/section>\n\t\t\t\t<\/div>\n\t\t","protected":false},"excerpt":{"rendered":"<p>Dreamteam &gt; Meet Diana de Bijl Blog 1 Hallo hallo, Mein Name ist Diana, ich bin 46 Jahre alt und wohne in Tegelen. Ich bin gl\u00fccklich mit Roy verheiratet und zusammen haben wir 2 Jungs, Syd und Liam. Im August 2022 bemerkte ich einen Entzug in meiner Brust. Es dauerte 3 Wochen, bis ich mich [&hellip;]<\/p>\n","protected":false},"author":9,"featured_media":0,"parent":8308,"menu_order":0,"comment_status":"closed","ping_status":"closed","template":"","meta":{"footnotes":""},"class_list":["post-71094","page","type-page","status-publish","hentry"],"_links":{"self":[{"href":"https:\/\/venloop.nl\/de\/wp-json\/wp\/v2\/pages\/71094","targetHints":{"allow":["GET"]}}],"collection":[{"href":"https:\/\/venloop.nl\/de\/wp-json\/wp\/v2\/pages"}],"about":[{"href":"https:\/\/venloop.nl\/de\/wp-json\/wp\/v2\/types\/page"}],"author":[{"embeddable":true,"href":"https:\/\/venloop.nl\/de\/wp-json\/wp\/v2\/users\/9"}],"replies":[{"embeddable":true,"href":"https:\/\/venloop.nl\/de\/wp-json\/wp\/v2\/comments?post=71094"}],"version-history":[{"count":2,"href":"https:\/\/venloop.nl\/de\/wp-json\/wp\/v2\/pages\/71094\/revisions"}],"predecessor-version":[{"id":112356,"href":"https:\/\/venloop.nl\/de\/wp-json\/wp\/v2\/pages\/71094\/revisions\/112356"}],"up":[{"embeddable":true,"href":"https:\/\/venloop.nl\/de\/wp-json\/wp\/v2\/pages\/8308"}],"wp:attachment":[{"href":"https:\/\/venloop.nl\/de\/wp-json\/wp\/v2\/media?parent=71094"}],"curies":[{"name":"wp","href":"https:\/\/api.w.org\/{rel}","templated":true}]}}