{"id":71108,"date":"2023-11-03T17:28:46","date_gmt":"2023-11-03T15:28:46","guid":{"rendered":"https:\/\/staging.venloop.nl\/laufen\/traumteam\/ron-jacobs\/"},"modified":"2025-05-15T17:23:44","modified_gmt":"2025-05-15T15:23:44","slug":"ron-jacobs","status":"publish","type":"page","link":"https:\/\/venloop.nl\/de\/laufen\/traumteam\/ron-jacobs\/","title":{"rendered":"Ron Jacobs"},"content":{"rendered":"\t\t<div data-elementor-type=\"wp-page\" data-elementor-id=\"71108\" class=\"elementor elementor-71108 elementor-70978\" data-elementor-post-type=\"page\">\n\t\t\t\t\t\t<section class=\"elementor-section elementor-top-section elementor-element elementor-element-6616e32 elementor-section-boxed elementor-section-height-default elementor-section-height-default\" data-id=\"6616e32\" data-element_type=\"section\" data-e-type=\"section\" data-settings=\"{&quot;jet_parallax_layout_list&quot;:[]}\">\n\t\t\t\t\t\t<div class=\"elementor-container elementor-column-gap-default\">\n\t\t\t\t\t<div class=\"elementor-column elementor-col-100 elementor-top-column elementor-element elementor-element-79ed91d\" data-id=\"79ed91d\" data-element_type=\"column\" data-e-type=\"column\">\n\t\t\t<div class=\"elementor-widget-wrap elementor-element-populated\">\n\t\t\t\t\t\t<div class=\"elementor-element elementor-element-f497e5d elementor-widget elementor-widget-heading\" data-id=\"f497e5d\" data-element_type=\"widget\" data-e-type=\"widget\" data-widget_type=\"heading.default\">\n\t\t\t\t<div class=\"elementor-widget-container\">\n\t\t\t\t\t<h2 class=\"elementor-heading-title elementor-size-default\"><a href=\"https:\/\/venloop.nl\/de\/laufen\/traumteam\/\">Dreamteam &gt;<\/a><\/h2>\t\t\t\t<\/div>\n\t\t\t\t<\/div>\n\t\t\t\t<div class=\"elementor-element elementor-element-6c0487c elementor-widget elementor-widget-heading\" data-id=\"6c0487c\" data-element_type=\"widget\" data-e-type=\"widget\" data-widget_type=\"heading.default\">\n\t\t\t\t<div class=\"elementor-widget-container\">\n\t\t\t\t\t<h2 class=\"elementor-heading-title elementor-size-default\">Lernen Sie Ron Jacobs kennen<\/h2>\t\t\t\t<\/div>\n\t\t\t\t<\/div>\n\t\t\t\t<div class=\"elementor-element elementor-element-06c85b7 elementor-widget elementor-widget-accordion\" data-id=\"06c85b7\" data-element_type=\"widget\" data-e-type=\"widget\" data-widget_type=\"accordion.default\">\n\t\t\t\t<div class=\"elementor-widget-container\">\n\t\t\t\t\t\t\t<div class=\"elementor-accordion\">\n\t\t\t\t\t\t\t<div class=\"elementor-accordion-item\">\n\t\t\t\t\t<div id=\"elementor-tab-title-7111\" class=\"elementor-tab-title\" data-tab=\"1\" role=\"button\" aria-controls=\"elementor-tab-content-7111\" aria-expanded=\"false\">\n\t\t\t\t\t\t\t\t\t\t\t\t\t<span class=\"elementor-accordion-icon elementor-accordion-icon-left\" aria-hidden=\"true\">\n\t\t\t\t\t\t\t\t\t\t\t\t\t\t\t<span class=\"elementor-accordion-icon-closed\"><i class=\"fas fa-plus\"><\/i><\/span>\n\t\t\t\t\t\t\t\t<span class=\"elementor-accordion-icon-opened\"><i class=\"fas fa-minus\"><\/i><\/span>\n\t\t\t\t\t\t\t\t\t\t\t\t\t\t<\/span>\n\t\t\t\t\t\t\t\t\t\t\t\t<a class=\"elementor-accordion-title\" tabindex=\"0\">Blog 1<\/a>\n\t\t\t\t\t<\/div>\n\t\t\t\t\t<div id=\"elementor-tab-content-7111\" class=\"elementor-tab-content elementor-clearfix\" data-tab=\"1\" role=\"region\" aria-labelledby=\"elementor-tab-title-7111\"><p>Mein Name ist Ron Jacobs, ich bin 55 Jahre jung und lebe in Venlo.<\/p>\n<p>Nachdem ich Ende 2022 2 Monate mit &#8222;vagen Beschwerden&#8220; herumgelaufen bin (zeitweise konnte ich keine 100 Meter mehr laufen), wurde bei mir Anfang 2023 eine Herzinsuffizienz diagnostiziert und ich war davon schockiert.<\/p>\n<p>Die Pumpfunktion meines Herzens war nur 1\/3 im Vergleich zu einem gesunden Herzen, auf einmal war ich ein Herzpatient mit 6 Tabletten pro Tag.<\/p>\n<p>Die Prognose f\u00fcr Menschen mit Herzinsuffizienz ist im Allgemeinen nicht gut und sie wird als fortschreitende Erkrankung beschrieben. Meine Welt brach zusammen&#8230;&#8230;<\/p>\n<p>Ich riss mich zusammen und tat alles, was ich konnte, um meine Gesundheit zu verbessern. Legen Sie die Arbeit nieder, fangen Sie an, sich noch ges\u00fcnder zu ern\u00e4hren und bewegen Sie sich, wenn m\u00f6glich, nach und nach.<\/p>\n<p>Mitte Juni bekam ich die Ergebnisse einer MRT-Untersuchung und ich kann es bis heute nicht glauben, mein Herz hatte sich erholt und die Pumpfunktion war wieder auf einem normalen Niveau. Es war lange her, dass ich eine so gute Nachricht erhalten hatte.<\/p>\n<p>Sofort fragte ich den Kardiologen, ob ich wieder mit dem Training anfangen k\u00f6nnte? &#8222;Auf jeden Fall&#8220; war seine Antwort, aber bauen Sie langsam Ihre Fitness auf. F\u00fchlte sich wie neu geboren, als w\u00fcrde ein neues Leben beginnen. Und das ist es auch.<\/p>\n<p>Ich sah regelm\u00e4\u00dfig Werbung im Stadtsender von Venlo \u00fcber das &#8222;Dream Team&#8220; des Venloop. Dann dachte ich: &#8222;Das muss ich machen&#8220;. Ich schrieb ein Motivationsschreiben und einen Tag sp\u00e4ter gab es ein Kennenlerntreffen.<\/p>\n<p>In der Vergangenheit bin ich die 10 km mit meinem Vater ca. 3 Mal gelaufen und einmal alleine, ihm zu Ehren nach seinem Tod. Damals haben wir mit enormer Motivation und viel Spa\u00df gemeinsam hunderte Kilometer zur\u00fcckgelegt.<\/p>\n<p>Um nicht alleine laufen zu m\u00fcssen und nach meinen Herzproblemen viel Unsicherheit zu \u00fcberwinden, habe ich mich f\u00fcr das &#8222;Dreamteam&#8220; angemeldet. Das Training unter der Aufsicht eines sehr erfahrenen Trainers gibt auch viel Sicherheit.<\/p>\n<p>Bisher die beste Wahl des vergangenen Jahres, super nettes Team mit tollen Leuten und jeder mit seiner eigenen Geschichte.<\/p>\n<p>Ich hoffe, dass ich die 10 km auf dem Venloop 2024 beenden kann, aber ich m\u00f6chte mich auf keinen Fall zu sehr unter Druck setzen. Im Moment ist der Weg dorthin mindestens wichtiger, wenn nicht sogar wichtiger als das Endziel!<\/p>\n<p>Wir sehen uns im Venloon am 24. M\u00e4rz 2024, Greetz Running Ronnie<\/p>\n<\/div>\n\t\t\t\t<\/div>\n\t\t\t\t\t\t\t<div class=\"elementor-accordion-item\">\n\t\t\t\t\t<div id=\"elementor-tab-title-7112\" class=\"elementor-tab-title\" data-tab=\"2\" role=\"button\" aria-controls=\"elementor-tab-content-7112\" aria-expanded=\"false\">\n\t\t\t\t\t\t\t\t\t\t\t\t\t<span class=\"elementor-accordion-icon elementor-accordion-icon-left\" aria-hidden=\"true\">\n\t\t\t\t\t\t\t\t\t\t\t\t\t\t\t<span class=\"elementor-accordion-icon-closed\"><i class=\"fas fa-plus\"><\/i><\/span>\n\t\t\t\t\t\t\t\t<span class=\"elementor-accordion-icon-opened\"><i class=\"fas fa-minus\"><\/i><\/span>\n\t\t\t\t\t\t\t\t\t\t\t\t\t\t<\/span>\n\t\t\t\t\t\t\t\t\t\t\t\t<a class=\"elementor-accordion-title\" tabindex=\"0\">Blog 2<\/a>\n\t\t\t\t\t<\/div>\n\t\t\t\t\t<div id=\"elementor-tab-content-7112\" class=\"elementor-tab-content elementor-clearfix\" data-tab=\"2\" role=\"region\" aria-labelledby=\"elementor-tab-title-7112\"><p>Das Dreamteam-Abenteuer ist jetzt etwa einen Monat vorbei und hat einen erstaunlichen H\u00f6hepunkt erreicht. Wir haben unser gemeinsames Ziel erreicht. <\/p>\n<p>Alle Teamies, \u201edie goldenen Sieben\u201c, haben die 10 km am Ende geschafft. Wir haben das alles nicht umsonst bekommen, ganz im Gegenteil. <\/p>\n<p>Eine wunderbare Erfahrung mit sch\u00f6nen, ehrlichen Menschen, von denen jeder seine eigene Geschichte mitbrachte. R\u00fcckschl\u00e4ge, im Leben durch Krankheit oder Ungl\u00fcck, unter anderem. <\/p>\n<p>Top-Trainer Henk ten Have, der es schafft, Sie auf so nat\u00fcrliche und positive Weise in Bewegung zu bringen. Mit einem Wort: \u201eEinzigartig\u201c! <\/p>\n<p>Koordinatorin Vivian Selen, die mit ihrem unb\u00e4ndigen Enthusiasmus alles, aber auch wirklich alles f\u00fcr Sie arrangiert, wo immer Sie es brauchen. Ein kreativer Tausendf\u00fc\u00dfler, mit dem Sie Ihre Geschichte auch privat erz\u00e4hlen k\u00f6nnen und d\u00fcrfen. <\/p>\n<p>Ich pers\u00f6nlich habe den engen Zusammenhalt im gesamten Team und bei jedem Einzelnen gesp\u00fcrt. Wir waren immer f\u00fcreinander da. Vor allem, dass ich ich selbst sein und auch \u00fcber meine Herzinsuffizienz sprechen konnte.  <\/p>\n<p>Alles in allem empfehle ich jedem, sich &#8211; aus welchen Gr\u00fcnden auch immer &#8211; f\u00fcr das n\u00e4chste Dreamteam 2024-2025 anzumelden.<\/p>\n<p>Es gibt oft viele Gr\u00fcnde (Ausreden), sich nicht zu bewegen. Deshalb ist das Dreamteam ein zus\u00e4tzlicher Ansporn, es zu tun. Gemeinsam steht man f\u00fcr das gleiche Ziel ein.  <\/p>\n<p>Bleibt zu sagen \u201eTu es, tu es einfach\u201c, es wird ein Lebensereignis sein, das du nie vergessen wirst!!!<\/p>\n<p>Gru\u00df Ron<\/p>\n<\/div>\n\t\t\t\t<\/div>\n\t\t\t\t\t\t\t\t<\/div>\n\t\t\t\t\t\t<\/div>\n\t\t\t\t<\/div>\n\t\t\t\t\t<\/div>\n\t\t<\/div>\n\t\t\t\t\t<\/div>\n\t\t<\/section>\n\t\t\t\t<\/div>\n\t\t","protected":false},"excerpt":{"rendered":"<p>Dreamteam &gt; Lernen Sie Ron Jacobs kennen Blog 1 Mein Name ist Ron Jacobs, ich bin 55 Jahre jung und lebe in Venlo. Nachdem ich Ende 2022 2 Monate mit &#8222;vagen Beschwerden&#8220; herumgelaufen bin (zeitweise konnte ich keine 100 Meter mehr laufen), wurde bei mir Anfang 2023 eine Herzinsuffizienz diagnostiziert und ich war davon schockiert. [&hellip;]<\/p>\n","protected":false},"author":9,"featured_media":0,"parent":8308,"menu_order":0,"comment_status":"closed","ping_status":"closed","template":"","meta":{"footnotes":""},"class_list":["post-71108","page","type-page","status-publish","hentry"],"_links":{"self":[{"href":"https:\/\/venloop.nl\/de\/wp-json\/wp\/v2\/pages\/71108","targetHints":{"allow":["GET"]}}],"collection":[{"href":"https:\/\/venloop.nl\/de\/wp-json\/wp\/v2\/pages"}],"about":[{"href":"https:\/\/venloop.nl\/de\/wp-json\/wp\/v2\/types\/page"}],"author":[{"embeddable":true,"href":"https:\/\/venloop.nl\/de\/wp-json\/wp\/v2\/users\/9"}],"replies":[{"embeddable":true,"href":"https:\/\/venloop.nl\/de\/wp-json\/wp\/v2\/comments?post=71108"}],"version-history":[{"count":2,"href":"https:\/\/venloop.nl\/de\/wp-json\/wp\/v2\/pages\/71108\/revisions"}],"predecessor-version":[{"id":112627,"href":"https:\/\/venloop.nl\/de\/wp-json\/wp\/v2\/pages\/71108\/revisions\/112627"}],"up":[{"embeddable":true,"href":"https:\/\/venloop.nl\/de\/wp-json\/wp\/v2\/pages\/8308"}],"wp:attachment":[{"href":"https:\/\/venloop.nl\/de\/wp-json\/wp\/v2\/media?parent=71108"}],"curies":[{"name":"wp","href":"https:\/\/api.w.org\/{rel}","templated":true}]}}