{"id":7784,"date":"2023-03-18T10:35:09","date_gmt":"2023-03-18T09:35:09","guid":{"rendered":"https:\/\/staging.venloop.nl\/laufen\/viecuri-vip-pflege\/"},"modified":"2024-11-01T11:18:58","modified_gmt":"2024-11-01T09:18:58","slug":"viecuri-run-connect","status":"publish","type":"page","link":"https:\/\/venloop.nl\/de\/laufen\/viecuri-run-connect\/","title":{"rendered":"VieCuri Run &amp; Connect"},"content":{"rendered":"\t\t<div data-elementor-type=\"wp-page\" data-elementor-id=\"7784\" class=\"elementor elementor-7784 elementor-1307\" data-elementor-post-type=\"page\">\n\t\t\t\t\t\t<section class=\"elementor-section elementor-top-section elementor-element elementor-element-370bb48 elementor-section-height-min-height elementor-section-items-stretch elementor-section-boxed elementor-section-height-default\" data-id=\"370bb48\" data-element_type=\"section\" data-e-type=\"section\" data-settings=\"{&quot;jet_parallax_layout_list&quot;:[],&quot;background_background&quot;:&quot;classic&quot;}\">\n\t\t\t\t\t\t\t<div class=\"elementor-background-overlay\"><\/div>\n\t\t\t\t\t\t\t<div class=\"elementor-container elementor-column-gap-default\">\n\t\t\t\t\t<div class=\"elementor-column elementor-col-100 elementor-top-column elementor-element elementor-element-db713a2\" data-id=\"db713a2\" data-element_type=\"column\" data-e-type=\"column\">\n\t\t\t<div class=\"elementor-widget-wrap elementor-element-populated\">\n\t\t\t\t\t\t<div class=\"elementor-element elementor-element-00e789d elementor-widget elementor-widget-heading\" data-id=\"00e789d\" data-element_type=\"widget\" data-e-type=\"widget\" data-widget_type=\"heading.default\">\n\t\t\t\t<div class=\"elementor-widget-container\">\n\t\t\t\t\t<h1 class=\"elementor-heading-title elementor-size-default\">VieCuri Run &amp; Connect<\/h1>\t\t\t\t<\/div>\n\t\t\t\t<\/div>\n\t\t\t\t<div class=\"elementor-element elementor-element-f2cc485 jet-breadcrumbs-align-center elementor-widget elementor-widget-jet-breadcrumbs\" data-id=\"f2cc485\" data-element_type=\"widget\" data-e-type=\"widget\" data-widget_type=\"jet-breadcrumbs.default\">\n\t\t\t\t<div class=\"elementor-widget-container\">\n\t\t\t\t\t<div class=\"elementor-jet-breadcrumbs jet-blocks\">\n\t\t<div class=\"jet-breadcrumbs\">\n\t\t<div class=\"jet-breadcrumbs__content\">\n\t\t<div class=\"jet-breadcrumbs__wrap\"><div class=\"jet-breadcrumbs__item\"><a href=\"https:\/\/venloop.nl\/de\/\" class=\"jet-breadcrumbs__item-link is-home\" rel=\"home\" title=\"Startseite\">Startseite<\/a><\/div>\n\t\t<\/div>\n\t\t<\/div>\n\t\t<\/div><\/div>\t\t\t\t<\/div>\n\t\t\t\t<\/div>\n\t\t\t\t\t<\/div>\n\t\t<\/div>\n\t\t\t\t\t<\/div>\n\t\t<\/section>\n\t\t\t\t<section class=\"elementor-section elementor-top-section elementor-element elementor-element-e91dc78 elementor-section-height-min-height elementor-section-boxed elementor-section-height-default elementor-section-items-middle\" data-id=\"e91dc78\" data-element_type=\"section\" data-e-type=\"section\" data-settings=\"{&quot;jet_parallax_layout_list&quot;:[],&quot;background_background&quot;:&quot;classic&quot;}\">\n\t\t\t\t\t\t<div class=\"elementor-container elementor-column-gap-default\">\n\t\t\t\t\t<div class=\"elementor-column elementor-col-100 elementor-top-column elementor-element elementor-element-8432fb3\" data-id=\"8432fb3\" data-element_type=\"column\" data-e-type=\"column\">\n\t\t\t<div class=\"elementor-widget-wrap elementor-element-populated\">\n\t\t\t\t\t\t<section class=\"elementor-section elementor-inner-section elementor-element elementor-element-39b322a elementor-section-height-min-height elementor-section-content-middle elementor-section-boxed elementor-section-height-default\" data-id=\"39b322a\" data-element_type=\"section\" data-e-type=\"section\" data-settings=\"{&quot;jet_parallax_layout_list&quot;:[],&quot;background_background&quot;:&quot;classic&quot;}\">\n\t\t\t\t\t\t<div class=\"elementor-container elementor-column-gap-default\">\n\t\t\t\t\t<div class=\"elementor-column elementor-col-50 elementor-inner-column elementor-element elementor-element-0606357 elementor-hidden-mobile\" data-id=\"0606357\" data-element_type=\"column\" data-e-type=\"column\">\n\t\t\t<div class=\"elementor-widget-wrap elementor-element-populated\">\n\t\t\t\t\t\t<div class=\"elementor-element elementor-element-8d20156 elementor-widget elementor-widget-heading\" data-id=\"8d20156\" data-element_type=\"widget\" data-e-type=\"widget\" data-widget_type=\"heading.default\">\n\t\t\t\t<div class=\"elementor-widget-container\">\n\t\t\t\t\t<h2 class=\"elementor-heading-title elementor-size-default\">Wie k\u00f6nnen wir Ihnen helfen?<\/h2>\t\t\t\t<\/div>\n\t\t\t\t<\/div>\n\t\t\t\t\t<\/div>\n\t\t<\/div>\n\t\t\t\t<div class=\"elementor-column elementor-col-50 elementor-inner-column elementor-element elementor-element-e2b2e0d\" data-id=\"e2b2e0d\" data-element_type=\"column\" data-e-type=\"column\">\n\t\t\t<div class=\"elementor-widget-wrap elementor-element-populated\">\n\t\t\t\t\t\t<div class=\"elementor-element elementor-element-b02557b elementor-widget elementor-widget-jet-search\" data-id=\"b02557b\" data-element_type=\"widget\" data-e-type=\"widget\" data-widget_type=\"jet-search.default\">\n\t\t\t\t<div class=\"elementor-widget-container\">\n\t\t\t\t\t<div class=\"elementor-jet-search jet-blocks\"><div class=\"jet-search\"><form role=\"search\" method=\"get\" class=\"jet-search__form\" action=\"https:\/\/venloop.nl\/de\/\">\n\t<label class=\"jet-search__label\">\n\t\t<span class=\"screen-reader-text\">Vind hier alle antwoorden...<\/span>\n\t\t<input type=\"search\" class=\"jet-search__field\"  placeholder=\"Vind hier alle antwoorden...\" value=\"\" name=\"s\" aria-label=\"Vind hier alle antwoorden...\" \/>\n\t<\/label>\n\t\t<button type=\"submit\" class=\"jet-search__submit\" aria-label=\"submit search\"><span class=\"jet-search__submit-icon jet-blocks-icon\"><i aria-hidden=\"true\" class=\"fas fa-search\"><\/i><\/span><\/button>\n\t\t\t<input type='hidden' name='lang' value='de' \/><\/form><\/div><\/div>\t\t\t\t<\/div>\n\t\t\t\t<\/div>\n\t\t\t\t<div class=\"elementor-element elementor-element-1844e69 elementor-absolute elementor-widget-mobile__width-initial elementor-hidden-mobile elementor-hidden-tablet elementor-widget elementor-widget-image\" data-id=\"1844e69\" data-element_type=\"widget\" data-e-type=\"widget\" data-settings=\"{&quot;_position&quot;:&quot;absolute&quot;,&quot;motion_fx_motion_fx_scrolling&quot;:&quot;yes&quot;,&quot;motion_fx_translateX_effect&quot;:&quot;yes&quot;,&quot;motion_fx_translateX_direction&quot;:&quot;negative&quot;,&quot;motion_fx_translateX_speed&quot;:{&quot;unit&quot;:&quot;px&quot;,&quot;size&quot;:4,&quot;sizes&quot;:[]},&quot;motion_fx_translateX_affectedRange&quot;:{&quot;unit&quot;:&quot;%&quot;,&quot;size&quot;:&quot;&quot;,&quot;sizes&quot;:{&quot;start&quot;:0,&quot;end&quot;:100}},&quot;motion_fx_devices&quot;:[&quot;desktop&quot;,&quot;tablet&quot;,&quot;mobile&quot;]}\" data-widget_type=\"image.default\">\n\t\t\t\t<div class=\"elementor-widget-container\">\n\t\t\t\t\t\t\t\t\t\t\t\t\t\t\t<img fetchpriority=\"high\" decoding=\"async\" width=\"800\" height=\"909\" src=\"https:\/\/venloop.nl\/wp-content\/uploads\/2023\/02\/WeirVenloopIconBalk-901x1024.png\" class=\"attachment-large size-large wp-image-6217\" alt=\"\" srcset=\"https:\/\/venloop.nl\/wp-content\/uploads\/2023\/02\/WeirVenloopIconBalk-901x1024.png 901w, https:\/\/venloop.nl\/wp-content\/uploads\/2023\/02\/WeirVenloopIconBalk-600x682.png 600w, https:\/\/venloop.nl\/wp-content\/uploads\/2023\/02\/WeirVenloopIconBalk-264x300.png 264w, https:\/\/venloop.nl\/wp-content\/uploads\/2023\/02\/WeirVenloopIconBalk-768x872.png 768w, https:\/\/venloop.nl\/wp-content\/uploads\/2023\/02\/WeirVenloopIconBalk.png 1000w\" sizes=\"(max-width: 800px) 100vw, 800px\" \/>\t\t\t\t\t\t\t\t\t\t\t\t\t\t\t<\/div>\n\t\t\t\t<\/div>\n\t\t\t\t\t<\/div>\n\t\t<\/div>\n\t\t\t\t\t<\/div>\n\t\t<\/section>\n\t\t\t\t\t<\/div>\n\t\t<\/div>\n\t\t\t\t\t<\/div>\n\t\t<\/section>\n\t\t\t\t<section class=\"elementor-section elementor-top-section elementor-element elementor-element-50a3b54 elementor-section-boxed elementor-section-height-default elementor-section-height-default\" data-id=\"50a3b54\" data-element_type=\"section\" data-e-type=\"section\" data-settings=\"{&quot;jet_parallax_layout_list&quot;:[]}\">\n\t\t\t\t\t\t<div class=\"elementor-container elementor-column-gap-default\">\n\t\t\t\t\t<div class=\"elementor-column elementor-col-100 elementor-top-column elementor-element elementor-element-87a875b\" data-id=\"87a875b\" data-element_type=\"column\" data-e-type=\"column\">\n\t\t\t<div class=\"elementor-widget-wrap elementor-element-populated\">\n\t\t\t\t\t\t<div class=\"elementor-element elementor-element-e1ac4a6 elementor-widget elementor-widget-heading\" data-id=\"e1ac4a6\" data-element_type=\"widget\" data-e-type=\"widget\" data-widget_type=\"heading.default\">\n\t\t\t\t<div class=\"elementor-widget-container\">\n\t\t\t\t\t<h2 class=\"elementor-heading-title elementor-size-default\">Der Netzwerkclub, in dem  Sportlichkeit und Networking  im Mittelpunkt stehen!<\/h2>\t\t\t\t<\/div>\n\t\t\t\t<\/div>\n\t\t\t\t<div class=\"elementor-element elementor-element-89bd5dd elementor-widget elementor-widget-text-editor\" data-id=\"89bd5dd\" data-element_type=\"widget\" data-e-type=\"widget\" data-widget_type=\"text-editor.default\">\n\t\t\t\t<div class=\"elementor-widget-container\">\n\t\t\t\t\t\t\t\t\t<p>Der erneuerte Netzwerkclub der Stichting Venloop startet ab Oktober. VieCuri Run &amp; Connect\u00a0<strong>ist\u00a0der Netzwerkclub, in dem Sportlichkeit und Networking im Mittelpunkt stehen<\/strong>\u00a0und mit interessanten Zusammentreffen kombiniert werden.<\/p><p>VieCuri Run &amp; Connect basiert auf dem VIP-Care-Konzept, das Sie vielleicht schon aus fr\u00fcheren Zeiten kennen. Ab dieser Saison wird es erneuert. Das gleiche Erlebnis, aber unter einem neuen Namen und mit einer neuen Route zum Ziel.<\/p><p>Bei VieCuri Run &amp; Connect bieten wir unseren Teilnehmenden\u00a0<strong>ein abwechslungsreiches Programm<\/strong>. Beispielsweise werden mehrere Krafttrainingseinheiten unter der Leitung eines professionellen Trainers im Valk Gym durchgef\u00fchrt. Dar\u00fcber hinaus stehen verschiedene Gruppenaktivit\u00e4ten auf dem Programm, bei denen wir\u00a0<strong>\u00fcberraschende Aktivit\u00e4ten mit sportlichen Aspekten <\/strong>unternehmen werden. Dar\u00fcber hinaus nehmen wir als Gruppe gemeinsam an verschiedenen zus\u00e4tzlichen Aktivit\u00e4ten teil, wie dem Venloop Kerstloop (Weihnachtslauf), einem glanzvollen Neujahrsessen und mehreren <strong>inspirierenden Firmenbesuchen<\/strong>, die jeweils mit einem Fr\u00fchst\u00fcck oder einem Getr\u00e4nk ausklingen.\u00a0<\/p>\t\t\t\t\t\t\t\t<\/div>\n\t\t\t\t<\/div>\n\t\t\t\t<div class=\"elementor-element elementor-element-67445e1 elementor-widget elementor-widget-text-editor\" data-id=\"67445e1\" data-element_type=\"widget\" data-e-type=\"widget\" data-widget_type=\"text-editor.default\">\n\t\t\t\t<div class=\"elementor-widget-container\">\n\t\t\t\t\t\t\t\t\t<h2>VieCuri Run &amp; Connect<\/h2><ul><li>Exklusive Trainingseinheiten bei Valk Gym<\/li><li>Streckenerkundung Arrow Venloop mit Networking-Mittagessen<\/li><li>Gemeinsame Teilnahme am Arrow Venloop<\/li><li>Exklusive Netzwerktreffen<\/li><li>Zweij\u00e4hrlicher Gesundheitscheck von VieCuri<\/li><li>Abschlussessen mit dem Vorstand der Stichting Venloop und Ihren Mitstreitern<\/li><li>Und mehr&#8230;<\/li><\/ul>\t\t\t\t\t\t\t\t<\/div>\n\t\t\t\t<\/div>\n\t\t\t\t<div class=\"elementor-element elementor-element-91a6faf elementor-widget elementor-widget-text-editor\" data-id=\"91a6faf\" data-element_type=\"widget\" data-e-type=\"widget\" data-widget_type=\"text-editor.default\">\n\t\t\t\t<div class=\"elementor-widget-container\">\n\t\t\t\t\t\t\t\t\t<h2>Programm<\/h2><p>Das erneuerte VieCuri Run &amp; Connect-Programm findet\u00a0<strong>von Oktober bis Mai statt<\/strong>. In diesem Zeitraum werden verschiedene Aktivit\u00e4ten durchgef\u00fchrt, an denen Sie nach der Anmeldung teilnehmen k\u00f6nnen Das Jahresprogramm dieser Saison sieht wie folgt aus:<\/p><p><strong>2024<\/strong><\/p><ul><li>10. Oktober \u2013 Sponsorenabend<\/li><li>31. Oktober \u2013 Saisonstart &amp; Teambuilding-Aktivit\u00e4t 1<\/li><li>29. November \u2013 Exklusives Valk Gym Training, inklusive k\u00f6stlichem Fr\u00fchst\u00fcck<\/li><li>15. Dezember \u2013 Gemeinsame Teilnahme am Venloop Weihnachtslauf<\/li><\/ul><p><strong>2025<\/strong><\/p><ul><li>9. Januar \u2013 Neujahrsessen<\/li><li>17. Januar \u2013 Exklusives Valk Gym Training, inklusive k\u00f6stlichem Fr\u00fchst\u00fcck<\/li><li>6. Februar \u2013 Inspirierender Firmenbesuch<\/li><li>21. Februar \u2013 Exklusives Valk Gym Training, inklusive k\u00f6stlichem Fr\u00fchst\u00fcck<\/li><li>23. M\u00e4rz \u2013 Erkundungslauf der Arrow Venloop Strecke, inklusive k\u00f6stlichem Fr\u00fchst\u00fcck<\/li><li>26. M\u00e4rz \u2013 Sponsorenabend<\/li><li>30. M\u00e4rz \u2013 Arrow Venloop 2025<\/li><li>10 April \u2013 Teambuilding-Aktivit\u00e4t 2<\/li><li>24. April \u2013 Inspirierender Firmenbesuch<\/li><li>14. Mai \u2013 Abschlussessen mit dem Vorstand der Stichting Venloop<\/li><\/ul>\t\t\t\t\t\t\t\t<\/div>\n\t\t\t\t<\/div>\n\t\t\t\t<div class=\"elementor-element elementor-element-cfc21e7 elementor-widget elementor-widget-text-editor\" data-id=\"cfc21e7\" data-element_type=\"widget\" data-e-type=\"widget\" data-widget_type=\"text-editor.default\">\n\t\t\t\t<div class=\"elementor-widget-container\">\n\t\t\t\t\t\t\t\t\t<h2>Anmelden<\/h2><p>Sie treiben gerne Sport, w\u00e4hrend Sie Ihr Netzwerk ausbauen m\u00f6chten? Melden Sie sich dann \u00fcber den unten stehenden Button f\u00fcr die neue Saison von VieCuri Run &amp; Connect an. Die Anmeldung ist bis Montag, 21. Oktober m\u00f6glich. Sie k\u00f6nnen uns f\u00fcr weitere Informationen auch \u00fcber den unten stehenden Button kontaktieren.<\/p><p>Wir werden uns nach der Anmeldung mit Ihnen in Verbindung setzen.<\/p>\t\t\t\t\t\t\t\t<\/div>\n\t\t\t\t<\/div>\n\t\t\t\t<div class=\"elementor-element elementor-element-1c21e48 elementor-widget elementor-widget-button\" data-id=\"1c21e48\" data-element_type=\"widget\" data-e-type=\"widget\" data-widget_type=\"button.default\">\n\t\t\t\t<div class=\"elementor-widget-container\">\n\t\t\t\t\t\t\t\t\t<div class=\"elementor-button-wrapper\">\n\t\t\t\t\t<a class=\"elementor-button elementor-button-link elementor-size-sm\" href=\"mailto:sponsoring@venloop.nl\" target=\"_blank\">\n\t\t\t\t\t\t<span class=\"elementor-button-content-wrapper\">\n\t\t\t\t\t\t\t\t\t<span class=\"elementor-button-text\">Let's Connect!<\/span>\n\t\t\t\t\t<\/span>\n\t\t\t\t\t<\/a>\n\t\t\t\t<\/div>\n\t\t\t\t\t\t\t\t<\/div>\n\t\t\t\t<\/div>\n\t\t\t\t\t<\/div>\n\t\t<\/div>\n\t\t\t\t\t<\/div>\n\t\t<\/section>\n\t\t\t\t<section class=\"elementor-section elementor-top-section elementor-element elementor-element-dcc2042 elementor-section-height-min-height elementor-section-boxed elementor-section-height-default elementor-section-items-middle\" data-id=\"dcc2042\" data-element_type=\"section\" data-e-type=\"section\" data-settings=\"{&quot;jet_parallax_layout_list&quot;:[],&quot;background_background&quot;:&quot;classic&quot;}\">\n\t\t\t\t\t\t\t<div class=\"elementor-background-overlay\"><\/div>\n\t\t\t\t\t\t\t<div class=\"elementor-container elementor-column-gap-default\">\n\t\t\t\t\t<div class=\"elementor-column elementor-col-50 elementor-top-column elementor-element elementor-element-6afe43f elementor-hidden-mobile\" data-id=\"6afe43f\" data-element_type=\"column\" data-e-type=\"column\">\n\t\t\t<div class=\"elementor-widget-wrap elementor-element-populated\">\n\t\t\t\t\t\t<div class=\"elementor-element elementor-element-09f6317 elementor-widget elementor-widget-image\" data-id=\"09f6317\" data-element_type=\"widget\" data-e-type=\"widget\" data-widget_type=\"image.default\">\n\t\t\t\t<div class=\"elementor-widget-container\">\n\t\t\t\t\t\t\t\t\t\t\t\t\t\t\t<img decoding=\"async\" width=\"800\" height=\"533\" src=\"https:\/\/venloop.nl\/wp-content\/uploads\/2024\/09\/2024_TBF2917-WEB-1024x682.jpg\" class=\"attachment-large size-large wp-image-93952\" alt=\"\" srcset=\"https:\/\/venloop.nl\/wp-content\/uploads\/2024\/09\/2024_TBF2917-WEB-1024x682.jpg 1024w, https:\/\/venloop.nl\/wp-content\/uploads\/2024\/09\/2024_TBF2917-WEB-300x200.jpg 300w, https:\/\/venloop.nl\/wp-content\/uploads\/2024\/09\/2024_TBF2917-WEB-768x512.jpg 768w, https:\/\/venloop.nl\/wp-content\/uploads\/2024\/09\/2024_TBF2917-WEB-600x400.jpg 600w, https:\/\/venloop.nl\/wp-content\/uploads\/2024\/09\/2024_TBF2917-WEB.jpg 1400w\" sizes=\"(max-width: 800px) 100vw, 800px\" \/>\t\t\t\t\t\t\t\t\t\t\t\t\t\t\t<\/div>\n\t\t\t\t<\/div>\n\t\t\t\t\t<\/div>\n\t\t<\/div>\n\t\t\t\t<div class=\"elementor-column elementor-col-50 elementor-top-column elementor-element elementor-element-7a7a320\" data-id=\"7a7a320\" data-element_type=\"column\" data-e-type=\"column\">\n\t\t\t<div class=\"elementor-widget-wrap elementor-element-populated\">\n\t\t\t\t\t\t<div class=\"elementor-element elementor-element-883dc05 elementor-widget elementor-widget-heading\" data-id=\"883dc05\" data-element_type=\"widget\" data-e-type=\"widget\" data-widget_type=\"heading.default\">\n\t\t\t\t<div class=\"elementor-widget-container\">\n\t\t\t\t\t<h2 class=\"elementor-heading-title elementor-size-default\">Melden Sie sich an!<\/h2>\t\t\t\t<\/div>\n\t\t\t\t<\/div>\n\t\t\t\t<div class=\"elementor-element elementor-element-c453bd7 elementor-mobile-align-start elementor-widget-mobile__width-auto elementor-widget__width-initial elementor-icon-list--layout-traditional elementor-list-item-link-full_width elementor-widget elementor-widget-icon-list\" data-id=\"c453bd7\" data-element_type=\"widget\" data-e-type=\"widget\" data-widget_type=\"icon-list.default\">\n\t\t\t\t<div class=\"elementor-widget-container\">\n\t\t\t\t\t\t\t<ul class=\"elementor-icon-list-items\">\n\t\t\t\t\t\t\t<li class=\"elementor-icon-list-item\">\n\t\t\t\t\t\t\t\t\t\t\t<span class=\"elementor-icon-list-icon\">\n\t\t\t\t\t\t\t<i aria-hidden=\"true\" class=\"far fa-comments\"><\/i>\t\t\t\t\t\t<\/span>\n\t\t\t\t\t\t\t\t\t\t<span class=\"elementor-icon-list-text\">Sie treiben gerne Sport, w\u00e4hrend Sie gleichzeitig Ihr Netzwerk ausbauen m\u00f6chten?<\/span>\n\t\t\t\t\t\t\t\t\t<\/li>\n\t\t\t\t\t\t\t\t<li class=\"elementor-icon-list-item\">\n\t\t\t\t\t\t\t\t\t\t\t<span class=\"elementor-icon-list-icon\">\n\t\t\t\t\t\t\t<i aria-hidden=\"true\" class=\"far fa-comments\"><\/i>\t\t\t\t\t\t<\/span>\n\t\t\t\t\t\t\t\t\t\t<span class=\"elementor-icon-list-text\">Melden Sie sich dann f\u00fcr den Netzwerkclub der Stichting Venloop an.<\/span>\n\t\t\t\t\t\t\t\t\t<\/li>\n\t\t\t\t\t\t\t\t<li class=\"elementor-icon-list-item\">\n\t\t\t\t\t\t\t\t\t\t\t<span class=\"elementor-icon-list-icon\">\n\t\t\t\t\t\t\t<i aria-hidden=\"true\" class=\"far fa-comments\"><\/i>\t\t\t\t\t\t<\/span>\n\t\t\t\t\t\t\t\t\t\t<span class=\"elementor-icon-list-text\">Dort, wo Sportlichkeit und Netzwerke im Mittelpunkt stehen.<\/span>\n\t\t\t\t\t\t\t\t\t<\/li>\n\t\t\t\t\t\t\t\t<li class=\"elementor-icon-list-item\">\n\t\t\t\t\t\t\t\t\t\t\t<span class=\"elementor-icon-list-icon\">\n\t\t\t\t\t\t\t<i aria-hidden=\"true\" class=\"far fa-comments\"><\/i>\t\t\t\t\t\t<\/span>\n\t\t\t\t\t\t\t\t\t\t<span class=\"elementor-icon-list-text\">Bitte kontaktieren Sie uns \u00fcber die unten stehenden Button! <\/span>\n\t\t\t\t\t\t\t\t\t<\/li>\n\t\t\t\t\t\t<\/ul>\n\t\t\t\t\t\t<\/div>\n\t\t\t\t<\/div>\n\t\t\t\t<div class=\"elementor-element elementor-element-aaa9051 elementor-align-left elementor-mobile-align-center elementor-widget elementor-widget-button\" data-id=\"aaa9051\" data-element_type=\"widget\" data-e-type=\"widget\" data-widget_type=\"button.default\">\n\t\t\t\t<div class=\"elementor-widget-container\">\n\t\t\t\t\t\t\t\t\t<div class=\"elementor-button-wrapper\">\n\t\t\t\t\t<a class=\"elementor-button elementor-button-link elementor-size-sm\" href=\"mailto:info@venloop.nl\">\n\t\t\t\t\t\t<span class=\"elementor-button-content-wrapper\">\n\t\t\t\t\t\t\t\t\t<span class=\"elementor-button-text\">Let's connect<\/span>\n\t\t\t\t\t<\/span>\n\t\t\t\t\t<\/a>\n\t\t\t\t<\/div>\n\t\t\t\t\t\t\t\t<\/div>\n\t\t\t\t<\/div>\n\t\t\t\t\t<\/div>\n\t\t<\/div>\n\t\t\t\t\t<\/div>\n\t\t<\/section>\n\t\t\t\t<section class=\"elementor-section elementor-top-section elementor-element elementor-element-ff632c0 elementor-section-boxed elementor-section-height-default elementor-section-height-default\" data-id=\"ff632c0\" data-element_type=\"section\" data-e-type=\"section\" data-settings=\"{&quot;jet_parallax_layout_list&quot;:[]}\">\n\t\t\t\t\t\t<div class=\"elementor-container elementor-column-gap-default\">\n\t\t\t\t\t<div class=\"elementor-column elementor-col-100 elementor-top-column elementor-element elementor-element-dbdf2cd\" data-id=\"dbdf2cd\" data-element_type=\"column\" data-e-type=\"column\">\n\t\t\t<div class=\"elementor-widget-wrap elementor-element-populated\">\n\t\t\t\t\t\t<div class=\"elementor-element elementor-element-2850881 elementor-widget elementor-widget-testimonial\" data-id=\"2850881\" data-element_type=\"widget\" data-e-type=\"widget\" data-widget_type=\"testimonial.default\">\n\t\t\t\t<div class=\"elementor-widget-container\">\n\t\t\t\t\t\t\t<div class=\"elementor-testimonial-wrapper\">\n\t\t\t\t\t\t\t<div class=\"elementor-testimonial-content\">\u201eDen Venloop von Anfang bis Ende mit Gleichgesinnten erleben. Eine wunderbare, aufschlussreiche und wertvolle Erfahrung, sowohl sportlich als auch beruflich.\u201c <\/div>\n\t\t\t\n\t\t\t\t\t\t<div class=\"elementor-testimonial-meta elementor-has-image elementor-testimonial-image-position-aside\">\n\t\t\t\t<div class=\"elementor-testimonial-meta-inner\">\n\t\t\t\t\t\t\t\t\t\t\t<div class=\"elementor-testimonial-image\">\n\t\t\t\t\t\t\t<img decoding=\"async\" width=\"400\" height=\"400\" src=\"https:\/\/venloop.nl\/wp-content\/uploads\/2024\/11\/1620905404385.jpg\" class=\"attachment-full size-full wp-image-96265\" alt=\"\" srcset=\"https:\/\/venloop.nl\/wp-content\/uploads\/2024\/11\/1620905404385.jpg 400w, https:\/\/venloop.nl\/wp-content\/uploads\/2024\/11\/1620905404385-300x300.jpg 300w, https:\/\/venloop.nl\/wp-content\/uploads\/2024\/11\/1620905404385-150x150.jpg 150w, https:\/\/venloop.nl\/wp-content\/uploads\/2024\/11\/1620905404385-100x100.jpg 100w\" sizes=\"(max-width: 400px) 100vw, 400px\" \/>\t\t\t\t\t\t<\/div>\n\t\t\t\t\t\n\t\t\t\t\t\t\t\t\t\t<div class=\"elementor-testimonial-details\">\n\t\t\t\t\t\t\t\t\t\t\t\t\t\t<div class=\"elementor-testimonial-name\">Harald van Amerom<\/div>\n\t\t\t\t\t\t\t\t\t\t\t\t\t\t\t\t\t\t\t\t\t\t<div class=\"elementor-testimonial-job\">Van Kneus BV, Teilnehmer 2024 <\/div>\n\t\t\t\t\t\t\t\t\t\t\t\t\t<\/div>\n\t\t\t\t\t\t\t\t\t<\/div>\n\t\t\t<\/div>\n\t\t\t\t\t<\/div>\n\t\t\t\t\t\t<\/div>\n\t\t\t\t<\/div>\n\t\t\t\t\t<\/div>\n\t\t<\/div>\n\t\t\t\t\t<\/div>\n\t\t<\/section>\n\t\t\t\t<section class=\"elementor-section elementor-top-section elementor-element elementor-element-005082f elementor-section-height-min-height elementor-section-boxed elementor-section-height-default elementor-section-items-middle\" data-id=\"005082f\" data-element_type=\"section\" data-e-type=\"section\" data-settings=\"{&quot;jet_parallax_layout_list&quot;:[],&quot;background_background&quot;:&quot;classic&quot;}\">\n\t\t\t\t\t\t\t<div class=\"elementor-background-overlay\"><\/div>\n\t\t\t\t\t\t\t<div class=\"elementor-container elementor-column-gap-default\">\n\t\t\t\t\t<div class=\"elementor-column elementor-col-100 elementor-top-column elementor-element elementor-element-9d5b0f6\" data-id=\"9d5b0f6\" data-element_type=\"column\" data-e-type=\"column\" data-settings=\"{&quot;background_background&quot;:&quot;classic&quot;}\">\n\t\t\t<div class=\"elementor-widget-wrap elementor-element-populated\">\n\t\t\t\t\t\t<div class=\"elementor-element elementor-element-6fed13e elementor-widget elementor-widget-heading\" data-id=\"6fed13e\" data-element_type=\"widget\" data-e-type=\"widget\" data-widget_type=\"heading.default\">\n\t\t\t\t<div class=\"elementor-widget-container\">\n\t\t\t\t\t<h2 class=\"elementor-heading-title elementor-size-default\">VieCuri Run &amp; Connect wird unterst\u00fctzt von:<\/h2>\t\t\t\t<\/div>\n\t\t\t\t<\/div>\n\t\t\t\t<div class=\"elementor-element elementor-element-99c1c6d elementor-widget elementor-widget-image\" data-id=\"99c1c6d\" data-element_type=\"widget\" data-e-type=\"widget\" data-widget_type=\"image.default\">\n\t\t\t\t<div class=\"elementor-widget-container\">\n\t\t\t\t\t\t\t\t\t\t\t\t\t\t\t\t<a href=\"https:\/\/www.viecuri.nl\/\" target=\"_blank\" rel=\"noopener\">\n\t\t\t\t\t\t\t<img loading=\"lazy\" decoding=\"async\" width=\"335\" height=\"130\" src=\"https:\/\/venloop.nl\/wp-content\/uploads\/2023\/02\/viecuriWhite.png\" class=\"attachment-large size-large wp-image-6327\" alt=\"\" srcset=\"https:\/\/venloop.nl\/wp-content\/uploads\/2023\/02\/viecuriWhite.png 335w, https:\/\/venloop.nl\/wp-content\/uploads\/2023\/02\/viecuriWhite-300x116.png 300w\" sizes=\"(max-width: 335px) 100vw, 335px\" \/>\t\t\t\t\t\t\t\t<\/a>\n\t\t\t\t\t\t\t\t\t\t\t\t\t\t\t<\/div>\n\t\t\t\t<\/div>\n\t\t\t\t\t<\/div>\n\t\t<\/div>\n\t\t\t\t\t<\/div>\n\t\t<\/section>\n\t\t\t\t<\/div>\n\t\t","protected":false},"excerpt":{"rendered":"<p>VieCuri Run &amp; Connect Startseite Wie k\u00f6nnen wir Ihnen helfen? Der Netzwerkclub, in dem Sportlichkeit und Networking im Mittelpunkt stehen! Der erneuerte Netzwerkclub der Stichting Venloop startet ab Oktober. VieCuri Run &amp; Connect\u00a0ist\u00a0der Netzwerkclub, in dem Sportlichkeit und Networking im Mittelpunkt stehen\u00a0und mit interessanten Zusammentreffen kombiniert werden. VieCuri Run &amp; Connect basiert auf dem VIP-Care-Konzept, [&hellip;]<\/p>\n","protected":false},"author":9,"featured_media":0,"parent":7779,"menu_order":3,"comment_status":"closed","ping_status":"closed","template":"","meta":{"footnotes":""},"class_list":["post-7784","page","type-page","status-publish","hentry"],"_links":{"self":[{"href":"https:\/\/venloop.nl\/de\/wp-json\/wp\/v2\/pages\/7784","targetHints":{"allow":["GET"]}}],"collection":[{"href":"https:\/\/venloop.nl\/de\/wp-json\/wp\/v2\/pages"}],"about":[{"href":"https:\/\/venloop.nl\/de\/wp-json\/wp\/v2\/types\/page"}],"author":[{"embeddable":true,"href":"https:\/\/venloop.nl\/de\/wp-json\/wp\/v2\/users\/9"}],"replies":[{"embeddable":true,"href":"https:\/\/venloop.nl\/de\/wp-json\/wp\/v2\/comments?post=7784"}],"version-history":[{"count":7,"href":"https:\/\/venloop.nl\/de\/wp-json\/wp\/v2\/pages\/7784\/revisions"}],"predecessor-version":[{"id":96270,"href":"https:\/\/venloop.nl\/de\/wp-json\/wp\/v2\/pages\/7784\/revisions\/96270"}],"up":[{"embeddable":true,"href":"https:\/\/venloop.nl\/de\/wp-json\/wp\/v2\/pages\/7779"}],"wp:attachment":[{"href":"https:\/\/venloop.nl\/de\/wp-json\/wp\/v2\/media?parent=7784"}],"curies":[{"name":"wp","href":"https:\/\/api.w.org\/{rel}","templated":true}]}}