{"id":7895,"date":"2023-03-18T10:50:39","date_gmt":"2023-03-18T09:50:39","guid":{"rendered":"https:\/\/staging.venloop.nl\/ueber-uns\/"},"modified":"2023-08-10T13:18:03","modified_gmt":"2023-08-10T11:18:03","slug":"ueber-uns","status":"publish","type":"page","link":"https:\/\/venloop.nl\/de\/ueber-uns\/","title":{"rendered":"\u00dcber uns"},"content":{"rendered":"\t\t<div data-elementor-type=\"wp-page\" data-elementor-id=\"7895\" class=\"elementor elementor-7895 elementor-1401\" data-elementor-post-type=\"page\">\n\t\t\t\t\t\t<section class=\"elementor-section elementor-top-section elementor-element elementor-element-b7bb3e1 elementor-section-height-min-height elementor-section-items-stretch elementor-section-boxed elementor-section-height-default\" data-id=\"b7bb3e1\" data-element_type=\"section\" data-e-type=\"section\" data-settings=\"{&quot;jet_parallax_layout_list&quot;:[],&quot;background_background&quot;:&quot;classic&quot;}\">\n\t\t\t\t\t\t\t<div class=\"elementor-background-overlay\"><\/div>\n\t\t\t\t\t\t\t<div class=\"elementor-container elementor-column-gap-default\">\n\t\t\t\t\t<div class=\"elementor-column elementor-col-100 elementor-top-column elementor-element elementor-element-f85e1aa\" data-id=\"f85e1aa\" data-element_type=\"column\" data-e-type=\"column\">\n\t\t\t<div class=\"elementor-widget-wrap elementor-element-populated\">\n\t\t\t\t\t\t<div class=\"elementor-element elementor-element-7a53306 elementor-widget elementor-widget-heading\" data-id=\"7a53306\" data-element_type=\"widget\" data-e-type=\"widget\" data-widget_type=\"heading.default\">\n\t\t\t\t<div class=\"elementor-widget-container\">\n\t\t\t\t\t<h1 class=\"elementor-heading-title elementor-size-default\">\u00dcber uns<\/h1>\t\t\t\t<\/div>\n\t\t\t\t<\/div>\n\t\t\t\t<div class=\"elementor-element elementor-element-3b3a2f7 jet-breadcrumbs-align-center elementor-widget elementor-widget-jet-breadcrumbs\" data-id=\"3b3a2f7\" data-element_type=\"widget\" data-e-type=\"widget\" data-widget_type=\"jet-breadcrumbs.default\">\n\t\t\t\t<div class=\"elementor-widget-container\">\n\t\t\t\t\t<div class=\"elementor-jet-breadcrumbs jet-blocks\">\n\t\t<div class=\"jet-breadcrumbs\">\n\t\t<div class=\"jet-breadcrumbs__content\">\n\t\t<div class=\"jet-breadcrumbs__wrap\"><div class=\"jet-breadcrumbs__item\"><a href=\"https:\/\/venloop.nl\/de\/\" class=\"jet-breadcrumbs__item-link is-home\" rel=\"home\" title=\"Startseite\">Startseite<\/a><\/div>\n\t\t<\/div>\n\t\t<\/div>\n\t\t<\/div><\/div>\t\t\t\t<\/div>\n\t\t\t\t<\/div>\n\t\t\t\t\t<\/div>\n\t\t<\/div>\n\t\t\t\t\t<\/div>\n\t\t<\/section>\n\t\t\t\t<section class=\"elementor-section elementor-top-section elementor-element elementor-element-84048ed elementor-section-height-min-height elementor-section-boxed elementor-section-height-default elementor-section-items-middle\" data-id=\"84048ed\" data-element_type=\"section\" data-e-type=\"section\" data-settings=\"{&quot;jet_parallax_layout_list&quot;:[],&quot;background_background&quot;:&quot;classic&quot;}\">\n\t\t\t\t\t\t<div class=\"elementor-container elementor-column-gap-default\">\n\t\t\t\t\t<div class=\"elementor-column elementor-col-100 elementor-top-column elementor-element elementor-element-bccf51d\" data-id=\"bccf51d\" data-element_type=\"column\" data-e-type=\"column\">\n\t\t\t<div class=\"elementor-widget-wrap elementor-element-populated\">\n\t\t\t\t\t\t<section class=\"elementor-section elementor-inner-section elementor-element elementor-element-b067d91 elementor-section-height-min-height elementor-section-content-middle elementor-section-boxed elementor-section-height-default\" data-id=\"b067d91\" data-element_type=\"section\" data-e-type=\"section\" data-settings=\"{&quot;jet_parallax_layout_list&quot;:[],&quot;background_background&quot;:&quot;classic&quot;}\">\n\t\t\t\t\t\t<div class=\"elementor-container elementor-column-gap-default\">\n\t\t\t\t\t<div class=\"elementor-column elementor-col-50 elementor-inner-column elementor-element elementor-element-fede11e elementor-hidden-mobile\" data-id=\"fede11e\" data-element_type=\"column\" data-e-type=\"column\">\n\t\t\t<div class=\"elementor-widget-wrap elementor-element-populated\">\n\t\t\t\t\t\t<div class=\"elementor-element elementor-element-c5c74d1 elementor-widget elementor-widget-heading\" data-id=\"c5c74d1\" data-element_type=\"widget\" data-e-type=\"widget\" data-widget_type=\"heading.default\">\n\t\t\t\t<div class=\"elementor-widget-container\">\n\t\t\t\t\t<h2 class=\"elementor-heading-title elementor-size-default\">Wie k\u00f6nnen wir Ihnen helfen?<\/h2>\t\t\t\t<\/div>\n\t\t\t\t<\/div>\n\t\t\t\t\t<\/div>\n\t\t<\/div>\n\t\t\t\t<div class=\"elementor-column elementor-col-50 elementor-inner-column elementor-element elementor-element-5f6186c\" data-id=\"5f6186c\" data-element_type=\"column\" data-e-type=\"column\">\n\t\t\t<div class=\"elementor-widget-wrap elementor-element-populated\">\n\t\t\t\t\t\t<div class=\"elementor-element elementor-element-6a02f5e elementor-widget elementor-widget-jet-search\" data-id=\"6a02f5e\" data-element_type=\"widget\" data-e-type=\"widget\" data-widget_type=\"jet-search.default\">\n\t\t\t\t<div class=\"elementor-widget-container\">\n\t\t\t\t\t<div class=\"elementor-jet-search jet-blocks\"><div class=\"jet-search\"><form role=\"search\" method=\"get\" class=\"jet-search__form\" action=\"https:\/\/venloop.nl\/de\/\">\n\t<label class=\"jet-search__label\">\n\t\t<span class=\"screen-reader-text\">Vind hier alle antwoorden...<\/span>\n\t\t<input type=\"search\" class=\"jet-search__field\"  placeholder=\"Vind hier alle antwoorden...\" value=\"\" name=\"s\" aria-label=\"Vind hier alle antwoorden...\" \/>\n\t<\/label>\n\t\t<button type=\"submit\" class=\"jet-search__submit\" aria-label=\"submit search\"><span class=\"jet-search__submit-icon jet-blocks-icon\"><i aria-hidden=\"true\" class=\"fas fa-search\"><\/i><\/span><\/button>\n\t\t\t<input type='hidden' name='lang' value='de' \/><\/form><\/div><\/div>\t\t\t\t<\/div>\n\t\t\t\t<\/div>\n\t\t\t\t<div class=\"elementor-element elementor-element-85e4236 elementor-absolute elementor-widget-mobile__width-initial elementor-hidden-mobile elementor-hidden-tablet elementor-widget elementor-widget-image\" data-id=\"85e4236\" data-element_type=\"widget\" data-e-type=\"widget\" data-settings=\"{&quot;_position&quot;:&quot;absolute&quot;,&quot;motion_fx_motion_fx_scrolling&quot;:&quot;yes&quot;,&quot;motion_fx_translateX_effect&quot;:&quot;yes&quot;,&quot;motion_fx_translateX_direction&quot;:&quot;negative&quot;,&quot;motion_fx_translateX_speed&quot;:{&quot;unit&quot;:&quot;px&quot;,&quot;size&quot;:4,&quot;sizes&quot;:[]},&quot;motion_fx_translateX_affectedRange&quot;:{&quot;unit&quot;:&quot;%&quot;,&quot;size&quot;:&quot;&quot;,&quot;sizes&quot;:{&quot;start&quot;:0,&quot;end&quot;:100}},&quot;motion_fx_devices&quot;:[&quot;desktop&quot;,&quot;tablet&quot;,&quot;mobile&quot;]}\" data-widget_type=\"image.default\">\n\t\t\t\t<div class=\"elementor-widget-container\">\n\t\t\t\t\t\t\t\t\t\t\t\t\t\t\t<img fetchpriority=\"high\" decoding=\"async\" width=\"800\" height=\"909\" src=\"https:\/\/venloop.nl\/wp-content\/uploads\/2023\/02\/WeirVenloopIconBalk-901x1024.png\" class=\"attachment-large size-large wp-image-6217\" alt=\"\" srcset=\"https:\/\/venloop.nl\/wp-content\/uploads\/2023\/02\/WeirVenloopIconBalk-901x1024.png 901w, https:\/\/venloop.nl\/wp-content\/uploads\/2023\/02\/WeirVenloopIconBalk-600x682.png 600w, https:\/\/venloop.nl\/wp-content\/uploads\/2023\/02\/WeirVenloopIconBalk-264x300.png 264w, https:\/\/venloop.nl\/wp-content\/uploads\/2023\/02\/WeirVenloopIconBalk-768x872.png 768w, https:\/\/venloop.nl\/wp-content\/uploads\/2023\/02\/WeirVenloopIconBalk.png 1000w\" sizes=\"(max-width: 800px) 100vw, 800px\" \/>\t\t\t\t\t\t\t\t\t\t\t\t\t\t\t<\/div>\n\t\t\t\t<\/div>\n\t\t\t\t\t<\/div>\n\t\t<\/div>\n\t\t\t\t\t<\/div>\n\t\t<\/section>\n\t\t\t\t\t<\/div>\n\t\t<\/div>\n\t\t\t\t\t<\/div>\n\t\t<\/section>\n\t\t\t\t<section class=\"elementor-section elementor-top-section elementor-element elementor-element-b1bd458 elementor-section-boxed elementor-section-height-default elementor-section-height-default\" data-id=\"b1bd458\" data-element_type=\"section\" data-e-type=\"section\" data-settings=\"{&quot;jet_parallax_layout_list&quot;:[]}\">\n\t\t\t\t\t\t<div class=\"elementor-container elementor-column-gap-default\">\n\t\t\t\t\t<div class=\"elementor-column elementor-col-100 elementor-top-column elementor-element elementor-element-edc14b5\" data-id=\"edc14b5\" data-element_type=\"column\" data-e-type=\"column\">\n\t\t\t<div class=\"elementor-widget-wrap elementor-element-populated\">\n\t\t\t\t\t\t<div class=\"elementor-element elementor-element-00cdb1d elementor-widget elementor-widget-heading\" data-id=\"00cdb1d\" data-element_type=\"widget\" data-e-type=\"widget\" data-widget_type=\"heading.default\">\n\t\t\t\t<div class=\"elementor-widget-container\">\n\t\t\t\t\t<h2 class=\"elementor-heading-title elementor-size-default\">Was als Traum begann...<\/h2>\t\t\t\t<\/div>\n\t\t\t\t<\/div>\n\t\t\t\t<div class=\"elementor-element elementor-element-d3d73d5 elementor-widget elementor-widget-text-editor\" data-id=\"d3d73d5\" data-element_type=\"widget\" data-e-type=\"widget\" data-widget_type=\"text-editor.default\">\n\t\t\t\t<div class=\"elementor-widget-container\">\n\t\t\t\t\t\t\t\t\t<p>Im Jahr 2003 begannen auf Initiative von Erik Schnock, einem der Vorstandsmitglieder des Venloop, 62 Venloer mit dem Training f\u00fcr den New York Marathon 2004. Die meisten von ihnen waren Neulinge, die 42.195 \u20ac f\u00fcr zwei Wohlt\u00e4tigkeitsorganisationen sammeln wollten. Also f\u00fcr jeden Meter einen Euro. Ein Jahr lang hartes Training, gemeinsamer Spa\u00df und Leiden, um auf einen Marathon, DEN Marathon, hinzuarbeiten, schwei\u00dft zusammen. Die Erfahrung in New York war also auch unausl\u00f6schlich. Auf dem R\u00fcckweg in die Niederlande kam die Idee auf, dass wir eine so fantastische Veranstaltung mit so viel Atmosph\u00e4re und Sportsgeist f\u00fcr so viele Menschen auch in Venlo veranstalten sollten. New York in Miniaturformat, mit anderen Worten.<\/p>\n<p>Kurz darauf wurde die Venloop Foundation gegr\u00fcndet und die Vorbereitungen f\u00fcr eine Laufveranstaltung begannen. Der Zweck der Venloop Foundation war urspr\u00fcnglich die F\u00f6rderung des Laufsports f\u00fcr ein breites Publikum. Und das bei einer gut organisierten, stimmungsvollen Laufveranstaltung.<\/p>\n<p>Ein paar Jahre sp\u00e4ter kam ein Rundgang hinzu und die Venloop Foundation ist heute ein &#8222;Dach&#8220; f\u00fcr alle Arten von Aktivit\u00e4ten, bei denen ein gesunder Lebensstil durch Sport, Bewegung und gesunde Ern\u00e4hrung im Mittelpunkt steht. Das ganze Jahr \u00fcber werden alle Arten von Veranstaltungen organisiert, in Form von Laufwettbewerben, Wanderungen, aber auch Sensibilisierungstagen wie dem VenloopKids-Nachmittag und dem Seniorentag. An jede Zielgruppe wurde gedacht, denn schlie\u00dflich erlebt man den Venloop gemeinsam!<\/p>\n<p>Auf diese Weise versteht es die Stiftung, Menschen das ganze Jahr \u00fcber auf spielerische Weise zu einem aktiven und gesunden Lebensstil zu motivieren.<\/p>\n\t\t\t\t\t\t\t\t<\/div>\n\t\t\t\t<\/div>\n\t\t\t\t\t<\/div>\n\t\t<\/div>\n\t\t\t\t\t<\/div>\n\t\t<\/section>\n\t\t\t\t<section class=\"elementor-section elementor-top-section elementor-element elementor-element-9228b81 elementor-section-height-min-height elementor-section-boxed elementor-section-height-default elementor-section-items-middle\" data-id=\"9228b81\" data-element_type=\"section\" data-e-type=\"section\" data-settings=\"{&quot;jet_parallax_layout_list&quot;:[],&quot;background_background&quot;:&quot;classic&quot;}\">\n\t\t\t\t\t\t\t<div class=\"elementor-background-overlay\"><\/div>\n\t\t\t\t\t\t\t<div class=\"elementor-container elementor-column-gap-default\">\n\t\t\t\t\t<div class=\"elementor-column elementor-col-50 elementor-top-column elementor-element elementor-element-f69d2a5 elementor-hidden-mobile\" data-id=\"f69d2a5\" data-element_type=\"column\" data-e-type=\"column\">\n\t\t\t<div class=\"elementor-widget-wrap elementor-element-populated\">\n\t\t\t\t\t\t<div class=\"elementor-element elementor-element-8f5ef9d elementor-widget elementor-widget-image\" data-id=\"8f5ef9d\" data-element_type=\"widget\" data-e-type=\"widget\" data-widget_type=\"image.default\">\n\t\t\t\t<div class=\"elementor-widget-container\">\n\t\t\t\t\t\t\t\t\t\t\t\t\t\t\t<img decoding=\"async\" width=\"800\" height=\"534\" src=\"https:\/\/venloop.nl\/wp-content\/uploads\/2023\/03\/2022-tbf9948-web-141-1024x683.jpg\" class=\"attachment-large size-large wp-image-7497\" alt=\"\" srcset=\"https:\/\/venloop.nl\/wp-content\/uploads\/2023\/03\/2022-tbf9948-web-141-1024x683.jpg 1024w, https:\/\/venloop.nl\/wp-content\/uploads\/2023\/03\/2022-tbf9948-web-141-600x400.jpg 600w, https:\/\/venloop.nl\/wp-content\/uploads\/2023\/03\/2022-tbf9948-web-141-300x200.jpg 300w, https:\/\/venloop.nl\/wp-content\/uploads\/2023\/03\/2022-tbf9948-web-141-768x512.jpg 768w, https:\/\/venloop.nl\/wp-content\/uploads\/2023\/03\/2022-tbf9948-web-141.jpg 1200w\" sizes=\"(max-width: 800px) 100vw, 800px\" \/>\t\t\t\t\t\t\t\t\t\t\t\t\t\t\t<\/div>\n\t\t\t\t<\/div>\n\t\t\t\t\t<\/div>\n\t\t<\/div>\n\t\t\t\t<div class=\"elementor-column elementor-col-50 elementor-top-column elementor-element elementor-element-0a6978e\" data-id=\"0a6978e\" data-element_type=\"column\" data-e-type=\"column\">\n\t\t\t<div class=\"elementor-widget-wrap elementor-element-populated\">\n\t\t\t\t\t\t<div class=\"elementor-element elementor-element-c93ac89 elementor-widget elementor-widget-heading\" data-id=\"c93ac89\" data-element_type=\"widget\" data-e-type=\"widget\" data-widget_type=\"heading.default\">\n\t\t\t\t<div class=\"elementor-widget-container\">\n\t\t\t\t\t<h2 class=\"elementor-heading-title elementor-size-default\">Freiwilliger werden?<\/h2>\t\t\t\t<\/div>\n\t\t\t\t<\/div>\n\t\t\t\t<div class=\"elementor-element elementor-element-69e4ad5 elementor-mobile-align-start elementor-widget-mobile__width-initial elementor-icon-list--layout-traditional elementor-list-item-link-full_width elementor-widget elementor-widget-icon-list\" data-id=\"69e4ad5\" data-element_type=\"widget\" data-e-type=\"widget\" data-widget_type=\"icon-list.default\">\n\t\t\t\t<div class=\"elementor-widget-container\">\n\t\t\t\t\t\t\t<ul class=\"elementor-icon-list-items\">\n\t\t\t\t\t\t\t<li class=\"elementor-icon-list-item\">\n\t\t\t\t\t\t\t\t\t\t<span class=\"elementor-icon-list-text\">M\u00f6chten Sie sich auch als Freiwilliger melden? Wir k\u00f6nnten Ihre Hilfe wirklich gebrauchen.<\/span>\n\t\t\t\t\t\t\t\t\t<\/li>\n\t\t\t\t\t\t<\/ul>\n\t\t\t\t\t\t<\/div>\n\t\t\t\t<\/div>\n\t\t\t\t<div class=\"elementor-element elementor-element-6b52b99 elementor-align-left elementor-mobile-align-center elementor-widget elementor-widget-button\" data-id=\"6b52b99\" data-element_type=\"widget\" data-e-type=\"widget\" data-widget_type=\"button.default\">\n\t\t\t\t<div class=\"elementor-widget-container\">\n\t\t\t\t\t\t\t\t\t<div class=\"elementor-button-wrapper\">\n\t\t\t\t\t<a class=\"elementor-button elementor-button-link elementor-size-sm\" href=\"https:\/\/venloop.nl\/de\/ehrenamtliche-mitarbeiter\/\" target=\"_blank\">\n\t\t\t\t\t\t<span class=\"elementor-button-content-wrapper\">\n\t\t\t\t\t\t\t\t\t<span class=\"elementor-button-text\">Hier anmelden!<\/span>\n\t\t\t\t\t<\/span>\n\t\t\t\t\t<\/a>\n\t\t\t\t<\/div>\n\t\t\t\t\t\t\t\t<\/div>\n\t\t\t\t<\/div>\n\t\t\t\t\t<\/div>\n\t\t<\/div>\n\t\t\t\t\t<\/div>\n\t\t<\/section>\n\t\t\t\t<\/div>\n\t\t","protected":false},"excerpt":{"rendered":"<p>\u00dcber uns Startseite Wie k\u00f6nnen wir Ihnen helfen? Was als Traum begann&#8230; Im Jahr 2003 begannen auf Initiative von Erik Schnock, einem der Vorstandsmitglieder des Venloop, 62 Venloer mit dem Training f\u00fcr den New York Marathon 2004. Die meisten von ihnen waren Neulinge, die 42.195 \u20ac f\u00fcr zwei Wohlt\u00e4tigkeitsorganisationen sammeln wollten. Also f\u00fcr jeden Meter [&hellip;]<\/p>\n","protected":false},"author":9,"featured_media":0,"parent":0,"menu_order":7,"comment_status":"closed","ping_status":"closed","template":"","meta":{"footnotes":""},"class_list":["post-7895","page","type-page","status-publish","hentry"],"_links":{"self":[{"href":"https:\/\/venloop.nl\/de\/wp-json\/wp\/v2\/pages\/7895","targetHints":{"allow":["GET"]}}],"collection":[{"href":"https:\/\/venloop.nl\/de\/wp-json\/wp\/v2\/pages"}],"about":[{"href":"https:\/\/venloop.nl\/de\/wp-json\/wp\/v2\/types\/page"}],"author":[{"embeddable":true,"href":"https:\/\/venloop.nl\/de\/wp-json\/wp\/v2\/users\/9"}],"replies":[{"embeddable":true,"href":"https:\/\/venloop.nl\/de\/wp-json\/wp\/v2\/comments?post=7895"}],"version-history":[{"count":0,"href":"https:\/\/venloop.nl\/de\/wp-json\/wp\/v2\/pages\/7895\/revisions"}],"wp:attachment":[{"href":"https:\/\/venloop.nl\/de\/wp-json\/wp\/v2\/media?parent=7895"}],"curies":[{"name":"wp","href":"https:\/\/api.w.org\/{rel}","templated":true}]}}