{"id":81022,"date":"2024-04-18T17:11:38","date_gmt":"2024-04-18T15:11:38","guid":{"rendered":"https:\/\/venloop.nl\/wandern\/wandele-naor-schandele\/wohltaetigkeit\/"},"modified":"2026-04-28T16:50:00","modified_gmt":"2026-04-28T14:50:00","slug":"wohltaetigkeit","status":"publish","type":"page","link":"https:\/\/venloop.nl\/de\/wandern\/wandele-naor-schandele\/wohltaetigkeit\/","title":{"rendered":"Wohlt\u00e4tigkeit"},"content":{"rendered":"\t\t<div data-elementor-type=\"wp-page\" data-elementor-id=\"81022\" class=\"elementor elementor-81022 elementor-80916\" data-elementor-post-type=\"page\">\n\t\t\t\t\t\t<section class=\"elementor-section elementor-top-section elementor-element elementor-element-7247076 elementor-section-boxed elementor-section-height-default elementor-section-height-default\" data-id=\"7247076\" data-element_type=\"section\" data-e-type=\"section\" data-settings=\"{&quot;jet_parallax_layout_list&quot;:[]}\">\n\t\t\t\t\t\t<div class=\"elementor-container elementor-column-gap-no\">\n\t\t\t\t\t<div class=\"elementor-column elementor-col-20 elementor-top-column elementor-element elementor-element-96a9ddb\" data-id=\"96a9ddb\" data-element_type=\"column\" data-e-type=\"column\">\n\t\t\t<div class=\"elementor-widget-wrap elementor-element-populated\">\n\t\t\t\t\t\t<div class=\"elementor-element elementor-element-60e7790 elementor-align-center elementor-widget elementor-widget-lottie\" data-id=\"60e7790\" data-element_type=\"widget\" data-e-type=\"widget\" data-settings=\"{&quot;source_json&quot;:{&quot;url&quot;:&quot;https:\\\/\\\/venloop.nl\\\/wp-content\\\/uploads\\\/2023\\\/05\\\/wired-outline-1361-purchase-order.json&quot;,&quot;id&quot;:54828,&quot;size&quot;:&quot;&quot;,&quot;alt&quot;:&quot;&quot;,&quot;source&quot;:&quot;library&quot;},&quot;trigger&quot;:&quot;on_hover&quot;,&quot;hover_area&quot;:&quot;column&quot;,&quot;link_to&quot;:&quot;custom&quot;,&quot;custom_link&quot;:{&quot;url&quot;:&quot;https:\\\/\\\/venloop.nl\\\/de\\\/wandern\\\/wandele-naor-schandele\\\/&quot;,&quot;is_external&quot;:&quot;&quot;,&quot;nofollow&quot;:&quot;&quot;,&quot;custom_attributes&quot;:&quot;&quot;},&quot;source&quot;:&quot;media_file&quot;,&quot;caption_source&quot;:&quot;none&quot;,&quot;on_hover_out&quot;:&quot;default&quot;,&quot;play_speed&quot;:{&quot;unit&quot;:&quot;px&quot;,&quot;size&quot;:1,&quot;sizes&quot;:[]},&quot;start_point&quot;:{&quot;unit&quot;:&quot;%&quot;,&quot;size&quot;:0,&quot;sizes&quot;:[]},&quot;end_point&quot;:{&quot;unit&quot;:&quot;%&quot;,&quot;size&quot;:100,&quot;sizes&quot;:[]},&quot;renderer&quot;:&quot;svg&quot;}\" data-widget_type=\"lottie.default\">\n\t\t\t\t<div class=\"elementor-widget-container\">\n\t\t\t\t\t<a class=\"e-lottie__container__link\" href=\"https:\/\/venloop.nl\/de\/wandern\/wandele-naor-schandele\/\"><div class=\"e-lottie__container\"><div class=\"e-lottie__animation\"><\/div><\/div><\/a>\t\t\t\t<\/div>\n\t\t\t\t<\/div>\n\t\t\t\t<div class=\"elementor-element elementor-element-53accf4 elementor-widget elementor-widget-heading\" data-id=\"53accf4\" data-element_type=\"widget\" data-e-type=\"widget\" data-widget_type=\"heading.default\">\n\t\t\t\t<div class=\"elementor-widget-container\">\n\t\t\t\t\t<h2 class=\"elementor-heading-title elementor-size-default\"><a href=\"https:\/\/venloop.nl\/de\/wandern\/wandele-naor-schandele\/\">Infos<\/a><\/h2>\t\t\t\t<\/div>\n\t\t\t\t<\/div>\n\t\t\t\t\t<\/div>\n\t\t<\/div>\n\t\t\t\t<div class=\"elementor-column elementor-col-20 elementor-top-column elementor-element elementor-element-c4c50be\" data-id=\"c4c50be\" data-element_type=\"column\" data-e-type=\"column\">\n\t\t\t<div class=\"elementor-widget-wrap elementor-element-populated\">\n\t\t\t\t\t\t<div class=\"elementor-element elementor-element-f45cd2c elementor-align-center elementor-widget elementor-widget-lottie\" data-id=\"f45cd2c\" data-element_type=\"widget\" data-e-type=\"widget\" data-settings=\"{&quot;source_json&quot;:{&quot;url&quot;:&quot;https:\\\/\\\/venloop.nl\\\/wp-content\\\/uploads\\\/2023\\\/09\\\/wired-outline-20-love-heart-1.json&quot;,&quot;id&quot;:68236,&quot;size&quot;:&quot;&quot;,&quot;alt&quot;:&quot;&quot;,&quot;source&quot;:&quot;library&quot;},&quot;trigger&quot;:&quot;on_hover&quot;,&quot;hover_area&quot;:&quot;column&quot;,&quot;link_to&quot;:&quot;custom&quot;,&quot;custom_link&quot;:{&quot;url&quot;:&quot;https:\\\/\\\/venloop.nl\\\/de\\\/wandern\\\/wandele-naor-schandele\\\/wohltaetigkeit\\\/&quot;,&quot;is_external&quot;:&quot;&quot;,&quot;nofollow&quot;:&quot;&quot;,&quot;custom_attributes&quot;:&quot;&quot;},&quot;source&quot;:&quot;media_file&quot;,&quot;caption_source&quot;:&quot;none&quot;,&quot;on_hover_out&quot;:&quot;default&quot;,&quot;play_speed&quot;:{&quot;unit&quot;:&quot;px&quot;,&quot;size&quot;:1,&quot;sizes&quot;:[]},&quot;start_point&quot;:{&quot;unit&quot;:&quot;%&quot;,&quot;size&quot;:0,&quot;sizes&quot;:[]},&quot;end_point&quot;:{&quot;unit&quot;:&quot;%&quot;,&quot;size&quot;:100,&quot;sizes&quot;:[]},&quot;renderer&quot;:&quot;svg&quot;}\" data-widget_type=\"lottie.default\">\n\t\t\t\t<div class=\"elementor-widget-container\">\n\t\t\t\t\t<a class=\"e-lottie__container__link\" href=\"https:\/\/venloop.nl\/de\/wandern\/wandele-naor-schandele\/wohltaetigkeit\/\"><div class=\"e-lottie__container\"><div class=\"e-lottie__animation\"><\/div><\/div><\/a>\t\t\t\t<\/div>\n\t\t\t\t<\/div>\n\t\t\t\t<div class=\"elementor-element elementor-element-5debb4d elementor-widget elementor-widget-heading\" data-id=\"5debb4d\" data-element_type=\"widget\" data-e-type=\"widget\" data-widget_type=\"heading.default\">\n\t\t\t\t<div class=\"elementor-widget-container\">\n\t\t\t\t\t<h2 class=\"elementor-heading-title elementor-size-default\"><a href=\"https:\/\/venloop.nl\/de\/wandern\/wandele-naor-schandele\/wohltaetigkeit\/\">Wohlt\u00e4tigkeit<\/a><\/h2>\t\t\t\t<\/div>\n\t\t\t\t<\/div>\n\t\t\t\t\t<\/div>\n\t\t<\/div>\n\t\t\t\t<div class=\"elementor-column elementor-col-20 elementor-top-column elementor-element elementor-element-0059bbb\" data-id=\"0059bbb\" data-element_type=\"column\" data-e-type=\"column\">\n\t\t\t<div class=\"elementor-widget-wrap elementor-element-populated\">\n\t\t\t\t\t\t<div class=\"elementor-element elementor-element-ded39dc elementor-align-center elementor-widget elementor-widget-lottie\" data-id=\"ded39dc\" data-element_type=\"widget\" data-e-type=\"widget\" data-settings=\"{&quot;source_json&quot;:{&quot;url&quot;:&quot;https:\\\/\\\/venloop.nl\\\/wp-content\\\/uploads\\\/2023\\\/05\\\/wired-outline-1018-signature-sig.json&quot;,&quot;id&quot;:54908,&quot;size&quot;:&quot;&quot;,&quot;alt&quot;:&quot;&quot;,&quot;source&quot;:&quot;library&quot;},&quot;trigger&quot;:&quot;on_hover&quot;,&quot;hover_area&quot;:&quot;column&quot;,&quot;link_to&quot;:&quot;custom&quot;,&quot;custom_link&quot;:{&quot;url&quot;:&quot;https:\\\/\\\/venloop.nl\\\/de\\\/wandern\\\/wandele-naor-schandele\\\/abonnieren-wandele-naor-schandele\\\/#menu&quot;,&quot;is_external&quot;:&quot;&quot;,&quot;nofollow&quot;:&quot;&quot;,&quot;custom_attributes&quot;:&quot;&quot;},&quot;source&quot;:&quot;media_file&quot;,&quot;caption_source&quot;:&quot;none&quot;,&quot;on_hover_out&quot;:&quot;default&quot;,&quot;play_speed&quot;:{&quot;unit&quot;:&quot;px&quot;,&quot;size&quot;:1,&quot;sizes&quot;:[]},&quot;start_point&quot;:{&quot;unit&quot;:&quot;%&quot;,&quot;size&quot;:0,&quot;sizes&quot;:[]},&quot;end_point&quot;:{&quot;unit&quot;:&quot;%&quot;,&quot;size&quot;:100,&quot;sizes&quot;:[]},&quot;renderer&quot;:&quot;svg&quot;}\" data-widget_type=\"lottie.default\">\n\t\t\t\t<div class=\"elementor-widget-container\">\n\t\t\t\t\t<a class=\"e-lottie__container__link\" href=\"https:\/\/venloop.nl\/de\/wandern\/wandele-naor-schandele\/abonnieren-wandele-naor-schandele\/#menu\"><div class=\"e-lottie__container\"><div class=\"e-lottie__animation\"><\/div><\/div><\/a>\t\t\t\t<\/div>\n\t\t\t\t<\/div>\n\t\t\t\t<div class=\"elementor-element elementor-element-4cf909a elementor-widget elementor-widget-heading\" data-id=\"4cf909a\" data-element_type=\"widget\" data-e-type=\"widget\" data-widget_type=\"heading.default\">\n\t\t\t\t<div class=\"elementor-widget-container\">\n\t\t\t\t\t<h2 class=\"elementor-heading-title elementor-size-default\"><a href=\"https:\/\/venloop.nl\/de\/wandern\/wandele-naor-schandele\/abonnieren-wandele-naor-schandele\/\">Abonnieren<\/a><\/h2>\t\t\t\t<\/div>\n\t\t\t\t<\/div>\n\t\t\t\t\t<\/div>\n\t\t<\/div>\n\t\t\t\t<div class=\"elementor-column elementor-col-20 elementor-top-column elementor-element elementor-element-b305d83\" data-id=\"b305d83\" data-element_type=\"column\" data-e-type=\"column\">\n\t\t\t<div class=\"elementor-widget-wrap elementor-element-populated\">\n\t\t\t\t\t\t<div class=\"elementor-element elementor-element-8d9a92c elementor-align-center elementor-widget elementor-widget-lottie\" data-id=\"8d9a92c\" data-element_type=\"widget\" data-e-type=\"widget\" data-settings=\"{&quot;source_json&quot;:{&quot;url&quot;:&quot;https:\\\/\\\/venloop.nl\\\/wp-content\\\/uploads\\\/2023\\\/05\\\/wired-outline-967-questionnaire.json&quot;,&quot;id&quot;:54834,&quot;size&quot;:&quot;&quot;,&quot;alt&quot;:&quot;&quot;,&quot;source&quot;:&quot;library&quot;},&quot;trigger&quot;:&quot;on_hover&quot;,&quot;hover_area&quot;:&quot;column&quot;,&quot;link_to&quot;:&quot;custom&quot;,&quot;custom_link&quot;:{&quot;url&quot;:&quot;https:\\\/\\\/venloop.nl\\\/de\\\/wandern\\\/wandele-naor-schandele\\\/routen-wandele-naor-schandele\\\/#menu&quot;,&quot;is_external&quot;:&quot;&quot;,&quot;nofollow&quot;:&quot;&quot;,&quot;custom_attributes&quot;:&quot;&quot;},&quot;source&quot;:&quot;media_file&quot;,&quot;caption_source&quot;:&quot;none&quot;,&quot;on_hover_out&quot;:&quot;default&quot;,&quot;play_speed&quot;:{&quot;unit&quot;:&quot;px&quot;,&quot;size&quot;:1,&quot;sizes&quot;:[]},&quot;start_point&quot;:{&quot;unit&quot;:&quot;%&quot;,&quot;size&quot;:0,&quot;sizes&quot;:[]},&quot;end_point&quot;:{&quot;unit&quot;:&quot;%&quot;,&quot;size&quot;:100,&quot;sizes&quot;:[]},&quot;renderer&quot;:&quot;svg&quot;}\" data-widget_type=\"lottie.default\">\n\t\t\t\t<div class=\"elementor-widget-container\">\n\t\t\t\t\t<a class=\"e-lottie__container__link\" href=\"https:\/\/venloop.nl\/de\/wandern\/wandele-naor-schandele\/routen-wandele-naor-schandele\/#menu\"><div class=\"e-lottie__container\"><div class=\"e-lottie__animation\"><\/div><\/div><\/a>\t\t\t\t<\/div>\n\t\t\t\t<\/div>\n\t\t\t\t<div class=\"elementor-element elementor-element-fe92438 elementor-widget elementor-widget-heading\" data-id=\"fe92438\" data-element_type=\"widget\" data-e-type=\"widget\" data-widget_type=\"heading.default\">\n\t\t\t\t<div class=\"elementor-widget-container\">\n\t\t\t\t\t<h2 class=\"elementor-heading-title elementor-size-default\"><a href=\"https:\/\/venloop.nl\/de\/wandern\/wandele-naor-schandele\/routen-wandele-naor-schandele\/#menu\">Routen<\/a><\/h2>\t\t\t\t<\/div>\n\t\t\t\t<\/div>\n\t\t\t\t\t<\/div>\n\t\t<\/div>\n\t\t\t\t<div class=\"elementor-column elementor-col-20 elementor-top-column elementor-element elementor-element-6fa7277\" data-id=\"6fa7277\" data-element_type=\"column\" data-e-type=\"column\">\n\t\t\t<div class=\"elementor-widget-wrap elementor-element-populated\">\n\t\t\t\t\t\t<div class=\"elementor-element elementor-element-c87e2d1 elementor-align-center elementor-widget elementor-widget-lottie\" data-id=\"c87e2d1\" data-element_type=\"widget\" data-e-type=\"widget\" data-settings=\"{&quot;source_json&quot;:{&quot;url&quot;:&quot;https:\\\/\\\/venloop.nl\\\/wp-content\\\/uploads\\\/2023\\\/03\\\/61-camera-outline-edited.json&quot;,&quot;id&quot;:4411,&quot;size&quot;:&quot;&quot;,&quot;alt&quot;:&quot;&quot;,&quot;source&quot;:&quot;library&quot;},&quot;trigger&quot;:&quot;on_hover&quot;,&quot;hover_area&quot;:&quot;column&quot;,&quot;link_to&quot;:&quot;custom&quot;,&quot;custom_link&quot;:{&quot;url&quot;:&quot;https:\\\/\\\/venloop.nl\\\/toeschouwers\\\/fotos\\\/foto-2025\\\/wandelenaorschandele\\\/&quot;,&quot;is_external&quot;:&quot;&quot;,&quot;nofollow&quot;:&quot;&quot;,&quot;custom_attributes&quot;:&quot;&quot;},&quot;source&quot;:&quot;media_file&quot;,&quot;caption_source&quot;:&quot;none&quot;,&quot;on_hover_out&quot;:&quot;default&quot;,&quot;play_speed&quot;:{&quot;unit&quot;:&quot;px&quot;,&quot;size&quot;:1,&quot;sizes&quot;:[]},&quot;start_point&quot;:{&quot;unit&quot;:&quot;%&quot;,&quot;size&quot;:0,&quot;sizes&quot;:[]},&quot;end_point&quot;:{&quot;unit&quot;:&quot;%&quot;,&quot;size&quot;:100,&quot;sizes&quot;:[]},&quot;renderer&quot;:&quot;svg&quot;}\" data-widget_type=\"lottie.default\">\n\t\t\t\t<div class=\"elementor-widget-container\">\n\t\t\t\t\t<a class=\"e-lottie__container__link\" href=\"https:\/\/venloop.nl\/toeschouwers\/fotos\/foto-2025\/wandelenaorschandele\/\"><div class=\"e-lottie__container\"><div class=\"e-lottie__animation\"><\/div><\/div><\/a>\t\t\t\t<\/div>\n\t\t\t\t<\/div>\n\t\t\t\t<div class=\"elementor-element elementor-element-2bef7f1 elementor-widget elementor-widget-heading\" data-id=\"2bef7f1\" data-element_type=\"widget\" data-e-type=\"widget\" data-widget_type=\"heading.default\">\n\t\t\t\t<div class=\"elementor-widget-container\">\n\t\t\t\t\t<h2 class=\"elementor-heading-title elementor-size-default\"><a href=\"https:\/\/venloop.nl\/toeschouwers\/fotos\/foto-2025\/wandelenaorschandele\/\">Fotos<\/a><\/h2>\t\t\t\t<\/div>\n\t\t\t\t<\/div>\n\t\t\t\t\t<\/div>\n\t\t<\/div>\n\t\t\t\t\t<\/div>\n\t\t<\/section>\n\t\t\t\t<section class=\"elementor-section elementor-top-section elementor-element elementor-element-204d7a74 elementor-section-boxed elementor-section-height-default elementor-section-height-default\" data-id=\"204d7a74\" data-element_type=\"section\" data-e-type=\"section\" data-settings=\"{&quot;jet_parallax_layout_list&quot;:[]}\">\n\t\t\t\t\t\t<div class=\"elementor-container elementor-column-gap-default\">\n\t\t\t\t\t<div class=\"elementor-column elementor-col-100 elementor-top-column elementor-element elementor-element-27e054e5\" data-id=\"27e054e5\" data-element_type=\"column\" data-e-type=\"column\">\n\t\t\t<div class=\"elementor-widget-wrap elementor-element-populated\">\n\t\t\t\t\t\t<div class=\"elementor-element elementor-element-3c85e5a0 elementor-widget elementor-widget-heading\" data-id=\"3c85e5a0\" data-element_type=\"widget\" data-e-type=\"widget\" data-widget_type=\"heading.default\">\n\t\t\t\t<div class=\"elementor-widget-container\">\n\t\t\t\t\t<h1 class=\"elementor-heading-title elementor-size-default\">Wohlt\u00e4tigkeit<\/h1>\t\t\t\t<\/div>\n\t\t\t\t<\/div>\n\t\t\t\t<div class=\"elementor-element elementor-element-551272c elementor-widget elementor-widget-text-editor\" data-id=\"551272c\" data-element_type=\"widget\" data-e-type=\"widget\" data-widget_type=\"text-editor.default\">\n\t\t\t\t<div class=\"elementor-widget-container\">\n\t\t\t\t\t\t\t\t\t<p>Wandele naor Schandele engagiert sich im Kampf gegen Krebs. Jedes Jahr steht ein anderes lokales Ziel im Mittelpunkt, das zu dieser Mission passt. In diesem Jahr engagiert sich Wandele naor Schandele wieder f\u00fcr zwei besondere Ziele: Kankerpraat und Kus van Kiki.   <\/p><p><b>Kankerpraat (Krebsgespr\u00e4che)<\/b><br>Eine Krebsdiagnose stellt das Leben auf den Kopf. Die Stiftung Kankerpraat ist f\u00fcr Menschen da, die ihre Geschichte erz\u00e4hlen m\u00f6chten, aber nicht immer wissen, wem sie sich anvertrauen k\u00f6nnen. Freiwillige mit eigener Erfahrung bieten ein offenes Ohr und echte Aufmerksamkeit in pers\u00f6nlichen Gespr\u00e4chen. Manchmal ist schon ein einziges gutes Gespr\u00e4ch von unsch\u00e4tzbarem Wert. Mit dem Erl\u00f6s von Wandele naor Schandele m\u00f6chten wir dazu beitragen, dass diese Gespr\u00e4che auch weiterhin m\u00f6glich sind!    <\/p><p><strong>Kus van Kiki<br><\/strong>Nach dem Tod von Kiki Toll, die im Alter von 14 Jahren an Leberkrebs erkrankte, gr\u00fcndeten Freunde und Familie die Stiftung \u201eKus van Kiki\u201d. Kiki hatte sich bereits w\u00e4hrend ihrer Krankheit zum Ziel gesetzt, anderen krebskranken Kindern zu helfen, und mit dieser Stiftung setzen ihre Angeh\u00f6rigen diesen Wunsch fort. Die Stiftung engagiert sich f\u00fcr Forschung, bessere Behandlungen und zus\u00e4tzliche Unterst\u00fctzung f\u00fcr Kinder und ihre Familien. Dazu leisten wir mit Wandele naor Schandele gerne einen Beitrag!    <\/p>\t\t\t\t\t\t\t\t<\/div>\n\t\t\t\t<\/div>\n\t\t<div class=\"elementor-element elementor-element-8ff95a0 e-grid e-con-boxed e-con e-parent\" data-id=\"8ff95a0\" data-element_type=\"container\" data-e-type=\"container\" data-settings=\"{&quot;jet_parallax_layout_list&quot;:[]}\">\n\t\t\t\t\t<div class=\"e-con-inner\">\n\t\t\t\t<div class=\"elementor-element elementor-element-46f02bd elementor-align-center elementor-widget elementor-widget-button\" data-id=\"46f02bd\" data-element_type=\"widget\" data-e-type=\"widget\" data-widget_type=\"button.default\">\n\t\t\t\t<div class=\"elementor-widget-container\">\n\t\t\t\t\t\t\t\t\t<div class=\"elementor-button-wrapper\">\n\t\t\t\t\t<a class=\"elementor-button elementor-button-link elementor-size-sm\" href=\"https:\/\/www.kankerpraat.nl\/over-ons\/\" target=\"_blank\" rel=\"noopener\">\n\t\t\t\t\t\t<span class=\"elementor-button-content-wrapper\">\n\t\t\t\t\t\t\t\t\t<span class=\"elementor-button-text\">Kankerpraat<\/span>\n\t\t\t\t\t<\/span>\n\t\t\t\t\t<\/a>\n\t\t\t\t<\/div>\n\t\t\t\t\t\t\t\t<\/div>\n\t\t\t\t<\/div>\n\t\t\t\t<div class=\"elementor-element elementor-element-3b57b69 elementor-align-center elementor-widget elementor-widget-button\" data-id=\"3b57b69\" data-element_type=\"widget\" data-e-type=\"widget\" data-widget_type=\"button.default\">\n\t\t\t\t<div class=\"elementor-widget-container\">\n\t\t\t\t\t\t\t\t\t<div class=\"elementor-button-wrapper\">\n\t\t\t\t\t<a class=\"elementor-button elementor-button-link elementor-size-sm\" href=\"https:\/\/www.kusvankiki.nl\/de-stichting\/het-verhaal\" target=\"_blank\" rel=\"noopener\">\n\t\t\t\t\t\t<span class=\"elementor-button-content-wrapper\">\n\t\t\t\t\t\t\t\t\t<span class=\"elementor-button-text\">Kus van Kiki<\/span>\n\t\t\t\t\t<\/span>\n\t\t\t\t\t<\/a>\n\t\t\t\t<\/div>\n\t\t\t\t\t\t\t\t<\/div>\n\t\t\t\t<\/div>\n\t\t\t\t\t<\/div>\n\t\t\t\t<\/div>\n\t\t\t\t<div class=\"elementor-element elementor-element-91906ff elementor-position-right elementor-vertical-align-middle elementor-widget__width-auto elementor-widget elementor-widget-image-box\" data-id=\"91906ff\" data-element_type=\"widget\" data-e-type=\"widget\" data-widget_type=\"image-box.default\">\n\t\t\t\t<div class=\"elementor-widget-container\">\n\t\t\t\t\t<div class=\"elementor-image-box-wrapper\"><figure class=\"elementor-image-box-img\"><img decoding=\"async\" src=\"https:\/\/venloop.nl\/wp-content\/uploads\/2026\/01\/cheque-wns-2025-2-scaled.jpeg\" title=\"cheque wns 2025-2\" alt=\"cheque wns 2025-2\" loading=\"lazy\" \/><\/figure><div class=\"elementor-image-box-content\"><h3 class=\"elementor-image-box-title\"><b>Wohlt\u00e4tigkeit 2025<\/b><br><\/h3><p class=\"elementor-image-box-description\">Im Jahr 2025 haben wir gemeinsam nicht weniger als 10.000 \u20ac f\u00fcr das Shared Care Centrum f\u00fcr Kinderonkologie im VieCuri Medisch Centrum Venlo gesammelt. Mit diesem Betrag konnten VR-Brillen f\u00fcr Kinder w\u00e4hrend ihrer Behandlung angeschafft werden. So k\u00f6nnen sie Spiele spielen, Filme schauen oder Entspannungs\u00fcbungen machen. Dadurch werden Stress, \u00c4ngste und Schmerzen erheblich reduziert. Dank dieser Unterst\u00fctzung k\u00f6nnen krebskranke Kinder und ihre Familien auf eine bessere Versorgung und einen angenehmeren Behandlungsverlauf in der N\u00e4he ihres Wohnortes z\u00e4hlen. Wir sind sehr froh, dass wir dazu beitragen konnten!     \n<\/p><\/div><\/div>\t\t\t\t<\/div>\n\t\t\t\t<\/div>\n\t\t\t\t<div class=\"elementor-element elementor-element-0136573 elementor-vertical-align-middle elementor-widget__width-auto elementor-hidden-desktop elementor-hidden-tablet elementor-hidden-mobile elementor-widget elementor-widget-image-box\" data-id=\"0136573\" data-element_type=\"widget\" data-e-type=\"widget\" data-widget_type=\"image-box.default\">\n\t\t\t\t<div class=\"elementor-widget-container\">\n\t\t\t\t\t<div class=\"elementor-image-box-wrapper\"><div class=\"elementor-image-box-content\"><h3 class=\"elementor-image-box-title\"><a href=\"https:\/\/betaalverzoek.rabobank.nl\/betaalverzoek\/?id=ZFM8iVjrSOuN8s9mdEEBGA\" target=\"_blank\" rel=\"noopener\">Wandele naor Schandele, 17 mei 2026<\/a><\/h3><p class=\"elementor-image-box-description\">Het goede doel voor editie 11 van Wandele naor Schandele in 2026 is nog niet bekend. Suggesties kunnen worden aangedragen via info@venloop.nl. <\/p><\/div><\/div>\t\t\t\t<\/div>\n\t\t\t\t<\/div>\n\t\t\t\t\t<\/div>\n\t\t<\/div>\n\t\t\t\t\t<\/div>\n\t\t<\/section>\n\t\t\t\t<section class=\"elementor-section elementor-top-section elementor-element elementor-element-bff4ac6 elementor-hidden-desktop elementor-hidden-tablet elementor-hidden-mobile elementor-section-boxed elementor-section-height-default elementor-section-height-default\" data-id=\"bff4ac6\" data-element_type=\"section\" data-e-type=\"section\" data-settings=\"{&quot;jet_parallax_layout_list&quot;:[]}\">\n\t\t\t\t\t\t<div class=\"elementor-container elementor-column-gap-default\">\n\t\t\t\t\t<div class=\"elementor-column elementor-col-100 elementor-top-column elementor-element elementor-element-0dbb156\" data-id=\"0dbb156\" data-element_type=\"column\" data-e-type=\"column\">\n\t\t\t<div class=\"elementor-widget-wrap elementor-element-populated\">\n\t\t\t\t\t\t<div class=\"elementor-element elementor-element-fc5b929 elementor-widget elementor-widget-heading\" data-id=\"fc5b929\" data-element_type=\"widget\" data-e-type=\"widget\" data-widget_type=\"heading.default\">\n\t\t\t\t<div class=\"elementor-widget-container\">\n\t\t\t\t\t<h1 class=\"elementor-heading-title elementor-size-default\">Wohlt\u00e4tigkeit<\/h1>\t\t\t\t<\/div>\n\t\t\t\t<\/div>\n\t\t\t\t<div class=\"elementor-element elementor-element-ba56b89 elementor-widget elementor-widget-text-editor\" data-id=\"ba56b89\" data-element_type=\"widget\" data-e-type=\"widget\" data-widget_type=\"text-editor.default\">\n\t\t\t\t<div class=\"elementor-widget-container\">\n\t\t\t\t\t\t\t\t\t<p>Wandele naor Schandele zet zich in voor de strijd tegen kanker. Ieder jaar staat er weer een ander lokaal doel centraal dat aansluit bij deze missie. Dit jaar zet Wandele naor Schandele zich weer in voor een bijzonder doel: <strong>het Shared Care Centrum voor kinderoncologie<\/strong> in VieCuri Medisch Centrum Venlo.   <\/p>\t\t\t\t\t\t\t\t<\/div>\n\t\t\t\t<\/div>\n\t\t\t\t<div class=\"elementor-element elementor-element-bfdae3f elementor-position-right elementor-vertical-align-top elementor-widget elementor-widget-image-box\" data-id=\"bfdae3f\" data-element_type=\"widget\" data-e-type=\"widget\" data-widget_type=\"image-box.default\">\n\t\t\t\t<div class=\"elementor-widget-container\">\n\t\t\t\t\t<div class=\"elementor-image-box-wrapper\"><figure class=\"elementor-image-box-img\"><img fetchpriority=\"high\" decoding=\"async\" width=\"768\" height=\"1024\" src=\"https:\/\/venloop.nl\/wp-content\/uploads\/2024\/06\/cheque-uitreiking_logo-1-768x1024.jpg\" class=\"attachment-large size-large wp-image-86489\" alt=\"\" srcset=\"https:\/\/venloop.nl\/wp-content\/uploads\/2024\/06\/cheque-uitreiking_logo-1-768x1024.jpg 768w, https:\/\/venloop.nl\/wp-content\/uploads\/2024\/06\/cheque-uitreiking_logo-1-225x300.jpg 225w, https:\/\/venloop.nl\/wp-content\/uploads\/2024\/06\/cheque-uitreiking_logo-1-1152x1536.jpg 1152w, https:\/\/venloop.nl\/wp-content\/uploads\/2024\/06\/cheque-uitreiking_logo-1-600x800.jpg 600w, https:\/\/venloop.nl\/wp-content\/uploads\/2024\/06\/cheque-uitreiking_logo-1.jpg 1200w\" sizes=\"(max-width: 768px) 100vw, 768px\" \/><\/figure><div class=\"elementor-image-box-content\"><h3 class=\"elementor-image-box-title\">2024 - Team kus van Kiki<\/h3><p class=\"elementor-image-box-description\">In den Niederlanden wird jedes Jahr bei etwa 600 Kindern Krebs diagnostiziert. Leider \u00fcberlebt derzeit 1 von 5 Kindern nicht. Im Alter von 14 Jahren wurde bei Kiki Toll Leberkrebs diagnostiziert. W\u00e4hrend ihrer Krankheit engagierte sich Kiki f\u00fcr Wohlt\u00e4tigkeitsorganisationen, die sich f\u00fcr Kinderkrebs einsetzen. Als Kiki im Alter von 16 Jahren verstarb, gr\u00fcndeten Freunde und Familie das Team Kus van Kiki, um ihren Wunsch fortzusetzen und anderen krebskranken Kindern zu helfen.    <br><br>Namens de deelnemers van Wandele naor Schandele 2024 mochten we uiteindelijk een cheque overhandigen aan Team Kus van Kiki van maar liefst \u20ac<b>7.500<\/b>,-. Met de opbrengst kan Stichting Kinderen Kankervrij (KiKa) weer stappen zetten in hun onderzoek naar kinderkanker.  Gemeinsam machen wir den Unterschied!<br><br>Sind Sie neugierig, mehr \u00fcber diese gro\u00dfartige Initiative zu erfahren? Klicken Sie dann auf die Schaltfl\u00e4che unten. <\/p><\/div><\/div>\t\t\t\t<\/div>\n\t\t\t\t<\/div>\n\t\t\t\t<div class=\"elementor-element elementor-element-e6608bc elementor-align-left elementor-mobile-align-center elementor-widget elementor-widget-button\" data-id=\"e6608bc\" data-element_type=\"widget\" data-e-type=\"widget\" data-widget_type=\"button.default\">\n\t\t\t\t<div class=\"elementor-widget-container\">\n\t\t\t\t\t\t\t\t\t<div class=\"elementor-button-wrapper\">\n\t\t\t\t\t<a class=\"elementor-button elementor-button-link elementor-size-sm\" href=\"https:\/\/www.girodikika.nl\/kus-van-kiki\" target=\"_blank\" rel=\"noopener\">\n\t\t\t\t\t\t<span class=\"elementor-button-content-wrapper\">\n\t\t\t\t\t\t\t\t\t<span class=\"elementor-button-text\">Team Kus van Kiki<\/span>\n\t\t\t\t\t<\/span>\n\t\t\t\t\t<\/a>\n\t\t\t\t<\/div>\n\t\t\t\t\t\t\t\t<\/div>\n\t\t\t\t<\/div>\n\t\t\t\t\t<\/div>\n\t\t<\/div>\n\t\t\t\t\t<\/div>\n\t\t<\/section>\n\t\t\t\t<\/div>\n\t\t","protected":false},"excerpt":{"rendered":"<p>Infos Wohlt\u00e4tigkeit Abonnieren Routen Fotos Wohlt\u00e4tigkeit Wandele naor Schandele engagiert sich im Kampf gegen Krebs. Jedes Jahr steht ein anderes lokales Ziel im Mittelpunkt, das zu dieser Mission passt. In diesem Jahr engagiert sich Wandele naor Schandele wieder f\u00fcr zwei besondere Ziele: Kankerpraat und Kus van Kiki. Kankerpraat (Krebsgespr\u00e4che)Eine Krebsdiagnose stellt das Leben auf den [&hellip;]<\/p>\n","protected":false},"author":3,"featured_media":0,"parent":54305,"menu_order":0,"comment_status":"closed","ping_status":"closed","template":"","meta":{"footnotes":""},"class_list":["post-81022","page","type-page","status-publish","hentry"],"_links":{"self":[{"href":"https:\/\/venloop.nl\/de\/wp-json\/wp\/v2\/pages\/81022","targetHints":{"allow":["GET"]}}],"collection":[{"href":"https:\/\/venloop.nl\/de\/wp-json\/wp\/v2\/pages"}],"about":[{"href":"https:\/\/venloop.nl\/de\/wp-json\/wp\/v2\/types\/page"}],"author":[{"embeddable":true,"href":"https:\/\/venloop.nl\/de\/wp-json\/wp\/v2\/users\/3"}],"replies":[{"embeddable":true,"href":"https:\/\/venloop.nl\/de\/wp-json\/wp\/v2\/comments?post=81022"}],"version-history":[{"count":25,"href":"https:\/\/venloop.nl\/de\/wp-json\/wp\/v2\/pages\/81022\/revisions"}],"predecessor-version":[{"id":122559,"href":"https:\/\/venloop.nl\/de\/wp-json\/wp\/v2\/pages\/81022\/revisions\/122559"}],"up":[{"embeddable":true,"href":"https:\/\/venloop.nl\/de\/wp-json\/wp\/v2\/pages\/54305"}],"wp:attachment":[{"href":"https:\/\/venloop.nl\/de\/wp-json\/wp\/v2\/media?parent=81022"}],"curies":[{"name":"wp","href":"https:\/\/api.w.org\/{rel}","templated":true}]}}