{"id":8177,"date":"2023-03-18T10:58:14","date_gmt":"2023-03-18T09:58:14","guid":{"rendered":"https:\/\/staging.venloop.nl\/zusaetzliche-informationen-neptune-walk\/"},"modified":"2026-03-06T09:51:37","modified_gmt":"2026-03-06T07:51:37","slug":"zusaetzliche-informationen","status":"publish","type":"page","link":"https:\/\/venloop.nl\/de\/wandern\/neptunus-wanderung\/zusaetzliche-informationen\/","title":{"rendered":"Zus\u00e4tzliche Info Neptunus-Wanderung"},"content":{"rendered":"\t\t<div data-elementor-type=\"wp-page\" data-elementor-id=\"8177\" class=\"elementor elementor-8177 elementor-4751\" data-elementor-post-type=\"page\">\n\t\t\t\t\t\t<section class=\"elementor-section elementor-top-section elementor-element elementor-element-42f625fd elementor-section-boxed elementor-section-height-default elementor-section-height-default\" data-id=\"42f625fd\" data-element_type=\"section\" data-e-type=\"section\" id=\"menu\" data-settings=\"{&quot;jet_parallax_layout_list&quot;:[]}\">\n\t\t\t\t\t\t<div class=\"elementor-container elementor-column-gap-no\">\n\t\t\t\t\t<div class=\"elementor-column elementor-col-12 elementor-top-column elementor-element elementor-element-348f02cf\" data-id=\"348f02cf\" data-element_type=\"column\" data-e-type=\"column\" id=\"HoverColumn\">\n\t\t\t<div class=\"elementor-widget-wrap elementor-element-populated\">\n\t\t\t\t\t\t<div class=\"elementor-element elementor-element-19673e17 elementor-align-center elementor-widget elementor-widget-lottie\" data-id=\"19673e17\" data-element_type=\"widget\" data-e-type=\"widget\" data-settings=\"{&quot;source_json&quot;:{&quot;url&quot;:&quot;https:\\\/\\\/venloop.nl\\\/wp-content\\\/uploads\\\/2023\\\/03\\\/1018-signature-sig-outline.json&quot;,&quot;id&quot;:4169,&quot;size&quot;:&quot;&quot;,&quot;alt&quot;:&quot;&quot;,&quot;source&quot;:&quot;library&quot;},&quot;trigger&quot;:&quot;on_hover&quot;,&quot;hover_area&quot;:&quot;column&quot;,&quot;link_to&quot;:&quot;custom&quot;,&quot;custom_link&quot;:{&quot;url&quot;:&quot;https:\\\/\\\/venloop.nl\\\/de\\\/wandern\\\/neptunus-wanderung\\\/#menu&quot;,&quot;is_external&quot;:&quot;&quot;,&quot;nofollow&quot;:&quot;&quot;,&quot;custom_attributes&quot;:&quot;&quot;},&quot;source&quot;:&quot;media_file&quot;,&quot;caption_source&quot;:&quot;none&quot;,&quot;on_hover_out&quot;:&quot;default&quot;,&quot;play_speed&quot;:{&quot;unit&quot;:&quot;px&quot;,&quot;size&quot;:1,&quot;sizes&quot;:[]},&quot;start_point&quot;:{&quot;unit&quot;:&quot;%&quot;,&quot;size&quot;:0,&quot;sizes&quot;:[]},&quot;end_point&quot;:{&quot;unit&quot;:&quot;%&quot;,&quot;size&quot;:100,&quot;sizes&quot;:[]},&quot;renderer&quot;:&quot;svg&quot;}\" data-widget_type=\"lottie.default\">\n\t\t\t\t<div class=\"elementor-widget-container\">\n\t\t\t\t\t<a class=\"e-lottie__container__link\" href=\"https:\/\/venloop.nl\/de\/wandern\/neptunus-wanderung\/#menu\"><div class=\"e-lottie__container\"><div class=\"e-lottie__animation\"><\/div><\/div><\/a>\t\t\t\t<\/div>\n\t\t\t\t<\/div>\n\t\t\t\t<div class=\"elementor-element elementor-element-77e39d1b elementor-widget elementor-widget-heading\" data-id=\"77e39d1b\" data-element_type=\"widget\" data-e-type=\"widget\" data-widget_type=\"heading.default\">\n\t\t\t\t<div class=\"elementor-widget-container\">\n\t\t\t\t\t<h2 class=\"elementor-heading-title elementor-size-default\"><a href=\"https:\/\/venloop.nl\/de\/wandern\/neptunus-wanderung\/#menu\">Anmeldungen<\/a><\/h2>\t\t\t\t<\/div>\n\t\t\t\t<\/div>\n\t\t\t\t\t<\/div>\n\t\t<\/div>\n\t\t\t\t<div class=\"elementor-column elementor-col-12 elementor-top-column elementor-element elementor-element-1a3678c9\" data-id=\"1a3678c9\" data-element_type=\"column\" data-e-type=\"column\" id=\"HoverColumn\">\n\t\t\t<div class=\"elementor-widget-wrap elementor-element-populated\">\n\t\t\t\t\t\t<div class=\"elementor-element elementor-element-60e389b3 elementor-align-center elementor-widget elementor-widget-lottie\" data-id=\"60e389b3\" data-element_type=\"widget\" data-e-type=\"widget\" data-settings=\"{&quot;source_json&quot;:{&quot;url&quot;:&quot;https:\\\/\\\/venloop.nl\\\/wp-content\\\/uploads\\\/2023\\\/03\\\/1758-meter-measure-outline.json&quot;,&quot;id&quot;:4170,&quot;size&quot;:&quot;&quot;,&quot;alt&quot;:&quot;&quot;,&quot;source&quot;:&quot;library&quot;},&quot;trigger&quot;:&quot;on_hover&quot;,&quot;hover_area&quot;:&quot;column&quot;,&quot;link_to&quot;:&quot;custom&quot;,&quot;custom_link&quot;:{&quot;url&quot;:&quot;https:\\\/\\\/venloop.nl\\\/de\\\/wandern\\\/neptunus-wanderung\\\/routen\\\/#menu&quot;,&quot;is_external&quot;:&quot;&quot;,&quot;nofollow&quot;:&quot;&quot;,&quot;custom_attributes&quot;:&quot;&quot;},&quot;source&quot;:&quot;media_file&quot;,&quot;caption_source&quot;:&quot;none&quot;,&quot;on_hover_out&quot;:&quot;default&quot;,&quot;play_speed&quot;:{&quot;unit&quot;:&quot;px&quot;,&quot;size&quot;:1,&quot;sizes&quot;:[]},&quot;start_point&quot;:{&quot;unit&quot;:&quot;%&quot;,&quot;size&quot;:0,&quot;sizes&quot;:[]},&quot;end_point&quot;:{&quot;unit&quot;:&quot;%&quot;,&quot;size&quot;:100,&quot;sizes&quot;:[]},&quot;renderer&quot;:&quot;svg&quot;}\" data-widget_type=\"lottie.default\">\n\t\t\t\t<div class=\"elementor-widget-container\">\n\t\t\t\t\t<a class=\"e-lottie__container__link\" href=\"https:\/\/venloop.nl\/de\/wandern\/neptunus-wanderung\/routen\/#menu\"><div class=\"e-lottie__container\"><div class=\"e-lottie__animation\"><\/div><\/div><\/a>\t\t\t\t<\/div>\n\t\t\t\t<\/div>\n\t\t\t\t<div class=\"elementor-element elementor-element-392d0d7b elementor-widget elementor-widget-heading\" data-id=\"392d0d7b\" data-element_type=\"widget\" data-e-type=\"widget\" data-widget_type=\"heading.default\">\n\t\t\t\t<div class=\"elementor-widget-container\">\n\t\t\t\t\t<h2 class=\"elementor-heading-title elementor-size-default\"><a href=\"https:\/\/venloop.nl\/de\/wandern\/neptunus-wanderung\/routen\/#menu\">Strecken<\/a><\/h2>\t\t\t\t<\/div>\n\t\t\t\t<\/div>\n\t\t\t\t\t<\/div>\n\t\t<\/div>\n\t\t\t\t<div class=\"elementor-column elementor-col-12 elementor-top-column elementor-element elementor-element-635db85b\" data-id=\"635db85b\" data-element_type=\"column\" data-e-type=\"column\" id=\"HoverColumn\">\n\t\t\t<div class=\"elementor-widget-wrap elementor-element-populated\">\n\t\t\t\t\t\t<div class=\"elementor-element elementor-element-53ca75c5 elementor-align-center elementor-widget elementor-widget-lottie\" data-id=\"53ca75c5\" data-element_type=\"widget\" data-e-type=\"widget\" data-settings=\"{&quot;source_json&quot;:{&quot;url&quot;:&quot;https:\\\/\\\/venloop.nl\\\/wp-content\\\/uploads\\\/2023\\\/03\\\/995-table-sheet-spreadsheet-outline.json&quot;,&quot;id&quot;:4171,&quot;size&quot;:&quot;&quot;,&quot;alt&quot;:&quot;&quot;,&quot;source&quot;:&quot;library&quot;},&quot;trigger&quot;:&quot;on_hover&quot;,&quot;hover_area&quot;:&quot;column&quot;,&quot;link_to&quot;:&quot;custom&quot;,&quot;custom_link&quot;:{&quot;url&quot;:&quot;https:\\\/\\\/venloop.nl\\\/de\\\/wandern\\\/neptunus-wanderung\\\/programm\\\/#menu&quot;,&quot;is_external&quot;:&quot;&quot;,&quot;nofollow&quot;:&quot;&quot;,&quot;custom_attributes&quot;:&quot;&quot;},&quot;source&quot;:&quot;media_file&quot;,&quot;caption_source&quot;:&quot;none&quot;,&quot;on_hover_out&quot;:&quot;default&quot;,&quot;play_speed&quot;:{&quot;unit&quot;:&quot;px&quot;,&quot;size&quot;:1,&quot;sizes&quot;:[]},&quot;start_point&quot;:{&quot;unit&quot;:&quot;%&quot;,&quot;size&quot;:0,&quot;sizes&quot;:[]},&quot;end_point&quot;:{&quot;unit&quot;:&quot;%&quot;,&quot;size&quot;:100,&quot;sizes&quot;:[]},&quot;renderer&quot;:&quot;svg&quot;}\" data-widget_type=\"lottie.default\">\n\t\t\t\t<div class=\"elementor-widget-container\">\n\t\t\t\t\t<a class=\"e-lottie__container__link\" href=\"https:\/\/venloop.nl\/de\/wandern\/neptunus-wanderung\/programm\/#menu\"><div class=\"e-lottie__container\"><div class=\"e-lottie__animation\"><\/div><\/div><\/a>\t\t\t\t<\/div>\n\t\t\t\t<\/div>\n\t\t\t\t<div class=\"elementor-element elementor-element-31b48f8 elementor-widget elementor-widget-heading\" data-id=\"31b48f8\" data-element_type=\"widget\" data-e-type=\"widget\" data-widget_type=\"heading.default\">\n\t\t\t\t<div class=\"elementor-widget-container\">\n\t\t\t\t\t<h2 class=\"elementor-heading-title elementor-size-default\"><a href=\"https:\/\/venloop.nl\/de\/wandern\/neptunus-wanderung\/programm\/#menu\">Programm<\/a><\/h2>\t\t\t\t<\/div>\n\t\t\t\t<\/div>\n\t\t\t\t\t<\/div>\n\t\t<\/div>\n\t\t\t\t<div class=\"elementor-column elementor-col-12 elementor-top-column elementor-element elementor-element-629ebce9\" data-id=\"629ebce9\" data-element_type=\"column\" data-e-type=\"column\" id=\"HoverColumn\">\n\t\t\t<div class=\"elementor-widget-wrap elementor-element-populated\">\n\t\t\t\t\t\t<div class=\"elementor-element elementor-element-b97655 elementor-align-center elementor-widget elementor-widget-lottie\" data-id=\"b97655\" data-element_type=\"widget\" data-e-type=\"widget\" data-settings=\"{&quot;source_json&quot;:{&quot;url&quot;:&quot;https:\\\/\\\/venloop.nl\\\/wp-content\\\/uploads\\\/2023\\\/03\\\/1361-purchase-order-outline.json&quot;,&quot;id&quot;:4172,&quot;size&quot;:&quot;&quot;,&quot;alt&quot;:&quot;&quot;,&quot;source&quot;:&quot;library&quot;},&quot;trigger&quot;:&quot;on_hover&quot;,&quot;hover_area&quot;:&quot;column&quot;,&quot;link_to&quot;:&quot;custom&quot;,&quot;custom_link&quot;:{&quot;url&quot;:&quot;https:\\\/\\\/venloop.nl\\\/de\\\/wandern\\\/neptunus-wanderung\\\/zusaetzliche-informationen\\\/#menu&quot;,&quot;is_external&quot;:&quot;&quot;,&quot;nofollow&quot;:&quot;&quot;,&quot;custom_attributes&quot;:&quot;&quot;},&quot;source&quot;:&quot;media_file&quot;,&quot;caption_source&quot;:&quot;none&quot;,&quot;on_hover_out&quot;:&quot;default&quot;,&quot;play_speed&quot;:{&quot;unit&quot;:&quot;px&quot;,&quot;size&quot;:1,&quot;sizes&quot;:[]},&quot;start_point&quot;:{&quot;unit&quot;:&quot;%&quot;,&quot;size&quot;:0,&quot;sizes&quot;:[]},&quot;end_point&quot;:{&quot;unit&quot;:&quot;%&quot;,&quot;size&quot;:100,&quot;sizes&quot;:[]},&quot;renderer&quot;:&quot;svg&quot;}\" data-widget_type=\"lottie.default\">\n\t\t\t\t<div class=\"elementor-widget-container\">\n\t\t\t\t\t<a class=\"e-lottie__container__link\" href=\"https:\/\/venloop.nl\/de\/wandern\/neptunus-wanderung\/zusaetzliche-informationen\/#menu\"><div class=\"e-lottie__container\"><div class=\"e-lottie__animation\"><\/div><\/div><\/a>\t\t\t\t<\/div>\n\t\t\t\t<\/div>\n\t\t\t\t<div class=\"elementor-element elementor-element-4e7c715f elementor-widget elementor-widget-heading\" data-id=\"4e7c715f\" data-element_type=\"widget\" data-e-type=\"widget\" data-widget_type=\"heading.default\">\n\t\t\t\t<div class=\"elementor-widget-container\">\n\t\t\t\t\t<h2 class=\"elementor-heading-title elementor-size-default\"><a href=\"https:\/\/venloop.nl\/de\/wandern\/neptunus-wanderung\/zusaetzliche-informationen\/#menu\">Zusatz-informationen<\/a><\/h2>\t\t\t\t<\/div>\n\t\t\t\t<\/div>\n\t\t\t\t\t<\/div>\n\t\t<\/div>\n\t\t\t\t<div class=\"elementor-column elementor-col-12 elementor-top-column elementor-element elementor-element-68b46f72\" data-id=\"68b46f72\" data-element_type=\"column\" data-e-type=\"column\" id=\"HoverColumn\">\n\t\t\t<div class=\"elementor-widget-wrap elementor-element-populated\">\n\t\t\t\t\t\t<div class=\"elementor-element elementor-element-47d58e05 elementor-align-center elementor-widget elementor-widget-lottie\" data-id=\"47d58e05\" data-element_type=\"widget\" data-e-type=\"widget\" data-settings=\"{&quot;source_json&quot;:{&quot;url&quot;:&quot;https:\\\/\\\/venloop.nl\\\/wp-content\\\/uploads\\\/2023\\\/03\\\/646-walking-walkcycle-person-outline-edited-2.json&quot;,&quot;id&quot;:4551,&quot;size&quot;:&quot;&quot;,&quot;alt&quot;:&quot;&quot;,&quot;source&quot;:&quot;library&quot;},&quot;trigger&quot;:&quot;on_hover&quot;,&quot;hover_area&quot;:&quot;column&quot;,&quot;link_to&quot;:&quot;custom&quot;,&quot;custom_link&quot;:{&quot;url&quot;:&quot;https:\\\/\\\/venloop.nl\\\/de\\\/wandern\\\/neptunus-wanderung\\\/startnummern\\\/#menu&quot;,&quot;is_external&quot;:&quot;&quot;,&quot;nofollow&quot;:&quot;&quot;,&quot;custom_attributes&quot;:&quot;&quot;},&quot;source&quot;:&quot;media_file&quot;,&quot;caption_source&quot;:&quot;none&quot;,&quot;on_hover_out&quot;:&quot;default&quot;,&quot;play_speed&quot;:{&quot;unit&quot;:&quot;px&quot;,&quot;size&quot;:1,&quot;sizes&quot;:[]},&quot;start_point&quot;:{&quot;unit&quot;:&quot;%&quot;,&quot;size&quot;:0,&quot;sizes&quot;:[]},&quot;end_point&quot;:{&quot;unit&quot;:&quot;%&quot;,&quot;size&quot;:100,&quot;sizes&quot;:[]},&quot;renderer&quot;:&quot;svg&quot;}\" data-widget_type=\"lottie.default\">\n\t\t\t\t<div class=\"elementor-widget-container\">\n\t\t\t\t\t<a class=\"e-lottie__container__link\" href=\"https:\/\/venloop.nl\/de\/wandern\/neptunus-wanderung\/startnummern\/#menu\"><div class=\"e-lottie__container\"><div class=\"e-lottie__animation\"><\/div><\/div><\/a>\t\t\t\t<\/div>\n\t\t\t\t<\/div>\n\t\t\t\t<div class=\"elementor-element elementor-element-3595977a elementor-widget elementor-widget-heading\" data-id=\"3595977a\" data-element_type=\"widget\" data-e-type=\"widget\" data-widget_type=\"heading.default\">\n\t\t\t\t<div class=\"elementor-widget-container\">\n\t\t\t\t\t<h2 class=\"elementor-heading-title elementor-size-default\"><a href=\"https:\/\/venloop.nl\/de\/wandern\/neptunus-wanderung\/startnummern\/#menu\">Teilnehmer<\/a><\/h2>\t\t\t\t<\/div>\n\t\t\t\t<\/div>\n\t\t\t\t\t<\/div>\n\t\t<\/div>\n\t\t\t\t<div class=\"make-column-clickable-elementor elementor-column elementor-col-12 elementor-top-column elementor-element elementor-element-b6c8459\" style=\"cursor: pointer;\" data-column-clickable=\"https:\/\/venloop.nl\/toeschouwers\/verkeer-meer\/\" data-column-clickable-blank=\"_self\" data-id=\"b6c8459\" data-element_type=\"column\" data-e-type=\"column\">\n\t\t\t<div class=\"elementor-widget-wrap elementor-element-populated\">\n\t\t\t\t\t\t<div class=\"elementor-element elementor-element-49c3ae9 elementor-widget__width-initial elementor-align-center elementor-widget elementor-widget-lottie\" data-id=\"49c3ae9\" data-element_type=\"widget\" data-e-type=\"widget\" data-settings=\"{&quot;source_json&quot;:{&quot;url&quot;:&quot;https:\\\/\\\/venloop.nl\\\/wp-content\\\/uploads\\\/2025\\\/03\\\/730-signpost-direction-outline-edited-1.json&quot;,&quot;id&quot;:&quot;106154&quot;,&quot;size&quot;:&quot;&quot;},&quot;trigger&quot;:&quot;on_hover&quot;,&quot;hover_area&quot;:&quot;column&quot;,&quot;link_to&quot;:&quot;custom&quot;,&quot;custom_link&quot;:{&quot;url&quot;:&quot;https:\\\/\\\/venloop.nl\\\/de\\\/zuschauer\\\/verkehr-mehr\\\/&quot;,&quot;is_external&quot;:&quot;&quot;,&quot;nofollow&quot;:&quot;&quot;,&quot;custom_attributes&quot;:&quot;&quot;},&quot;source&quot;:&quot;media_file&quot;,&quot;caption_source&quot;:&quot;none&quot;,&quot;on_hover_out&quot;:&quot;default&quot;,&quot;play_speed&quot;:{&quot;unit&quot;:&quot;px&quot;,&quot;size&quot;:1,&quot;sizes&quot;:[]},&quot;start_point&quot;:{&quot;unit&quot;:&quot;%&quot;,&quot;size&quot;:0,&quot;sizes&quot;:[]},&quot;end_point&quot;:{&quot;unit&quot;:&quot;%&quot;,&quot;size&quot;:100,&quot;sizes&quot;:[]},&quot;renderer&quot;:&quot;svg&quot;}\" data-widget_type=\"lottie.default\">\n\t\t\t\t<div class=\"elementor-widget-container\">\n\t\t\t\t\t<a class=\"e-lottie__container__link\" href=\"https:\/\/venloop.nl\/de\/zuschauer\/verkehr-mehr\/\"><div class=\"e-lottie__container\"><div class=\"e-lottie__animation\"><\/div><\/div><\/a>\t\t\t\t<\/div>\n\t\t\t\t<\/div>\n\t\t\t\t<div class=\"elementor-element elementor-element-af3f70a elementor-widget__width-initial elementor-widget elementor-widget-heading\" data-id=\"af3f70a\" data-element_type=\"widget\" data-e-type=\"widget\" data-widget_type=\"heading.default\">\n\t\t\t\t<div class=\"elementor-widget-container\">\n\t\t\t\t\t<h2 class=\"elementor-heading-title elementor-size-default\"><a href=\"https:\/\/venloop.nl\/de\/zuschauer\/verkehr-mehr\/\">Verkehr &amp; mehr<\/a><\/h2>\t\t\t\t<\/div>\n\t\t\t\t<\/div>\n\t\t\t\t\t<\/div>\n\t\t<\/div>\n\t\t\t\t<div class=\"elementor-column elementor-col-12 elementor-top-column elementor-element elementor-element-4f5f7bb4\" data-id=\"4f5f7bb4\" data-element_type=\"column\" data-e-type=\"column\" id=\"HoverColumn\">\n\t\t\t<div class=\"elementor-widget-wrap elementor-element-populated\">\n\t\t\t\t\t\t<div class=\"elementor-element elementor-element-65d5e0c4 elementor-align-center elementor-widget elementor-widget-lottie\" data-id=\"65d5e0c4\" data-element_type=\"widget\" data-e-type=\"widget\" data-settings=\"{&quot;source_json&quot;:{&quot;url&quot;:&quot;https:\\\/\\\/venloop.nl\\\/wp-content\\\/uploads\\\/2023\\\/03\\\/1000-business-champion-medal-outline-edited-2.json&quot;,&quot;id&quot;:4177,&quot;size&quot;:&quot;&quot;,&quot;alt&quot;:&quot;&quot;,&quot;source&quot;:&quot;library&quot;},&quot;trigger&quot;:&quot;on_hover&quot;,&quot;hover_area&quot;:&quot;column&quot;,&quot;link_to&quot;:&quot;custom&quot;,&quot;custom_link&quot;:{&quot;url&quot;:&quot;https:\\\/\\\/venloop.nl\\\/de\\\/wandern\\\/neptunus-wanderung\\\/ergebnisse\\\/#menu&quot;,&quot;is_external&quot;:&quot;&quot;,&quot;nofollow&quot;:&quot;&quot;,&quot;custom_attributes&quot;:&quot;&quot;},&quot;source&quot;:&quot;media_file&quot;,&quot;caption_source&quot;:&quot;none&quot;,&quot;on_hover_out&quot;:&quot;default&quot;,&quot;play_speed&quot;:{&quot;unit&quot;:&quot;px&quot;,&quot;size&quot;:1,&quot;sizes&quot;:[]},&quot;start_point&quot;:{&quot;unit&quot;:&quot;%&quot;,&quot;size&quot;:0,&quot;sizes&quot;:[]},&quot;end_point&quot;:{&quot;unit&quot;:&quot;%&quot;,&quot;size&quot;:100,&quot;sizes&quot;:[]},&quot;renderer&quot;:&quot;svg&quot;}\" data-widget_type=\"lottie.default\">\n\t\t\t\t<div class=\"elementor-widget-container\">\n\t\t\t\t\t<a class=\"e-lottie__container__link\" href=\"https:\/\/venloop.nl\/de\/wandern\/neptunus-wanderung\/ergebnisse\/#menu\"><div class=\"e-lottie__container\"><div class=\"e-lottie__animation\"><\/div><\/div><\/a>\t\t\t\t<\/div>\n\t\t\t\t<\/div>\n\t\t\t\t<div class=\"elementor-element elementor-element-48ab66e5 elementor-widget elementor-widget-heading\" data-id=\"48ab66e5\" data-element_type=\"widget\" data-e-type=\"widget\" data-widget_type=\"heading.default\">\n\t\t\t\t<div class=\"elementor-widget-container\">\n\t\t\t\t\t<h2 class=\"elementor-heading-title elementor-size-default\"><a href=\"https:\/\/venloop.nl\/de\/wandern\/neptunus-wanderung\/ergebnisse\/#menu\">Ergebnisse<\/a><\/h2>\t\t\t\t<\/div>\n\t\t\t\t<\/div>\n\t\t\t\t\t<\/div>\n\t\t<\/div>\n\t\t\t\t<div class=\"elementor-column elementor-col-12 elementor-top-column elementor-element elementor-element-41e24f47\" data-id=\"41e24f47\" data-element_type=\"column\" data-e-type=\"column\" id=\"HoverColumn\">\n\t\t\t<div class=\"elementor-widget-wrap elementor-element-populated\">\n\t\t\t\t\t\t<div class=\"elementor-element elementor-element-322f3368 elementor-hidden-desktop elementor-hidden-tablet elementor-hidden-mobile elementor-align-center elementor-widget elementor-widget-lottie\" data-id=\"322f3368\" data-element_type=\"widget\" data-e-type=\"widget\" data-settings=\"{&quot;source_json&quot;:{&quot;url&quot;:&quot;https:\\\/\\\/venloop.nl\\\/wp-content\\\/uploads\\\/2023\\\/03\\\/967-questionnaire-outline.json&quot;,&quot;id&quot;:4175,&quot;size&quot;:&quot;&quot;,&quot;alt&quot;:&quot;&quot;,&quot;source&quot;:&quot;library&quot;},&quot;trigger&quot;:&quot;on_hover&quot;,&quot;hover_area&quot;:&quot;column&quot;,&quot;link_to&quot;:&quot;custom&quot;,&quot;custom_link&quot;:{&quot;url&quot;:&quot;https:\\\/\\\/venloop.nl\\\/de\\\/wandern\\\/neptunus-wanderung\\\/haeufig-gestellte-fragen\\\/#menu&quot;,&quot;is_external&quot;:&quot;&quot;,&quot;nofollow&quot;:&quot;&quot;,&quot;custom_attributes&quot;:&quot;&quot;},&quot;source&quot;:&quot;media_file&quot;,&quot;caption_source&quot;:&quot;none&quot;,&quot;on_hover_out&quot;:&quot;default&quot;,&quot;play_speed&quot;:{&quot;unit&quot;:&quot;px&quot;,&quot;size&quot;:1,&quot;sizes&quot;:[]},&quot;start_point&quot;:{&quot;unit&quot;:&quot;%&quot;,&quot;size&quot;:0,&quot;sizes&quot;:[]},&quot;end_point&quot;:{&quot;unit&quot;:&quot;%&quot;,&quot;size&quot;:100,&quot;sizes&quot;:[]},&quot;renderer&quot;:&quot;svg&quot;}\" data-widget_type=\"lottie.default\">\n\t\t\t\t<div class=\"elementor-widget-container\">\n\t\t\t\t\t<a class=\"e-lottie__container__link\" href=\"https:\/\/venloop.nl\/de\/wandern\/neptunus-wanderung\/haeufig-gestellte-fragen\/#menu\"><div class=\"e-lottie__container\"><div class=\"e-lottie__animation\"><\/div><\/div><\/a>\t\t\t\t<\/div>\n\t\t\t\t<\/div>\n\t\t\t\t<div class=\"elementor-element elementor-element-19d64ba elementor-hidden-desktop elementor-hidden-tablet elementor-hidden-mobile elementor-widget elementor-widget-heading\" data-id=\"19d64ba\" data-element_type=\"widget\" data-e-type=\"widget\" data-widget_type=\"heading.default\">\n\t\t\t\t<div class=\"elementor-widget-container\">\n\t\t\t\t\t<h2 class=\"elementor-heading-title elementor-size-default\"><a href=\"https:\/\/venloop.nl\/de\/wandern\/neptunus-wanderung\/haeufig-gestellte-fragen\/#menu\">F.A.Q.<\/a><\/h2>\t\t\t\t<\/div>\n\t\t\t\t<\/div>\n\t\t\t\t\t<\/div>\n\t\t<\/div>\n\t\t\t\t\t<\/div>\n\t\t<\/section>\n\t\t\t\t<section class=\"elementor-section elementor-top-section elementor-element elementor-element-219bbf51 elementor-section-boxed elementor-section-height-default elementor-section-height-default\" data-id=\"219bbf51\" data-element_type=\"section\" data-e-type=\"section\" data-settings=\"{&quot;jet_parallax_layout_list&quot;:[]}\">\n\t\t\t\t\t\t<div class=\"elementor-container elementor-column-gap-default\">\n\t\t\t\t\t<div class=\"elementor-column elementor-col-100 elementor-top-column elementor-element elementor-element-6c1998b2\" data-id=\"6c1998b2\" data-element_type=\"column\" data-e-type=\"column\">\n\t\t\t<div class=\"elementor-widget-wrap elementor-element-populated\">\n\t\t\t\t\t\t<div class=\"elementor-element elementor-element-6c54853 elementor-widget elementor-widget-spacer\" data-id=\"6c54853\" data-element_type=\"widget\" data-e-type=\"widget\" data-widget_type=\"spacer.default\">\n\t\t\t\t<div class=\"elementor-widget-container\">\n\t\t\t\t\t\t\t<div class=\"elementor-spacer\">\n\t\t\t<div class=\"elementor-spacer-inner\"><\/div>\n\t\t<\/div>\n\t\t\t\t\t\t<\/div>\n\t\t\t\t<\/div>\n\t\t\t\t<div class=\"elementor-element elementor-element-edfd3a9 elementor-widget elementor-widget-heading\" data-id=\"edfd3a9\" data-element_type=\"widget\" data-e-type=\"widget\" data-widget_type=\"heading.default\">\n\t\t\t\t<div class=\"elementor-widget-container\">\n\t\t\t\t\t<h2 class=\"elementor-heading-title elementor-size-default\">Weitere Informationen<\/h2>\t\t\t\t<\/div>\n\t\t\t\t<\/div>\n\t\t\t\t<div class=\"elementor-element elementor-element-798e61ed elementor-widget__width-initial elementor-widget elementor-widget-text-editor\" data-id=\"798e61ed\" data-element_type=\"widget\" data-e-type=\"widget\" data-widget_type=\"text-editor.default\">\n\t\t\t\t<div class=\"elementor-widget-container\">\n\t\t\t\t\t\t\t\t\t<h2>Startzeiten<\/h2><p>Die Startzeiten sind folgenderma\u00dfen:<\/p><ul><li>Wandermarathon: 7:00 \u2013 7:30 Uhr<\/li><li>30 km: 8:00 \u2013 8:30 Uhr<\/li><li>20 km: 09:30 \u2013 10:00 Uhr<\/li><li>10 km: 11:30 \u2013 12:00 Uhr<\/li><li>\u00a0Walk &amp; Wheels: 10:30 &#8211; 11:00 Uhr<\/li><\/ul><h2>Endzeit<\/h2><p>Alle Teilnehmende sollten die Ziellinie bis sp\u00e4testens 17 Uhr erreicht haben.<\/p><h2>Venloop-Wanderpoloshirt<\/h2><p>Auch in diesem Jahr kann man bei der Anmeldung das sch\u00f6ne Venloop-Wanderpoloshirt \u00a0bestellen. Zur Auswahl stehen Herren- und\u00a0 Damen-Polohirts \u00a0in verschiedenen Gr\u00f6\u00dfen. Die Bestellung der Shirts ist m\u00f6glich, solange der Vorrat reicht, \u00fcber das Anmeldemodul oder \u00fcber \u00a0<a href=\"https:\/\/www.venloop.nl\/webshop\/\" target=\"_blank\" rel=\"noopener\">unseren Webshop<\/a>. Sobald die Poloshirts geliefert worden sind, k\u00f6nnen sie auch zu den B\u00fcrozeiten im Venloop-B\u00fcro am Koninginnesingel 14 in Venlo erworben werden.<\/p><h2>Zahlen und Fakten\u00a0 Neptunus-Wanderung<\/h2><ul><li>Unterwegs gibt es reichlich Gelegenheit, eine Pause einzulegen. Mehrere Rastpl\u00e4tze verf\u00fcgen \u00fcber Gastronomie. An den verschiedenen Pausenpl\u00e4tzen sind Toiletten vorhanden.<\/li><li>Verschiedene Partner unserer Veranstaltung versorgen die Wanderer unterwegs mit schmackhaften und gesunden St\u00e4rkungen. Lassen \u00a0dich \u00fcberraschen!<\/li><li>Die Wanderung startet und endet vor dem Limburgs Museum am Keulsepoort in Venlo.<\/li><li>Die Strecke ist ausgeschildert und f\u00fchrt durch eine abwechslungsreiche Landschaft, bestehend aus asphaltierten Stra\u00dfen, Feldwegen und schmalen Waldpfaden. Starte gut vorbereitet und vergiss nicht, gutes Schuhwerk zu tragen<\/li><\/ul><div><h2>Gravur der Medaille<\/h2><div>Sie k\u00f6nnen Ihre nagelneue Medaille nach Ihrer Teilnahme am Neptunus Wanderung gravieren lassen. Die Mitarbeiter von Winterman Sport bringen gerne Ihren Namen und Ihre Zielzeit auf Ihrer Medaille an. Auf diese Weise haben Sie eine einzigartige Medaille und eine sch\u00f6ne Erinnerung an Ihre Teilnahme.<\/div><div>\u00a0<\/div><div>Sie k\u00f6nnen die Gravur bei Ihrer Anmeldung bestellen, sie kostet \u20ac 10,-. Wenn du dich bei deiner Anmeldung nicht daf\u00fcr entschieden hast, aber trotzdem der Meinung bist, dass es eine sch\u00f6ne Erg\u00e4nzung w\u00e4re? Dann kannst du dich am Tag selbst am Stand von Winterman Sport melden, im Zelt gegen\u00fcber dem Ewals Cargo Care Pavillon im Julianapark. Wenn Sie sich im Nachhinein f\u00fcr eine Gravur Ihrer Medaille entscheiden, kostet dies 11,- \u20ac. <strong>Bitte beachten Sie, dass die Gravur Ihrer Neptunus Wanderung-Medaille nur am Veranstaltungstag selbst m\u00f6glich ist.<\/strong><\/div><div>\u00a0<\/div><\/div>\t\t\t\t\t\t\t\t<\/div>\n\t\t\t\t<\/div>\n\t\t\t\t\t<\/div>\n\t\t<\/div>\n\t\t\t\t\t<\/div>\n\t\t<\/section>\n\t\t\t\t<\/div>\n\t\t","protected":false},"excerpt":{"rendered":"<p>Anmeldungen Strecken Programm Zusatz-informationen Teilnehmer Verkehr &amp; mehr Ergebnisse F.A.Q. Weitere Informationen Startzeiten Die Startzeiten sind folgenderma\u00dfen: Wandermarathon: 7:00 \u2013 7:30 Uhr 30 km: 8:00 \u2013 8:30 Uhr 20 km: 09:30 \u2013 10:00 Uhr 10 km: 11:30 \u2013 12:00 Uhr \u00a0Walk &amp; Wheels: 10:30 &#8211; 11:00 Uhr Endzeit Alle Teilnehmende sollten die Ziellinie bis sp\u00e4testens [&hellip;]<\/p>\n","protected":false},"author":9,"featured_media":0,"parent":9884,"menu_order":0,"comment_status":"closed","ping_status":"closed","template":"","meta":{"footnotes":""},"class_list":["post-8177","page","type-page","status-publish","hentry"],"_links":{"self":[{"href":"https:\/\/venloop.nl\/de\/wp-json\/wp\/v2\/pages\/8177","targetHints":{"allow":["GET"]}}],"collection":[{"href":"https:\/\/venloop.nl\/de\/wp-json\/wp\/v2\/pages"}],"about":[{"href":"https:\/\/venloop.nl\/de\/wp-json\/wp\/v2\/types\/page"}],"author":[{"embeddable":true,"href":"https:\/\/venloop.nl\/de\/wp-json\/wp\/v2\/users\/9"}],"replies":[{"embeddable":true,"href":"https:\/\/venloop.nl\/de\/wp-json\/wp\/v2\/comments?post=8177"}],"version-history":[{"count":38,"href":"https:\/\/venloop.nl\/de\/wp-json\/wp\/v2\/pages\/8177\/revisions"}],"predecessor-version":[{"id":121450,"href":"https:\/\/venloop.nl\/de\/wp-json\/wp\/v2\/pages\/8177\/revisions\/121450"}],"up":[{"embeddable":true,"href":"https:\/\/venloop.nl\/de\/wp-json\/wp\/v2\/pages\/9884"}],"wp:attachment":[{"href":"https:\/\/venloop.nl\/de\/wp-json\/wp\/v2\/media?parent=8177"}],"curies":[{"name":"wp","href":"https:\/\/api.w.org\/{rel}","templated":true}]}}