{"id":8210,"date":"2023-03-18T11:22:21","date_gmt":"2023-03-18T10:22:21","guid":{"rendered":"https:\/\/staging.venloop.nl\/gartencenter-leurs-walk\/routes-gartencenter-leurs-spaziergang\/"},"modified":"2025-03-28T10:01:41","modified_gmt":"2025-03-28T08:01:41","slug":"routes-gartencenter-leurs-spaziergang","status":"publish","type":"page","link":"https:\/\/venloop.nl\/de\/wandern\/gartencenter-leurs-walk\/routes-gartencenter-leurs-spaziergang\/","title":{"rendered":"Routes Tuincentrum Leurs Wanderung"},"content":{"rendered":"\t\t<div data-elementor-type=\"wp-page\" data-elementor-id=\"8210\" class=\"elementor elementor-8210 elementor-5054\" data-elementor-post-type=\"page\">\n\t\t\t\t\t\t<section class=\"elementor-section elementor-top-section elementor-element elementor-element-41553ec elementor-section-boxed elementor-section-height-default elementor-section-height-default\" data-id=\"41553ec\" data-element_type=\"section\" data-e-type=\"section\" id=\"menu\" data-settings=\"{&quot;jet_parallax_layout_list&quot;:[]}\">\n\t\t\t\t\t\t<div class=\"elementor-container elementor-column-gap-no\">\n\t\t\t\t\t<div class=\"elementor-column elementor-col-16 elementor-top-column elementor-element elementor-element-d4c4c32\" data-id=\"d4c4c32\" data-element_type=\"column\" data-e-type=\"column\" id=\"HoverColumn\">\n\t\t\t<div class=\"elementor-widget-wrap elementor-element-populated\">\n\t\t\t\t\t\t<div class=\"elementor-element elementor-element-f0f98eb elementor-align-center elementor-widget elementor-widget-lottie\" data-id=\"f0f98eb\" data-element_type=\"widget\" data-e-type=\"widget\" data-settings=\"{&quot;source_json&quot;:{&quot;url&quot;:&quot;https:\\\/\\\/venloop.nl\\\/wp-content\\\/uploads\\\/2023\\\/03\\\/646-walking-walkcycle-person-outline-edited-3.json&quot;,&quot;id&quot;:4992,&quot;size&quot;:&quot;&quot;,&quot;alt&quot;:&quot;&quot;,&quot;source&quot;:&quot;library&quot;},&quot;trigger&quot;:&quot;on_hover&quot;,&quot;hover_area&quot;:&quot;column&quot;,&quot;link_to&quot;:&quot;custom&quot;,&quot;custom_link&quot;:{&quot;url&quot;:&quot;https:\\\/\\\/venloop.nl\\\/de\\\/wandern\\\/gartencenter-leurs-walk\\\/#menu&quot;,&quot;is_external&quot;:&quot;&quot;,&quot;nofollow&quot;:&quot;&quot;,&quot;custom_attributes&quot;:&quot;&quot;},&quot;source&quot;:&quot;media_file&quot;,&quot;caption_source&quot;:&quot;none&quot;,&quot;on_hover_out&quot;:&quot;default&quot;,&quot;play_speed&quot;:{&quot;unit&quot;:&quot;px&quot;,&quot;size&quot;:1,&quot;sizes&quot;:[]},&quot;start_point&quot;:{&quot;unit&quot;:&quot;%&quot;,&quot;size&quot;:0,&quot;sizes&quot;:[]},&quot;end_point&quot;:{&quot;unit&quot;:&quot;%&quot;,&quot;size&quot;:100,&quot;sizes&quot;:[]},&quot;renderer&quot;:&quot;svg&quot;}\" data-widget_type=\"lottie.default\">\n\t\t\t\t<div class=\"elementor-widget-container\">\n\t\t\t\t\t<a class=\"e-lottie__container__link\" href=\"https:\/\/venloop.nl\/de\/wandern\/gartencenter-leurs-walk\/#menu\"><div class=\"e-lottie__container\"><div class=\"e-lottie__animation\"><\/div><\/div><\/a>\t\t\t\t<\/div>\n\t\t\t\t<\/div>\n\t\t\t\t<div class=\"elementor-element elementor-element-5380aae elementor-widget elementor-widget-heading\" data-id=\"5380aae\" data-element_type=\"widget\" data-e-type=\"widget\" data-widget_type=\"heading.default\">\n\t\t\t\t<div class=\"elementor-widget-container\">\n\t\t\t\t\t<h2 class=\"elementor-heading-title elementor-size-default\"><a href=\"https:\/\/venloop.nl\/de\/wandern\/gartencenter-leurs-walk\/#menu\">Gartencenter Leurs&nbsp; &nbsp;Wanderung<\/a><\/h2>\t\t\t\t<\/div>\n\t\t\t\t<\/div>\n\t\t\t\t\t<\/div>\n\t\t<\/div>\n\t\t\t\t<div class=\"elementor-column elementor-col-16 elementor-top-column elementor-element elementor-element-74a4f68\" data-id=\"74a4f68\" data-element_type=\"column\" data-e-type=\"column\" id=\"HoverColumn\">\n\t\t\t<div class=\"elementor-widget-wrap elementor-element-populated\">\n\t\t\t\t\t\t<div class=\"elementor-element elementor-element-196ad65 elementor-align-center elementor-widget elementor-widget-lottie\" data-id=\"196ad65\" data-element_type=\"widget\" data-e-type=\"widget\" data-settings=\"{&quot;source_json&quot;:{&quot;url&quot;:&quot;https:\\\/\\\/venloop.nl\\\/wp-content\\\/uploads\\\/2022\\\/12\\\/1018-signature-sig-outline-edited.json&quot;,&quot;id&quot;:417,&quot;size&quot;:&quot;&quot;,&quot;alt&quot;:&quot;&quot;,&quot;source&quot;:&quot;library&quot;},&quot;trigger&quot;:&quot;on_hover&quot;,&quot;hover_area&quot;:&quot;column&quot;,&quot;link_to&quot;:&quot;custom&quot;,&quot;custom_link&quot;:{&quot;url&quot;:&quot;https:\\\/\\\/venloop.nl\\\/de\\\/wandern\\\/gartencenter-leurs-walk\\\/abonnieren-gartenzentrum-leurs-walk\\\/#menu&quot;,&quot;is_external&quot;:&quot;&quot;,&quot;nofollow&quot;:&quot;&quot;,&quot;custom_attributes&quot;:&quot;&quot;},&quot;source&quot;:&quot;media_file&quot;,&quot;caption_source&quot;:&quot;none&quot;,&quot;on_hover_out&quot;:&quot;default&quot;,&quot;play_speed&quot;:{&quot;unit&quot;:&quot;px&quot;,&quot;size&quot;:1,&quot;sizes&quot;:[]},&quot;start_point&quot;:{&quot;unit&quot;:&quot;%&quot;,&quot;size&quot;:0,&quot;sizes&quot;:[]},&quot;end_point&quot;:{&quot;unit&quot;:&quot;%&quot;,&quot;size&quot;:100,&quot;sizes&quot;:[]},&quot;renderer&quot;:&quot;svg&quot;}\" data-widget_type=\"lottie.default\">\n\t\t\t\t<div class=\"elementor-widget-container\">\n\t\t\t\t\t<a class=\"e-lottie__container__link\" href=\"https:\/\/venloop.nl\/de\/wandern\/gartencenter-leurs-walk\/abonnieren-gartenzentrum-leurs-walk\/#menu\"><div class=\"e-lottie__container\"><div class=\"e-lottie__animation\"><\/div><\/div><\/a>\t\t\t\t<\/div>\n\t\t\t\t<\/div>\n\t\t\t\t<div class=\"elementor-element elementor-element-1ae16ee elementor-widget elementor-widget-heading\" data-id=\"1ae16ee\" data-element_type=\"widget\" data-e-type=\"widget\" data-widget_type=\"heading.default\">\n\t\t\t\t<div class=\"elementor-widget-container\">\n\t\t\t\t\t<h2 class=\"elementor-heading-title elementor-size-default\"><a href=\"https:\/\/venloop.nl\/de\/wandern\/gartencenter-leurs-walk\/abonnieren-gartenzentrum-leurs-walk\/#menu\">Anmeldungen<\/a><\/h2>\t\t\t\t<\/div>\n\t\t\t\t<\/div>\n\t\t\t\t\t<\/div>\n\t\t<\/div>\n\t\t\t\t<div class=\"elementor-column elementor-col-16 elementor-top-column elementor-element elementor-element-c37d758\" data-id=\"c37d758\" data-element_type=\"column\" data-e-type=\"column\" id=\"HoverColumn\">\n\t\t\t<div class=\"elementor-widget-wrap elementor-element-populated\">\n\t\t\t\t\t\t<div class=\"elementor-element elementor-element-76f2095 elementor-align-center elementor-widget elementor-widget-lottie\" data-id=\"76f2095\" data-element_type=\"widget\" data-e-type=\"widget\" data-settings=\"{&quot;source_json&quot;:{&quot;url&quot;:&quot;https:\\\/\\\/venloop.nl\\\/wp-content\\\/uploads\\\/2022\\\/12\\\/1758-meter-measure-outline-edited.json&quot;,&quot;id&quot;:422,&quot;size&quot;:&quot;&quot;,&quot;alt&quot;:&quot;&quot;,&quot;source&quot;:&quot;library&quot;},&quot;trigger&quot;:&quot;on_hover&quot;,&quot;hover_area&quot;:&quot;column&quot;,&quot;link_to&quot;:&quot;custom&quot;,&quot;custom_link&quot;:{&quot;url&quot;:&quot;https:\\\/\\\/venloop.nl\\\/de\\\/wandern\\\/gartencenter-leurs-walk\\\/routes-gartencenter-leurs-spaziergang\\\/#menu&quot;,&quot;is_external&quot;:&quot;&quot;,&quot;nofollow&quot;:&quot;&quot;,&quot;custom_attributes&quot;:&quot;&quot;},&quot;source&quot;:&quot;media_file&quot;,&quot;caption_source&quot;:&quot;none&quot;,&quot;on_hover_out&quot;:&quot;default&quot;,&quot;play_speed&quot;:{&quot;unit&quot;:&quot;px&quot;,&quot;size&quot;:1,&quot;sizes&quot;:[]},&quot;start_point&quot;:{&quot;unit&quot;:&quot;%&quot;,&quot;size&quot;:0,&quot;sizes&quot;:[]},&quot;end_point&quot;:{&quot;unit&quot;:&quot;%&quot;,&quot;size&quot;:100,&quot;sizes&quot;:[]},&quot;renderer&quot;:&quot;svg&quot;}\" data-widget_type=\"lottie.default\">\n\t\t\t\t<div class=\"elementor-widget-container\">\n\t\t\t\t\t<a class=\"e-lottie__container__link\" href=\"https:\/\/venloop.nl\/de\/wandern\/gartencenter-leurs-walk\/routes-gartencenter-leurs-spaziergang\/#menu\"><div class=\"e-lottie__container\"><div class=\"e-lottie__animation\"><\/div><\/div><\/a>\t\t\t\t<\/div>\n\t\t\t\t<\/div>\n\t\t\t\t<div class=\"elementor-element elementor-element-9c04545 elementor-widget elementor-widget-heading\" data-id=\"9c04545\" data-element_type=\"widget\" data-e-type=\"widget\" data-widget_type=\"heading.default\">\n\t\t\t\t<div class=\"elementor-widget-container\">\n\t\t\t\t\t<h2 class=\"elementor-heading-title elementor-size-default\"><a href=\"https:\/\/venloop.nl\/de\/wandern\/gartencenter-leurs-walk\/routes-gartencenter-leurs-spaziergang\/#menu\">Strecken<\/a><\/h2>\t\t\t\t<\/div>\n\t\t\t\t<\/div>\n\t\t\t\t\t<\/div>\n\t\t<\/div>\n\t\t\t\t<div class=\"elementor-column elementor-col-16 elementor-top-column elementor-element elementor-element-f00dfa3\" data-id=\"f00dfa3\" data-element_type=\"column\" data-e-type=\"column\" id=\"HoverColumn\">\n\t\t\t<div class=\"elementor-widget-wrap elementor-element-populated\">\n\t\t\t\t\t\t<div class=\"elementor-element elementor-element-3c9390a elementor-align-center elementor-widget elementor-widget-lottie\" data-id=\"3c9390a\" data-element_type=\"widget\" data-e-type=\"widget\" data-settings=\"{&quot;source_json&quot;:{&quot;url&quot;:&quot;https:\\\/\\\/venloop.nl\\\/wp-content\\\/uploads\\\/2022\\\/12\\\/995-table-sheet-spreadsheet-outline-edited.json&quot;,&quot;id&quot;:415,&quot;size&quot;:&quot;&quot;,&quot;alt&quot;:&quot;&quot;,&quot;source&quot;:&quot;library&quot;},&quot;trigger&quot;:&quot;on_hover&quot;,&quot;hover_area&quot;:&quot;column&quot;,&quot;link_to&quot;:&quot;custom&quot;,&quot;custom_link&quot;:{&quot;url&quot;:&quot;https:\\\/\\\/venloop.nl\\\/de\\\/wandern\\\/gartencenter-leurs-walk\\\/programm-gartenzentrum-leurs-rundgang\\\/#menu&quot;,&quot;is_external&quot;:&quot;&quot;,&quot;nofollow&quot;:&quot;&quot;,&quot;custom_attributes&quot;:&quot;&quot;},&quot;source&quot;:&quot;media_file&quot;,&quot;caption_source&quot;:&quot;none&quot;,&quot;on_hover_out&quot;:&quot;default&quot;,&quot;play_speed&quot;:{&quot;unit&quot;:&quot;px&quot;,&quot;size&quot;:1,&quot;sizes&quot;:[]},&quot;start_point&quot;:{&quot;unit&quot;:&quot;%&quot;,&quot;size&quot;:0,&quot;sizes&quot;:[]},&quot;end_point&quot;:{&quot;unit&quot;:&quot;%&quot;,&quot;size&quot;:100,&quot;sizes&quot;:[]},&quot;renderer&quot;:&quot;svg&quot;}\" data-widget_type=\"lottie.default\">\n\t\t\t\t<div class=\"elementor-widget-container\">\n\t\t\t\t\t<a class=\"e-lottie__container__link\" href=\"https:\/\/venloop.nl\/de\/wandern\/gartencenter-leurs-walk\/programm-gartenzentrum-leurs-rundgang\/#menu\"><div class=\"e-lottie__container\"><div class=\"e-lottie__animation\"><\/div><\/div><\/a>\t\t\t\t<\/div>\n\t\t\t\t<\/div>\n\t\t\t\t<div class=\"elementor-element elementor-element-7d43d16 elementor-widget elementor-widget-heading\" data-id=\"7d43d16\" data-element_type=\"widget\" data-e-type=\"widget\" data-widget_type=\"heading.default\">\n\t\t\t\t<div class=\"elementor-widget-container\">\n\t\t\t\t\t<h2 class=\"elementor-heading-title elementor-size-default\"><a href=\"https:\/\/venloop.nl\/de\/wandern\/gartencenter-leurs-walk\/programm-gartenzentrum-leurs-rundgang\/#menu\">Programm<\/a><\/h2>\t\t\t\t<\/div>\n\t\t\t\t<\/div>\n\t\t\t\t\t<\/div>\n\t\t<\/div>\n\t\t\t\t<div class=\"elementor-column elementor-col-16 elementor-top-column elementor-element elementor-element-17fdc23\" data-id=\"17fdc23\" data-element_type=\"column\" data-e-type=\"column\" id=\"HoverColumn\">\n\t\t\t<div class=\"elementor-widget-wrap elementor-element-populated\">\n\t\t\t\t\t\t<div class=\"elementor-element elementor-element-da563f7 elementor-align-center elementor-widget elementor-widget-lottie\" data-id=\"da563f7\" data-element_type=\"widget\" data-e-type=\"widget\" data-settings=\"{&quot;source_json&quot;:{&quot;url&quot;:&quot;https:\\\/\\\/venloop.nl\\\/wp-content\\\/uploads\\\/2023\\\/03\\\/1483-parchment-outline-edited.json&quot;,&quot;id&quot;:5018,&quot;size&quot;:&quot;&quot;,&quot;alt&quot;:&quot;&quot;,&quot;source&quot;:&quot;library&quot;},&quot;trigger&quot;:&quot;on_hover&quot;,&quot;hover_area&quot;:&quot;column&quot;,&quot;link_to&quot;:&quot;custom&quot;,&quot;custom_link&quot;:{&quot;url&quot;:&quot;https:\\\/\\\/venloop.nl\\\/de\\\/wandern\\\/gartencenter-leurs-walk\\\/startkarten-gartencenter-leurs-walking-tour\\\/#menu&quot;,&quot;is_external&quot;:&quot;&quot;,&quot;nofollow&quot;:&quot;&quot;,&quot;custom_attributes&quot;:&quot;&quot;},&quot;source&quot;:&quot;media_file&quot;,&quot;caption_source&quot;:&quot;none&quot;,&quot;on_hover_out&quot;:&quot;default&quot;,&quot;play_speed&quot;:{&quot;unit&quot;:&quot;px&quot;,&quot;size&quot;:1,&quot;sizes&quot;:[]},&quot;start_point&quot;:{&quot;unit&quot;:&quot;%&quot;,&quot;size&quot;:0,&quot;sizes&quot;:[]},&quot;end_point&quot;:{&quot;unit&quot;:&quot;%&quot;,&quot;size&quot;:100,&quot;sizes&quot;:[]},&quot;renderer&quot;:&quot;svg&quot;}\" data-widget_type=\"lottie.default\">\n\t\t\t\t<div class=\"elementor-widget-container\">\n\t\t\t\t\t<a class=\"e-lottie__container__link\" href=\"https:\/\/venloop.nl\/de\/wandern\/gartencenter-leurs-walk\/startkarten-gartencenter-leurs-walking-tour\/#menu\"><div class=\"e-lottie__container\"><div class=\"e-lottie__animation\"><\/div><\/div><\/a>\t\t\t\t<\/div>\n\t\t\t\t<\/div>\n\t\t\t\t<div class=\"elementor-element elementor-element-8374109 elementor-widget elementor-widget-heading\" data-id=\"8374109\" data-element_type=\"widget\" data-e-type=\"widget\" data-widget_type=\"heading.default\">\n\t\t\t\t<div class=\"elementor-widget-container\">\n\t\t\t\t\t<h2 class=\"elementor-heading-title elementor-size-default\"><a href=\"https:\/\/venloop.nl\/de\/wandern\/gartencenter-leurs-walk\/startkarten-gartencenter-leurs-walking-tour\/#menu\">Tickets &amp; Teilnehmer<\/a><\/h2>\t\t\t\t<\/div>\n\t\t\t\t<\/div>\n\t\t\t\t\t<\/div>\n\t\t<\/div>\n\t\t\t\t<div class=\"elementor-column elementor-col-16 elementor-top-column elementor-element elementor-element-cdf09f8\" data-id=\"cdf09f8\" data-element_type=\"column\" data-e-type=\"column\" id=\"HoverColumn\">\n\t\t\t<div class=\"elementor-widget-wrap elementor-element-populated\">\n\t\t\t\t\t\t<div class=\"elementor-element elementor-element-2b1adbe elementor-align-center elementor-widget elementor-widget-lottie\" data-id=\"2b1adbe\" data-element_type=\"widget\" data-e-type=\"widget\" data-settings=\"{&quot;source_json&quot;:{&quot;url&quot;:&quot;https:\\\/\\\/venloop.nl\\\/wp-content\\\/uploads\\\/2022\\\/12\\\/967-questionnaire-outline-edited.json&quot;,&quot;id&quot;:416,&quot;size&quot;:&quot;&quot;,&quot;alt&quot;:&quot;&quot;,&quot;source&quot;:&quot;library&quot;},&quot;trigger&quot;:&quot;on_hover&quot;,&quot;hover_area&quot;:&quot;column&quot;,&quot;link_to&quot;:&quot;custom&quot;,&quot;custom_link&quot;:{&quot;url&quot;:&quot;https:\\\/\\\/venloop.nl\\\/de\\\/wandern\\\/gartencenter-leurs-walk\\\/haeufig-gestellte-fragen-gartenzentrum-leurs\\\/#menu&quot;,&quot;is_external&quot;:&quot;&quot;,&quot;nofollow&quot;:&quot;&quot;,&quot;custom_attributes&quot;:&quot;&quot;},&quot;source&quot;:&quot;media_file&quot;,&quot;caption_source&quot;:&quot;none&quot;,&quot;on_hover_out&quot;:&quot;default&quot;,&quot;play_speed&quot;:{&quot;unit&quot;:&quot;px&quot;,&quot;size&quot;:1,&quot;sizes&quot;:[]},&quot;start_point&quot;:{&quot;unit&quot;:&quot;%&quot;,&quot;size&quot;:0,&quot;sizes&quot;:[]},&quot;end_point&quot;:{&quot;unit&quot;:&quot;%&quot;,&quot;size&quot;:100,&quot;sizes&quot;:[]},&quot;renderer&quot;:&quot;svg&quot;}\" data-widget_type=\"lottie.default\">\n\t\t\t\t<div class=\"elementor-widget-container\">\n\t\t\t\t\t<a class=\"e-lottie__container__link\" href=\"https:\/\/venloop.nl\/de\/wandern\/gartencenter-leurs-walk\/haeufig-gestellte-fragen-gartenzentrum-leurs\/#menu\"><div class=\"e-lottie__container\"><div class=\"e-lottie__animation\"><\/div><\/div><\/a>\t\t\t\t<\/div>\n\t\t\t\t<\/div>\n\t\t\t\t<div class=\"elementor-element elementor-element-d7a08d9 elementor-widget elementor-widget-heading\" data-id=\"d7a08d9\" data-element_type=\"widget\" data-e-type=\"widget\" data-widget_type=\"heading.default\">\n\t\t\t\t<div class=\"elementor-widget-container\">\n\t\t\t\t\t<h2 class=\"elementor-heading-title elementor-size-default\"><a href=\"https:\/\/venloop.nl\/de\/wandern\/gartencenter-leurs-walk\/haeufig-gestellte-fragen-gartenzentrum-leurs\/#menu\">F.A.Q.<\/a><\/h2>\t\t\t\t<\/div>\n\t\t\t\t<\/div>\n\t\t\t\t\t<\/div>\n\t\t<\/div>\n\t\t\t\t\t<\/div>\n\t\t<\/section>\n\t\t\t\t<section class=\"elementor-section elementor-top-section elementor-element elementor-element-df69711 elementor-section-boxed elementor-section-height-default elementor-section-height-default\" data-id=\"df69711\" data-element_type=\"section\" data-e-type=\"section\" data-settings=\"{&quot;jet_parallax_layout_list&quot;:[]}\">\n\t\t\t\t\t\t<div class=\"elementor-container elementor-column-gap-default\">\n\t\t\t\t\t<div class=\"elementor-column elementor-col-100 elementor-top-column elementor-element elementor-element-18dc728\" data-id=\"18dc728\" data-element_type=\"column\" data-e-type=\"column\">\n\t\t\t<div class=\"elementor-widget-wrap elementor-element-populated\">\n\t\t\t\t\t\t<div class=\"elementor-element elementor-element-932aa2f elementor-widget elementor-widget-spacer\" data-id=\"932aa2f\" data-element_type=\"widget\" data-e-type=\"widget\" data-widget_type=\"spacer.default\">\n\t\t\t\t<div class=\"elementor-widget-container\">\n\t\t\t\t\t\t\t<div class=\"elementor-spacer\">\n\t\t\t<div class=\"elementor-spacer-inner\"><\/div>\n\t\t<\/div>\n\t\t\t\t\t\t<\/div>\n\t\t\t\t<\/div>\n\t\t\t\t<div class=\"elementor-element elementor-element-36cf05e elementor-widget elementor-widget-heading\" data-id=\"36cf05e\" data-element_type=\"widget\" data-e-type=\"widget\" data-widget_type=\"heading.default\">\n\t\t\t\t<div class=\"elementor-widget-container\">\n\t\t\t\t\t<h1 class=\"elementor-heading-title elementor-size-default\">Strecken<\/h1>\t\t\t\t<\/div>\n\t\t\t\t<\/div>\n\t\t\t\t<div class=\"elementor-element elementor-element-5a1f2ce elementor-widget elementor-widget-text-editor\" data-id=\"5a1f2ce\" data-element_type=\"widget\" data-e-type=\"widget\" data-widget_type=\"text-editor.default\">\n\t\t\t\t<div class=\"elementor-widget-container\">\n\t\t\t\t\t\t\t\t\t<p>Die Route der Tuincentrum Leurs-Wanderung ist mit Pfeilen gekennzeichnet. Die 10-km-Route ist mit blauen Pfeilen markiert und f\u00fcr die 15-km-Route sollte man den rosa Pfeilen folgen. Die Pfeile f\u00fchren die Wanderer vorbei an den vielen leckeren Restaurants, gem\u00fctlichen Pl\u00e4tzen und all den sch\u00f6nen Orten.<\/p><p>Sobald die Routen f\u00fcr die n\u00e4chste Ausgabe bekannt sind, werden sie auf dieser Seite ver\u00f6ffentlicht.<\/p>\t\t\t\t\t\t\t\t<\/div>\n\t\t\t\t<\/div>\n\t\t\t\t<div class=\"elementor-element elementor-element-d67e788 elementor-hidden-desktop elementor-hidden-tablet elementor-hidden-mobile elementor-widget elementor-widget-text-editor\" data-id=\"d67e788\" data-element_type=\"widget\" data-e-type=\"widget\" data-widget_type=\"text-editor.default\">\n\t\t\t\t<div class=\"elementor-widget-container\">\n\t\t\t\t\t\t\t\t\t<p>Die Route der Tuincentrum Leurs-Wanderung ist bereits \u00fcber den untenstehenden Link zu sehen.<\/p>\t\t\t\t\t\t\t\t<\/div>\n\t\t\t\t<\/div>\n\t\t\t\t<div class=\"elementor-element elementor-element-b60e6ff elementor-align-start elementor-widget__width-auto elementor-widget-mobile__width-inherit elementor-widget-tablet__width-inherit elementor-hidden-desktop elementor-hidden-tablet elementor-hidden-mobile elementor-icon-list--layout-traditional elementor-list-item-link-full_width elementor-widget elementor-widget-icon-list\" data-id=\"b60e6ff\" data-element_type=\"widget\" data-e-type=\"widget\" data-widget_type=\"icon-list.default\">\n\t\t\t\t<div class=\"elementor-widget-container\">\n\t\t\t\t\t\t\t<ul class=\"elementor-icon-list-items\">\n\t\t\t\t\t\t\t<li class=\"elementor-icon-list-item\">\n\t\t\t\t\t\t\t\t\t\t\t<a href=\"https:\/\/venloop.nl\/wp-content\/uploads\/2024\/09\/A4kaart_Kwaakerrun2024_10jubileum.pdf\" target=\"_blank\">\n\n\t\t\t\t\t\t\t\t\t\t\t\t<span class=\"elementor-icon-list-icon\">\n\t\t\t\t\t\t\t<svg xmlns=\"http:\/\/www.w3.org\/2000\/svg\" viewBox=\"0 0 21.36 24.26\"><defs><style>.cls-1{fill:#e6007e;}<\/style><\/defs><g id=\"Laag_2\" data-name=\"Laag 2\"><g id=\"Laag_1-2\" data-name=\"Laag 1\"><circle class=\"cls-1\" cx=\"16.96\" cy=\"3.57\" r=\"3.57\"><\/circle><path class=\"cls-1\" d=\"M21.36,10.49a2,2,0,0,0-1.11-2,2,2,0,0,0-1.46.27,4.66,4.66,0,0,1-3.29.68c-1.38-.34-2-1.48-2.82-2.5a6.37,6.37,0,0,0-1.42-1.27,6.39,6.39,0,0,0-3.33-1,8.84,8.84,0,0,0-1.15,0,7.34,7.34,0,0,0-2.84.78A4.28,4.28,0,0,0,2.49,6.73a5.12,5.12,0,0,0-1,2.67,2.14,2.14,0,0,0,.24,1.27c.77,1.25,1.7,0,2.41-.5a2,2,0,0,1,2.75.46,3.92,3.92,0,0,1,.76,2.57,9.26,9.26,0,0,1-.5,3.13,4.74,4.74,0,0,1-1.4,2.14,2.86,2.86,0,0,1-3,.44c-.52-.26-1-.77-1.55-.75a1.16,1.16,0,0,0-.9.57A2.58,2.58,0,0,0,0,19.79c-.36,3.08,2.32,4.47,5.06,4.47h0a8.45,8.45,0,0,0,4.94-1.49,9.68,9.68,0,0,0,3.3-4.08c.33-.73.48-1.76,1.21-2.23a2.55,2.55,0,0,1,1.06-.26A10,10,0,0,0,16.86,16a7.36,7.36,0,0,0,1-.34,6,6,0,0,0,1.78-1.19c.13-.13.26-.27.38-.41a5.45,5.45,0,0,0,1.34-3.47Z\"><\/path><\/g><\/g><\/svg>\t\t\t\t\t\t<\/span>\n\t\t\t\t\t\t\t\t\t\t<span class=\"elementor-icon-list-text\">Route Tuincentrum Leurs Wanderung 10 km<\/span>\n\t\t\t\t\t\t\t\t\t\t\t<\/a>\n\t\t\t\t\t\t\t\t\t<\/li>\n\t\t\t\t\t\t\t\t<li class=\"elementor-icon-list-item\">\n\t\t\t\t\t\t\t\t\t\t\t<a href=\"https:\/\/venloop.nl\/wp-content\/uploads\/2024\/09\/Route_Wandeltocht_15km.pdf\" target=\"_blank\">\n\n\t\t\t\t\t\t\t\t\t\t\t\t<span class=\"elementor-icon-list-icon\">\n\t\t\t\t\t\t\t<svg xmlns=\"http:\/\/www.w3.org\/2000\/svg\" viewBox=\"0 0 21.36 24.26\"><defs><style>.cls-1{fill:#e6007e;}<\/style><\/defs><g id=\"Laag_2\" data-name=\"Laag 2\"><g id=\"Laag_1-2\" data-name=\"Laag 1\"><circle class=\"cls-1\" cx=\"16.96\" cy=\"3.57\" r=\"3.57\"><\/circle><path class=\"cls-1\" d=\"M21.36,10.49a2,2,0,0,0-1.11-2,2,2,0,0,0-1.46.27,4.66,4.66,0,0,1-3.29.68c-1.38-.34-2-1.48-2.82-2.5a6.37,6.37,0,0,0-1.42-1.27,6.39,6.39,0,0,0-3.33-1,8.84,8.84,0,0,0-1.15,0,7.34,7.34,0,0,0-2.84.78A4.28,4.28,0,0,0,2.49,6.73a5.12,5.12,0,0,0-1,2.67,2.14,2.14,0,0,0,.24,1.27c.77,1.25,1.7,0,2.41-.5a2,2,0,0,1,2.75.46,3.92,3.92,0,0,1,.76,2.57,9.26,9.26,0,0,1-.5,3.13,4.74,4.74,0,0,1-1.4,2.14,2.86,2.86,0,0,1-3,.44c-.52-.26-1-.77-1.55-.75a1.16,1.16,0,0,0-.9.57A2.58,2.58,0,0,0,0,19.79c-.36,3.08,2.32,4.47,5.06,4.47h0a8.45,8.45,0,0,0,4.94-1.49,9.68,9.68,0,0,0,3.3-4.08c.33-.73.48-1.76,1.21-2.23a2.55,2.55,0,0,1,1.06-.26A10,10,0,0,0,16.86,16a7.36,7.36,0,0,0,1-.34,6,6,0,0,0,1.78-1.19c.13-.13.26-.27.38-.41a5.45,5.45,0,0,0,1.34-3.47Z\"><\/path><\/g><\/g><\/svg>\t\t\t\t\t\t<\/span>\n\t\t\t\t\t\t\t\t\t\t<span class=\"elementor-icon-list-text\">Route Tuincentrum Leurs Wanderung 15 km<\/span>\n\t\t\t\t\t\t\t\t\t\t\t<\/a>\n\t\t\t\t\t\t\t\t\t<\/li>\n\t\t\t\t\t\t<\/ul>\n\t\t\t\t\t\t<\/div>\n\t\t\t\t<\/div>\n\t\t\t\t\t<\/div>\n\t\t<\/div>\n\t\t\t\t\t<\/div>\n\t\t<\/section>\n\t\t\t\t<\/div>\n\t\t","protected":false},"excerpt":{"rendered":"<p>Gartencenter Leurs&nbsp; &nbsp;Wanderung Anmeldungen Strecken Programm Tickets &amp; Teilnehmer F.A.Q. Strecken Die Route der Tuincentrum Leurs-Wanderung ist mit Pfeilen gekennzeichnet. Die 10-km-Route ist mit blauen Pfeilen markiert und f\u00fcr die 15-km-Route sollte man den rosa Pfeilen folgen. Die Pfeile f\u00fchren die Wanderer vorbei an den vielen leckeren Restaurants, gem\u00fctlichen Pl\u00e4tzen und all den sch\u00f6nen Orten. [&hellip;]<\/p>\n","protected":false},"author":9,"featured_media":0,"parent":8109,"menu_order":4,"comment_status":"closed","ping_status":"closed","template":"","meta":{"footnotes":""},"class_list":["post-8210","page","type-page","status-publish","hentry"],"_links":{"self":[{"href":"https:\/\/venloop.nl\/de\/wp-json\/wp\/v2\/pages\/8210","targetHints":{"allow":["GET"]}}],"collection":[{"href":"https:\/\/venloop.nl\/de\/wp-json\/wp\/v2\/pages"}],"about":[{"href":"https:\/\/venloop.nl\/de\/wp-json\/wp\/v2\/types\/page"}],"author":[{"embeddable":true,"href":"https:\/\/venloop.nl\/de\/wp-json\/wp\/v2\/users\/9"}],"replies":[{"embeddable":true,"href":"https:\/\/venloop.nl\/de\/wp-json\/wp\/v2\/comments?post=8210"}],"version-history":[{"count":21,"href":"https:\/\/venloop.nl\/de\/wp-json\/wp\/v2\/pages\/8210\/revisions"}],"predecessor-version":[{"id":107428,"href":"https:\/\/venloop.nl\/de\/wp-json\/wp\/v2\/pages\/8210\/revisions\/107428"}],"up":[{"embeddable":true,"href":"https:\/\/venloop.nl\/de\/wp-json\/wp\/v2\/pages\/8109"}],"wp:attachment":[{"href":"https:\/\/venloop.nl\/de\/wp-json\/wp\/v2\/media?parent=8210"}],"curies":[{"name":"wp","href":"https:\/\/api.w.org\/{rel}","templated":true}]}}