{"id":8228,"date":"2023-03-18T11:22:24","date_gmt":"2023-03-18T10:22:24","guid":{"rendered":"https:\/\/staging.venloop.nl\/gartencenter-leurs-walk\/programm-gartenzentrum-leurs-rundgang\/"},"modified":"2025-09-11T19:50:15","modified_gmt":"2025-09-11T17:50:15","slug":"programm-gartenzentrum-leurs-rundgang","status":"publish","type":"page","link":"https:\/\/venloop.nl\/de\/wandern\/gartencenter-leurs-walk\/programm-gartenzentrum-leurs-rundgang\/","title":{"rendered":"Programm Gartenzentrum Leurs Rundgang"},"content":{"rendered":"\t\t<div data-elementor-type=\"wp-page\" data-elementor-id=\"8228\" class=\"elementor elementor-8228 elementor-5052\" data-elementor-post-type=\"page\">\n\t\t\t\t\t\t<section class=\"elementor-section elementor-top-section elementor-element elementor-element-41553ec elementor-section-boxed elementor-section-height-default elementor-section-height-default\" data-id=\"41553ec\" data-element_type=\"section\" data-e-type=\"section\" id=\"menu\" data-settings=\"{&quot;jet_parallax_layout_list&quot;:[]}\">\n\t\t\t\t\t\t<div class=\"elementor-container elementor-column-gap-no\">\n\t\t\t\t\t<div class=\"elementor-column elementor-col-16 elementor-top-column elementor-element elementor-element-d4c4c32\" data-id=\"d4c4c32\" data-element_type=\"column\" data-e-type=\"column\" id=\"HoverColumn\">\n\t\t\t<div class=\"elementor-widget-wrap elementor-element-populated\">\n\t\t\t\t\t\t<div class=\"elementor-element elementor-element-f0f98eb elementor-align-center elementor-widget elementor-widget-lottie\" data-id=\"f0f98eb\" data-element_type=\"widget\" data-e-type=\"widget\" data-settings=\"{&quot;source_json&quot;:{&quot;url&quot;:&quot;https:\\\/\\\/venloop.nl\\\/wp-content\\\/uploads\\\/2023\\\/03\\\/646-walking-walkcycle-person-outline-edited-3.json&quot;,&quot;id&quot;:4992,&quot;size&quot;:&quot;&quot;,&quot;alt&quot;:&quot;&quot;,&quot;source&quot;:&quot;library&quot;},&quot;trigger&quot;:&quot;on_hover&quot;,&quot;hover_area&quot;:&quot;column&quot;,&quot;link_to&quot;:&quot;custom&quot;,&quot;custom_link&quot;:{&quot;url&quot;:&quot;https:\\\/\\\/venloop.nl\\\/de\\\/wandern\\\/gartencenter-leurs-walk\\\/#menu&quot;,&quot;is_external&quot;:&quot;&quot;,&quot;nofollow&quot;:&quot;&quot;,&quot;custom_attributes&quot;:&quot;&quot;},&quot;source&quot;:&quot;media_file&quot;,&quot;caption_source&quot;:&quot;none&quot;,&quot;on_hover_out&quot;:&quot;default&quot;,&quot;play_speed&quot;:{&quot;unit&quot;:&quot;px&quot;,&quot;size&quot;:1,&quot;sizes&quot;:[]},&quot;start_point&quot;:{&quot;unit&quot;:&quot;%&quot;,&quot;size&quot;:0,&quot;sizes&quot;:[]},&quot;end_point&quot;:{&quot;unit&quot;:&quot;%&quot;,&quot;size&quot;:100,&quot;sizes&quot;:[]},&quot;renderer&quot;:&quot;svg&quot;}\" data-widget_type=\"lottie.default\">\n\t\t\t\t<div class=\"elementor-widget-container\">\n\t\t\t\t\t<a class=\"e-lottie__container__link\" href=\"https:\/\/venloop.nl\/de\/wandern\/gartencenter-leurs-walk\/#menu\"><div class=\"e-lottie__container\"><div class=\"e-lottie__animation\"><\/div><\/div><\/a>\t\t\t\t<\/div>\n\t\t\t\t<\/div>\n\t\t\t\t<div class=\"elementor-element elementor-element-5380aae elementor-widget elementor-widget-heading\" data-id=\"5380aae\" data-element_type=\"widget\" data-e-type=\"widget\" data-widget_type=\"heading.default\">\n\t\t\t\t<div class=\"elementor-widget-container\">\n\t\t\t\t\t<h2 class=\"elementor-heading-title elementor-size-default\"><a href=\"https:\/\/venloop.nl\/de\/wandern\/gartencenter-leurs-walk\/#menu\">Gartencenter Leurs&nbsp; &nbsp;Wanderung<\/a><\/h2>\t\t\t\t<\/div>\n\t\t\t\t<\/div>\n\t\t\t\t\t<\/div>\n\t\t<\/div>\n\t\t\t\t<div class=\"elementor-column elementor-col-16 elementor-top-column elementor-element elementor-element-74a4f68\" data-id=\"74a4f68\" data-element_type=\"column\" data-e-type=\"column\" id=\"HoverColumn\">\n\t\t\t<div class=\"elementor-widget-wrap elementor-element-populated\">\n\t\t\t\t\t\t<div class=\"elementor-element elementor-element-196ad65 elementor-align-center elementor-widget elementor-widget-lottie\" data-id=\"196ad65\" data-element_type=\"widget\" data-e-type=\"widget\" data-settings=\"{&quot;source_json&quot;:{&quot;url&quot;:&quot;https:\\\/\\\/venloop.nl\\\/wp-content\\\/uploads\\\/2022\\\/12\\\/1018-signature-sig-outline-edited.json&quot;,&quot;id&quot;:417,&quot;size&quot;:&quot;&quot;,&quot;alt&quot;:&quot;&quot;,&quot;source&quot;:&quot;library&quot;},&quot;trigger&quot;:&quot;on_hover&quot;,&quot;hover_area&quot;:&quot;column&quot;,&quot;link_to&quot;:&quot;custom&quot;,&quot;custom_link&quot;:{&quot;url&quot;:&quot;https:\\\/\\\/venloop.nl\\\/de\\\/wandern\\\/gartencenter-leurs-walk\\\/abonnieren-gartenzentrum-leurs-walk\\\/#menu&quot;,&quot;is_external&quot;:&quot;&quot;,&quot;nofollow&quot;:&quot;&quot;,&quot;custom_attributes&quot;:&quot;&quot;},&quot;source&quot;:&quot;media_file&quot;,&quot;caption_source&quot;:&quot;none&quot;,&quot;on_hover_out&quot;:&quot;default&quot;,&quot;play_speed&quot;:{&quot;unit&quot;:&quot;px&quot;,&quot;size&quot;:1,&quot;sizes&quot;:[]},&quot;start_point&quot;:{&quot;unit&quot;:&quot;%&quot;,&quot;size&quot;:0,&quot;sizes&quot;:[]},&quot;end_point&quot;:{&quot;unit&quot;:&quot;%&quot;,&quot;size&quot;:100,&quot;sizes&quot;:[]},&quot;renderer&quot;:&quot;svg&quot;}\" data-widget_type=\"lottie.default\">\n\t\t\t\t<div class=\"elementor-widget-container\">\n\t\t\t\t\t<a class=\"e-lottie__container__link\" href=\"https:\/\/venloop.nl\/de\/wandern\/gartencenter-leurs-walk\/abonnieren-gartenzentrum-leurs-walk\/#menu\"><div class=\"e-lottie__container\"><div class=\"e-lottie__animation\"><\/div><\/div><\/a>\t\t\t\t<\/div>\n\t\t\t\t<\/div>\n\t\t\t\t<div class=\"elementor-element elementor-element-1ae16ee elementor-widget elementor-widget-heading\" data-id=\"1ae16ee\" data-element_type=\"widget\" data-e-type=\"widget\" data-widget_type=\"heading.default\">\n\t\t\t\t<div class=\"elementor-widget-container\">\n\t\t\t\t\t<h2 class=\"elementor-heading-title elementor-size-default\"><a href=\"https:\/\/venloop.nl\/de\/wandern\/gartencenter-leurs-walk\/abonnieren-gartenzentrum-leurs-walk\/#menu\">Anmeldungen<\/a><\/h2>\t\t\t\t<\/div>\n\t\t\t\t<\/div>\n\t\t\t\t\t<\/div>\n\t\t<\/div>\n\t\t\t\t<div class=\"elementor-column elementor-col-16 elementor-top-column elementor-element elementor-element-c37d758\" data-id=\"c37d758\" data-element_type=\"column\" data-e-type=\"column\" id=\"HoverColumn\">\n\t\t\t<div class=\"elementor-widget-wrap elementor-element-populated\">\n\t\t\t\t\t\t<div class=\"elementor-element elementor-element-76f2095 elementor-align-center elementor-widget elementor-widget-lottie\" data-id=\"76f2095\" data-element_type=\"widget\" data-e-type=\"widget\" data-settings=\"{&quot;source_json&quot;:{&quot;url&quot;:&quot;https:\\\/\\\/venloop.nl\\\/wp-content\\\/uploads\\\/2022\\\/12\\\/1758-meter-measure-outline-edited.json&quot;,&quot;id&quot;:422,&quot;size&quot;:&quot;&quot;,&quot;alt&quot;:&quot;&quot;,&quot;source&quot;:&quot;library&quot;},&quot;trigger&quot;:&quot;on_hover&quot;,&quot;hover_area&quot;:&quot;column&quot;,&quot;link_to&quot;:&quot;custom&quot;,&quot;custom_link&quot;:{&quot;url&quot;:&quot;https:\\\/\\\/venloop.nl\\\/de\\\/wandern\\\/gartencenter-leurs-walk\\\/routes-gartencenter-leurs-spaziergang\\\/#menu&quot;,&quot;is_external&quot;:&quot;&quot;,&quot;nofollow&quot;:&quot;&quot;,&quot;custom_attributes&quot;:&quot;&quot;},&quot;source&quot;:&quot;media_file&quot;,&quot;caption_source&quot;:&quot;none&quot;,&quot;on_hover_out&quot;:&quot;default&quot;,&quot;play_speed&quot;:{&quot;unit&quot;:&quot;px&quot;,&quot;size&quot;:1,&quot;sizes&quot;:[]},&quot;start_point&quot;:{&quot;unit&quot;:&quot;%&quot;,&quot;size&quot;:0,&quot;sizes&quot;:[]},&quot;end_point&quot;:{&quot;unit&quot;:&quot;%&quot;,&quot;size&quot;:100,&quot;sizes&quot;:[]},&quot;renderer&quot;:&quot;svg&quot;}\" data-widget_type=\"lottie.default\">\n\t\t\t\t<div class=\"elementor-widget-container\">\n\t\t\t\t\t<a class=\"e-lottie__container__link\" href=\"https:\/\/venloop.nl\/de\/wandern\/gartencenter-leurs-walk\/routes-gartencenter-leurs-spaziergang\/#menu\"><div class=\"e-lottie__container\"><div class=\"e-lottie__animation\"><\/div><\/div><\/a>\t\t\t\t<\/div>\n\t\t\t\t<\/div>\n\t\t\t\t<div class=\"elementor-element elementor-element-9c04545 elementor-widget elementor-widget-heading\" data-id=\"9c04545\" data-element_type=\"widget\" data-e-type=\"widget\" data-widget_type=\"heading.default\">\n\t\t\t\t<div class=\"elementor-widget-container\">\n\t\t\t\t\t<h2 class=\"elementor-heading-title elementor-size-default\"><a href=\"https:\/\/venloop.nl\/de\/wandern\/gartencenter-leurs-walk\/routes-gartencenter-leurs-spaziergang\/#menu\">Strecken<\/a><\/h2>\t\t\t\t<\/div>\n\t\t\t\t<\/div>\n\t\t\t\t\t<\/div>\n\t\t<\/div>\n\t\t\t\t<div class=\"elementor-column elementor-col-16 elementor-top-column elementor-element elementor-element-f00dfa3\" data-id=\"f00dfa3\" data-element_type=\"column\" data-e-type=\"column\" id=\"HoverColumn\">\n\t\t\t<div class=\"elementor-widget-wrap elementor-element-populated\">\n\t\t\t\t\t\t<div class=\"elementor-element elementor-element-3c9390a elementor-align-center elementor-widget elementor-widget-lottie\" data-id=\"3c9390a\" data-element_type=\"widget\" data-e-type=\"widget\" data-settings=\"{&quot;source_json&quot;:{&quot;url&quot;:&quot;https:\\\/\\\/venloop.nl\\\/wp-content\\\/uploads\\\/2022\\\/12\\\/995-table-sheet-spreadsheet-outline-edited.json&quot;,&quot;id&quot;:415,&quot;size&quot;:&quot;&quot;,&quot;alt&quot;:&quot;&quot;,&quot;source&quot;:&quot;library&quot;},&quot;trigger&quot;:&quot;on_hover&quot;,&quot;hover_area&quot;:&quot;column&quot;,&quot;link_to&quot;:&quot;custom&quot;,&quot;custom_link&quot;:{&quot;url&quot;:&quot;https:\\\/\\\/venloop.nl\\\/de\\\/wandern\\\/gartencenter-leurs-walk\\\/programm-gartenzentrum-leurs-rundgang\\\/#menu&quot;,&quot;is_external&quot;:&quot;&quot;,&quot;nofollow&quot;:&quot;&quot;,&quot;custom_attributes&quot;:&quot;&quot;},&quot;source&quot;:&quot;media_file&quot;,&quot;caption_source&quot;:&quot;none&quot;,&quot;on_hover_out&quot;:&quot;default&quot;,&quot;play_speed&quot;:{&quot;unit&quot;:&quot;px&quot;,&quot;size&quot;:1,&quot;sizes&quot;:[]},&quot;start_point&quot;:{&quot;unit&quot;:&quot;%&quot;,&quot;size&quot;:0,&quot;sizes&quot;:[]},&quot;end_point&quot;:{&quot;unit&quot;:&quot;%&quot;,&quot;size&quot;:100,&quot;sizes&quot;:[]},&quot;renderer&quot;:&quot;svg&quot;}\" data-widget_type=\"lottie.default\">\n\t\t\t\t<div class=\"elementor-widget-container\">\n\t\t\t\t\t<a class=\"e-lottie__container__link\" href=\"https:\/\/venloop.nl\/de\/wandern\/gartencenter-leurs-walk\/programm-gartenzentrum-leurs-rundgang\/#menu\"><div class=\"e-lottie__container\"><div class=\"e-lottie__animation\"><\/div><\/div><\/a>\t\t\t\t<\/div>\n\t\t\t\t<\/div>\n\t\t\t\t<div class=\"elementor-element elementor-element-7d43d16 elementor-widget elementor-widget-heading\" data-id=\"7d43d16\" data-element_type=\"widget\" data-e-type=\"widget\" data-widget_type=\"heading.default\">\n\t\t\t\t<div class=\"elementor-widget-container\">\n\t\t\t\t\t<h2 class=\"elementor-heading-title elementor-size-default\"><a href=\"https:\/\/venloop.nl\/de\/wandern\/gartencenter-leurs-walk\/programm-gartenzentrum-leurs-rundgang\/#menu\">Programm<\/a><\/h2>\t\t\t\t<\/div>\n\t\t\t\t<\/div>\n\t\t\t\t\t<\/div>\n\t\t<\/div>\n\t\t\t\t<div class=\"elementor-column elementor-col-16 elementor-top-column elementor-element elementor-element-17fdc23\" data-id=\"17fdc23\" data-element_type=\"column\" data-e-type=\"column\" id=\"HoverColumn\">\n\t\t\t<div class=\"elementor-widget-wrap elementor-element-populated\">\n\t\t\t\t\t\t<div class=\"elementor-element elementor-element-da563f7 elementor-align-center elementor-widget elementor-widget-lottie\" data-id=\"da563f7\" data-element_type=\"widget\" data-e-type=\"widget\" data-settings=\"{&quot;source_json&quot;:{&quot;url&quot;:&quot;https:\\\/\\\/venloop.nl\\\/wp-content\\\/uploads\\\/2023\\\/03\\\/1483-parchment-outline-edited.json&quot;,&quot;id&quot;:5018,&quot;size&quot;:&quot;&quot;,&quot;alt&quot;:&quot;&quot;,&quot;source&quot;:&quot;library&quot;},&quot;trigger&quot;:&quot;on_hover&quot;,&quot;hover_area&quot;:&quot;column&quot;,&quot;link_to&quot;:&quot;custom&quot;,&quot;custom_link&quot;:{&quot;url&quot;:&quot;https:\\\/\\\/venloop.nl\\\/de\\\/wandern\\\/gartencenter-leurs-walk\\\/startkarten-gartencenter-leurs-walking-tour\\\/#menu&quot;,&quot;is_external&quot;:&quot;&quot;,&quot;nofollow&quot;:&quot;&quot;,&quot;custom_attributes&quot;:&quot;&quot;},&quot;source&quot;:&quot;media_file&quot;,&quot;caption_source&quot;:&quot;none&quot;,&quot;on_hover_out&quot;:&quot;default&quot;,&quot;play_speed&quot;:{&quot;unit&quot;:&quot;px&quot;,&quot;size&quot;:1,&quot;sizes&quot;:[]},&quot;start_point&quot;:{&quot;unit&quot;:&quot;%&quot;,&quot;size&quot;:0,&quot;sizes&quot;:[]},&quot;end_point&quot;:{&quot;unit&quot;:&quot;%&quot;,&quot;size&quot;:100,&quot;sizes&quot;:[]},&quot;renderer&quot;:&quot;svg&quot;}\" data-widget_type=\"lottie.default\">\n\t\t\t\t<div class=\"elementor-widget-container\">\n\t\t\t\t\t<a class=\"e-lottie__container__link\" href=\"https:\/\/venloop.nl\/de\/wandern\/gartencenter-leurs-walk\/startkarten-gartencenter-leurs-walking-tour\/#menu\"><div class=\"e-lottie__container\"><div class=\"e-lottie__animation\"><\/div><\/div><\/a>\t\t\t\t<\/div>\n\t\t\t\t<\/div>\n\t\t\t\t<div class=\"elementor-element elementor-element-8374109 elementor-widget elementor-widget-heading\" data-id=\"8374109\" data-element_type=\"widget\" data-e-type=\"widget\" data-widget_type=\"heading.default\">\n\t\t\t\t<div class=\"elementor-widget-container\">\n\t\t\t\t\t<h2 class=\"elementor-heading-title elementor-size-default\"><a href=\"https:\/\/venloop.nl\/de\/wandern\/gartencenter-leurs-walk\/startkarten-gartencenter-leurs-walking-tour\/#menu\">Tickets &amp; Teilnehmer<\/a><\/h2>\t\t\t\t<\/div>\n\t\t\t\t<\/div>\n\t\t\t\t\t<\/div>\n\t\t<\/div>\n\t\t\t\t<div class=\"elementor-column elementor-col-16 elementor-top-column elementor-element elementor-element-cdf09f8\" data-id=\"cdf09f8\" data-element_type=\"column\" data-e-type=\"column\" id=\"HoverColumn\">\n\t\t\t<div class=\"elementor-widget-wrap elementor-element-populated\">\n\t\t\t\t\t\t<div class=\"elementor-element elementor-element-2b1adbe elementor-align-center elementor-widget elementor-widget-lottie\" data-id=\"2b1adbe\" data-element_type=\"widget\" data-e-type=\"widget\" data-settings=\"{&quot;source_json&quot;:{&quot;url&quot;:&quot;https:\\\/\\\/venloop.nl\\\/wp-content\\\/uploads\\\/2022\\\/12\\\/967-questionnaire-outline-edited.json&quot;,&quot;id&quot;:416,&quot;size&quot;:&quot;&quot;,&quot;alt&quot;:&quot;&quot;,&quot;source&quot;:&quot;library&quot;},&quot;trigger&quot;:&quot;on_hover&quot;,&quot;hover_area&quot;:&quot;column&quot;,&quot;link_to&quot;:&quot;custom&quot;,&quot;custom_link&quot;:{&quot;url&quot;:&quot;https:\\\/\\\/venloop.nl\\\/de\\\/wandern\\\/gartencenter-leurs-walk\\\/haeufig-gestellte-fragen-gartenzentrum-leurs\\\/#menu&quot;,&quot;is_external&quot;:&quot;&quot;,&quot;nofollow&quot;:&quot;&quot;,&quot;custom_attributes&quot;:&quot;&quot;},&quot;source&quot;:&quot;media_file&quot;,&quot;caption_source&quot;:&quot;none&quot;,&quot;on_hover_out&quot;:&quot;default&quot;,&quot;play_speed&quot;:{&quot;unit&quot;:&quot;px&quot;,&quot;size&quot;:1,&quot;sizes&quot;:[]},&quot;start_point&quot;:{&quot;unit&quot;:&quot;%&quot;,&quot;size&quot;:0,&quot;sizes&quot;:[]},&quot;end_point&quot;:{&quot;unit&quot;:&quot;%&quot;,&quot;size&quot;:100,&quot;sizes&quot;:[]},&quot;renderer&quot;:&quot;svg&quot;}\" data-widget_type=\"lottie.default\">\n\t\t\t\t<div class=\"elementor-widget-container\">\n\t\t\t\t\t<a class=\"e-lottie__container__link\" href=\"https:\/\/venloop.nl\/de\/wandern\/gartencenter-leurs-walk\/haeufig-gestellte-fragen-gartenzentrum-leurs\/#menu\"><div class=\"e-lottie__container\"><div class=\"e-lottie__animation\"><\/div><\/div><\/a>\t\t\t\t<\/div>\n\t\t\t\t<\/div>\n\t\t\t\t<div class=\"elementor-element elementor-element-d7a08d9 elementor-widget elementor-widget-heading\" data-id=\"d7a08d9\" data-element_type=\"widget\" data-e-type=\"widget\" data-widget_type=\"heading.default\">\n\t\t\t\t<div class=\"elementor-widget-container\">\n\t\t\t\t\t<h2 class=\"elementor-heading-title elementor-size-default\"><a href=\"https:\/\/venloop.nl\/de\/wandern\/gartencenter-leurs-walk\/haeufig-gestellte-fragen-gartenzentrum-leurs\/#menu\">F.A.Q.<\/a><\/h2>\t\t\t\t<\/div>\n\t\t\t\t<\/div>\n\t\t\t\t\t<\/div>\n\t\t<\/div>\n\t\t\t\t\t<\/div>\n\t\t<\/section>\n\t\t\t\t<section class=\"elementor-section elementor-top-section elementor-element elementor-element-df69711 elementor-section-boxed elementor-section-height-default elementor-section-height-default\" data-id=\"df69711\" data-element_type=\"section\" data-e-type=\"section\" data-settings=\"{&quot;jet_parallax_layout_list&quot;:[]}\">\n\t\t\t\t\t\t<div class=\"elementor-container elementor-column-gap-default\">\n\t\t\t\t\t<div class=\"elementor-column elementor-col-100 elementor-top-column elementor-element elementor-element-18dc728\" data-id=\"18dc728\" data-element_type=\"column\" data-e-type=\"column\">\n\t\t\t<div class=\"elementor-widget-wrap elementor-element-populated\">\n\t\t\t\t\t\t<div class=\"elementor-element elementor-element-6f79e44 elementor-widget elementor-widget-spacer\" data-id=\"6f79e44\" data-element_type=\"widget\" data-e-type=\"widget\" data-widget_type=\"spacer.default\">\n\t\t\t\t<div class=\"elementor-widget-container\">\n\t\t\t\t\t\t\t<div class=\"elementor-spacer\">\n\t\t\t<div class=\"elementor-spacer-inner\"><\/div>\n\t\t<\/div>\n\t\t\t\t\t\t<\/div>\n\t\t\t\t<\/div>\n\t\t\t\t<div class=\"elementor-element elementor-element-36cf05e elementor-widget elementor-widget-heading\" data-id=\"36cf05e\" data-element_type=\"widget\" data-e-type=\"widget\" data-widget_type=\"heading.default\">\n\t\t\t\t<div class=\"elementor-widget-container\">\n\t\t\t\t\t<h1 class=\"elementor-heading-title elementor-size-default\">Programm<\/h1>\t\t\t\t<\/div>\n\t\t\t\t<\/div>\n\t\t\t\t<div class=\"elementor-element elementor-element-5a1f2ce elementor-widget elementor-widget-text-editor\" data-id=\"5a1f2ce\" data-element_type=\"widget\" data-e-type=\"widget\" data-widget_type=\"text-editor.default\">\n\t\t\t\t<div class=\"elementor-widget-container\">\n\t\t\t\t\t\t\t\t\t<p>Das Programm des Gartencenter Leurs-Wanderung setzt sich wie folgt zusammen:<\/p><table border=\"0\" cellspacing=\"0\" cellpadding=\"0\"><thead><tr><th scope=\"col\">Starter-Gruppe<\/th><th scope=\"col\">Distanz<\/th><th scope=\"col\">Startzeit<\/th><\/tr><\/thead><tbody><tr><td>Startgruppe 1<\/td><td>15 km<\/td><td>09:30 Uhr<\/td><\/tr><tr><td>Startgruppe 2<\/td><td>15 km<\/td><td>09:45 Uhr<\/td><\/tr><tr><td>Startgruppe 3<\/td><td>15 km<\/td><td>10:00 Uhr<\/td><\/tr><tr><td>Startgruppe 4<\/td><td>15 km<\/td><td>10:15 Uhr<\/td><\/tr><tr><td>Startgruppe 5<\/td><td>10 km<\/td><td>10:30 Uhr<\/td><\/tr><\/tbody><\/table><p>Wir bitten darum, nicht zu fr\u00fch anzureisen, sondern erst kurz vor der Startzeit zu kommen. Au\u00dferdem bitten<br \/>wir darum, einen Abstand von anderthalb Metern am Pastoor Kierkelsplein einzuhalten. Pro Gruppe werden etwas mehr als 200 Personen starten k\u00f6nnen.<\/p><p><span lang=\"DE\"> Es wird damit gerechnet, dass alle Teilnehmende der Gartencenter Leurs-Wanderung sp\u00e4testens um 15.15 Uhr die Ziellinie \u00fcberqueren werden.<\/span><\/p>\t\t\t\t\t\t\t\t<\/div>\n\t\t\t\t<\/div>\n\t\t\t\t\t<\/div>\n\t\t<\/div>\n\t\t\t\t\t<\/div>\n\t\t<\/section>\n\t\t\t\t<section class=\"elementor-section elementor-top-section elementor-element elementor-element-4edb7dc elementor-hidden-tablet elementor-hidden-mobile elementor-section-boxed elementor-section-height-default elementor-section-height-default\" data-id=\"4edb7dc\" data-element_type=\"section\" data-e-type=\"section\" data-settings=\"{&quot;jet_parallax_layout_list&quot;:[]}\">\n\t\t\t\t\t\t<div class=\"elementor-container elementor-column-gap-default\">\n\t\t\t\t\t<div class=\"elementor-column elementor-col-100 elementor-top-column elementor-element elementor-element-249e23e\" data-id=\"249e23e\" data-element_type=\"column\" data-e-type=\"column\">\n\t\t\t<div class=\"elementor-widget-wrap elementor-element-populated\">\n\t\t\t\t\t\t<div class=\"elementor-element elementor-element-6efad2d elementor-widget elementor-widget-heading\" data-id=\"6efad2d\" data-element_type=\"widget\" data-e-type=\"widget\" data-widget_type=\"heading.default\">\n\t\t\t\t<div class=\"elementor-widget-container\">\n\t\t\t\t\t<h1 class=\"elementor-heading-title elementor-size-default\">Programmheft<\/h1>\t\t\t\t<\/div>\n\t\t\t\t<\/div>\n\t\t\t\t<div class=\"elementor-element elementor-element-e470e55 elementor-widget elementor-widget-text-editor\" data-id=\"e470e55\" data-element_type=\"widget\" data-e-type=\"widget\" data-widget_type=\"text-editor.default\">\n\t\t\t\t<div class=\"elementor-widget-container\">\n\t\t\t\t\t\t\t\t\t<p>Alle Informationen \u00fcber das Tuincentrum Leurs Wanderung finden Sie im Programmheft. Sie k\u00f6nnen es \u00fcber die Schaltfl\u00e4che unten herunterladen.\u00a0<\/p>\t\t\t\t\t\t\t\t<\/div>\n\t\t\t\t<\/div>\n\t\t\t\t<div class=\"elementor-element elementor-element-284b853 elementor-widget elementor-widget-button\" data-id=\"284b853\" data-element_type=\"widget\" data-e-type=\"widget\" data-widget_type=\"button.default\">\n\t\t\t\t<div class=\"elementor-widget-container\">\n\t\t\t\t\t\t\t\t\t<div class=\"elementor-button-wrapper\">\n\t\t\t\t\t<a class=\"elementor-button elementor-button-link elementor-size-sm\" href=\"https:\/\/venloop.nl\/wp-content\/uploads\/2025\/09\/BOEKJE-WANDELTOCHT-2025-02.pdf\" target=\"_blank\">\n\t\t\t\t\t\t<span class=\"elementor-button-content-wrapper\">\n\t\t\t\t\t\t\t\t\t<span class=\"elementor-button-text\">Laden Sie das Programmheft hier herunter<\/span>\n\t\t\t\t\t<\/span>\n\t\t\t\t\t<\/a>\n\t\t\t\t<\/div>\n\t\t\t\t\t\t\t\t<\/div>\n\t\t\t\t<\/div>\n\t\t\t\t\t<\/div>\n\t\t<\/div>\n\t\t\t\t\t<\/div>\n\t\t<\/section>\n\t\t\t\t<\/div>\n\t\t","protected":false},"excerpt":{"rendered":"<p>Gartencenter Leurs&nbsp; &nbsp;Wanderung Anmeldungen Strecken Programm Tickets &amp; Teilnehmer F.A.Q. Programm Das Programm des Gartencenter Leurs-Wanderung setzt sich wie folgt zusammen: Starter-Gruppe Distanz Startzeit Startgruppe 1 15 km 09:30 Uhr Startgruppe 2 15 km 09:45 Uhr Startgruppe 3 15 km 10:00 Uhr Startgruppe 4 15 km 10:15 Uhr Startgruppe 5 10 km 10:30 Uhr Wir [&hellip;]<\/p>\n","protected":false},"author":9,"featured_media":0,"parent":8109,"menu_order":4,"comment_status":"closed","ping_status":"closed","template":"","meta":{"footnotes":""},"class_list":["post-8228","page","type-page","status-publish","hentry"],"_links":{"self":[{"href":"https:\/\/venloop.nl\/de\/wp-json\/wp\/v2\/pages\/8228","targetHints":{"allow":["GET"]}}],"collection":[{"href":"https:\/\/venloop.nl\/de\/wp-json\/wp\/v2\/pages"}],"about":[{"href":"https:\/\/venloop.nl\/de\/wp-json\/wp\/v2\/types\/page"}],"author":[{"embeddable":true,"href":"https:\/\/venloop.nl\/de\/wp-json\/wp\/v2\/users\/9"}],"replies":[{"embeddable":true,"href":"https:\/\/venloop.nl\/de\/wp-json\/wp\/v2\/comments?post=8228"}],"version-history":[{"count":26,"href":"https:\/\/venloop.nl\/de\/wp-json\/wp\/v2\/pages\/8228\/revisions"}],"predecessor-version":[{"id":118575,"href":"https:\/\/venloop.nl\/de\/wp-json\/wp\/v2\/pages\/8228\/revisions\/118575"}],"up":[{"embeddable":true,"href":"https:\/\/venloop.nl\/de\/wp-json\/wp\/v2\/pages\/8109"}],"wp:attachment":[{"href":"https:\/\/venloop.nl\/de\/wp-json\/wp\/v2\/media?parent=8228"}],"curies":[{"name":"wp","href":"https:\/\/api.w.org\/{rel}","templated":true}]}}