{"id":24992,"date":"2023-11-21T10:58:39","date_gmt":"2023-03-22T09:58:47","guid":{"rendered":"https:\/\/staging.venloop.nl\/product\/venloop-hemd-2023-kopie\/"},"modified":"2025-04-07T08:10:57","modified_gmt":"2025-04-07T06:10:57","slug":"venloop-wanderjacke-2023-h","status":"publish","type":"product","link":"https:\/\/venloop.nl\/de\/produkt\/venloop-wanderjacke-2023-h\/","title":{"rendered":"Venloop Herren Wanderjacke"},"content":{"rendered":"<p>F\u00fcr alle begeisterten Venlopers haben wir eine Wanderjacke in zeitlosem und sportlichem Design entworfen. Mit dieser bequemen und wasserdichten Jacke k\u00f6nnen Sie Ihre Wanderung bei jedem Wetter fortsetzen. Es ist also die ultimative Erg\u00e4nzung f\u00fcr Ihre Sammlung!<\/p>\n<p>Farbe: Mehrfarbig<br \/>\nMaterial: 100% Polyester, 130 g\/m\u00b2<br \/>\nDetails: reflektierende Streifen<\/p>\n","protected":false},"excerpt":{"rendered":"<p>F\u00fcr alle begeisterten Venlopers haben wir eine Wanderjacke in zeitlosem und sportlichem Design entworfen. Mit dieser bequemen und wasserdichten Jacke k\u00f6nnen Sie Ihre Wanderung bei jedem Wetter fortsetzen. Es ist also die ultimative Erg\u00e4nzung f\u00fcr Ihre Sammlung!<\/p>\n<p>Farbe: Mehrfarbig<br \/>\nMaterial: 100% Polyester, 130 g\/m\u00b2<br \/>\nDetails: reflektierende Streifen<\/p>\n","protected":false},"featured_media":25282,"template":"","meta":[],"product_brand":[],"product_cat":[82],"product_tag":[],"class_list":{"0":"post-24992","1":"product","2":"type-product","3":"status-publish","4":"has-post-thumbnail","6":"product_cat-manner","7":"product_shipping_class-briefkasten-paket","9":"first","10":"instock","11":"sale","12":"shipping-taxable","13":"purchasable","14":"product-type-variable"},"_links":{"self":[{"href":"https:\/\/venloop.nl\/de\/wp-json\/wp\/v2\/product\/24992","targetHints":{"allow":["GET"]}}],"collection":[{"href":"https:\/\/venloop.nl\/de\/wp-json\/wp\/v2\/product"}],"about":[{"href":"https:\/\/venloop.nl\/de\/wp-json\/wp\/v2\/types\/product"}],"wp:featuredmedia":[{"embeddable":true,"href":"https:\/\/venloop.nl\/de\/wp-json\/wp\/v2\/media\/25282"}],"wp:attachment":[{"href":"https:\/\/venloop.nl\/de\/wp-json\/wp\/v2\/media?parent=24992"}],"wp:term":[{"taxonomy":"product_brand","embeddable":true,"href":"https:\/\/venloop.nl\/de\/wp-json\/wp\/v2\/product_brand?post=24992"},{"taxonomy":"product_cat","embeddable":true,"href":"https:\/\/venloop.nl\/de\/wp-json\/wp\/v2\/product_cat?post=24992"},{"taxonomy":"product_tag","embeddable":true,"href":"https:\/\/venloop.nl\/de\/wp-json\/wp\/v2\/product_tag?post=24992"}],"curies":[{"name":"wp","href":"https:\/\/api.w.org\/{rel}","templated":true}]}}