{"id":26958,"date":"2023-11-20T11:13:27","date_gmt":"2023-03-22T10:14:11","guid":{"rendered":"https:\/\/staging.venloop.nl\/product\/venloop-laufjacke-kopie\/"},"modified":"2025-04-05T13:22:51","modified_gmt":"2025-04-05T11:22:51","slug":"fenloop-wanderjacke-2023-d","status":"publish","type":"product","link":"https:\/\/venloop.nl\/de\/produkt\/fenloop-wanderjacke-2023-d\/","title":{"rendered":"Venloop Wanderjacke Damen"},"content":{"rendered":"<p>F\u00fcr alle fanatischen Venloper haben wir eine zeitlose Wanderjacke mit einem zeitlosen und sportlichen Design anfertigen lassen. Mit dieser bequemen und wasserdichten Jacke k\u00f6nnen Sie Ihre Wanderung bei jedem Wetter fortsetzen. Es ist also die ultimative Erg\u00e4nzung f\u00fcr Ihre Sammlung!<\/p>\n<p>Farbe: Mehrfarbig<br \/>\nMaterial: 100% Polyester, 130 g\/m\u00b2<br \/>\nDetails: reflektierende Streifen<\/p>\n","protected":false},"excerpt":{"rendered":"<p>F\u00fcr alle fanatischen Venloper haben wir eine zeitlose Wanderjacke mit einem zeitlosen und sportlichen Design anfertigen lassen. Mit dieser bequemen und wasserdichten Jacke k\u00f6nnen Sie Ihre Wanderung bei jedem Wetter fortsetzen. Es ist also die ultimative Erg\u00e4nzung f\u00fcr Ihre Sammlung!<\/p>\n<p>Farbe: Mehrfarbig<br \/>\nMaterial: 100% Polyester, 130 g\/m\u00b2<br \/>\nDetails: reflektierende Streifen<\/p>\n","protected":false},"featured_media":27166,"template":"","meta":[],"product_brand":[],"product_cat":[80],"product_tag":[],"class_list":{"0":"post-26958","1":"product","2":"type-product","3":"status-publish","4":"has-post-thumbnail","6":"product_cat-frauen","7":"product_shipping_class-briefkasten-paket","9":"first","10":"instock","11":"sale","12":"shipping-taxable","13":"purchasable","14":"product-type-variable"},"_links":{"self":[{"href":"https:\/\/venloop.nl\/de\/wp-json\/wp\/v2\/product\/26958","targetHints":{"allow":["GET"]}}],"collection":[{"href":"https:\/\/venloop.nl\/de\/wp-json\/wp\/v2\/product"}],"about":[{"href":"https:\/\/venloop.nl\/de\/wp-json\/wp\/v2\/types\/product"}],"wp:featuredmedia":[{"embeddable":true,"href":"https:\/\/venloop.nl\/de\/wp-json\/wp\/v2\/media\/27166"}],"wp:attachment":[{"href":"https:\/\/venloop.nl\/de\/wp-json\/wp\/v2\/media?parent=26958"}],"wp:term":[{"taxonomy":"product_brand","embeddable":true,"href":"https:\/\/venloop.nl\/de\/wp-json\/wp\/v2\/product_brand?post=26958"},{"taxonomy":"product_cat","embeddable":true,"href":"https:\/\/venloop.nl\/de\/wp-json\/wp\/v2\/product_cat?post=26958"},{"taxonomy":"product_tag","embeddable":true,"href":"https:\/\/venloop.nl\/de\/wp-json\/wp\/v2\/product_tag?post=26958"}],"curies":[{"name":"wp","href":"https:\/\/api.w.org\/{rel}","templated":true}]}}