{"id":29220,"date":"2024-09-30T00:00:48","date_gmt":"2024-09-29T22:00:48","guid":{"rendered":"https:\/\/staging.venloop.nl\/product\/venloop-flagge-kopieren\/"},"modified":"2024-10-14T09:03:13","modified_gmt":"2024-10-14T07:03:13","slug":"venloop-fruhstuck","status":"publish","type":"product","link":"https:\/\/venloop.nl\/de\/produkt\/venloop-fruhstuck\/","title":{"rendered":"Venloop-Fr\u00fchst\u00fcck"},"content":{"rendered":"<p>Vor der Neptunus Wanderung k\u00f6nnen Sie im Pavillon von Ewals Cargo Care im Julianapark in Venlo von 6.00 bis 11.30 Uhr ein leckeres Venloop-Fr\u00fchst\u00fcck genie\u00dfen. Sollten Sie bei der Anmeldung vergessen haben, sich zu registrieren, k\u00f6nnen Sie hier trotzdem Ihr Fr\u00fchst\u00fcck bestellen. Abgesehen davon, dass man aus dem Essen viel Energie sch\u00f6pft, macht es auch viel Spa\u00df, den Tag mit anderen Teilnehmern zu beginnen.<\/p>\n<p>Das Fr\u00fchst\u00fcck besteht aus einem k\u00f6stlichen Buffet mit k\u00f6stlichem frischem Kaffee, Tee und Orangensaft, damit Sie Ihren Tag mit voller Kraft beginnen k\u00f6nnen.<\/p>\n","protected":false},"excerpt":{"rendered":"<p>Vor der Neptun-Wanderung k\u00f6nnen Sie im Pavillon von Ewals Cargo Care im Julianapark in Venlo von 6.00 bis 11.30 Uhr ein leckeres Venloop-Fr\u00fchst\u00fcck genie\u00dfen. Sollten Sie bei der Anmeldung vergessen haben, sich zu registrieren, k\u00f6nnen Sie hier trotzdem Ihr Fr\u00fchst\u00fcck bestellen. Abgesehen davon, dass man aus dem Essen viel Energie sch\u00f6pft, macht es auch viel Spa\u00df, den Tag mit anderen Teilnehmern zu beginnen.<\/p>\n<p>Das Fr\u00fchst\u00fcck besteht aus einem k\u00f6stlichen Buffet mit k\u00f6stlichem frischem Kaffee, Tee und Orangensaft, damit Sie Ihren Tag mit voller Kraft beginnen k\u00f6nnen.<\/p>\n","protected":false},"featured_media":87974,"template":"","meta":[],"product_brand":[],"product_cat":[92],"product_tag":[],"class_list":{"0":"post-29220","1":"product","2":"type-product","3":"status-publish","4":"has-post-thumbnail","6":"product_cat-andere","7":"product_shipping_class-kostenloser-versand","9":"first","10":"instock","11":"shipping-taxable","12":"purchasable","13":"product-type-simple"},"_links":{"self":[{"href":"https:\/\/venloop.nl\/de\/wp-json\/wp\/v2\/product\/29220","targetHints":{"allow":["GET"]}}],"collection":[{"href":"https:\/\/venloop.nl\/de\/wp-json\/wp\/v2\/product"}],"about":[{"href":"https:\/\/venloop.nl\/de\/wp-json\/wp\/v2\/types\/product"}],"wp:featuredmedia":[{"embeddable":true,"href":"https:\/\/venloop.nl\/de\/wp-json\/wp\/v2\/media\/87974"}],"wp:attachment":[{"href":"https:\/\/venloop.nl\/de\/wp-json\/wp\/v2\/media?parent=29220"}],"wp:term":[{"taxonomy":"product_brand","embeddable":true,"href":"https:\/\/venloop.nl\/de\/wp-json\/wp\/v2\/product_brand?post=29220"},{"taxonomy":"product_cat","embeddable":true,"href":"https:\/\/venloop.nl\/de\/wp-json\/wp\/v2\/product_cat?post=29220"},{"taxonomy":"product_tag","embeddable":true,"href":"https:\/\/venloop.nl\/de\/wp-json\/wp\/v2\/product_tag?post=29220"}],"curies":[{"name":"wp","href":"https:\/\/api.w.org\/{rel}","templated":true}]}}