{"id":29256,"date":"2023-10-10T11:40:44","date_gmt":"2023-03-22T10:40:52","guid":{"rendered":"https:\/\/staging.venloop.nl\/product\/nudelparty-kopie\/"},"modified":"2024-12-02T00:00:03","modified_gmt":"2024-12-01T22:00:03","slug":"blackroll-foam-roller-standard","status":"publish","type":"product","link":"https:\/\/venloop.nl\/de\/produkt\/blackroll-foam-roller-standard\/","title":{"rendered":"Blackroll &#8211; Schaumstoffrolle Standard"},"content":{"rendered":"<h3>Die Mutter aller Faszienrollen<\/h3>\n<p>Die STANDARD Schaumstoffrolle ist ideal f\u00fcr Personen, die ihre Beweglichkeit verbessern und schmerzhafte Muskelverspannungen effektiv behandeln wollen. Die Massage-Schaumstoffrolle ist ein echter Klassiker, der nicht nur zur Selbstmassage und Erholung dient, sondern auch f\u00fcr funktionelles Training zur St\u00e4rkung der Tiefenmuskulatur eingesetzt werden kann. Durch die praktische Gr\u00f6\u00dfe und die einfache Anwendung ist der STANDARD der perfekte Trainingspartner, egal ob Sie zu Hause, im Fitnessstudio oder auf Reisen trainieren m\u00f6chten.<\/p>\n<p>Die STANDARD-Schaumstoffrolle ist das ideale Hilfsmittel f\u00fcr die Selbstmassage von R\u00fccken, Nacken, ganzem Oberk\u00f6rper, Oberschenkeln oder Waden. Ein erfahrener Therapeut kann die Rolle nicht ersetzen, aber er kann die traditionellen Behandlungsmethoden wie Physiotherapie, Bindegewebsmassage und Osteopathie perfekt erg\u00e4nzen. Sie brauchen keinen Partner bei der Anwendung, denn der STANDARD ist f\u00fcr die Selbstbehandlung geeignet.<\/p>\n<p>Dabei wird ausschlie\u00dflich mit dem eigenen K\u00f6rpergewicht gearbeitet, um den Druck auf das zu massierende Gewebe nach Bedarf zu variieren. Muskelschmerzen und Verspannungen k\u00f6nnen damit wirksam behandelt werden, um die Erholung verspannter Muskeln zu beschleunigen und Faszienverklebungen zu l\u00f6sen. Selbst Spitzensportler sind von der einfachen Anwendung und der lang anhaltenden Leistung des STANDARD \u00fcberzeugt.<\/p>\n<p>Gr\u00f6\u00dfe: 30 cm x 15 cm, 152 g<\/p>\n<ul>\n<li>Umweltschonende und energiesparende Produktion<\/li>\n<li>Material 100% recycelbar<\/li>\n<li>Enth\u00e4lt keine Treibgase<\/li>\n<li>Enth\u00e4lt keine anderen Chemikalien<\/li>\n<\/ul>\n","protected":false},"excerpt":{"rendered":"<h3>Die Mutter aller Faszienrollen<\/h3>\n<p>Die STANDARD Schaumstoffrolle ist ideal f\u00fcr Personen, die ihre Beweglichkeit verbessern und schmerzhafte Muskelverspannungen effektiv behandeln wollen. Die Massage-Schaumstoffrolle ist ein echter Klassiker, der nicht nur zur Selbstmassage und Erholung dient, sondern auch f\u00fcr funktionelles Training zur St\u00e4rkung der Tiefenmuskulatur eingesetzt werden kann. Durch die praktische Gr\u00f6\u00dfe und die einfache Anwendung ist der STANDARD der perfekte Trainingspartner, egal ob Sie zu Hause, im Fitnessstudio oder auf Reisen trainieren m\u00f6chten.<\/p>\n<p>Die STANDARD-Schaumstoffrolle ist das ideale Hilfsmittel f\u00fcr die Selbstmassage von R\u00fccken, Nacken, ganzem Oberk\u00f6rper, Oberschenkeln oder Waden. Ein erfahrener Therapeut kann die Rolle nicht ersetzen, aber er kann die traditionellen Behandlungsmethoden wie Physiotherapie, Bindegewebsmassage und Osteopathie perfekt erg\u00e4nzen. Sie brauchen keinen Partner bei der Anwendung, denn der STANDARD ist f\u00fcr die Selbstbehandlung geeignet.<\/p>\n<p>Dabei wird ausschlie\u00dflich mit dem eigenen K\u00f6rpergewicht gearbeitet, um den Druck auf das zu massierende Gewebe nach Bedarf zu variieren. Muskelschmerzen und Verspannungen k\u00f6nnen damit wirksam behandelt werden, um die Erholung verspannter Muskeln zu beschleunigen und Faszienverklebungen zu l\u00f6sen. Selbst Spitzensportler sind von der einfachen Anwendung und der lang anhaltenden Leistung des STANDARD \u00fcberzeugt.<\/p>\n<p>Gr\u00f6\u00dfe: 30 cm x 15 cm, 152 g<\/p>\n<ul>\n<li>Umweltschonende und energiesparende Produktion<\/li>\n<li>Material 100% recycelbar<\/li>\n<li>Enth\u00e4lt keine Treibgase<\/li>\n<li>Enth\u00e4lt keine anderen Chemikalien<\/li>\n<\/ul>\n","protected":false},"featured_media":29260,"template":"","meta":[],"product_brand":[],"product_cat":[92],"product_tag":[],"class_list":{"0":"post-29256","1":"product","2":"type-product","3":"status-publish","4":"has-post-thumbnail","6":"product_cat-andere","8":"first","9":"instock","10":"shipping-taxable","11":"purchasable","12":"product-type-simple"},"_links":{"self":[{"href":"https:\/\/venloop.nl\/de\/wp-json\/wp\/v2\/product\/29256","targetHints":{"allow":["GET"]}}],"collection":[{"href":"https:\/\/venloop.nl\/de\/wp-json\/wp\/v2\/product"}],"about":[{"href":"https:\/\/venloop.nl\/de\/wp-json\/wp\/v2\/types\/product"}],"wp:featuredmedia":[{"embeddable":true,"href":"https:\/\/venloop.nl\/de\/wp-json\/wp\/v2\/media\/29260"}],"wp:attachment":[{"href":"https:\/\/venloop.nl\/de\/wp-json\/wp\/v2\/media?parent=29256"}],"wp:term":[{"taxonomy":"product_brand","embeddable":true,"href":"https:\/\/venloop.nl\/de\/wp-json\/wp\/v2\/product_brand?post=29256"},{"taxonomy":"product_cat","embeddable":true,"href":"https:\/\/venloop.nl\/de\/wp-json\/wp\/v2\/product_cat?post=29256"},{"taxonomy":"product_tag","embeddable":true,"href":"https:\/\/venloop.nl\/de\/wp-json\/wp\/v2\/product_tag?post=29256"}],"curies":[{"name":"wp","href":"https:\/\/api.w.org\/{rel}","templated":true}]}}