{"id":29264,"date":"2023-03-22T11:42:45","date_gmt":"2023-03-22T10:42:53","guid":{"rendered":"https:\/\/staging.venloop.nl\/product\/blackroll-schaumstoffrolle-standard-kopie\/"},"modified":"2023-07-07T09:25:06","modified_gmt":"2023-07-07T07:25:06","slug":"blackroll-blackbox-mini-set","status":"publish","type":"product","link":"https:\/\/venloop.nl\/de\/produkt\/blackroll-blackbox-mini-set\/","title":{"rendered":"Blackroll &#8211; Blackbox-Miniset"},"content":{"rendered":"","protected":false},"excerpt":{"rendered":"<h3>Kleine Massagewerkzeuge in einem BLACKROLL\u00ae Set<\/h3>\n<p>Die BLACKROLL\u00ae BLACKBOX MINI SET mag klein sein, aber ihre Massagewirkung ist extrem gro\u00df. Dieses Set enth\u00e4lt einige der kleinsten und effektivsten Massageger\u00e4te von BLACKROLL\u00ae, n\u00e4mlich die BLACKROLL\u00ae MINI Schaumstoffrolle, den BLACKROLL\u00ae BALL 08 und auch den DUOBALL 08. Und Sie k\u00f6nnen sie \u00fcberall verwenden! Zu Hause, im Fitnessstudio, auf Reisen oder im B\u00fcro &#8211; sie sind vielseitig einsetzbar.<\/p>\n<p><u>Die BLACKROLL\u00ae MINI Schaumstoffrolle<\/u><\/p>\n<p>Die leichte BLACKROLL\u00ae MINI Schaumstoffrolle ist ideal zum L\u00f6sen von Muskelverspannungen und Verklebungen in F\u00fc\u00dfen, Armen und Beinen &#8211; mit dieser Schaumstoffrolle k\u00f6nnen Sie jeden Muskel erreichen. Verwenden Sie die BLACKROLL\u00ae MINI Schaumstoffrolle auf dem Tisch, dem Boden oder an der Wand, um Faszienverklebungen zu l\u00f6sen. Sie k\u00f6nnen den Druck auf die Schaumstoffrolle mit Ihrem eigenen K\u00f6rpergewicht verst\u00e4rken oder verringern.<\/p>\n<p><u>BLACKROLL\u00ae BALL 08<\/u><\/p>\n<p>Der BLACKROLL\u00ae BALL 08 ist ein wahres Multitalent. Dieser Massageball eignet sich sowohl als Trainings- als auch als Massageger\u00e4t zur Behandlung von Muskelverspannungen und zum L\u00f6sen von Verklebungen in den Faszien. Nicht nur Sportler sind Fans des BLACKROLL\u00ae BALL 08, sondern auch Menschen mit chronischen R\u00fccken- und Nackenschmerzen erfahren die Vorteile dieses Massageballs. H\u00e4ufig werden die Schmerzen durch \u00dcberlastung oder einseitige Haltungen verursacht. Aufgrund seiner kompakten Gr\u00f6\u00dfe und kleinen Oberfl\u00e4che kann der BLACKROLL\u00ae BALL 08 zur gezielten Massage von Schmerzpunkten verwendet werden<\/p>\n<p>Die BLACKROLL\u00ae BALL 08 ist perfekt, wenn Sie harten Druck auf verspanntes Gewebe aus\u00fcben wollen. Faszientraining an der Wand, auf dem Tisch oder auf dem Boden &#8211; all das ist mit dem BLACKROLL\u00ae BALL 08 m\u00f6glich. In Kombination mit der BLACKROLL\u00ae MINI Schaumstoffrolle ist eine vollfl\u00e4chige Punktmassage m\u00f6glich.<\/p>\n<p><u>BLACKROLL\u00ae DUOBALL 08<\/u><\/p>\n<p>Der BLACKROLL\u00ae DUOBALL 08 ist das perfekte Massageger\u00e4t, wenn es um die Selbstmassage des R\u00fcckens geht. Durch die Kombination von zwei Massageb\u00e4llen eignet sich der BLACKROLL\u00ae DUOBALL 08 sehr gut f\u00fcr die Massage der parallelen R\u00fcckenmuskulatur. Durch den Abstand zwischen den beiden Kugeln bewegen sich diese direkt an der Wirbels\u00e4ule und schonen so die Wirbel bei einer Massage mit dem BLACKROLL\u00ae DUOBALL 08.<\/p>\n<p>Aufgrund seiner Gr\u00f6\u00dfe und Form eignet sich der BLACKROLL\u00ae DUOBALL 08 auch f\u00fcr die Massage von Schienbeinen, Armen und Schultern. Kn\u00f6cherne Strukturen sind dabei nicht betroffen.<\/p>\n<hr>\n<p>Inhalt des Sets:<\/p>\n<ul>\n<li>1 x BLACKROLL\u00ae MINI schwarz<\/li>\n<li>1 x BLACKROLL\u00ae BALL 08 schwarz<\/li>\n<li>1 x BLACKROLL\u00ae DUOBALL 08 schwarz<\/li>\n<\/ul>\n<p>Gr\u00f6\u00dfe und Gewicht: 30 cm x 14 cm x 9 cm, 275 g<\/p>\n<ul>\n<li>Umweltschonende und energiesparende Produktion<\/li>\n<li>Material 100% recycelbar<\/li>\n<li>Enth\u00e4lt keine Treibgase<\/li>\n<li>Enth\u00e4lt keine anderen Chemikalien<\/li>\n<\/ul>\n","protected":false},"featured_media":29274,"template":"","meta":[],"product_brand":[],"product_cat":[92],"product_tag":[],"class_list":{"0":"post-29264","1":"product","2":"type-product","3":"status-publish","4":"has-post-thumbnail","6":"product_cat-andere","8":"first","9":"outofstock","10":"shipping-taxable","11":"purchasable","12":"product-type-simple"},"_links":{"self":[{"href":"https:\/\/venloop.nl\/de\/wp-json\/wp\/v2\/product\/29264","targetHints":{"allow":["GET"]}}],"collection":[{"href":"https:\/\/venloop.nl\/de\/wp-json\/wp\/v2\/product"}],"about":[{"href":"https:\/\/venloop.nl\/de\/wp-json\/wp\/v2\/types\/product"}],"wp:featuredmedia":[{"embeddable":true,"href":"https:\/\/venloop.nl\/de\/wp-json\/wp\/v2\/media\/29274"}],"wp:attachment":[{"href":"https:\/\/venloop.nl\/de\/wp-json\/wp\/v2\/media?parent=29264"}],"wp:term":[{"taxonomy":"product_brand","embeddable":true,"href":"https:\/\/venloop.nl\/de\/wp-json\/wp\/v2\/product_brand?post=29264"},{"taxonomy":"product_cat","embeddable":true,"href":"https:\/\/venloop.nl\/de\/wp-json\/wp\/v2\/product_cat?post=29264"},{"taxonomy":"product_tag","embeddable":true,"href":"https:\/\/venloop.nl\/de\/wp-json\/wp\/v2\/product_tag?post=29264"}],"curies":[{"name":"wp","href":"https:\/\/api.w.org\/{rel}","templated":true}]}}