{"id":29287,"date":"2023-10-09T11:43:53","date_gmt":"2023-03-22T10:44:08","guid":{"rendered":"https:\/\/staging.venloop.nl\/product\/blackroll-blackbox-mini-set-kopie\/"},"modified":"2024-12-02T00:00:03","modified_gmt":"2024-12-01T22:00:03","slug":"blackroll-running-box-fasciaset","status":"publish","type":"product","link":"https:\/\/venloop.nl\/de\/produkt\/blackroll-running-box-fasciaset\/","title":{"rendered":"Blackroll &#8211; Running Box (Blendensatz)"},"content":{"rendered":"<h3>Schnellere Regeneration und bessere Laufleistung<\/h3>\n<p>Trotz der vielen positiven Auswirkungen des regelm\u00e4\u00dfigen Laufens k\u00f6nnen falsche Techniken und Trainingsfehler zu Verletzungen und \u00dcberlastung f\u00fchren. Die BLACKROLL\u00ae RUNNING BOX erm\u00f6glicht es Ihnen, Ihr Training zu optimieren. Sie k\u00f6nnen Kr\u00e4ftigungs\u00fcbungen einbauen, um Verletzungen vorzubeugen und besser zu laufen. Nach dem Training k\u00f6nnen Sie Ihre Regeneration mit den BLACKROLL\u00ae Produkten aus der RUNNING BOX beschleunigen.<\/p>\n<ul>\n<li>Das LOOP BAND, ein Textilband, eignet sich perfekt f\u00fcr funktionelles Training und st\u00e4rkt die Muskelketten des gesamten K\u00f6rpers.<\/li>\n<li>Mit ihrer strukturierten Oberfl\u00e4che ist die BLACKROLL\u00ae MINI FLOW ideal zum Aufw\u00e4rmen und zur Aktivierung und Stimulierung des Kreislaufs.<\/li>\n<li>Der SLIM ist perfekt f\u00fcr die myofasziale Selbstmassage von Beinen und R\u00fccken. So gelingt die Erholung vom Training.<\/li>\n<li>Alle Instrumente sind leicht und platzsparend. Dank der praktischen RUNNING BAG haben Sie sie immer dabei.<\/li>\n<\/ul>\n<hr>\n<p>Inhalt des Sets:<\/p>\n<ul>\n<li>1 x BLACKROLL\u00ae SLIM schwarz<\/li>\n<li>1 x BLACKROLL\u00ae MINI FLOW schwarz<\/li>\n<li>1 x BLACKROLL\u00ae LOOP BAND gr\u00fcn<\/li>\n<li>1 x BLACKROLL\u00ae RUNNING BAG<\/li>\n<\/ul>\n<p>Gr\u00f6\u00dfe und Gewicht: 31,2 cm x 25,4 cm x 15,4 cm, 673 g<\/p>\n","protected":false},"excerpt":{"rendered":"<h3>Schnellere Regeneration und bessere Laufleistung<\/h3>\n<p>Trotz der vielen positiven Auswirkungen des regelm\u00e4\u00dfigen Laufens k\u00f6nnen falsche Techniken und Trainingsfehler zu Verletzungen und \u00dcberlastung f\u00fchren. Die BLACKROLL\u00ae RUNNING BOX erm\u00f6glicht es Ihnen, Ihr Training zu optimieren. Sie k\u00f6nnen Kr\u00e4ftigungs\u00fcbungen einbauen, um Verletzungen vorzubeugen und besser zu laufen. Nach dem Training k\u00f6nnen Sie Ihre Regeneration mit den BLACKROLL\u00ae Produkten aus der RUNNING BOX beschleunigen.<\/p>\n<ul>\n<li>Das LOOP BAND, ein Textilband, eignet sich perfekt f\u00fcr funktionelles Training und st\u00e4rkt die Muskelketten des gesamten K\u00f6rpers.<\/li>\n<li>Mit ihrer strukturierten Oberfl\u00e4che ist die BLACKROLL\u00ae MINI FLOW ideal zum Aufw\u00e4rmen und zur Aktivierung und Stimulierung des Kreislaufs.<\/li>\n<li>Der SLIM ist perfekt f\u00fcr die myofasziale Selbstmassage von Beinen und R\u00fccken. So gelingt die Erholung vom Training.<\/li>\n<li>Alle Instrumente sind leicht und platzsparend. Dank der praktischen RUNNING BAG haben Sie sie immer dabei.<\/li>\n<\/ul>\n<hr>\n<p>Inhalt des Sets:<\/p>\n<ul>\n<li>1 x BLACKROLL\u00ae SLIM schwarz<\/li>\n<li>1 x BLACKROLL\u00ae MINI FLOW schwarz<\/li>\n<li>1 x BLACKROLL\u00ae LOOP BAND gr\u00fcn<\/li>\n<li>1 x BLACKROLL\u00ae RUNNING BAG<\/li>\n<\/ul>\n<p>Gr\u00f6\u00dfe und Gewicht: 31,2 cm x 25,4 cm x 15,4 cm, 673 g<\/p>\n","protected":false},"featured_media":29290,"template":"","meta":[],"product_brand":[],"product_cat":[92],"product_tag":[],"class_list":{"0":"post-29287","1":"product","2":"type-product","3":"status-publish","4":"has-post-thumbnail","6":"product_cat-andere","8":"first","9":"instock","10":"shipping-taxable","11":"purchasable","12":"product-type-simple"},"_links":{"self":[{"href":"https:\/\/venloop.nl\/de\/wp-json\/wp\/v2\/product\/29287","targetHints":{"allow":["GET"]}}],"collection":[{"href":"https:\/\/venloop.nl\/de\/wp-json\/wp\/v2\/product"}],"about":[{"href":"https:\/\/venloop.nl\/de\/wp-json\/wp\/v2\/types\/product"}],"wp:featuredmedia":[{"embeddable":true,"href":"https:\/\/venloop.nl\/de\/wp-json\/wp\/v2\/media\/29290"}],"wp:attachment":[{"href":"https:\/\/venloop.nl\/de\/wp-json\/wp\/v2\/media?parent=29287"}],"wp:term":[{"taxonomy":"product_brand","embeddable":true,"href":"https:\/\/venloop.nl\/de\/wp-json\/wp\/v2\/product_brand?post=29287"},{"taxonomy":"product_cat","embeddable":true,"href":"https:\/\/venloop.nl\/de\/wp-json\/wp\/v2\/product_cat?post=29287"},{"taxonomy":"product_tag","embeddable":true,"href":"https:\/\/venloop.nl\/de\/wp-json\/wp\/v2\/product_tag?post=29287"}],"curies":[{"name":"wp","href":"https:\/\/api.w.org\/{rel}","templated":true}]}}