{"id":29293,"date":"2024-09-30T11:44:47","date_gmt":"2023-03-22T10:44:55","guid":{"rendered":"https:\/\/staging.venloop.nl\/product\/blackroll-running-box-blendensatz-kopie\/"},"modified":"2024-12-02T00:00:01","modified_gmt":"2024-12-01T22:00:01","slug":"reflektierende-sicherheitsweste-gelb","status":"publish","type":"product","link":"https:\/\/venloop.nl\/de\/produkt\/reflektierende-sicherheitsweste-gelb\/","title":{"rendered":"Reflektierende Sicherheitsweste (gelb)"},"content":{"rendered":"<p>Reflektierende Sicherheitsjacke. Wenn es drau\u00dfen fr\u00fch dunkel wird, muss man im Stra\u00dfenverkehr besonders aufmerksam sein. Diese Weste sorgt daf\u00fcr, dass Sie in der Dunkelheit f\u00fcr andere sichtbar sind. Keine Gr\u00f6\u00dfenbestimmung, eine Gr\u00f6\u00dfe passt allen.<\/p>\n","protected":false},"excerpt":{"rendered":"<p>Reflektierende Sicherheitsjacke. Wenn es drau\u00dfen fr\u00fch dunkel wird, muss man im Stra\u00dfenverkehr besonders aufmerksam sein. Diese Weste sorgt daf\u00fcr, dass Sie in der Dunkelheit f\u00fcr andere sichtbar sind. Keine Gr\u00f6\u00dfenbestimmung, eine Gr\u00f6\u00dfe passt allen.<\/p>\n","protected":false},"featured_media":29296,"template":"","meta":[],"product_brand":[],"product_cat":[92],"product_tag":[],"class_list":{"0":"post-29293","1":"product","2":"type-product","3":"status-publish","4":"has-post-thumbnail","6":"product_cat-andere","8":"first","9":"instock","10":"shipping-taxable","11":"purchasable","12":"product-type-simple"},"_links":{"self":[{"href":"https:\/\/venloop.nl\/de\/wp-json\/wp\/v2\/product\/29293","targetHints":{"allow":["GET"]}}],"collection":[{"href":"https:\/\/venloop.nl\/de\/wp-json\/wp\/v2\/product"}],"about":[{"href":"https:\/\/venloop.nl\/de\/wp-json\/wp\/v2\/types\/product"}],"wp:featuredmedia":[{"embeddable":true,"href":"https:\/\/venloop.nl\/de\/wp-json\/wp\/v2\/media\/29296"}],"wp:attachment":[{"href":"https:\/\/venloop.nl\/de\/wp-json\/wp\/v2\/media?parent=29293"}],"wp:term":[{"taxonomy":"product_brand","embeddable":true,"href":"https:\/\/venloop.nl\/de\/wp-json\/wp\/v2\/product_brand?post=29293"},{"taxonomy":"product_cat","embeddable":true,"href":"https:\/\/venloop.nl\/de\/wp-json\/wp\/v2\/product_cat?post=29293"},{"taxonomy":"product_tag","embeddable":true,"href":"https:\/\/venloop.nl\/de\/wp-json\/wp\/v2\/product_tag?post=29293"}],"curies":[{"name":"wp","href":"https:\/\/api.w.org\/{rel}","templated":true}]}}