{"id":29356,"date":"2023-10-11T11:53:58","date_gmt":"2023-03-22T10:54:07","guid":{"rendered":"https:\/\/staging.venloop.nl\/product\/bibbits-kopieren\/"},"modified":"2025-04-07T08:40:18","modified_gmt":"2025-04-07T06:40:18","slug":"venloop-handschuhe","status":"publish","type":"product","link":"https:\/\/venloop.nl\/de\/produkt\/venloop-handschuhe\/","title":{"rendered":"Venloop Handschuhe"},"content":{"rendered":"<p>Einzigartige Venloop-Handschuhe, die dich in den kalten Wintermonaten w\u00e4hrend deiner Vorbereitung auf den Arrow Venloop warm halten! Erh\u00e4ltlich in den Gr\u00f6\u00dfen S, M und L.<\/p>\n","protected":false},"excerpt":{"rendered":"<p>Einzigartige Venloop-Handschuhe, die dich in den kalten Wintermonaten w\u00e4hrend deiner Vorbereitung auf den Arrow Venloop warm halten! Erh\u00e4ltlich in den Gr\u00f6\u00dfen S, M und L.<\/p>\n","protected":false},"featured_media":29367,"template":"","meta":[],"product_brand":[],"product_cat":[92],"product_tag":[],"class_list":{"0":"post-29356","1":"product","2":"type-product","3":"status-publish","4":"has-post-thumbnail","6":"product_cat-andere","8":"first","9":"instock","10":"sale","11":"shipping-taxable","12":"purchasable","13":"product-type-variable"},"_links":{"self":[{"href":"https:\/\/venloop.nl\/de\/wp-json\/wp\/v2\/product\/29356","targetHints":{"allow":["GET"]}}],"collection":[{"href":"https:\/\/venloop.nl\/de\/wp-json\/wp\/v2\/product"}],"about":[{"href":"https:\/\/venloop.nl\/de\/wp-json\/wp\/v2\/types\/product"}],"wp:featuredmedia":[{"embeddable":true,"href":"https:\/\/venloop.nl\/de\/wp-json\/wp\/v2\/media\/29367"}],"wp:attachment":[{"href":"https:\/\/venloop.nl\/de\/wp-json\/wp\/v2\/media?parent=29356"}],"wp:term":[{"taxonomy":"product_brand","embeddable":true,"href":"https:\/\/venloop.nl\/de\/wp-json\/wp\/v2\/product_brand?post=29356"},{"taxonomy":"product_cat","embeddable":true,"href":"https:\/\/venloop.nl\/de\/wp-json\/wp\/v2\/product_cat?post=29356"},{"taxonomy":"product_tag","embeddable":true,"href":"https:\/\/venloop.nl\/de\/wp-json\/wp\/v2\/product_tag?post=29356"}],"curies":[{"name":"wp","href":"https:\/\/api.w.org\/{rel}","templated":true}]}}