{"id":29383,"date":"2023-10-12T11:55:55","date_gmt":"2023-03-22T10:56:04","guid":{"rendered":"https:\/\/staging.venloop.nl\/product\/venloop-handschuhe-kopieren\/"},"modified":"2024-12-02T00:00:08","modified_gmt":"2024-12-01T22:00:08","slug":"venloop-kappe","status":"publish","type":"product","link":"https:\/\/venloop.nl\/de\/produkt\/venloop-kappe\/","title":{"rendered":"Venloop-Hut"},"content":{"rendered":"<p>Einzigartige Venloop-M\u00fctze, die dich in den kalten Wintermonaten w\u00e4hrend deiner Vorbereitung auf den Arrow Venloop warm h\u00e4lt!<\/p>\n","protected":false},"excerpt":{"rendered":"<p>Einzigartige Venloop-M\u00fctze, die dich in den kalten Wintermonaten w\u00e4hrend deiner Vorbereitung auf den Arrow Venloop warm h\u00e4lt!<\/p>\n","protected":false},"featured_media":29391,"template":"","meta":[],"product_brand":[],"product_cat":[92],"product_tag":[],"class_list":{"0":"post-29383","1":"product","2":"type-product","3":"status-publish","4":"has-post-thumbnail","6":"product_cat-andere","8":"first","9":"instock","10":"shipping-taxable","11":"purchasable","12":"product-type-variable"},"_links":{"self":[{"href":"https:\/\/venloop.nl\/de\/wp-json\/wp\/v2\/product\/29383","targetHints":{"allow":["GET"]}}],"collection":[{"href":"https:\/\/venloop.nl\/de\/wp-json\/wp\/v2\/product"}],"about":[{"href":"https:\/\/venloop.nl\/de\/wp-json\/wp\/v2\/types\/product"}],"wp:featuredmedia":[{"embeddable":true,"href":"https:\/\/venloop.nl\/de\/wp-json\/wp\/v2\/media\/29391"}],"wp:attachment":[{"href":"https:\/\/venloop.nl\/de\/wp-json\/wp\/v2\/media?parent=29383"}],"wp:term":[{"taxonomy":"product_brand","embeddable":true,"href":"https:\/\/venloop.nl\/de\/wp-json\/wp\/v2\/product_brand?post=29383"},{"taxonomy":"product_cat","embeddable":true,"href":"https:\/\/venloop.nl\/de\/wp-json\/wp\/v2\/product_cat?post=29383"},{"taxonomy":"product_tag","embeddable":true,"href":"https:\/\/venloop.nl\/de\/wp-json\/wp\/v2\/product_tag?post=29383"}],"curies":[{"name":"wp","href":"https:\/\/api.w.org\/{rel}","templated":true}]}}