{"id":29405,"date":"2024-09-30T11:57:36","date_gmt":"2024-09-30T09:57:36","guid":{"rendered":"https:\/\/staging.venloop.nl\/product\/venloop-kappe-kopie\/"},"modified":"2025-02-09T19:14:10","modified_gmt":"2025-02-09T17:14:10","slug":"medaillen-anhanger","status":"publish","type":"product","link":"https:\/\/venloop.nl\/de\/produkt\/medaillen-anhanger\/","title":{"rendered":"Medaillen-Anh\u00e4nger"},"content":{"rendered":"<p>Bestellen Sie jetzt diesen einzigartigen Venloop-Medaillenanh\u00e4nger, dann kommen Ihre Medaillen erst richtig zur Geltung! Abmessungen: 320 mm x 78 mm. Der Venloop-Medaillenaufh\u00e4nger aus Edelstahl h\u00e4ngt 1 Zentimeter von der Wand ab. Der Medaillenanh\u00e4nger kostet \u20ac19,- inkl. Versandkosten.<\/p>\n","protected":false},"excerpt":{"rendered":"<p>Bestellen Sie jetzt diesen einzigartigen Venloop-Medaillenanh\u00e4nger, dann kommen Ihre Medaillen erst richtig zur Geltung! Abmessungen: 320 mm x 78 mm. Der Venloop-Medaillenaufh\u00e4nger aus Edelstahl h\u00e4ngt 1 Zentimeter von der Wand ab. Der Medaillenanh\u00e4nger kostet \u20ac19,- inkl. Versandkosten.<\/p>\n","protected":false},"featured_media":29408,"template":"","meta":[],"product_brand":[],"product_cat":[92],"product_tag":[],"class_list":{"0":"post-29405","1":"product","2":"type-product","3":"status-publish","4":"has-post-thumbnail","6":"product_cat-andere","8":"first","9":"instock","10":"shipping-taxable","11":"purchasable","12":"product-type-simple"},"_links":{"self":[{"href":"https:\/\/venloop.nl\/de\/wp-json\/wp\/v2\/product\/29405","targetHints":{"allow":["GET"]}}],"collection":[{"href":"https:\/\/venloop.nl\/de\/wp-json\/wp\/v2\/product"}],"about":[{"href":"https:\/\/venloop.nl\/de\/wp-json\/wp\/v2\/types\/product"}],"wp:featuredmedia":[{"embeddable":true,"href":"https:\/\/venloop.nl\/de\/wp-json\/wp\/v2\/media\/29408"}],"wp:attachment":[{"href":"https:\/\/venloop.nl\/de\/wp-json\/wp\/v2\/media?parent=29405"}],"wp:term":[{"taxonomy":"product_brand","embeddable":true,"href":"https:\/\/venloop.nl\/de\/wp-json\/wp\/v2\/product_brand?post=29405"},{"taxonomy":"product_cat","embeddable":true,"href":"https:\/\/venloop.nl\/de\/wp-json\/wp\/v2\/product_cat?post=29405"},{"taxonomy":"product_tag","embeddable":true,"href":"https:\/\/venloop.nl\/de\/wp-json\/wp\/v2\/product_tag?post=29405"}],"curies":[{"name":"wp","href":"https:\/\/api.w.org\/{rel}","templated":true}]}}