{"id":29411,"date":"2023-10-20T11:58:57","date_gmt":"2023-03-22T10:59:05","guid":{"rendered":"https:\/\/staging.venloop.nl\/product\/medaillen-anhaenger-kopie\/"},"modified":"2024-12-02T00:00:02","modified_gmt":"2024-12-01T22:00:02","slug":"jubilaumsbuch-10-jahre-venloop","status":"publish","type":"product","link":"https:\/\/venloop.nl\/de\/produkt\/jubilaumsbuch-10-jahre-venloop\/","title":{"rendered":"Jubil\u00e4umsbuch 10 Jahre Venloop"},"content":{"rendered":"<p>Jubil\u00e4umsbuch zum 10-j\u00e4hrigen Bestehen von Venloop. Seine Urspr\u00fcnge, seine Entwicklung im Laufe der Jahre und das heutige Ereignis. Mit tollen Fotos und Anekdoten von Beteiligten. Ein echtes Sammlerst\u00fcck! Das Jubil\u00e4umsbuch wird zwischen Ende M\u00e4rz und Anfang April ausgeliefert. Das abgebildete Titelbild kann vom Original abweichen.<\/p>\n","protected":false},"excerpt":{"rendered":"<p>Jubil\u00e4umsbuch zum 10-j\u00e4hrigen Bestehen von Venloop. Seine Urspr\u00fcnge, seine Entwicklung im Laufe der Jahre und das heutige Ereignis. Mit tollen Fotos und Anekdoten von Beteiligten. Ein echtes Sammlerst\u00fcck! Das Jubil\u00e4umsbuch wird zwischen Ende M\u00e4rz und Anfang April ausgeliefert. Das abgebildete Titelbild kann vom Original abweichen.<\/p>\n","protected":false},"featured_media":29414,"template":"","meta":[],"product_brand":[],"product_cat":[92],"product_tag":[],"class_list":{"0":"post-29411","1":"product","2":"type-product","3":"status-publish","4":"has-post-thumbnail","6":"product_cat-andere","8":"first","9":"instock","10":"shipping-taxable","11":"purchasable","12":"product-type-simple"},"_links":{"self":[{"href":"https:\/\/venloop.nl\/de\/wp-json\/wp\/v2\/product\/29411","targetHints":{"allow":["GET"]}}],"collection":[{"href":"https:\/\/venloop.nl\/de\/wp-json\/wp\/v2\/product"}],"about":[{"href":"https:\/\/venloop.nl\/de\/wp-json\/wp\/v2\/types\/product"}],"wp:featuredmedia":[{"embeddable":true,"href":"https:\/\/venloop.nl\/de\/wp-json\/wp\/v2\/media\/29414"}],"wp:attachment":[{"href":"https:\/\/venloop.nl\/de\/wp-json\/wp\/v2\/media?parent=29411"}],"wp:term":[{"taxonomy":"product_brand","embeddable":true,"href":"https:\/\/venloop.nl\/de\/wp-json\/wp\/v2\/product_brand?post=29411"},{"taxonomy":"product_cat","embeddable":true,"href":"https:\/\/venloop.nl\/de\/wp-json\/wp\/v2\/product_cat?post=29411"},{"taxonomy":"product_tag","embeddable":true,"href":"https:\/\/venloop.nl\/de\/wp-json\/wp\/v2\/product_tag?post=29411"}],"curies":[{"name":"wp","href":"https:\/\/api.w.org\/{rel}","templated":true}]}}