{"id":57451,"date":"2023-10-07T09:50:22","date_gmt":"2023-07-11T07:17:46","guid":{"rendered":"https:\/\/staging.venloop.nl\/product\/enge-laufshorts\/"},"modified":"2023-07-18T12:45:17","modified_gmt":"2023-07-18T10:45:17","slug":"lauf-tight-shorts","status":"publish","type":"product","link":"https:\/\/venloop.nl\/de\/produkt\/lauf-tight-shorts\/","title":{"rendered":"Enge Laufshorts"},"content":{"rendered":"<p><strong>Warum Lauftights?<\/strong><\/p>\n<p>Eine Laufhose, auch Sportleggings genannt, ist eine enge Laufhose aus atmungsaktivem Material, Drypower Stretch. Der Vorteil von Strumpfhosen gegen\u00fcber weiten Hosen ist, dass sie weniger Zugluft und kaum Wind durchlassen. Die Tight liegt eng um deine Beine, dies reduziert die Vibrationen der Muskeln, so dass du weniger unter \u00dcbers\u00e4uerung und Erm\u00fcdung der Muskeln leidest. So kannst du l\u00e4nger laufen und bessere Leistungen erbringen! Au\u00dferdem speichert die Strumpfhose deine K\u00f6rperw\u00e4rme besser und die Sportleggings sorgt daf\u00fcr, dass der Schwei\u00df schnell abtransportiert wird. Ein weiterer Vorteil der Tight ist, dass dadurch Reibung vermieden wird und somit keine Irritationen auftreten.<\/p>\n<p>Unsere Lauftights haben eine kleine Tasche (auf der R\u00fcckseite der Hose), in der z.B. ein Schl\u00fcssel verstaut werden kann. Die Laufhose hat reflektierende Elemente.<\/p>\n<p>Das Logo ist eine W\u00e4rme\u00fcbertragung und kann nach vielen W\u00e4schen etwas verblassen. Waschen Sie die Strumpfhose immer auf links und niemals w\u00e4rmer als auf dem Etikett angegeben.<\/p>\n","protected":false},"excerpt":{"rendered":"<p><strong>Warum Lauftights?<\/strong><\/p>\n<p>Eine Laufhose, auch Sportleggings genannt, ist eine enge Laufhose aus atmungsaktivem Material, Drypower Stretch. Der Vorteil von Strumpfhosen gegen\u00fcber weiten Hosen ist, dass sie weniger Zugluft und kaum Wind durchlassen. Die Tight liegt eng um deine Beine, dies reduziert die Vibrationen der Muskeln, so dass du weniger unter \u00dcbers\u00e4uerung und Erm\u00fcdung der Muskeln leidest. So kannst du l\u00e4nger laufen und bessere Leistungen erbringen! Au\u00dferdem speichert die Strumpfhose deine K\u00f6rperw\u00e4rme besser und die Sportleggings sorgt daf\u00fcr, dass der Schwei\u00df schnell abtransportiert wird. Ein weiterer Vorteil der Tight ist, dass dadurch Reibung vermieden wird und somit keine Irritationen auftreten.<\/p>\n<p>Unsere Lauftights haben eine kleine Tasche (auf der R\u00fcckseite der Hose), in der z.B. ein Schl\u00fcssel verstaut werden kann. Die Laufhose hat reflektierende Elemente.<\/p>\n<p>Das Logo ist eine W\u00e4rme\u00fcbertragung und kann nach vielen W\u00e4schen etwas verblassen. Waschen Sie die Strumpfhose immer auf links und niemals w\u00e4rmer als auf dem Etikett angegeben.<\/p>\n","protected":false},"featured_media":57353,"template":"","meta":[],"product_brand":[],"product_cat":[80,82],"product_tag":[],"class_list":{"0":"post-57451","1":"product","2":"type-product","3":"status-publish","4":"has-post-thumbnail","6":"product_cat-frauen","7":"product_cat-manner","9":"first","10":"instock","11":"shipping-taxable","12":"product-type-variable"},"_links":{"self":[{"href":"https:\/\/venloop.nl\/de\/wp-json\/wp\/v2\/product\/57451","targetHints":{"allow":["GET"]}}],"collection":[{"href":"https:\/\/venloop.nl\/de\/wp-json\/wp\/v2\/product"}],"about":[{"href":"https:\/\/venloop.nl\/de\/wp-json\/wp\/v2\/types\/product"}],"wp:featuredmedia":[{"embeddable":true,"href":"https:\/\/venloop.nl\/de\/wp-json\/wp\/v2\/media\/57353"}],"wp:attachment":[{"href":"https:\/\/venloop.nl\/de\/wp-json\/wp\/v2\/media?parent=57451"}],"wp:term":[{"taxonomy":"product_brand","embeddable":true,"href":"https:\/\/venloop.nl\/de\/wp-json\/wp\/v2\/product_brand?post=57451"},{"taxonomy":"product_cat","embeddable":true,"href":"https:\/\/venloop.nl\/de\/wp-json\/wp\/v2\/product_cat?post=57451"},{"taxonomy":"product_tag","embeddable":true,"href":"https:\/\/venloop.nl\/de\/wp-json\/wp\/v2\/product_tag?post=57451"}],"curies":[{"name":"wp","href":"https:\/\/api.w.org\/{rel}","templated":true}]}}