{"id":76930,"date":"2024-03-28T12:41:24","date_gmt":"2024-04-04T09:35:05","guid":{"rendered":"https:\/\/venloop.nl\/product\/wanderbecher-10-auflage-der-neptunus-wanderung\/"},"modified":"2025-04-05T09:21:10","modified_gmt":"2025-04-05T07:21:10","slug":"wanderbecher-10-auflage-der-neptunus-wanderung","status":"publish","type":"product","link":"https:\/\/venloop.nl\/de\/produkt\/wanderbecher-10-auflage-der-neptunus-wanderung\/","title":{"rendered":"Wanderbecher &#8211; 10. Auflage der Neptunus Wanderung"},"content":{"rendered":"<p><strong>Speziell f\u00fcr diese Jubil\u00e4umsausgabe der Neptunus Wanderung haben wir einen praktischen Wanderbecher entworfen.<\/strong><\/p>\n<p>Der Becher ist aus rostfreiem Stahl gefertigt und leicht zu reinigen. Mit dem Karabinerhaken l\u00e4sst er sich bequem an Tasche, Jacke oder G\u00fcrtel befestigen.<\/p>\n<p>So haben Sie immer Ihren eigenen Becher zur Hand, Sie sind umweltbewusst und haben au\u00dferdem ein sch\u00f6nes Andenken an einen sch\u00f6nen Tag!<\/p>\n<p>Bestellen Sie es <strong>jetzt mit 10% Rabatt<\/strong> in unserem Webshop. Das Angebot ist begrenzt, also seien Sie schnell, denn <strong>weg ist wirklich weg<\/strong>.<\/p>\n","protected":false},"excerpt":{"rendered":"<p><strong>Speziell f\u00fcr diese Jubil\u00e4umsausgabe der Neptunus Wanderung haben wir einen praktischen Wanderbecher entworfen.<\/strong><\/p>\n<p>Der Becher ist aus rostfreiem Stahl gefertigt und leicht zu reinigen. Mit dem Karabinerhaken l\u00e4sst er sich bequem an Tasche, Jacke oder G\u00fcrtel befestigen.<\/p>\n<p>So haben Sie immer Ihren eigenen Becher zur Hand, Sie sind umweltbewusst und haben au\u00dferdem ein sch\u00f6nes Andenken an einen sch\u00f6nen Tag!<\/p>\n<p>Bestellen Sie es <strong>jetzt mit 10% Rabatt<\/strong> in unserem Webshop. Das Angebot ist begrenzt, also seien Sie schnell, denn <strong>weg ist wirklich weg<\/strong>.<\/p>\n","protected":false},"featured_media":76418,"template":"","meta":[],"product_brand":[],"product_cat":[92],"product_tag":[],"class_list":{"0":"post-76930","1":"product","2":"type-product","3":"status-publish","4":"has-post-thumbnail","6":"product_cat-andere","7":"product_shipping_class-briefkasten-paket","9":"first","10":"outofstock","11":"sale","12":"shipping-taxable","13":"purchasable","14":"product-type-simple"},"_links":{"self":[{"href":"https:\/\/venloop.nl\/de\/wp-json\/wp\/v2\/product\/76930","targetHints":{"allow":["GET"]}}],"collection":[{"href":"https:\/\/venloop.nl\/de\/wp-json\/wp\/v2\/product"}],"about":[{"href":"https:\/\/venloop.nl\/de\/wp-json\/wp\/v2\/types\/product"}],"wp:featuredmedia":[{"embeddable":true,"href":"https:\/\/venloop.nl\/de\/wp-json\/wp\/v2\/media\/76418"}],"wp:attachment":[{"href":"https:\/\/venloop.nl\/de\/wp-json\/wp\/v2\/media?parent=76930"}],"wp:term":[{"taxonomy":"product_brand","embeddable":true,"href":"https:\/\/venloop.nl\/de\/wp-json\/wp\/v2\/product_brand?post=76930"},{"taxonomy":"product_cat","embeddable":true,"href":"https:\/\/venloop.nl\/de\/wp-json\/wp\/v2\/product_cat?post=76930"},{"taxonomy":"product_tag","embeddable":true,"href":"https:\/\/venloop.nl\/de\/wp-json\/wp\/v2\/product_tag?post=76930"}],"curies":[{"name":"wp","href":"https:\/\/api.w.org\/{rel}","templated":true}]}}